{"id":17017,"date":"2018-06-10T22:24:07","date_gmt":"2018-06-11T02:24:07","guid":{"rendered":"https:\/\/chattahoochee.org\/about\/"},"modified":"2025-10-10T17:20:44","modified_gmt":"2025-10-10T21:20:44","slug":"about","status":"publish","type":"page","link":"https:\/\/chattahoochee.org\/es\/about\/","title":{"rendered":"Sobre"},"content":{"rendered":"<div id=\"crk_section_block_e39b88735f338763cfb322113eee6c39\" class=\"crk-section color-blue-bg\">\r\n    <div class=\"crk-section-container pos-rel max-width\">\r\n        \n<h2 class=\"wp-block-heading has-text-align-center has-cream-color has-text-color\">Nuestra misi\u00f3n<\/h2>\n\n<p class=\"has-text-align-center has-cream-color has-text-color\">Nuestra misi\u00f3n es educar, abogar y asegurar la protecci\u00f3n y administraci\u00f3n del r\u00edo Chattahoochee, incluidos sus lagos, afluentes y cuencas, a fin de restaurar y conservar su salud ecol\u00f3gica para las personas y la vida silvestre que dependen del sistema fluvial y en reconocimiento de las importantes funciones ecosist\u00e9micas proporcionadas en toda la regi\u00f3n y el planeta.<\/p>\n\r\n    <\/div>\r\n<\/div><div id=\"crk_section_block_801cba9a63e8452486d6954098ff0a31\" class=\"crk-section color-cream-bg\">\r\n    <div class=\"crk-section-container pos-rel max-width\">\r\n        \n<div class=\"wp-block-columns are-vertically-aligned-center is-layout-flex wp-container-core-columns-is-layout-9d6595d7 wp-block-columns-is-layout-flex\"><div class=\"wp-block-column is-vertically-aligned-center is-layout-flow wp-block-column-is-layout-flow\"><figure class=\"wp-block-image size-large is-style-image-mask\"><img loading=\"lazy\" decoding=\"async\" width=\"1024\" height=\"680\" src=\"https:\/\/chattahoochee.org\/wp-content\/uploads\/2022\/03\/1-A-River-1024x680.jpg\" alt=\"\" class=\"wp-image-17019\" srcset=\"https:\/\/chattahoochee.org\/wp-content\/uploads\/2022\/03\/1-A-River-1024x680.jpg 1024w, https:\/\/chattahoochee.org\/wp-content\/uploads\/2022\/03\/1-A-River-300x199.jpg 300w, https:\/\/chattahoochee.org\/wp-content\/uploads\/2022\/03\/1-A-River-768x510.jpg 768w, https:\/\/chattahoochee.org\/wp-content\/uploads\/2022\/03\/1-A-River-18x12.jpg 18w, https:\/\/chattahoochee.org\/wp-content\/uploads\/2022\/03\/1-A-River.jpg 1400w\" sizes=\"auto, (max-width: 1024px) 100vw, 1024px\" \/><\/figure><\/div>\n\n<div class=\"wp-block-column is-vertically-aligned-center is-layout-flow wp-block-column-is-layout-flow\"><p>Establecido en 1994, Chattahoochee Riverkeeper emplea una variedad de estrategias para proteger y preservar el r\u00edo Chattahoochee, sus lagos y cuencas. Incluyen:<\/p>\n\n<ul class=\"wp-block-list\"><li>Monitoreo del agua<\/li>\n\n<li>Educaci\u00f3n<\/li>\n\n<li>Investigar<\/li>\n\n<li>Abogac\u00eda<\/li>\n\n<li>Comunicaci\u00f3n<\/li>\n\n<li>Colaboraci\u00f3n<\/li>\n\n<li>Accion legal<\/li><\/ul>\n\n<p>Con el tiempo, hemos crecido constantemente en tama\u00f1o, alcance e influencia:<\/p>\n\n<ul class=\"wp-block-list\"><li>10,000 miembros en toda la cuenca<\/li>\n\n<li>4-star (highest) rating by Charity Navigator for 16 consecutive years<\/li>\n\n<li>11<sup>el<\/sup>\u00a0programa con licencia de m\u00e1s de 350 en la International Waterkeeper Alliance<\/li><\/ul><\/div><\/div>\n\r\n    <\/div>\r\n<\/div><div id=\"crk_background_section_block_1c355cd29ec5d2f58942900ebc0e8778\" class=\"crk-background-section color-white-bg background-design--\">\r\n    <div class=\"crk-background-section-container max-width\">\r\n        \n<div class=\"wp-block-columns is-layout-flex wp-container-core-columns-is-layout-9d6595d7 wp-block-columns-is-layout-flex\"><div class=\"wp-block-column is-layout-flow wp-block-column-is-layout-flow\"><div class=\"card-block-container\">\r\n\r\n            <div class=\"card-block-icon has-light-blue-background-color\"><i class=\"fas fa-users material-icons\"><\/i><\/div>\r\n    \r\n    <div class=\"clip-top clip-offset p-b-30 has-light-blue-background-color\"><\/div>\r\n    <div class=\"card-block has-light-blue-background-color\">\r\n        <div class=\"card-block-container\">\r\n            <div class=\"card-block-content\">\r\n                <h2 class=\"has-blue-color\">Conozca a nuestro equipo<\/h2>\r\n                <p class=\"m-b-0 has-blue-color\">Personal y Junta<\/p>\r\n            <\/div>\r\n        <\/div>\r\n    <\/div>\r\n    <div class=\"clip-bottom clip-offset p-b-30 has-light-blue-background-color\"><\/div>\r\n\r\n            <div class=\"wp-block-buttons is-content-justification-center\">\r\n            <a class=\"wp-block-button__link has-blue-background-color has-white-color top-relative-btn top-30\"\r\n                title=\"Nuestro equipo\"                target=\"_self\"                href=\"https:\/\/chattahoochee.org\/es\/about\/our-team\/\">Aprende m\u00e1s<\/a>\r\n        <\/div>\r\n    \r\n<\/div><\/div>\n\n<div class=\"wp-block-column is-layout-flow wp-block-column-is-layout-flow\"><div class=\"card-block-container\">\r\n\r\n            <div class=\"card-block-icon has-light-blue-background-color\"><i class=\"fas fa-briefcase material-icons\"><\/i><\/div>\r\n    \r\n    <div class=\"clip-top clip-offset p-b-30 has-light-blue-background-color\"><\/div>\r\n    <div class=\"card-block has-light-blue-background-color\">\r\n        <div class=\"card-block-container\">\r\n            <div class=\"card-block-content\">\r\n                <h2 class=\"has-blue-color\">\u00danete al equipo<\/h2>\r\n                <p class=\"m-b-0 has-blue-color\">Empleos y Pr\u00e1cticas<\/p>\r\n            <\/div>\r\n        <\/div>\r\n    <\/div>\r\n    <div class=\"clip-bottom clip-offset p-b-30 has-light-blue-background-color\"><\/div>\r\n\r\n            <div class=\"wp-block-buttons is-content-justification-center\">\r\n            <a class=\"wp-block-button__link has-blue-background-color has-white-color top-relative-btn top-30\"\r\n                title=\"Empleos y Pr\u00e1cticas\"                target=\"_self\"                href=\"https:\/\/chattahoochee.org\/es\/about\/jobs-and-internships\/\">Aprende m\u00e1s<\/a>\r\n        <\/div>\r\n    \r\n<\/div><\/div>\n\n<div class=\"wp-block-column is-layout-flow wp-block-column-is-layout-flow\"><div class=\"card-block-container\">\r\n\r\n            <div class=\"card-block-icon has-light-blue-background-color\"><i class=\"fas fa-eye material-icons\"><\/i><\/div>\r\n    \r\n    <div class=\"clip-top clip-offset p-b-30 has-light-blue-background-color\"><\/div>\r\n    <div class=\"card-block has-light-blue-background-color\">\r\n        <div class=\"card-block-container\">\r\n            <div class=\"card-block-content\">\r\n                <h2 class=\"has-blue-color\">Vea nuestro impacto<\/h2>\r\n                <p class=\"m-b-0 has-blue-color\">Conoce nuestro progreso<\/p>\r\n            <\/div>\r\n        <\/div>\r\n    <\/div>\r\n    <div class=\"clip-bottom clip-offset p-b-30 has-light-blue-background-color\"><\/div>\r\n\r\n            <div class=\"wp-block-buttons is-content-justification-center\">\r\n            <a class=\"wp-block-button__link has-blue-background-color has-white-color top-relative-btn top-30\"\r\n                title=\"Impacto y logros\"                target=\"_self\"                href=\"https:\/\/chattahoochee.org\/es\/about\/impact-and-accomplishments\/\">Aprende m\u00e1s<\/a>\r\n        <\/div>\r\n    \r\n<\/div><\/div>\n\n<div class=\"wp-block-column is-layout-flow wp-block-column-is-layout-flow\"><div class=\"card-block-container\">\r\n\r\n            <div class=\"card-block-icon has-light-blue-background-color\"><i class=\"fas fa-life-ring material-icons\"><\/i><\/div>\r\n    \r\n    <div class=\"clip-top clip-offset p-b-30 has-light-blue-background-color\"><\/div>\r\n    <div class=\"card-block has-light-blue-background-color\">\r\n        <div class=\"card-block-container\">\r\n            <div class=\"card-block-content\">\r\n                <h2 class=\"has-blue-color\">Conoce a la flota<\/h2>\r\n                <p class=\"m-b-0 has-blue-color\">Conoce nuestros barcos<\/p>\r\n            <\/div>\r\n        <\/div>\r\n    <\/div>\r\n    <div class=\"clip-bottom clip-offset p-b-30 has-light-blue-background-color\"><\/div>\r\n\r\n            <div class=\"wp-block-buttons is-content-justification-center\">\r\n            <a class=\"wp-block-button__link has-blue-background-color has-white-color top-relative-btn top-30\"\r\n                title=\"Conoce la Flota\"                target=\"_self\"                href=\"https:\/\/chattahoochee.org\/es\/about\/meet-the-fleet\/\">Aprende m\u00e1s<\/a>\r\n        <\/div>\r\n    \r\n<\/div><\/div><\/div>\n\r\n    <\/div>\r\n<\/div><div id=\"crk_section_block_801cba9a63e8452486d6954098ff0a31\" class=\"crk-section color-cream-bg\">\r\n    <div class=\"crk-section-container pos-rel max-width\">\r\n        \n<figure class=\"wp-block-embed is-type-video is-provider-vimeo wp-block-embed-vimeo wp-embed-aspect-16-9 wp-has-aspect-ratio\"><div class=\"wp-block-embed__wrapper\">\n<iframe loading=\"lazy\" title=\"Saving the Chattahoochee\" src=\"https:\/\/player.vimeo.com\/video\/837884175?dnt=1&amp;app_id=122963\" width=\"640\" height=\"360\" frameborder=\"0\" allow=\"autoplay; fullscreen; picture-in-picture; clipboard-write; encrypted-media; web-share\" referrerpolicy=\"strict-origin-when-cross-origin\"><\/iframe>\n<\/div><\/figure>\n\n<p class=\"has-text-align-center\"><em><a href=\"https:\/\/chattahoochee.org\/es\/videos\/saving-the-chattahoochee\/\"><strong>Saving the Chattahoochee<\/strong><\/a><\/em> by Hal Jacobs tells the story of CRK&#8217;s Founding Riverkeeper Sally Bethea and the other women who defended the river over five decades. Bethea\u2019s memoir, <a href=\"https:\/\/ugapress.org\/book\/9780820364322\/keeping-the-chattahoochee\/\" target=\"_blank\" rel=\"noreferrer noopener\"><strong><em>Keeping the Chattahoochee<\/em><\/strong><\/a>, was published in 2023 by University of Georgia Press.<\/p>\n\r\n    <\/div>\r\n<\/div><div id=\"crk_section_block_c97ea7a674d02106265fb78489beeef1\" class=\"crk-section color-green-bg\">\r\n    <div class=\"crk-section-container pos-rel max-width\">\r\n        \n<div class=\"crk-testimonial wp-block-columns\">\r\n                <div class=\"wp-block-column has-text-align-center is-vertically-aligned-center\" style=\"flex-basis: 66.66%\">\r\n            <div class=\"quote-mark\"><\/div>\r\n            <!-- wp:paragraph {\"placeholder\":\"Write testimonial...\"} -->\n<p><em>Desde 1994, nuestra dedicada y diversa Junta Directiva y Junta Asesora ha guiado a CRK en su transformaci\u00f3n de un grupo luchador de remeros, cient\u00edficos, pescadores y activistas ambientales a una organizaci\u00f3n respetada, pero todav\u00eda luchadora, que ha ganado muchas victorias para la gente y vida silvestre en la cuenca del r\u00edo Chattahoochee.<\/em><\/p>\n<!-- \/wp:paragraph -->            <p class=\"testimonial-name m-b-10\">\u2013Laura Turner Seydel y Rutherford Seydel<\/p>\r\n            <p class=\"testimonial-subtext\">Cofundadores de CRK<\/p>        <\/div>\r\n    <\/div>\n\r\n    <\/div>\r\n<\/div>","protected":false},"excerpt":{"rendered":"<p>Nuestra misi\u00f3n Nuestra misi\u00f3n es educar, defender y garantizar la protecci\u00f3n y administraci\u00f3n del r\u00edo Chattahoochee, incluidos sus lagos, afluentes y cuencas, para restaurar y conservar...<\/p>","protected":false},"author":4,"featured_media":15474,"parent":0,"menu_order":0,"comment_status":"closed","ping_status":"open","template":"","meta":{"_acf_changed":false,"_EventAllDay":false,"_EventTimezone":"","_EventStartDate":"","_EventEndDate":"","_EventStartDateUTC":"","_EventEndDateUTC":"","_EventShowMap":false,"_EventShowMapLink":false,"_EventURL":"","_EventCost":"","_EventCostDescription":"","_EventCurrencySymbol":"","_EventCurrencyCode":"","_EventCurrencyPosition":"","_EventDateTimeSeparator":"","_EventTimeRangeSeparator":"","_EventOrganizerID":[],"_EventVenueID":[],"_OrganizerEmail":"","_OrganizerPhone":"","_OrganizerWebsite":"","_VenueAddress":"","_VenueCity":"","_VenueCountry":"","_VenueProvince":"","_VenueState":"","_VenueZip":"","_VenuePhone":"","_VenueURL":"","_VenueStateProvince":"","_VenueLat":"","_VenueLng":"","_VenueShowMap":false,"_VenueShowMapLink":false,"footnotes":""},"class_list":["post-17017","page","type-page","status-publish","has-post-thumbnail","hentry"],"acf":[],"yoast_head":"<!-- This site is optimized with the Yoast SEO plugin v25.1 - https:\/\/yoast.com\/wordpress\/plugins\/seo\/ -->\n<title>About - Chattahoochee Riverkeeper<\/title>\n<meta name=\"robots\" content=\"index, follow, max-snippet:-1, max-image-preview:large, max-video-preview:-1\" \/>\n<link rel=\"canonical\" href=\"https:\/\/chattahoochee.org\/es\/about\/\" \/>\n<meta property=\"og:locale\" content=\"es_MX\" \/>\n<meta property=\"og:type\" content=\"article\" \/>\n<meta property=\"og:title\" content=\"About - Chattahoochee Riverkeeper\" \/>\n<meta property=\"og:description\" content=\"Our Mission Our mission is to educate, advocate and secure the protection and stewardship of the Chattahoochee River, including its lakes, tributaries and watershed, in order to restore and conserve&hellip;\" \/>\n<meta property=\"og:url\" content=\"https:\/\/chattahoochee.org\/es\/about\/\" \/>\n<meta property=\"og:site_name\" content=\"Chattahoochee Riverkeeper\" \/>\n<meta property=\"article:modified_time\" content=\"2025-10-10T21:20:44+00:00\" \/>\n<meta property=\"og:image\" content=\"https:\/\/chattahoochee.org\/wp-content\/uploads\/2018\/07\/AllCRKBanner_v1.jpg\" \/>\n\t<meta property=\"og:image:width\" content=\"1800\" \/>\n\t<meta property=\"og:image:height\" content=\"400\" \/>\n\t<meta property=\"og:image:type\" content=\"image\/jpeg\" \/>\n<meta name=\"twitter:card\" content=\"summary_large_image\" \/>\n<meta name=\"twitter:label1\" content=\"Tiempo de lectura\" \/>\n\t<meta name=\"twitter:data1\" content=\"2 minutos\" \/>\n<script type=\"application\/ld+json\" class=\"yoast-schema-graph\">{\"@context\":\"https:\/\/schema.org\",\"@graph\":[{\"@type\":\"WebPage\",\"@id\":\"https:\/\/chattahoochee.org\/about\/\",\"url\":\"https:\/\/chattahoochee.org\/about\/\",\"name\":\"About - Chattahoochee Riverkeeper\",\"isPartOf\":{\"@id\":\"https:\/\/chattahoochee.org\/#website\"},\"primaryImageOfPage\":{\"@id\":\"https:\/\/chattahoochee.org\/about\/#primaryimage\"},\"image\":{\"@id\":\"https:\/\/chattahoochee.org\/about\/#primaryimage\"},\"thumbnailUrl\":\"https:\/\/chattahoochee.org\/wp-content\/uploads\/2018\/07\/AllCRKBanner_v1.jpg\",\"datePublished\":\"2018-06-11T02:24:07+00:00\",\"dateModified\":\"2025-10-10T21:20:44+00:00\",\"breadcrumb\":{\"@id\":\"https:\/\/chattahoochee.org\/about\/#breadcrumb\"},\"inLanguage\":\"es\",\"potentialAction\":[{\"@type\":\"ReadAction\",\"target\":[\"https:\/\/chattahoochee.org\/about\/\"]}]},{\"@type\":\"ImageObject\",\"inLanguage\":\"es\",\"@id\":\"https:\/\/chattahoochee.org\/about\/#primaryimage\",\"url\":\"https:\/\/chattahoochee.org\/wp-content\/uploads\/2018\/07\/AllCRKBanner_v1.jpg\",\"contentUrl\":\"https:\/\/chattahoochee.org\/wp-content\/uploads\/2018\/07\/AllCRKBanner_v1.jpg\",\"width\":1800,\"height\":400},{\"@type\":\"BreadcrumbList\",\"@id\":\"https:\/\/chattahoochee.org\/about\/#breadcrumb\",\"itemListElement\":[{\"@type\":\"ListItem\",\"position\":1,\"name\":\"Home\",\"item\":\"https:\/\/chattahoochee.org\/\"},{\"@type\":\"ListItem\",\"position\":2,\"name\":\"About\"}]},{\"@type\":\"WebSite\",\"@id\":\"https:\/\/chattahoochee.org\/#website\",\"url\":\"https:\/\/chattahoochee.org\/\",\"name\":\"Chattahoochee Riverkeeper\",\"description\":\"Since 1994\",\"publisher\":{\"@id\":\"https:\/\/chattahoochee.org\/#organization\"},\"potentialAction\":[{\"@type\":\"SearchAction\",\"target\":{\"@type\":\"EntryPoint\",\"urlTemplate\":\"https:\/\/chattahoochee.org\/?s={search_term_string}\"},\"query-input\":{\"@type\":\"PropertyValueSpecification\",\"valueRequired\":true,\"valueName\":\"search_term_string\"}}],\"inLanguage\":\"es\"},{\"@type\":\"Organization\",\"@id\":\"https:\/\/chattahoochee.org\/#organization\",\"name\":\"Chattahoochee Riverkeeper\",\"url\":\"https:\/\/chattahoochee.org\/\",\"logo\":{\"@type\":\"ImageObject\",\"inLanguage\":\"es\",\"@id\":\"https:\/\/chattahoochee.org\/#\/schema\/logo\/image\/\",\"url\":\"https:\/\/chattahoochee.org\/wp-content\/uploads\/2021\/11\/CRK-Logo-White-NEW-2025.png\",\"contentUrl\":\"https:\/\/chattahoochee.org\/wp-content\/uploads\/2021\/11\/CRK-Logo-White-NEW-2025.png\",\"width\":2458,\"height\":501,\"caption\":\"Chattahoochee Riverkeeper\"},\"image\":{\"@id\":\"https:\/\/chattahoochee.org\/#\/schema\/logo\/image\/\"}}]}<\/script>\n<!-- \/ Yoast SEO plugin. -->","yoast_head_json":{"title":"About - Chattahoochee Riverkeeper","robots":{"index":"index","follow":"follow","max-snippet":"max-snippet:-1","max-image-preview":"max-image-preview:large","max-video-preview":"max-video-preview:-1"},"canonical":"https:\/\/chattahoochee.org\/es\/about\/","og_locale":"es_MX","og_type":"article","og_title":"About - Chattahoochee Riverkeeper","og_description":"Our Mission Our mission is to educate, advocate and secure the protection and stewardship of the Chattahoochee River, including its lakes, tributaries and watershed, in order to restore and conserve&hellip;","og_url":"https:\/\/chattahoochee.org\/es\/about\/","og_site_name":"Chattahoochee Riverkeeper","article_modified_time":"2025-10-10T21:20:44+00:00","og_image":[{"width":1800,"height":400,"url":"https:\/\/chattahoochee.org\/wp-content\/uploads\/2018\/07\/AllCRKBanner_v1.jpg","type":"image\/jpeg"}],"twitter_card":"summary_large_image","twitter_misc":{"Tiempo de lectura":"2 minutos"},"schema":{"@context":"https:\/\/schema.org","@graph":[{"@type":"WebPage","@id":"https:\/\/chattahoochee.org\/about\/","url":"https:\/\/chattahoochee.org\/about\/","name":"About - Chattahoochee Riverkeeper","isPartOf":{"@id":"https:\/\/chattahoochee.org\/#website"},"primaryImageOfPage":{"@id":"https:\/\/chattahoochee.org\/about\/#primaryimage"},"image":{"@id":"https:\/\/chattahoochee.org\/about\/#primaryimage"},"thumbnailUrl":"https:\/\/chattahoochee.org\/wp-content\/uploads\/2018\/07\/AllCRKBanner_v1.jpg","datePublished":"2018-06-11T02:24:07+00:00","dateModified":"2025-10-10T21:20:44+00:00","breadcrumb":{"@id":"https:\/\/chattahoochee.org\/about\/#breadcrumb"},"inLanguage":"es","potentialAction":[{"@type":"ReadAction","target":["https:\/\/chattahoochee.org\/about\/"]}]},{"@type":"ImageObject","inLanguage":"es","@id":"https:\/\/chattahoochee.org\/about\/#primaryimage","url":"https:\/\/chattahoochee.org\/wp-content\/uploads\/2018\/07\/AllCRKBanner_v1.jpg","contentUrl":"https:\/\/chattahoochee.org\/wp-content\/uploads\/2018\/07\/AllCRKBanner_v1.jpg","width":1800,"height":400},{"@type":"BreadcrumbList","@id":"https:\/\/chattahoochee.org\/about\/#breadcrumb","itemListElement":[{"@type":"ListItem","position":1,"name":"Home","item":"https:\/\/chattahoochee.org\/"},{"@type":"ListItem","position":2,"name":"About"}]},{"@type":"WebSite","@id":"https:\/\/chattahoochee.org\/#website","url":"https:\/\/chattahoochee.org\/","name":"Chattahoochee Riverkeeper","description":"Since 1994","publisher":{"@id":"https:\/\/chattahoochee.org\/#organization"},"potentialAction":[{"@type":"SearchAction","target":{"@type":"EntryPoint","urlTemplate":"https:\/\/chattahoochee.org\/?s={search_term_string}"},"query-input":{"@type":"PropertyValueSpecification","valueRequired":true,"valueName":"search_term_string"}}],"inLanguage":"es"},{"@type":"Organization","@id":"https:\/\/chattahoochee.org\/#organization","name":"Chattahoochee Riverkeeper","url":"https:\/\/chattahoochee.org\/","logo":{"@type":"ImageObject","inLanguage":"es","@id":"https:\/\/chattahoochee.org\/#\/schema\/logo\/image\/","url":"https:\/\/chattahoochee.org\/wp-content\/uploads\/2021\/11\/CRK-Logo-White-NEW-2025.png","contentUrl":"https:\/\/chattahoochee.org\/wp-content\/uploads\/2021\/11\/CRK-Logo-White-NEW-2025.png","width":2458,"height":501,"caption":"Chattahoochee Riverkeeper"},"image":{"@id":"https:\/\/chattahoochee.org\/#\/schema\/logo\/image\/"}}]}},"_links":{"self":[{"href":"https:\/\/chattahoochee.org\/es\/wp-json\/wp\/v2\/pages\/17017","targetHints":{"allow":["GET"]}}],"collection":[{"href":"https:\/\/chattahoochee.org\/es\/wp-json\/wp\/v2\/pages"}],"about":[{"href":"https:\/\/chattahoochee.org\/es\/wp-json\/wp\/v2\/types\/page"}],"author":[{"embeddable":true,"href":"https:\/\/chattahoochee.org\/es\/wp-json\/wp\/v2\/users\/4"}],"replies":[{"embeddable":true,"href":"https:\/\/chattahoochee.org\/es\/wp-json\/wp\/v2\/comments?post=17017"}],"version-history":[{"count":21,"href":"https:\/\/chattahoochee.org\/es\/wp-json\/wp\/v2\/pages\/17017\/revisions"}],"predecessor-version":[{"id":25532,"href":"https:\/\/chattahoochee.org\/es\/wp-json\/wp\/v2\/pages\/17017\/revisions\/25532"}],"wp:featuredmedia":[{"embeddable":true,"href":"https:\/\/chattahoochee.org\/es\/wp-json\/wp\/v2\/media\/15474"}],"wp:attachment":[{"href":"https:\/\/chattahoochee.org\/es\/wp-json\/wp\/v2\/media?parent=17017"}],"curies":[{"name":"wp","href":"https:\/\/api.w.org\/{rel}","templated":true}]}}