{"id":17278,"date":"2018-06-11T13:27:46","date_gmt":"2018-06-11T17:27:46","guid":{"rendered":"https:\/\/chattahoochee.org\/our-river-2\/"},"modified":"2025-05-21T15:26:23","modified_gmt":"2025-05-21T19:26:23","slug":"our-river","status":"publish","type":"page","link":"https:\/\/chattahoochee.org\/es\/our-river\/","title":{"rendered":"nuestro rio"},"content":{"rendered":"<div id=\"fun-facts\" class=\"crk-section color-cream-bg\">\r\n    <div class=\"crk-section-container pos-rel max-width\">\r\n        \n<h2 class=\"wp-block-heading has-text-align-center has-green-color has-text-color\">Hechos graciosos<\/h2>\n\n<p class=\"has-text-align-center\">El r\u00edo Chattahoochee comienza como un peque\u00f1o arroyo en el norte de Georgia y fluye hasta la bah\u00eda de Apalachicola.<\/p>\n\n<div class=\"pos-rel\">\r\n\r\n<div class=\"crk-list-sliders crk-list-slider\">\r\n    <div class=\"item-container\" id=\"slide-0\"><div class=\"item item-col-single\"><div class=\"m-x-10\"><div class=\"clip-top clip-offset p-b-30\"><\/div><p>El nombre del r\u00edo Chattahoochee se deriva de las palabras de los indios creek que significan \u201croca pintada\u201d.<\/p>\n<div class=\"clip-bottom clip-offset p-b-30\"><\/div><\/div><\/div><div class=\"item item-col-single\"><div class=\"m-x-10\"><div class=\"clip-top clip-offset p-b-30\"><\/div><p>El r\u00edo drena un \u00e1rea de 8,770 millas cuadradas y es el recurso h\u00eddrico m\u00e1s utilizado en Georgia.<\/p>\n<div class=\"clip-bottom clip-offset p-b-30\"><\/div><\/div><\/div><div class=\"item item-col-single\"><div class=\"m-x-10\"><div class=\"clip-top clip-offset p-b-30\"><\/div><p>El r\u00edo surge como un arroyo de monta\u00f1a de agua fr\u00eda en la provincia de Blue Ridge a altitudes superiores a los 3000 pies.<\/p>\n<div class=\"clip-bottom clip-offset p-b-30\"><\/div><\/div><\/div><div class=\"item item-col-single\"><div class=\"m-x-10\"><div class=\"clip-top clip-offset p-b-30\"><\/div><p>Fluye 430 millas hasta su confluencia con el r\u00edo Flint en el lago Seminole y la frontera con Florida.<\/p>\n<div class=\"clip-bottom clip-offset p-b-30\"><\/div><\/div><\/div><div class=\"item item-col-double\"><div class=\"m-x-10\"><div class=\"clip-top clip-offset p-b-30\"><\/div><p>La cuenca del r\u00edo Chattahoochee es parte de la cuenca m\u00e1s grande de Apalachicola-Chattahoochee-Flint (ACF) (en la confluencia del suroeste de Georgia, el sureste de Alabama y el noroeste de Florida).<\/p>\n<div class=\"clip-bottom clip-offset p-b-30\"><\/div><\/div><\/div><\/div><div class=\"item-container\" id=\"slide-1\"><div class=\"item item-col-single\"><div class=\"m-x-10\"><div class=\"clip-top clip-offset p-b-30\"><\/div><p>Puede ver transmisiones en vivo en toda la cuenca <a href=\"https:\/\/www.usgs.gov\/centers\/sa-water\/science\/river-webcams-south-atlantic-water-science-center-georgia-north-and-south?qt-science_center_objects=0#qt-science_center_objects\" rel=\"noopener\" target=\"_blank\">aqu\u00ed<\/a>.<\/p>\n<div class=\"clip-bottom clip-offset p-b-30\"><\/div><\/div><\/div><div class=\"item item-col-single\"><div class=\"m-x-10\"><div class=\"clip-top clip-offset p-b-30\"><\/div><p>El ACF cubre 19,800 millas cuadradas en las provincias de Blue Ridge, Piedmont y Coastal Plain.<\/p>\n<div class=\"clip-bottom clip-offset p-b-30\"><\/div><\/div><\/div><div class=\"item item-col-single\"><div class=\"m-x-10\"><div class=\"clip-top clip-offset p-b-30\"><\/div><p>Los drenajes de los r\u00edos Chattahoochee y Flint se unen para formar el r\u00edo Apalachicola, que desemboca en el golfo de M\u00e9xico en la bah\u00eda de Apalachicola.<\/p>\n<div class=\"clip-bottom clip-offset p-b-30\"><\/div><\/div><\/div><div class=\"item item-col-single\"><div class=\"m-x-10\"><div class=\"clip-top clip-offset p-b-30\"><\/div><p>Cerca del lago West Point, el r\u00edo Chattahoochee define los l\u00edmites estatales entre Alabama y Georgia.<\/p>\n<div class=\"clip-bottom clip-offset p-b-30\"><\/div><\/div><\/div><div class=\"item item-col-double\"><div class=\"m-x-10\"><div class=\"clip-top clip-offset p-b-30\"><\/div><p>La hidrolog\u00eda y la calidad del agua de la cuenca ACF est\u00e1n influenciadas por 16 represas principales (13 en Chattahoochee).<\/p>\n<div class=\"clip-bottom clip-offset p-b-30\"><\/div><\/div><\/div><\/div><div class=\"item-container\" id=\"slide-2\"><div class=\"item item-col-double\"><div class=\"m-x-10\"><div class=\"clip-top clip-offset p-b-30\"><\/div><p>A pesar del impacto de las actividades humanas, la cuenca ACF sigue siendo biol\u00f3gicamente diversa, lo que desempe\u00f1a un papel importante en el mantenimiento de la productividad biol\u00f3gica en la bah\u00eda de Apalachicola: la cuenca alberga la mayor cantidad de especies de peces entre los drenajes de la costa del golfo al este del r\u00edo Mississippi.<\/p>\n<div class=\"clip-bottom clip-offset p-b-30\"><\/div><\/div><\/div><\/div><\/div>\r\n\r\n<div class=\"crk-list-sliders crk-list-slider-mobile\">\r\n    <div class=\"item item-col-single\"><div class=\"m-x-10\"><div class=\"clip-top clip-offset p-b-30\"><\/div><p>El nombre del r\u00edo Chattahoochee se deriva de las palabras de los indios creek que significan \u201croca pintada\u201d.<\/p>\n<div class=\"clip-bottom clip-offset p-b-30\"><\/div><\/div><\/div><div class=\"item item-col-single\"><div class=\"m-x-10\"><div class=\"clip-top clip-offset p-b-30\"><\/div><p>El r\u00edo drena un \u00e1rea de 8,770 millas cuadradas y es el recurso h\u00eddrico m\u00e1s utilizado en Georgia.<\/p>\n<div class=\"clip-bottom clip-offset p-b-30\"><\/div><\/div><\/div><div class=\"item item-col-single\"><div class=\"m-x-10\"><div class=\"clip-top clip-offset p-b-30\"><\/div><p>El r\u00edo surge como un arroyo de monta\u00f1a de agua fr\u00eda en la provincia de Blue Ridge a altitudes superiores a los 3000 pies.<\/p>\n<div class=\"clip-bottom clip-offset p-b-30\"><\/div><\/div><\/div><div class=\"item item-col-single\"><div class=\"m-x-10\"><div class=\"clip-top clip-offset p-b-30\"><\/div><p>Fluye 430 millas hasta su confluencia con el r\u00edo Flint en el lago Seminole y la frontera con Florida.<\/p>\n<div class=\"clip-bottom clip-offset p-b-30\"><\/div><\/div><\/div><div class=\"item item-col-single\"><div class=\"m-x-10\"><div class=\"clip-top clip-offset p-b-30\"><\/div><p>La cuenca del r\u00edo Chattahoochee es parte de la cuenca m\u00e1s grande de Apalachicola-Chattahoochee-Flint (ACF) (en la confluencia del suroeste de Georgia, el sureste de Alabama y el noroeste de Florida).<\/p>\n<div class=\"clip-bottom clip-offset p-b-30\"><\/div><\/div><\/div><div class=\"item item-col-single\"><div class=\"m-x-10\"><div class=\"clip-top clip-offset p-b-30\"><\/div><p>Puede ver transmisiones en vivo en toda la cuenca <a href=\"https:\/\/www.usgs.gov\/centers\/sa-water\/science\/river-webcams-south-atlantic-water-science-center-georgia-north-and-south?qt-science_center_objects=0#qt-science_center_objects\" rel=\"noopener\" target=\"_blank\">aqu\u00ed<\/a>.<\/p>\n<div class=\"clip-bottom clip-offset p-b-30\"><\/div><\/div><\/div><div class=\"item item-col-single\"><div class=\"m-x-10\"><div class=\"clip-top clip-offset p-b-30\"><\/div><p>El ACF cubre 19,800 millas cuadradas en las provincias de Blue Ridge, Piedmont y Coastal Plain.<\/p>\n<div class=\"clip-bottom clip-offset p-b-30\"><\/div><\/div><\/div><div class=\"item item-col-single\"><div class=\"m-x-10\"><div class=\"clip-top clip-offset p-b-30\"><\/div><p>Los drenajes de los r\u00edos Chattahoochee y Flint se unen para formar el r\u00edo Apalachicola, que desemboca en el golfo de M\u00e9xico en la bah\u00eda de Apalachicola.<\/p>\n<div class=\"clip-bottom clip-offset p-b-30\"><\/div><\/div><\/div><div class=\"item item-col-single\"><div class=\"m-x-10\"><div class=\"clip-top clip-offset p-b-30\"><\/div><p>Cerca del lago West Point, el r\u00edo Chattahoochee define los l\u00edmites estatales entre Alabama y Georgia.<\/p>\n<div class=\"clip-bottom clip-offset p-b-30\"><\/div><\/div><\/div><div class=\"item item-col-single\"><div class=\"m-x-10\"><div class=\"clip-top clip-offset p-b-30\"><\/div><p>La hidrolog\u00eda y la calidad del agua de la cuenca ACF est\u00e1n influenciadas por 16 represas principales (13 en Chattahoochee).<\/p>\n<div class=\"clip-bottom clip-offset p-b-30\"><\/div><\/div><\/div><div class=\"item item-col-single\"><div class=\"m-x-10\"><div class=\"clip-top clip-offset p-b-30\"><\/div><p>A pesar del impacto de las actividades humanas, la cuenca ACF sigue siendo biol\u00f3gicamente diversa, lo que desempe\u00f1a un papel importante en el mantenimiento de la productividad biol\u00f3gica en la bah\u00eda de Apalachicola: la cuenca alberga la mayor cantidad de especies de peces entre los drenajes de la costa del golfo al este del r\u00edo Mississippi.<\/p>\n<div class=\"clip-bottom clip-offset p-b-30\"><\/div><\/div><\/div><\/div>\r\n\r\n    <\/div>\n\r\n    <\/div>\r\n<\/div><div class=\"wp-block-cover\" style=\"min-height:100px;aspect-ratio:unset;\" id=\"where-are-you\"><span aria-hidden=\"true\" class=\"wp-block-cover__background has-blue-background-color has-background-dim-100 has-background-dim\"><\/span><div class=\"wp-block-cover__inner-container is-layout-flow wp-block-cover-is-layout-flow\"><div style=\"height:100px\" aria-hidden=\"true\" class=\"wp-block-spacer\"><\/div>\n\n<h2 class=\"wp-block-heading has-text-align-center has-cream-color has-text-color\">\u00bfD\u00f3nde est\u00e1s?<\/h2>\n\n<p class=\"has-text-align-center has-cream-color has-text-color\">Consulte nuestro mapa interactivo de cuencas hidrogr\u00e1ficas para ver d\u00f3nde vive en la cuenca del r\u00edo Chattahoochee.<\/p><\/div><\/div><iframe loading=\"lazy\" width=\"100%\" height=\"600\" frameborder=\"0\" allowfullscreen src=\"https:\/\/arcg.is\/P1qqe0\"><\/iframe><div id=\"threats-and-challenges\" class=\"crk-section color-white-bg\">\r\n    <div class=\"crk-section-container pos-rel max-width\">\r\n        \n<h2 class=\"wp-block-heading has-text-align-center\">Amenazas y desaf\u00edos<\/h2>\n\n<div class=\"wp-block-columns is-layout-flex wp-container-core-columns-is-layout-9d6595d7 wp-block-columns-is-layout-flex\"><div class=\"wp-block-column is-layout-flow wp-block-column-is-layout-flow\"><p>El r\u00edo Chattahoochee es uno de los sistemas fluviales m\u00e1s peque\u00f1os de todo el pa\u00eds que proporciona suministro de agua a una importante ciudad metropolitana. Esta realidad agrava los desaf\u00edos que enfrenta nuestra regi\u00f3n.<\/p>\n\n<p>Desde el norte de Georgia hasta la l\u00ednea de Florida, la cuenca del r\u00edo Chattahoochee enfrenta muchas amenazas a su salud e integridad qu\u00edmica, f\u00edsica y biol\u00f3gica, que incluyen:<\/p>\n\n<ul class=\"wp-block-list\"><li>Contaminaci\u00f3n de aguas pluviales y aguas residuales<\/li>\n\n<li>Mayor consumo de agua<\/li>\n\n<li>Cambios en el paisaje que interrumpen los patrones de flujo natural<\/li>\n\n<li>Un clima cambiante<\/li><\/ul>\n\n<p>Aunque la salud de los r\u00edos ha mejorado en las \u00faltimas d\u00e9cadas, m\u00e1s de 1,000 millas de v\u00edas fluviales dentro de la cuenca de Chattahoochee a\u00fan no cumplen con los est\u00e1ndares de calidad del agua. Y eso significa amenazas potenciales para la salud de las personas y la vida silvestre que entran en contacto con \u00e9l.<\/p><\/div>\n\n<div class=\"wp-block-column is-layout-flow wp-block-column-is-layout-flow\"><p>Mientras tanto, las agencias gubernamentales, generalmente con fondos y personal insuficientes, a menudo no pueden realizar el monitoreo vigilante necesario para hacer cumplir las leyes ambientales e informar decisiones importantes sobre la gesti\u00f3n del agua.<\/p>\n\n<p>Los problemas de calidad del agua se agravan con las actividades humanas que alteran la hidrolog\u00eda natural de la cuenca. \u00c9stos incluyen:<\/p>\n\n<ul class=\"wp-block-list\"><li>Paisajes endurecidos de superficies impermeables<\/li>\n\n<li>B\u00faferes de transmisi\u00f3n denudados<\/li>\n\n<li>Un complejo sistema de presas, y\u2026<\/li>\n\n<li>Extracci\u00f3n de agua<\/li><\/ul>\n\n<p>Todas estas actividades han reducido los flujos en el sistema fluvial, adem\u00e1s de alterar la variabilidad estacional de la que dependen muchas especies de peces y vida silvestre. Agregue a eso un clima cambiante, con eventos clim\u00e1ticos cada vez m\u00e1s extremos, con per\u00edodos alternos de intensas tormentas y sequ\u00edas que est\u00e1n da\u00f1ando la salud del r\u00edo y las comunidades r\u00edo abajo.<\/p><\/div><\/div>\n\r\n    <\/div>\r\n<\/div><div id=\"crk_section_block_8154084075cddc73e3a57f1d2b16a09d\" class=\"crk-section color-green-bg\">\r\n    <div class=\"crk-section-container pos-rel max-width\">\r\n        \n<div class=\"crk-testimonial wp-block-columns\">\r\n                <div class=\"wp-block-column has-text-align-center is-vertically-aligned-center\" style=\"flex-basis: 66.66%\">\r\n            <div class=\"quote-mark\"><\/div>\r\n            <!-- wp:paragraph {\"placeholder\":\"Write testimonial...\"} -->\n<p><em>Me alegra que grupos como CRK est\u00e9n asumiendo el papel de la educaci\u00f3n y la defensa. De lo contrario, es posible que los recursos h\u00eddricos de los que dependo no est\u00e9n disponibles para las generaciones futuras.<\/em><\/p>\n<!-- \/wp:paragraph -->            <p class=\"testimonial-name m-b-10\">\u2013Eric Simpson<\/p>\r\n            <p class=\"testimonial-subtext\">Ecosistema Nuevo Ed\u00e9n, West Point<\/p>        <\/div>\r\n    <\/div>\n\r\n    <\/div>\r\n<\/div>","protected":false},"excerpt":{"rendered":"<p>Datos curiosos El r\u00edo Chattahoochee comienza como un peque\u00f1o arroyo en el norte de Georgia y fluye hasta la bah\u00eda de Apalachicola. \u00bfD\u00f3nde est\u00e1s? Echa un vistazo a nuestra cuenca interactiva...<\/p>","protected":false},"author":4,"featured_media":15487,"parent":0,"menu_order":0,"comment_status":"closed","ping_status":"open","template":"","meta":{"_acf_changed":false,"_EventAllDay":false,"_EventTimezone":"","_EventStartDate":"","_EventEndDate":"","_EventStartDateUTC":"","_EventEndDateUTC":"","_EventShowMap":false,"_EventShowMapLink":false,"_EventURL":"","_EventCost":"","_EventCostDescription":"","_EventCurrencySymbol":"","_EventCurrencyCode":"","_EventCurrencyPosition":"","_EventDateTimeSeparator":"","_EventTimeRangeSeparator":"","_EventOrganizerID":[],"_EventVenueID":[],"_OrganizerEmail":"","_OrganizerPhone":"","_OrganizerWebsite":"","_VenueAddress":"","_VenueCity":"","_VenueCountry":"","_VenueProvince":"","_VenueState":"","_VenueZip":"","_VenuePhone":"","_VenueURL":"","_VenueStateProvince":"","_VenueLat":"","_VenueLng":"","_VenueShowMap":false,"_VenueShowMapLink":false,"footnotes":""},"class_list":["post-17278","page","type-page","status-publish","has-post-thumbnail","hentry"],"acf":[],"yoast_head":"<!-- This site is optimized with the Yoast SEO plugin v25.1 - https:\/\/yoast.com\/wordpress\/plugins\/seo\/ -->\n<title>Our River - Chattahoochee Riverkeeper<\/title>\n<meta name=\"robots\" content=\"index, follow, max-snippet:-1, max-image-preview:large, max-video-preview:-1\" \/>\n<link rel=\"canonical\" href=\"https:\/\/chattahoochee.org\/es\/our-river\/\" \/>\n<meta property=\"og:locale\" content=\"es_MX\" \/>\n<meta property=\"og:type\" content=\"article\" \/>\n<meta property=\"og:title\" content=\"Our River - Chattahoochee Riverkeeper\" \/>\n<meta property=\"og:description\" content=\"Fun Facts The Chattahoochee River begins as a tiny stream in north Georgia and flows all the way to the Apalachicola Bay. Where Are You? Check out our interactive watershed&hellip;\" \/>\n<meta property=\"og:url\" content=\"https:\/\/chattahoochee.org\/es\/our-river\/\" \/>\n<meta property=\"og:site_name\" content=\"Chattahoochee Riverkeeper\" \/>\n<meta property=\"article:modified_time\" content=\"2025-05-21T19:26:23+00:00\" \/>\n<meta property=\"og:image\" content=\"https:\/\/chattahoochee.org\/wp-content\/uploads\/2018\/07\/AllCRKBanner_v3-1.jpg\" \/>\n\t<meta property=\"og:image:width\" content=\"1800\" \/>\n\t<meta property=\"og:image:height\" content=\"400\" \/>\n\t<meta property=\"og:image:type\" content=\"image\/jpeg\" \/>\n<meta name=\"twitter:card\" content=\"summary_large_image\" \/>\n<meta name=\"twitter:label1\" content=\"Tiempo de lectura\" \/>\n\t<meta name=\"twitter:data1\" content=\"2 minutos\" \/>\n<script type=\"application\/ld+json\" class=\"yoast-schema-graph\">{\"@context\":\"https:\/\/schema.org\",\"@graph\":[{\"@type\":\"WebPage\",\"@id\":\"https:\/\/chattahoochee.org\/our-river\/\",\"url\":\"https:\/\/chattahoochee.org\/our-river\/\",\"name\":\"Our River - Chattahoochee Riverkeeper\",\"isPartOf\":{\"@id\":\"https:\/\/chattahoochee.org\/#website\"},\"primaryImageOfPage\":{\"@id\":\"https:\/\/chattahoochee.org\/our-river\/#primaryimage\"},\"image\":{\"@id\":\"https:\/\/chattahoochee.org\/our-river\/#primaryimage\"},\"thumbnailUrl\":\"https:\/\/chattahoochee.org\/wp-content\/uploads\/2018\/07\/AllCRKBanner_v3-1.jpg\",\"datePublished\":\"2018-06-11T17:27:46+00:00\",\"dateModified\":\"2025-05-21T19:26:23+00:00\",\"breadcrumb\":{\"@id\":\"https:\/\/chattahoochee.org\/our-river\/#breadcrumb\"},\"inLanguage\":\"es\",\"potentialAction\":[{\"@type\":\"ReadAction\",\"target\":[\"https:\/\/chattahoochee.org\/our-river\/\"]}]},{\"@type\":\"ImageObject\",\"inLanguage\":\"es\",\"@id\":\"https:\/\/chattahoochee.org\/our-river\/#primaryimage\",\"url\":\"https:\/\/chattahoochee.org\/wp-content\/uploads\/2018\/07\/AllCRKBanner_v3-1.jpg\",\"contentUrl\":\"https:\/\/chattahoochee.org\/wp-content\/uploads\/2018\/07\/AllCRKBanner_v3-1.jpg\",\"width\":1800,\"height\":400},{\"@type\":\"BreadcrumbList\",\"@id\":\"https:\/\/chattahoochee.org\/our-river\/#breadcrumb\",\"itemListElement\":[{\"@type\":\"ListItem\",\"position\":1,\"name\":\"Home\",\"item\":\"https:\/\/chattahoochee.org\/\"},{\"@type\":\"ListItem\",\"position\":2,\"name\":\"Our River\"}]},{\"@type\":\"WebSite\",\"@id\":\"https:\/\/chattahoochee.org\/#website\",\"url\":\"https:\/\/chattahoochee.org\/\",\"name\":\"Chattahoochee Riverkeeper\",\"description\":\"Since 1994\",\"publisher\":{\"@id\":\"https:\/\/chattahoochee.org\/#organization\"},\"potentialAction\":[{\"@type\":\"SearchAction\",\"target\":{\"@type\":\"EntryPoint\",\"urlTemplate\":\"https:\/\/chattahoochee.org\/?s={search_term_string}\"},\"query-input\":{\"@type\":\"PropertyValueSpecification\",\"valueRequired\":true,\"valueName\":\"search_term_string\"}}],\"inLanguage\":\"es\"},{\"@type\":\"Organization\",\"@id\":\"https:\/\/chattahoochee.org\/#organization\",\"name\":\"Chattahoochee Riverkeeper\",\"url\":\"https:\/\/chattahoochee.org\/\",\"logo\":{\"@type\":\"ImageObject\",\"inLanguage\":\"es\",\"@id\":\"https:\/\/chattahoochee.org\/#\/schema\/logo\/image\/\",\"url\":\"https:\/\/chattahoochee.org\/wp-content\/uploads\/2021\/11\/CRK-Logo-White-NEW-2025.png\",\"contentUrl\":\"https:\/\/chattahoochee.org\/wp-content\/uploads\/2021\/11\/CRK-Logo-White-NEW-2025.png\",\"width\":2458,\"height\":501,\"caption\":\"Chattahoochee Riverkeeper\"},\"image\":{\"@id\":\"https:\/\/chattahoochee.org\/#\/schema\/logo\/image\/\"}}]}<\/script>\n<!-- \/ Yoast SEO plugin. -->","yoast_head_json":{"title":"Our River - Chattahoochee Riverkeeper","robots":{"index":"index","follow":"follow","max-snippet":"max-snippet:-1","max-image-preview":"max-image-preview:large","max-video-preview":"max-video-preview:-1"},"canonical":"https:\/\/chattahoochee.org\/es\/our-river\/","og_locale":"es_MX","og_type":"article","og_title":"Our River - Chattahoochee Riverkeeper","og_description":"Fun Facts The Chattahoochee River begins as a tiny stream in north Georgia and flows all the way to the Apalachicola Bay. Where Are You? Check out our interactive watershed&hellip;","og_url":"https:\/\/chattahoochee.org\/es\/our-river\/","og_site_name":"Chattahoochee Riverkeeper","article_modified_time":"2025-05-21T19:26:23+00:00","og_image":[{"width":1800,"height":400,"url":"https:\/\/chattahoochee.org\/wp-content\/uploads\/2018\/07\/AllCRKBanner_v3-1.jpg","type":"image\/jpeg"}],"twitter_card":"summary_large_image","twitter_misc":{"Tiempo de lectura":"2 minutos"},"schema":{"@context":"https:\/\/schema.org","@graph":[{"@type":"WebPage","@id":"https:\/\/chattahoochee.org\/our-river\/","url":"https:\/\/chattahoochee.org\/our-river\/","name":"Our River - Chattahoochee Riverkeeper","isPartOf":{"@id":"https:\/\/chattahoochee.org\/#website"},"primaryImageOfPage":{"@id":"https:\/\/chattahoochee.org\/our-river\/#primaryimage"},"image":{"@id":"https:\/\/chattahoochee.org\/our-river\/#primaryimage"},"thumbnailUrl":"https:\/\/chattahoochee.org\/wp-content\/uploads\/2018\/07\/AllCRKBanner_v3-1.jpg","datePublished":"2018-06-11T17:27:46+00:00","dateModified":"2025-05-21T19:26:23+00:00","breadcrumb":{"@id":"https:\/\/chattahoochee.org\/our-river\/#breadcrumb"},"inLanguage":"es","potentialAction":[{"@type":"ReadAction","target":["https:\/\/chattahoochee.org\/our-river\/"]}]},{"@type":"ImageObject","inLanguage":"es","@id":"https:\/\/chattahoochee.org\/our-river\/#primaryimage","url":"https:\/\/chattahoochee.org\/wp-content\/uploads\/2018\/07\/AllCRKBanner_v3-1.jpg","contentUrl":"https:\/\/chattahoochee.org\/wp-content\/uploads\/2018\/07\/AllCRKBanner_v3-1.jpg","width":1800,"height":400},{"@type":"BreadcrumbList","@id":"https:\/\/chattahoochee.org\/our-river\/#breadcrumb","itemListElement":[{"@type":"ListItem","position":1,"name":"Home","item":"https:\/\/chattahoochee.org\/"},{"@type":"ListItem","position":2,"name":"Our River"}]},{"@type":"WebSite","@id":"https:\/\/chattahoochee.org\/#website","url":"https:\/\/chattahoochee.org\/","name":"Chattahoochee Riverkeeper","description":"Since 1994","publisher":{"@id":"https:\/\/chattahoochee.org\/#organization"},"potentialAction":[{"@type":"SearchAction","target":{"@type":"EntryPoint","urlTemplate":"https:\/\/chattahoochee.org\/?s={search_term_string}"},"query-input":{"@type":"PropertyValueSpecification","valueRequired":true,"valueName":"search_term_string"}}],"inLanguage":"es"},{"@type":"Organization","@id":"https:\/\/chattahoochee.org\/#organization","name":"Chattahoochee Riverkeeper","url":"https:\/\/chattahoochee.org\/","logo":{"@type":"ImageObject","inLanguage":"es","@id":"https:\/\/chattahoochee.org\/#\/schema\/logo\/image\/","url":"https:\/\/chattahoochee.org\/wp-content\/uploads\/2021\/11\/CRK-Logo-White-NEW-2025.png","contentUrl":"https:\/\/chattahoochee.org\/wp-content\/uploads\/2021\/11\/CRK-Logo-White-NEW-2025.png","width":2458,"height":501,"caption":"Chattahoochee Riverkeeper"},"image":{"@id":"https:\/\/chattahoochee.org\/#\/schema\/logo\/image\/"}}]}},"_links":{"self":[{"href":"https:\/\/chattahoochee.org\/es\/wp-json\/wp\/v2\/pages\/17278","targetHints":{"allow":["GET"]}}],"collection":[{"href":"https:\/\/chattahoochee.org\/es\/wp-json\/wp\/v2\/pages"}],"about":[{"href":"https:\/\/chattahoochee.org\/es\/wp-json\/wp\/v2\/types\/page"}],"author":[{"embeddable":true,"href":"https:\/\/chattahoochee.org\/es\/wp-json\/wp\/v2\/users\/4"}],"replies":[{"embeddable":true,"href":"https:\/\/chattahoochee.org\/es\/wp-json\/wp\/v2\/comments?post=17278"}],"version-history":[{"count":50,"href":"https:\/\/chattahoochee.org\/es\/wp-json\/wp\/v2\/pages\/17278\/revisions"}],"predecessor-version":[{"id":25134,"href":"https:\/\/chattahoochee.org\/es\/wp-json\/wp\/v2\/pages\/17278\/revisions\/25134"}],"wp:featuredmedia":[{"embeddable":true,"href":"https:\/\/chattahoochee.org\/es\/wp-json\/wp\/v2\/media\/15487"}],"wp:attachment":[{"href":"https:\/\/chattahoochee.org\/es\/wp-json\/wp\/v2\/media?parent=17278"}],"curies":[{"name":"wp","href":"https:\/\/api.w.org\/{rel}","templated":true}]}}