{"id":17308,"date":"2018-07-13T20:47:44","date_gmt":"2018-07-14T00:47:44","guid":{"rendered":"https:\/\/chattahoochee.org\/about\/jobs-and-internships-2\/"},"modified":"2026-03-18T15:53:05","modified_gmt":"2026-03-18T19:53:05","slug":"jobs-and-internships","status":"publish","type":"page","link":"https:\/\/chattahoochee.org\/es\/about\/jobs-and-internships\/","title":{"rendered":"Empleos y Pr\u00e1cticas"},"content":{"rendered":"<div id=\"crk_section_block_3aa1d6c9073a0b8f38c31dd2d1024377\" class=\"crk-section color-cream-bg\">\r\n    <div class=\"crk-section-container pos-rel max-width\">\r\n        \n<h2 class=\"wp-block-heading has-text-align-center\">Oportunidades de pasant\u00edas <\/h2>\n\n<p class=\"has-text-align-center\">Through the internship program, Chattahoochee Riverkeeper brings students (typically college) and graduates to our office to work side-by-side with knowledgeable professionals. Interns receive valuable professional experience and are essential assets to CRK\u2019s mission.<\/p>\n\n<div class=\"wp-block-pb-accordion-item c-accordion__item js-accordion-item no-js\" data-initially-open=\"false\" data-click-to-close=\"true\" data-auto-close=\"true\" data-scroll=\"false\" data-scroll-offset=\"0\"><h2 id=\"at-173080\" class=\"c-accordion__title js-accordion-controller\" role=\"button\">Pasante de alcance comunitario<\/h2><div id=\"ac-173080\" class=\"c-accordion__content\"><p>El pasante de alcance comunitario con sede en Atlanta trabajar\u00e1 de manera creativa con el equipo de desarrollo de CRK para cultivar relaciones con empresas, individuos y otras organizaciones relevantes en la cuenca del r\u00edo Chattahoochee.<\/p>\n\n<p class=\"has-green-color has-text-color has-link-color wp-elements-77068a4f70318e1d771c768002e6efbe\"><em><a href=\"https:\/\/chattahoochee.org\/wp-content\/uploads\/2025\/11\/Community-Outreach-Internship-2026.pdf\">Click here for details about the community outreach internship.<\/a><\/em><\/p><\/div><\/div>\n\n<div class=\"wp-block-pb-accordion-item c-accordion__item js-accordion-item no-js\" data-initially-open=\"false\" data-click-to-close=\"true\" data-auto-close=\"true\" data-scroll=\"false\" data-scroll-offset=\"0\"><h2 id=\"at-173081\" class=\"c-accordion__title js-accordion-controller\" role=\"button\">Lake Lanier Monitoring Internship<\/h2><div id=\"ac-173081\" class=\"c-accordion__content\"><p>CRK seeks a passionate intern to assist the Watershed Programs department in the Headwaters region with activities and responsibilities associated with running our summer beach monitoring program. Duties include sample collection, lab work, data management and analysis, and public outreach. Interns will also have the opportunity to participate in other CRK programs, including algae monitoring on Lake Lanier.<\/p>\n\n<p><em><a href=\"https:\/\/chattahoochee.org\/wp-content\/uploads\/2026\/02\/CRK-Lake-Lanier-Swim-Internship-description-2026.02.pdf\">Click here for more details about the Lake Lanier monitoring internship.<\/a><\/em><\/p><\/div><\/div>\n\n<div class=\"wp-block-pb-accordion-item c-accordion__item js-accordion-item no-js\" data-initially-open=\"false\" data-click-to-close=\"true\" data-auto-close=\"true\" data-scroll=\"false\" data-scroll-offset=\"0\"><h2 id=\"at-173082\" class=\"c-accordion__title js-accordion-controller\" role=\"button\">Pasante de Vigilancia del Agua del Vecindario<\/h2><div id=\"ac-173082\" class=\"c-accordion__content\"><p>CRK seeks a passionate intern to assist the technical programs department with daily activities and responsibilities associated with running our Neighborhood Water Watch (NWW) program. Duties include data management and analysis, lab work and lab inventory, fieldwork, pollution tracking, instrument calibration, public outreach and presentations, email correspondence, and an independent project related to NWW. Spring and summer interns may have a special focus on an independent project.<\/p>\n\n<p><em><a href=\"https:\/\/chattahoochee.org\/wp-content\/uploads\/2024\/08\/HW-NWW-Internship-Description-2024.pdf\">Click here for details about the NWW internship based out of CRK&#8217;s Gainesville office.<\/a><\/em><\/p>\n\n<p><em><a href=\"https:\/\/chattahoochee.org\/wp-content\/uploads\/2023\/09\/09.2023-NWW-Internship-Description.pdf\">Click here for details about the NWW internship based out of CRK&#8217;s Smyrna (metro Atlanta) office.<\/a><\/em><\/p>\n\n<p><em><a href=\"https:\/\/chattahoochee.org\/wp-content\/uploads\/2024\/08\/LaGrange-NWW-Internship-Description-2024.pdf\">Click here for details about the NWW internship based out of CRK&#8217;s LaGrange office.<\/a><\/em><\/p>\n\n<p><em><a href=\"https:\/\/chattahoochee.org\/wp-content\/uploads\/2024\/08\/Columbus-NWW-Internship-Description-2024.pdf\">Click here for details about the NWW internship based out of CRK&#8217;s Columbus lab.<\/a><\/em><\/p><\/div><\/div>\n\n<div class=\"wp-block-pb-accordion-item c-accordion__item js-accordion-item no-js\"><h2 id=\"at-173084\" class=\"c-accordion__title js-accordion-controller\" role=\"button\">Video &amp; Communications Intern<\/h2><div id=\"ac-173084\" class=\"c-accordion__content\"><p>CRK seeks a creative intern to assist with the development of strategic, engaging content for CRK\u2019s social media platforms. The intern will play an important role in CRK\u2019s mission by increasing awareness of the organization\u2019s work, showcasing the importance of the Chattahoochee River, and encouraging audiences to take positive action on behalf of our waterways.<\/p>\n\n<p><em><a href=\"https:\/\/chattahoochee.org\/wp-content\/uploads\/2026\/03\/Video-Communications-Internship.pdf\">Click here for details about the video and communications internship.<\/a><\/em><\/p><\/div><\/div>\n\n<div class=\"wp-block-pb-accordion-item c-accordion__item js-accordion-item no-js\" data-initially-open=\"false\" data-click-to-close=\"true\" data-auto-close=\"true\" data-scroll=\"false\" data-scroll-offset=\"0\"><h2 id=\"at-173083\" class=\"c-accordion__title js-accordion-controller\" role=\"button\">Acerca de nuestras pasant\u00edas<\/h2><div id=\"ac-173083\" class=\"c-accordion__content\"><p>Tenga en cuenta que, actualmente, todas las pasant\u00edas de CRK son puestos no remunerados. Idealmente, nos gustar\u00eda compensar financieramente a nuestros pasantes por el trabajo crucial que realizan para proteger nuestro r\u00edo. Sin embargo, como organizaci\u00f3n sin fines de lucro, nuestros recursos suelen ser m\u00e1s limitados de lo que nos gustar\u00eda. Estudiantes que se ofrecen como voluntarios con nosotros de forma gratuita se ponen en contacto con nosotros regularmente para obtener una experiencia crucial en el laboratorio y la industria. En respuesta a esto y a los comentarios de muchos de nuestros pasantes anteriores, que consideran valioso poder incluir este trabajo en su curr\u00edculum y aplicarlo a sus cursos universitarios, tomamos la decisi\u00f3n de ofrecer estas oportunidades de voluntariado como puestos oficiales en CRK. .<\/p>\n\n<p>Trabajamos arduamente para asegurarnos de cumplir con todos los requisitos acad\u00e9micos individuales solicitados por nuestros pasantes, seguimos siendo extremadamente flexibles con respecto a la programaci\u00f3n y las horas por respeto a estos estudiantes voluntarios, y seguimos siendo un defensor activo de la carrera en su nombre durante y despu\u00e9s de su tiempo con CRK, brind\u00e1ndoles capacitaci\u00f3n en cualquier habilidad espec\u00edfica que les parezca interesante (incluso si esas tareas quedan fuera del esquema de su puesto) y ayud\u00e1ndolos en su b\u00fasqueda de empleo dentro y m\u00e1s all\u00e1 del espacio de sostenibilidad y sin fines de lucro. En el futuro, esperamos estar en un lugar donde podamos dedicar fondos adicionales a nuestro programa de pasant\u00edas. Hasta entonces, esperamos continuar brindando oportunidades educativas a los estudiantes apasionados por la preservaci\u00f3n del medio ambiente y nuestra misi\u00f3n de proteger el r\u00edo Chattahoochee.<\/p><\/div><\/div>\n\r\n    <\/div>\r\n<\/div><div id=\"crk_section_block_ff7545d100f9bd232928d1b1de86e49f\" class=\"crk-section color-cream-shade-bg\">\r\n    <div class=\"crk-section-container pos-rel max-width\">\r\n        \n<div class=\"wp-block-columns is-layout-flex wp-container-core-columns-is-layout-9d6595d7 wp-block-columns-is-layout-flex\"><div class=\"wp-block-column is-layout-flow wp-block-column-is-layout-flow\"><figure class=\"wp-block-image size-large is-style-image-mask\"><img loading=\"lazy\" decoding=\"async\" width=\"1024\" height=\"768\" src=\"https:\/\/chattahoochee.org\/wp-content\/uploads\/2018\/07\/Taylor-Spear-1024x768.jpg\" alt=\"\" class=\"wp-image-15699\" srcset=\"https:\/\/chattahoochee.org\/wp-content\/uploads\/2018\/07\/Taylor-Spear-1024x768.jpg 1024w, https:\/\/chattahoochee.org\/wp-content\/uploads\/2018\/07\/Taylor-Spear-300x225.jpg 300w, https:\/\/chattahoochee.org\/wp-content\/uploads\/2018\/07\/Taylor-Spear-768x576.jpg 768w, https:\/\/chattahoochee.org\/wp-content\/uploads\/2018\/07\/Taylor-Spear-1536x1152.jpg 1536w, https:\/\/chattahoochee.org\/wp-content\/uploads\/2018\/07\/Taylor-Spear-2048x1536.jpg 2048w, https:\/\/chattahoochee.org\/wp-content\/uploads\/2018\/07\/Taylor-Spear-16x12.jpg 16w\" sizes=\"auto, (max-width: 1024px) 100vw, 1024px\" \/><\/figure><\/div>\n\n<div class=\"wp-block-column is-vertically-aligned-center is-layout-flow wp-block-column-is-layout-flow\"><h2 class=\"wp-block-heading\">C\u00f3mo aplicar<\/h2>\n\n<p>Interested candidates should submit a resume, references, and writing samples with a cover letter addressing the candidate\u2019s personal goals and interests, as well as their experience and interest in working for Chattahoochee Riverkeeper.<\/p>\n\n<p>Las instrucciones espec\u00edficas y los materiales de solicitud requeridos se enumeran en cada oportunidad de pasant\u00eda.<\/p><\/div><\/div>\n\r\n    <\/div>\r\n<\/div><div id=\"crk_section_block_ddbc7aceb9aa2479984c556fec7fb0f7\" class=\"crk-section color-cream-bg\">\r\n    <div class=\"crk-section-container pos-rel max-width\">\r\n        \n<h2 class=\"wp-block-heading has-text-align-center\">Ofertas de trabajo<\/h2>\n\n<p class=\"has-text-align-center\">There are no job openings available at this time.<\/p>\n\r\n    <\/div>\r\n<\/div><div id=\"crk_background_section_block_78fb4ea72ac5ea19748bddd41e67dbe1\" class=\"crk-background-section color-white-bg background-design--\">\r\n    <div class=\"crk-background-section-container max-width\">\r\n        \n<h2 class=\"wp-block-heading has-text-align-center\">Mantente informado<\/h2>\n\n<iframe loading=\"lazy\" id=\"mc-donation\" src=\"https:\/\/fundraise.givesmart.com\/form\/kxK4yA?utm_source=embed&#038;utm_medium=page&#038;utm_campaign=general\" width=\"100%\" height=\"580\" overflow=\"scroll\" onload=\"window.scrollTo(0,0);\"><\/iframe>\n\r\n    <\/div>\r\n<\/div>","protected":false},"excerpt":{"rendered":"<p>Internship Opportunities Through the internship program, Chattahoochee Riverkeeper brings students (typically college) and graduates to our office to work side-by-side with knowledgeable professionals. Interns receive valuable professional experience and are&hellip;<\/p>","protected":false},"author":4,"featured_media":15474,"parent":17017,"menu_order":0,"comment_status":"closed","ping_status":"open","template":"","meta":{"_acf_changed":false,"_EventAllDay":false,"_EventTimezone":"","_EventStartDate":"","_EventEndDate":"","_EventStartDateUTC":"","_EventEndDateUTC":"","_EventShowMap":false,"_EventShowMapLink":false,"_EventURL":"","_EventCost":"","_EventCostDescription":"","_EventCurrencySymbol":"","_EventCurrencyCode":"","_EventCurrencyPosition":"","_EventDateTimeSeparator":"","_EventTimeRangeSeparator":"","_EventOrganizerID":[],"_EventVenueID":[],"_OrganizerEmail":"","_OrganizerPhone":"","_OrganizerWebsite":"","_VenueAddress":"","_VenueCity":"","_VenueCountry":"","_VenueProvince":"","_VenueState":"","_VenueZip":"","_VenuePhone":"","_VenueURL":"","_VenueStateProvince":"","_VenueLat":"","_VenueLng":"","_VenueShowMap":false,"_VenueShowMapLink":false,"footnotes":""},"class_list":["post-17308","page","type-page","status-publish","has-post-thumbnail","hentry"],"acf":[],"yoast_head":"<!-- This site is optimized with the Yoast SEO plugin v25.1 - https:\/\/yoast.com\/wordpress\/plugins\/seo\/ -->\n<title>Jobs and Internships - Chattahoochee Riverkeeper<\/title>\n<meta name=\"robots\" content=\"index, follow, max-snippet:-1, max-image-preview:large, max-video-preview:-1\" \/>\n<link rel=\"canonical\" href=\"https:\/\/chattahoochee.org\/es\/about\/jobs-and-internships\/\" \/>\n<meta property=\"og:locale\" content=\"es_MX\" \/>\n<meta property=\"og:type\" content=\"article\" \/>\n<meta property=\"og:title\" content=\"Jobs and Internships - Chattahoochee Riverkeeper\" \/>\n<meta property=\"og:description\" content=\"Internship Opportunities Through the internship program, Chattahoochee Riverkeeper brings students (typically college) and graduates to our office to work side-by-side with knowledgeable professionals. Interns receive valuable professional experience and are&hellip;\" \/>\n<meta property=\"og:url\" content=\"https:\/\/chattahoochee.org\/es\/about\/jobs-and-internships\/\" \/>\n<meta property=\"og:site_name\" content=\"Chattahoochee Riverkeeper\" \/>\n<meta property=\"article:modified_time\" content=\"2026-03-18T19:53:05+00:00\" \/>\n<meta property=\"og:image\" content=\"https:\/\/chattahoochee.org\/wp-content\/uploads\/2018\/07\/AllCRKBanner_v1.jpg\" \/>\n\t<meta property=\"og:image:width\" content=\"1800\" \/>\n\t<meta property=\"og:image:height\" content=\"400\" \/>\n\t<meta property=\"og:image:type\" content=\"image\/jpeg\" \/>\n<meta name=\"twitter:card\" content=\"summary_large_image\" \/>\n<meta name=\"twitter:label1\" content=\"Tiempo de lectura\" \/>\n\t<meta name=\"twitter:data1\" content=\"4 minutos\" \/>\n<script type=\"application\/ld+json\" class=\"yoast-schema-graph\">{\"@context\":\"https:\/\/schema.org\",\"@graph\":[{\"@type\":\"WebPage\",\"@id\":\"https:\/\/chattahoochee.org\/about\/jobs-and-internships\/\",\"url\":\"https:\/\/chattahoochee.org\/about\/jobs-and-internships\/\",\"name\":\"Jobs and Internships - Chattahoochee Riverkeeper\",\"isPartOf\":{\"@id\":\"https:\/\/chattahoochee.org\/#website\"},\"primaryImageOfPage\":{\"@id\":\"https:\/\/chattahoochee.org\/about\/jobs-and-internships\/#primaryimage\"},\"image\":{\"@id\":\"https:\/\/chattahoochee.org\/about\/jobs-and-internships\/#primaryimage\"},\"thumbnailUrl\":\"https:\/\/chattahoochee.org\/wp-content\/uploads\/2018\/07\/AllCRKBanner_v1.jpg\",\"datePublished\":\"2018-07-14T00:47:44+00:00\",\"dateModified\":\"2026-03-18T19:53:05+00:00\",\"breadcrumb\":{\"@id\":\"https:\/\/chattahoochee.org\/about\/jobs-and-internships\/#breadcrumb\"},\"inLanguage\":\"es\",\"potentialAction\":[{\"@type\":\"ReadAction\",\"target\":[\"https:\/\/chattahoochee.org\/about\/jobs-and-internships\/\"]}]},{\"@type\":\"ImageObject\",\"inLanguage\":\"es\",\"@id\":\"https:\/\/chattahoochee.org\/about\/jobs-and-internships\/#primaryimage\",\"url\":\"https:\/\/chattahoochee.org\/wp-content\/uploads\/2018\/07\/AllCRKBanner_v1.jpg\",\"contentUrl\":\"https:\/\/chattahoochee.org\/wp-content\/uploads\/2018\/07\/AllCRKBanner_v1.jpg\",\"width\":1800,\"height\":400},{\"@type\":\"BreadcrumbList\",\"@id\":\"https:\/\/chattahoochee.org\/about\/jobs-and-internships\/#breadcrumb\",\"itemListElement\":[{\"@type\":\"ListItem\",\"position\":1,\"name\":\"Home\",\"item\":\"https:\/\/chattahoochee.org\/\"},{\"@type\":\"ListItem\",\"position\":2,\"name\":\"About\",\"item\":\"https:\/\/chattahoochee.org\/about\/\"},{\"@type\":\"ListItem\",\"position\":3,\"name\":\"Jobs and Internships\"}]},{\"@type\":\"WebSite\",\"@id\":\"https:\/\/chattahoochee.org\/#website\",\"url\":\"https:\/\/chattahoochee.org\/\",\"name\":\"Chattahoochee Riverkeeper\",\"description\":\"Since 1994\",\"publisher\":{\"@id\":\"https:\/\/chattahoochee.org\/#organization\"},\"potentialAction\":[{\"@type\":\"SearchAction\",\"target\":{\"@type\":\"EntryPoint\",\"urlTemplate\":\"https:\/\/chattahoochee.org\/?s={search_term_string}\"},\"query-input\":{\"@type\":\"PropertyValueSpecification\",\"valueRequired\":true,\"valueName\":\"search_term_string\"}}],\"inLanguage\":\"es\"},{\"@type\":\"Organization\",\"@id\":\"https:\/\/chattahoochee.org\/#organization\",\"name\":\"Chattahoochee Riverkeeper\",\"url\":\"https:\/\/chattahoochee.org\/\",\"logo\":{\"@type\":\"ImageObject\",\"inLanguage\":\"es\",\"@id\":\"https:\/\/chattahoochee.org\/#\/schema\/logo\/image\/\",\"url\":\"https:\/\/chattahoochee.org\/wp-content\/uploads\/2021\/11\/CRK-Logo-White-NEW-2025.png\",\"contentUrl\":\"https:\/\/chattahoochee.org\/wp-content\/uploads\/2021\/11\/CRK-Logo-White-NEW-2025.png\",\"width\":2458,\"height\":501,\"caption\":\"Chattahoochee Riverkeeper\"},\"image\":{\"@id\":\"https:\/\/chattahoochee.org\/#\/schema\/logo\/image\/\"}}]}<\/script>\n<!-- \/ Yoast SEO plugin. -->","yoast_head_json":{"title":"Jobs and Internships - Chattahoochee Riverkeeper","robots":{"index":"index","follow":"follow","max-snippet":"max-snippet:-1","max-image-preview":"max-image-preview:large","max-video-preview":"max-video-preview:-1"},"canonical":"https:\/\/chattahoochee.org\/es\/about\/jobs-and-internships\/","og_locale":"es_MX","og_type":"article","og_title":"Jobs and Internships - Chattahoochee Riverkeeper","og_description":"Internship Opportunities Through the internship program, Chattahoochee Riverkeeper brings students (typically college) and graduates to our office to work side-by-side with knowledgeable professionals. Interns receive valuable professional experience and are&hellip;","og_url":"https:\/\/chattahoochee.org\/es\/about\/jobs-and-internships\/","og_site_name":"Chattahoochee Riverkeeper","article_modified_time":"2026-03-18T19:53:05+00:00","og_image":[{"width":1800,"height":400,"url":"https:\/\/chattahoochee.org\/wp-content\/uploads\/2018\/07\/AllCRKBanner_v1.jpg","type":"image\/jpeg"}],"twitter_card":"summary_large_image","twitter_misc":{"Tiempo de lectura":"4 minutos"},"schema":{"@context":"https:\/\/schema.org","@graph":[{"@type":"WebPage","@id":"https:\/\/chattahoochee.org\/about\/jobs-and-internships\/","url":"https:\/\/chattahoochee.org\/about\/jobs-and-internships\/","name":"Jobs and Internships - Chattahoochee Riverkeeper","isPartOf":{"@id":"https:\/\/chattahoochee.org\/#website"},"primaryImageOfPage":{"@id":"https:\/\/chattahoochee.org\/about\/jobs-and-internships\/#primaryimage"},"image":{"@id":"https:\/\/chattahoochee.org\/about\/jobs-and-internships\/#primaryimage"},"thumbnailUrl":"https:\/\/chattahoochee.org\/wp-content\/uploads\/2018\/07\/AllCRKBanner_v1.jpg","datePublished":"2018-07-14T00:47:44+00:00","dateModified":"2026-03-18T19:53:05+00:00","breadcrumb":{"@id":"https:\/\/chattahoochee.org\/about\/jobs-and-internships\/#breadcrumb"},"inLanguage":"es","potentialAction":[{"@type":"ReadAction","target":["https:\/\/chattahoochee.org\/about\/jobs-and-internships\/"]}]},{"@type":"ImageObject","inLanguage":"es","@id":"https:\/\/chattahoochee.org\/about\/jobs-and-internships\/#primaryimage","url":"https:\/\/chattahoochee.org\/wp-content\/uploads\/2018\/07\/AllCRKBanner_v1.jpg","contentUrl":"https:\/\/chattahoochee.org\/wp-content\/uploads\/2018\/07\/AllCRKBanner_v1.jpg","width":1800,"height":400},{"@type":"BreadcrumbList","@id":"https:\/\/chattahoochee.org\/about\/jobs-and-internships\/#breadcrumb","itemListElement":[{"@type":"ListItem","position":1,"name":"Home","item":"https:\/\/chattahoochee.org\/"},{"@type":"ListItem","position":2,"name":"About","item":"https:\/\/chattahoochee.org\/about\/"},{"@type":"ListItem","position":3,"name":"Jobs and Internships"}]},{"@type":"WebSite","@id":"https:\/\/chattahoochee.org\/#website","url":"https:\/\/chattahoochee.org\/","name":"Chattahoochee Riverkeeper","description":"Since 1994","publisher":{"@id":"https:\/\/chattahoochee.org\/#organization"},"potentialAction":[{"@type":"SearchAction","target":{"@type":"EntryPoint","urlTemplate":"https:\/\/chattahoochee.org\/?s={search_term_string}"},"query-input":{"@type":"PropertyValueSpecification","valueRequired":true,"valueName":"search_term_string"}}],"inLanguage":"es"},{"@type":"Organization","@id":"https:\/\/chattahoochee.org\/#organization","name":"Chattahoochee Riverkeeper","url":"https:\/\/chattahoochee.org\/","logo":{"@type":"ImageObject","inLanguage":"es","@id":"https:\/\/chattahoochee.org\/#\/schema\/logo\/image\/","url":"https:\/\/chattahoochee.org\/wp-content\/uploads\/2021\/11\/CRK-Logo-White-NEW-2025.png","contentUrl":"https:\/\/chattahoochee.org\/wp-content\/uploads\/2021\/11\/CRK-Logo-White-NEW-2025.png","width":2458,"height":501,"caption":"Chattahoochee Riverkeeper"},"image":{"@id":"https:\/\/chattahoochee.org\/#\/schema\/logo\/image\/"}}]}},"_links":{"self":[{"href":"https:\/\/chattahoochee.org\/es\/wp-json\/wp\/v2\/pages\/17308","targetHints":{"allow":["GET"]}}],"collection":[{"href":"https:\/\/chattahoochee.org\/es\/wp-json\/wp\/v2\/pages"}],"about":[{"href":"https:\/\/chattahoochee.org\/es\/wp-json\/wp\/v2\/types\/page"}],"author":[{"embeddable":true,"href":"https:\/\/chattahoochee.org\/es\/wp-json\/wp\/v2\/users\/4"}],"replies":[{"embeddable":true,"href":"https:\/\/chattahoochee.org\/es\/wp-json\/wp\/v2\/comments?post=17308"}],"version-history":[{"count":77,"href":"https:\/\/chattahoochee.org\/es\/wp-json\/wp\/v2\/pages\/17308\/revisions"}],"predecessor-version":[{"id":26058,"href":"https:\/\/chattahoochee.org\/es\/wp-json\/wp\/v2\/pages\/17308\/revisions\/26058"}],"up":[{"embeddable":true,"href":"https:\/\/chattahoochee.org\/es\/wp-json\/wp\/v2\/pages\/17017"}],"wp:featuredmedia":[{"embeddable":true,"href":"https:\/\/chattahoochee.org\/es\/wp-json\/wp\/v2\/media\/15474"}],"wp:attachment":[{"href":"https:\/\/chattahoochee.org\/es\/wp-json\/wp\/v2\/media?parent=17308"}],"curies":[{"name":"wp","href":"https:\/\/api.w.org\/{rel}","templated":true}]}}