{"id":17337,"date":"2018-07-19T18:21:03","date_gmt":"2018-07-19T22:21:03","guid":{"rendered":"https:\/\/chattahoochee.org\/our-work\/enforcement\/"},"modified":"2026-01-29T13:27:31","modified_gmt":"2026-01-29T18:27:31","slug":"enforcement","status":"publish","type":"page","link":"https:\/\/chattahoochee.org\/es\/our-work\/enforcement\/","title":{"rendered":"Aplicaci\u00f3n"},"content":{"rendered":"<div id=\"crk_section_block_7efe5a4d5a4653672b47bb0102ff9f36\" class=\"crk-section color-cream-bg\">\r\n    <div class=\"crk-section-container pos-rel max-width\">\r\n        \n<h2 class=\"wp-block-heading has-text-align-center\">Es Una Triste Verdad\u2026<\/h2>\n\n<p class=\"has-text-align-center\">Con demasiada frecuencia, debido a la falta de recursos adecuados o de voluntad pol\u00edtica, las agencias gubernamentales locales, estatales y federales encargadas de administrar y hacer cumplir nuestras leyes ambientales no pueden o no quieren tomar las medidas de cumplimiento necesarias. CRK utiliza acciones legales estrat\u00e9gicas para detener a los contaminadores y promover pol\u00edticas que protejan el r\u00edo y su cuenca.<\/p>\n\r\n    <\/div>\r\n<\/div><div id=\"crk_section_block_c5fce282c35eeae102b88199a4ecbf9f\" class=\"crk-section color-white-bg\">\r\n    <div class=\"crk-section-container pos-rel max-width\">\r\n        \n<div class=\"wp-block-columns are-vertically-aligned-center is-layout-flex wp-container-core-columns-is-layout-9d6595d7 wp-block-columns-is-layout-flex\"><div class=\"wp-block-column is-vertically-aligned-center is-layout-flow wp-block-column-is-layout-flow\" style=\"flex-basis:50%\"><h2 class=\"wp-block-heading has-text-align-left\">Protecci\u00f3n de arroyos y comunidades de la contaminaci\u00f3n industrial<\/h2>\n\n<p>Nuestra cuenca alberga miles de instalaciones industriales que almacenan materiales en el exterior. Las precipitaciones transportan escorrent\u00edas pluviales contaminadas con metales y productos qu\u00edmicos a nuestras v\u00edas fluviales desde una variedad de fuentes.<\/p>\n\n<ul class=\"wp-block-list\"><li>Las instalaciones de procesamiento de alimentos pueden liberar bacterias<\/li>\n\n<li>Los desguaces de autom\u00f3viles pueden liberar aceite y grasa<\/li>\n\n<li>La fabricaci\u00f3n de metales puede liberar zinc, ars\u00e9nico y cromo<\/li>\n\n<li>La producci\u00f3n de productos qu\u00edmicos agr\u00edcolas puede liberar nutrientes<\/li><\/ul>\n\n<p>CRK inspects hundreds of industrial operations annually in Georgia and Alabama, providing guidance to owners and operators on staying compliant with applicable laws and permits, and, when necessary, taking enforcement action.<\/p><\/div>\n\n<div class=\"wp-block-column is-vertically-aligned-center is-layout-flow wp-block-column-is-layout-flow\" style=\"flex-basis:50%\"><figure class=\"wp-block-image size-large is-style-image-mask\"><img loading=\"lazy\" decoding=\"async\" width=\"1024\" height=\"768\" src=\"https:\/\/chattahoochee.org\/wp-content\/uploads\/2018\/07\/PSCIP-2-1024x768.jpg\" alt=\"\" class=\"wp-image-15638\" srcset=\"https:\/\/chattahoochee.org\/wp-content\/uploads\/2018\/07\/PSCIP-2-1024x768.jpg 1024w, https:\/\/chattahoochee.org\/wp-content\/uploads\/2018\/07\/PSCIP-2-300x225.jpg 300w, https:\/\/chattahoochee.org\/wp-content\/uploads\/2018\/07\/PSCIP-2-768x576.jpg 768w, https:\/\/chattahoochee.org\/wp-content\/uploads\/2018\/07\/PSCIP-2-1536x1152.jpg 1536w, https:\/\/chattahoochee.org\/wp-content\/uploads\/2018\/07\/PSCIP-2-2048x1536.jpg 2048w, https:\/\/chattahoochee.org\/wp-content\/uploads\/2018\/07\/PSCIP-2-16x12.jpg 16w\" sizes=\"auto, (max-width: 1024px) 100vw, 1024px\" \/><\/figure>\n\n<div class=\"crk-icon-block max-width-600 icon_align_left align-vertical size-fa-2x\">\r\n\r\n    \r\n    <div class=\"crk-icon-bg-holder\">\r\n         <div class=\"crk-icon-bg  has-orange-background-color\">             <i class=\"fas fa-industry fa-2x has-blue-color\"><\/i>\r\n        <\/div>    <\/div>\r\n\r\n    \r\n    <div class=\"crk-icon-content\">\n<p><em>D\u00edganos si ve una industria que descarga aguas pluviales potencialmente contaminadas en nuestras v\u00edas fluviales.<\/em><\/p>\n<\/div><\/div>\n\n<div class=\"wp-block-buttons is-layout-flex wp-block-buttons-is-layout-flex\"><div class=\"wp-block-button aligncenter\"><a class=\"wp-block-button__link has-cream-color has-blue-background-color has-text-color has-background wp-element-button\" href=\"https:\/\/chattahoochee.org\/es\/report-a-problem\/\">Reportar un problema<\/a><\/div><\/div><\/div><\/div>\n\r\n    <\/div>\r\n<\/div><div id=\"crk_section_block_fc6dae789eba8871b6695e954229d8c0\" class=\"crk-section color-green-bg\">\r\n    <div class=\"crk-section-container pos-rel max-width\">\r\n        \n<div class=\"crk-testimonial wp-block-columns\">\r\n                <div class=\"wp-block-column has-text-align-center is-vertically-aligned-center\" style=\"flex-basis: 66.66%\">\r\n            <div class=\"quote-mark\"><\/div>\r\n            <!-- wp:paragraph {\"placeholder\":\"Write testimonial...\"} -->\n<p><em>Nuestro objetivo es trabajar siempre de manera proactiva con un contaminador potencial para que cumpla con las leyes de agua limpia sin recurrir a litigios. Pero si no est\u00e1n dispuestos a hacer lo correcto, los haremos responsables ante un tribunal federal para proteger el r\u00edo.<\/em><\/p>\n<!-- \/wp:paragraph -->            <p class=\"testimonial-name m-b-10\">\u2013 Jason Ulset<\/p>\r\n            <p class=\"testimonial-subtext\">Guardi\u00e1n del r\u00edo Chattahoochee<\/p>        <\/div>\r\n    <\/div>\n\r\n    <\/div>\r\n<\/div><div id=\"crk_section_block_c5fce282c35eeae102b88199a4ecbf9f\" class=\"crk-section color-white-bg\">\r\n    <div class=\"crk-section-container pos-rel max-width\">\r\n        \n<div class=\"wp-block-columns are-vertically-aligned-center is-layout-flex wp-container-core-columns-is-layout-9d6595d7 wp-block-columns-is-layout-flex\"><div class=\"wp-block-column is-vertically-aligned-center is-layout-flow wp-block-column-is-layout-flow\" style=\"flex-basis:66.66%\"><h2 class=\"wp-block-heading\">Mantenerse alerta sobre los permisos<\/h2>\n\n<p>CRK revisa los permisos nuevos y modificados propuestos emitidos para instalaciones municipales e industriales en la cuenca del r\u00edo Chattahoochee. Cuando es necesario, proporcionamos comentarios por escrito sobre las propuestas con recomendaciones de mejora. Tambi\u00e9n revisamos los archivos de la Divisi\u00f3n de Protecci\u00f3n Ambiental y los Informes de Monitoreo de Descargas en busca de instalaciones problem\u00e1ticas y, cuando se identifiquen, desarrollaremos estrategias para el cumplimiento.<\/p><\/div>\n\n<div class=\"wp-block-column is-vertically-aligned-center is-layout-flow wp-block-column-is-layout-flow\" style=\"flex-basis:33.33%\"><figure class=\"wp-block-image size-large is-style-image-mask\"><img loading=\"lazy\" decoding=\"async\" width=\"1024\" height=\"768\" src=\"https:\/\/chattahoochee.org\/wp-content\/uploads\/2018\/07\/NPDES-outfall-monitoring_1-1024x768.jpg\" alt=\"\" class=\"wp-image-15619\" srcset=\"https:\/\/chattahoochee.org\/wp-content\/uploads\/2018\/07\/NPDES-outfall-monitoring_1-1024x768.jpg 1024w, https:\/\/chattahoochee.org\/wp-content\/uploads\/2018\/07\/NPDES-outfall-monitoring_1-300x225.jpg 300w, https:\/\/chattahoochee.org\/wp-content\/uploads\/2018\/07\/NPDES-outfall-monitoring_1-768x576.jpg 768w, https:\/\/chattahoochee.org\/wp-content\/uploads\/2018\/07\/NPDES-outfall-monitoring_1-1536x1152.jpg 1536w, https:\/\/chattahoochee.org\/wp-content\/uploads\/2018\/07\/NPDES-outfall-monitoring_1-2048x1536.jpg 2048w, https:\/\/chattahoochee.org\/wp-content\/uploads\/2018\/07\/NPDES-outfall-monitoring_1-16x12.jpg 16w\" sizes=\"auto, (max-width: 1024px) 100vw, 1024px\" \/><\/figure><\/div><\/div>\n\r\n    <\/div>\r\n<\/div><div id=\"crk_section_block_7efe5a4d5a4653672b47bb0102ff9f36\" class=\"crk-section color-cream-bg\">\r\n    <div class=\"crk-section-container pos-rel max-width\">\r\n        \n<div class=\"wp-block-columns are-vertically-aligned-center is-layout-flex wp-container-core-columns-is-layout-9d6595d7 wp-block-columns-is-layout-flex\"><div class=\"wp-block-column is-vertically-aligned-center is-layout-flow wp-block-column-is-layout-flow\" style=\"flex-basis:33.33%\"><figure class=\"wp-block-image size-large is-style-image-mask\"><img loading=\"lazy\" decoding=\"async\" width=\"1024\" height=\"768\" src=\"https:\/\/chattahoochee.org\/wp-content\/uploads\/2026\/01\/JessRM1-1024x768.jpg\" alt=\"\" class=\"wp-image-25820\" srcset=\"https:\/\/chattahoochee.org\/wp-content\/uploads\/2026\/01\/JessRM1-1024x768.jpg 1024w, https:\/\/chattahoochee.org\/wp-content\/uploads\/2026\/01\/JessRM1-300x225.jpg 300w, https:\/\/chattahoochee.org\/wp-content\/uploads\/2026\/01\/JessRM1-768x576.jpg 768w, https:\/\/chattahoochee.org\/wp-content\/uploads\/2026\/01\/JessRM1-1536x1152.jpg 1536w, https:\/\/chattahoochee.org\/wp-content\/uploads\/2026\/01\/JessRM1-2048x1536.jpg 2048w, https:\/\/chattahoochee.org\/wp-content\/uploads\/2026\/01\/JessRM1-16x12.jpg 16w\" sizes=\"auto, (max-width: 1024px) 100vw, 1024px\" \/><\/figure><\/div>\n\n<div class=\"wp-block-column is-vertically-aligned-center is-layout-flow wp-block-column-is-layout-flow\" style=\"flex-basis:66.66%\"><h2 class=\"wp-block-heading\">Monitoring Wastewater Outfalls<\/h2>\n\n<p>CRK monitors\u00a0Clean Water Act compliance\u00a0at wastewater facilities\u00a0in the Chattahoochee River basin\u00a0using\u00a0the data that wastewater facilities self-report to state and federal agencies. We use the\u00a0information\u00a0to target the sampling of wastewater outfalls throughout the watershed\u00a0to ensure\u00a0the discharges\u00a0are meeting\u00a0standards that protect wildlife and public health.<\/p><\/div><\/div>\n\r\n    <\/div>\r\n<\/div><div id=\"crk_section_block_c5fce282c35eeae102b88199a4ecbf9f\" class=\"crk-section color-white-bg\">\r\n    <div class=\"crk-section-container pos-rel max-width\">\r\n        \n<div class=\"wp-block-columns are-vertically-aligned-center is-layout-flex wp-container-core-columns-is-layout-9d6595d7 wp-block-columns-is-layout-flex\"><div class=\"wp-block-column is-vertically-aligned-center is-layout-flow wp-block-column-is-layout-flow\" style=\"flex-basis:66.66%\"><h2 class=\"wp-block-heading\">sacar la suciedad<\/h2>\n\n<p>La escorrent\u00eda de aguas pluviales de los sitios de construcci\u00f3n es una gran amenaza para la salud de nuestros r\u00edos, lagos y arroyos. El programa Get the Dirt Out (GTDO) de CRK capacita a los miembros de la comunidad para documentar los problemas, comunicarse con los funcionarios correspondientes y hacer un seguimiento para garantizar que se tomen las medidas adecuadas.<\/p>\n\n<p><strong>\u00a1Sea un vigilante ciudadano y ayude a combatir este problema!<\/strong><\/p>\n\n<p>Asista a un taller de dos horas de duraci\u00f3n de Get the Dirt Out y aprenda a detectar y denunciar infracciones de control de sedimentos y erosi\u00f3n.<\/p>\n\n<p>P\u00f3ngase en contacto con Jason Ulseth en&nbsp;<a href=\"mailto:julseth@chattahoochee.org\" target=\"_blank\" rel=\"noreferrer noopener\">julseth@chattahoochee.org<\/a>&nbsp;or (404) 352-9828 x211 to learn about upcoming workshops.<\/p>\n\n<p class=\"has-text-align-center\"><em><strong>Capac\u00edtese sobre c\u00f3mo detectar sitios de construcci\u00f3n problem\u00e1ticos.<\/strong><\/em><\/p>\n\n<div class=\"wp-block-buttons is-layout-flex wp-block-buttons-is-layout-flex\"><div class=\"wp-block-button aligncenter\"><a class=\"wp-block-button__link has-cream-color has-green-background-color has-text-color has-background wp-element-button\" href=\"https:\/\/chattahoochee.org\/es\/gtdo\/\">M\u00e1s informaci\u00f3n sobre la formaci\u00f3n GTDO<\/a><\/div><\/div><\/div>\n\n<div class=\"wp-block-column is-vertically-aligned-center is-layout-flow wp-block-column-is-layout-flow\" style=\"flex-basis:33.33%\"><figure class=\"wp-block-image size-large is-style-image-mask\"><img loading=\"lazy\" decoding=\"async\" width=\"1024\" height=\"768\" src=\"https:\/\/chattahoochee.org\/wp-content\/uploads\/2019\/07\/Dirty-Site-1024x768.jpg\" alt=\"\" class=\"wp-image-15126\" srcset=\"https:\/\/chattahoochee.org\/wp-content\/uploads\/2019\/07\/Dirty-Site-1024x768.jpg 1024w, https:\/\/chattahoochee.org\/wp-content\/uploads\/2019\/07\/Dirty-Site-300x225.jpg 300w, https:\/\/chattahoochee.org\/wp-content\/uploads\/2019\/07\/Dirty-Site-768x576.jpg 768w, https:\/\/chattahoochee.org\/wp-content\/uploads\/2019\/07\/Dirty-Site-1536x1152.jpg 1536w, https:\/\/chattahoochee.org\/wp-content\/uploads\/2019\/07\/Dirty-Site-16x12.jpg 16w, https:\/\/chattahoochee.org\/wp-content\/uploads\/2019\/07\/Dirty-Site.jpg 2016w\" sizes=\"auto, (max-width: 1024px) 100vw, 1024px\" \/><\/figure>\n\n<p class=\"has-text-align-center\"><\/p><\/div><\/div>\n\r\n    <\/div>\r\n<\/div><div id=\"crk_section_block_7efe5a4d5a4653672b47bb0102ff9f36\" class=\"crk-section color-cream-bg\">\r\n    <div class=\"crk-section-container pos-rel max-width\">\r\n        \n<div class=\"wp-block-columns are-vertically-aligned-center is-layout-flex wp-container-core-columns-is-layout-9d6595d7 wp-block-columns-is-layout-flex\"><div class=\"wp-block-column is-vertically-aligned-center is-layout-flow wp-block-column-is-layout-flow\"><figure class=\"wp-block-image size-large is-style-image-mask\"><img loading=\"lazy\" decoding=\"async\" width=\"1024\" height=\"768\" src=\"https:\/\/chattahoochee.org\/wp-content\/uploads\/2018\/07\/Jason_Ulseth_01-1024x768.jpg\" alt=\"\" class=\"wp-image-15605\" srcset=\"https:\/\/chattahoochee.org\/wp-content\/uploads\/2018\/07\/Jason_Ulseth_01-1024x768.jpg 1024w, https:\/\/chattahoochee.org\/wp-content\/uploads\/2018\/07\/Jason_Ulseth_01-300x225.jpg 300w, https:\/\/chattahoochee.org\/wp-content\/uploads\/2018\/07\/Jason_Ulseth_01-768x576.jpg 768w, https:\/\/chattahoochee.org\/wp-content\/uploads\/2018\/07\/Jason_Ulseth_01-1536x1152.jpg 1536w, https:\/\/chattahoochee.org\/wp-content\/uploads\/2018\/07\/Jason_Ulseth_01-2048x1536.jpg 2048w, https:\/\/chattahoochee.org\/wp-content\/uploads\/2018\/07\/Jason_Ulseth_01-16x12.jpg 16w\" sizes=\"auto, (max-width: 1024px) 100vw, 1024px\" \/><\/figure><\/div>\n\n<div class=\"wp-block-column is-vertically-aligned-center is-layout-flow wp-block-column-is-layout-flow\"><h2 class=\"wp-block-heading\">Patrullas fluviales<\/h2>\n\n<p>CRK mantiene una presencia regular en el r\u00edo en nuestro bote patrullero fluvial de \u00faltima generaci\u00f3n de 18 pies, fabricado por Oquawka Boats. La lancha motora hecha a medida puede navegar f\u00e1cilmente por las aguas poco profundas extremas de Chattahoochee. Las patrullas generalmente involucran inspecciones visuales del r\u00edo en busca de derrames sospechosos, olores, basura y muertes de peces. Tambi\u00e9n recopilamos datos de tendencias de la calidad del agua en los puntos de descarga.<\/p><\/div><\/div>\n\r\n    <\/div>\r\n<\/div>","protected":false},"excerpt":{"rendered":"<p>Es una triste verdad... Con demasiada frecuencia, debido a la falta de recursos adecuados o de voluntad pol\u00edtica, las agencias gubernamentales locales, estatales y federales encargadas de administrar y hacer cumplir nuestras leyes ambientales est\u00e1n...<\/p>","protected":false},"author":4,"featured_media":15481,"parent":17023,"menu_order":0,"comment_status":"closed","ping_status":"open","template":"","meta":{"_acf_changed":false,"_EventAllDay":false,"_EventTimezone":"","_EventStartDate":"","_EventEndDate":"","_EventStartDateUTC":"","_EventEndDateUTC":"","_EventShowMap":false,"_EventShowMapLink":false,"_EventURL":"","_EventCost":"","_EventCostDescription":"","_EventCurrencySymbol":"","_EventCurrencyCode":"","_EventCurrencyPosition":"","_EventDateTimeSeparator":"","_EventTimeRangeSeparator":"","_EventOrganizerID":[],"_EventVenueID":[],"_OrganizerEmail":"","_OrganizerPhone":"","_OrganizerWebsite":"","_VenueAddress":"","_VenueCity":"","_VenueCountry":"","_VenueProvince":"","_VenueState":"","_VenueZip":"","_VenuePhone":"","_VenueURL":"","_VenueStateProvince":"","_VenueLat":"","_VenueLng":"","_VenueShowMap":false,"_VenueShowMapLink":false,"footnotes":""},"class_list":["post-17337","page","type-page","status-publish","has-post-thumbnail","hentry"],"acf":[],"yoast_head":"<!-- This site is optimized with the Yoast SEO plugin v25.1 - https:\/\/yoast.com\/wordpress\/plugins\/seo\/ -->\n<title>Enforcement - Chattahoochee Riverkeeper<\/title>\n<meta name=\"robots\" content=\"index, follow, max-snippet:-1, max-image-preview:large, max-video-preview:-1\" \/>\n<link rel=\"canonical\" href=\"https:\/\/chattahoochee.org\/es\/our-work\/enforcement\/\" \/>\n<meta property=\"og:locale\" content=\"es_MX\" \/>\n<meta property=\"og:type\" content=\"article\" \/>\n<meta property=\"og:title\" content=\"Enforcement - Chattahoochee Riverkeeper\" \/>\n<meta property=\"og:description\" content=\"It&#039;s A Sad Truth... Too often\u2014due to a lack of adequate resources or political will\u2014the local, state, and federal government agencies tasked with administering and enforcing our environmental laws are&hellip;\" \/>\n<meta property=\"og:url\" content=\"https:\/\/chattahoochee.org\/es\/our-work\/enforcement\/\" \/>\n<meta property=\"og:site_name\" content=\"Chattahoochee Riverkeeper\" \/>\n<meta property=\"article:modified_time\" content=\"2026-01-29T18:27:31+00:00\" \/>\n<meta property=\"og:image\" content=\"https:\/\/chattahoochee.org\/wp-content\/uploads\/2018\/07\/AllCRKBanner_v16.jpg\" \/>\n\t<meta property=\"og:image:width\" content=\"1800\" \/>\n\t<meta property=\"og:image:height\" content=\"400\" \/>\n\t<meta property=\"og:image:type\" content=\"image\/jpeg\" \/>\n<meta name=\"twitter:card\" content=\"summary_large_image\" \/>\n<meta name=\"twitter:label1\" content=\"Tiempo de lectura\" \/>\n\t<meta name=\"twitter:data1\" content=\"4 minutos\" \/>\n<script type=\"application\/ld+json\" class=\"yoast-schema-graph\">{\"@context\":\"https:\/\/schema.org\",\"@graph\":[{\"@type\":\"WebPage\",\"@id\":\"https:\/\/chattahoochee.org\/our-work\/enforcement\/\",\"url\":\"https:\/\/chattahoochee.org\/our-work\/enforcement\/\",\"name\":\"Enforcement - Chattahoochee Riverkeeper\",\"isPartOf\":{\"@id\":\"https:\/\/chattahoochee.org\/#website\"},\"primaryImageOfPage\":{\"@id\":\"https:\/\/chattahoochee.org\/our-work\/enforcement\/#primaryimage\"},\"image\":{\"@id\":\"https:\/\/chattahoochee.org\/our-work\/enforcement\/#primaryimage\"},\"thumbnailUrl\":\"https:\/\/chattahoochee.org\/wp-content\/uploads\/2018\/07\/AllCRKBanner_v16.jpg\",\"datePublished\":\"2018-07-19T22:21:03+00:00\",\"dateModified\":\"2026-01-29T18:27:31+00:00\",\"breadcrumb\":{\"@id\":\"https:\/\/chattahoochee.org\/our-work\/enforcement\/#breadcrumb\"},\"inLanguage\":\"es\",\"potentialAction\":[{\"@type\":\"ReadAction\",\"target\":[\"https:\/\/chattahoochee.org\/our-work\/enforcement\/\"]}]},{\"@type\":\"ImageObject\",\"inLanguage\":\"es\",\"@id\":\"https:\/\/chattahoochee.org\/our-work\/enforcement\/#primaryimage\",\"url\":\"https:\/\/chattahoochee.org\/wp-content\/uploads\/2018\/07\/AllCRKBanner_v16.jpg\",\"contentUrl\":\"https:\/\/chattahoochee.org\/wp-content\/uploads\/2018\/07\/AllCRKBanner_v16.jpg\",\"width\":1800,\"height\":400},{\"@type\":\"BreadcrumbList\",\"@id\":\"https:\/\/chattahoochee.org\/our-work\/enforcement\/#breadcrumb\",\"itemListElement\":[{\"@type\":\"ListItem\",\"position\":1,\"name\":\"Home\",\"item\":\"https:\/\/chattahoochee.org\/\"},{\"@type\":\"ListItem\",\"position\":2,\"name\":\"Our Work\",\"item\":\"https:\/\/chattahoochee.org\/our-work\/\"},{\"@type\":\"ListItem\",\"position\":3,\"name\":\"Enforcement\"}]},{\"@type\":\"WebSite\",\"@id\":\"https:\/\/chattahoochee.org\/#website\",\"url\":\"https:\/\/chattahoochee.org\/\",\"name\":\"Chattahoochee Riverkeeper\",\"description\":\"Since 1994\",\"publisher\":{\"@id\":\"https:\/\/chattahoochee.org\/#organization\"},\"potentialAction\":[{\"@type\":\"SearchAction\",\"target\":{\"@type\":\"EntryPoint\",\"urlTemplate\":\"https:\/\/chattahoochee.org\/?s={search_term_string}\"},\"query-input\":{\"@type\":\"PropertyValueSpecification\",\"valueRequired\":true,\"valueName\":\"search_term_string\"}}],\"inLanguage\":\"es\"},{\"@type\":\"Organization\",\"@id\":\"https:\/\/chattahoochee.org\/#organization\",\"name\":\"Chattahoochee Riverkeeper\",\"url\":\"https:\/\/chattahoochee.org\/\",\"logo\":{\"@type\":\"ImageObject\",\"inLanguage\":\"es\",\"@id\":\"https:\/\/chattahoochee.org\/#\/schema\/logo\/image\/\",\"url\":\"https:\/\/chattahoochee.org\/wp-content\/uploads\/2021\/11\/CRK-Logo-White-NEW-2025.png\",\"contentUrl\":\"https:\/\/chattahoochee.org\/wp-content\/uploads\/2021\/11\/CRK-Logo-White-NEW-2025.png\",\"width\":2458,\"height\":501,\"caption\":\"Chattahoochee Riverkeeper\"},\"image\":{\"@id\":\"https:\/\/chattahoochee.org\/#\/schema\/logo\/image\/\"}}]}<\/script>\n<!-- \/ Yoast SEO plugin. -->","yoast_head_json":{"title":"Enforcement - Chattahoochee Riverkeeper","robots":{"index":"index","follow":"follow","max-snippet":"max-snippet:-1","max-image-preview":"max-image-preview:large","max-video-preview":"max-video-preview:-1"},"canonical":"https:\/\/chattahoochee.org\/es\/our-work\/enforcement\/","og_locale":"es_MX","og_type":"article","og_title":"Enforcement - Chattahoochee Riverkeeper","og_description":"It's A Sad Truth... Too often\u2014due to a lack of adequate resources or political will\u2014the local, state, and federal government agencies tasked with administering and enforcing our environmental laws are&hellip;","og_url":"https:\/\/chattahoochee.org\/es\/our-work\/enforcement\/","og_site_name":"Chattahoochee Riverkeeper","article_modified_time":"2026-01-29T18:27:31+00:00","og_image":[{"width":1800,"height":400,"url":"https:\/\/chattahoochee.org\/wp-content\/uploads\/2018\/07\/AllCRKBanner_v16.jpg","type":"image\/jpeg"}],"twitter_card":"summary_large_image","twitter_misc":{"Tiempo de lectura":"4 minutos"},"schema":{"@context":"https:\/\/schema.org","@graph":[{"@type":"WebPage","@id":"https:\/\/chattahoochee.org\/our-work\/enforcement\/","url":"https:\/\/chattahoochee.org\/our-work\/enforcement\/","name":"Enforcement - Chattahoochee Riverkeeper","isPartOf":{"@id":"https:\/\/chattahoochee.org\/#website"},"primaryImageOfPage":{"@id":"https:\/\/chattahoochee.org\/our-work\/enforcement\/#primaryimage"},"image":{"@id":"https:\/\/chattahoochee.org\/our-work\/enforcement\/#primaryimage"},"thumbnailUrl":"https:\/\/chattahoochee.org\/wp-content\/uploads\/2018\/07\/AllCRKBanner_v16.jpg","datePublished":"2018-07-19T22:21:03+00:00","dateModified":"2026-01-29T18:27:31+00:00","breadcrumb":{"@id":"https:\/\/chattahoochee.org\/our-work\/enforcement\/#breadcrumb"},"inLanguage":"es","potentialAction":[{"@type":"ReadAction","target":["https:\/\/chattahoochee.org\/our-work\/enforcement\/"]}]},{"@type":"ImageObject","inLanguage":"es","@id":"https:\/\/chattahoochee.org\/our-work\/enforcement\/#primaryimage","url":"https:\/\/chattahoochee.org\/wp-content\/uploads\/2018\/07\/AllCRKBanner_v16.jpg","contentUrl":"https:\/\/chattahoochee.org\/wp-content\/uploads\/2018\/07\/AllCRKBanner_v16.jpg","width":1800,"height":400},{"@type":"BreadcrumbList","@id":"https:\/\/chattahoochee.org\/our-work\/enforcement\/#breadcrumb","itemListElement":[{"@type":"ListItem","position":1,"name":"Home","item":"https:\/\/chattahoochee.org\/"},{"@type":"ListItem","position":2,"name":"Our Work","item":"https:\/\/chattahoochee.org\/our-work\/"},{"@type":"ListItem","position":3,"name":"Enforcement"}]},{"@type":"WebSite","@id":"https:\/\/chattahoochee.org\/#website","url":"https:\/\/chattahoochee.org\/","name":"Chattahoochee Riverkeeper","description":"Since 1994","publisher":{"@id":"https:\/\/chattahoochee.org\/#organization"},"potentialAction":[{"@type":"SearchAction","target":{"@type":"EntryPoint","urlTemplate":"https:\/\/chattahoochee.org\/?s={search_term_string}"},"query-input":{"@type":"PropertyValueSpecification","valueRequired":true,"valueName":"search_term_string"}}],"inLanguage":"es"},{"@type":"Organization","@id":"https:\/\/chattahoochee.org\/#organization","name":"Chattahoochee Riverkeeper","url":"https:\/\/chattahoochee.org\/","logo":{"@type":"ImageObject","inLanguage":"es","@id":"https:\/\/chattahoochee.org\/#\/schema\/logo\/image\/","url":"https:\/\/chattahoochee.org\/wp-content\/uploads\/2021\/11\/CRK-Logo-White-NEW-2025.png","contentUrl":"https:\/\/chattahoochee.org\/wp-content\/uploads\/2021\/11\/CRK-Logo-White-NEW-2025.png","width":2458,"height":501,"caption":"Chattahoochee Riverkeeper"},"image":{"@id":"https:\/\/chattahoochee.org\/#\/schema\/logo\/image\/"}}]}},"_links":{"self":[{"href":"https:\/\/chattahoochee.org\/es\/wp-json\/wp\/v2\/pages\/17337","targetHints":{"allow":["GET"]}}],"collection":[{"href":"https:\/\/chattahoochee.org\/es\/wp-json\/wp\/v2\/pages"}],"about":[{"href":"https:\/\/chattahoochee.org\/es\/wp-json\/wp\/v2\/types\/page"}],"author":[{"embeddable":true,"href":"https:\/\/chattahoochee.org\/es\/wp-json\/wp\/v2\/users\/4"}],"replies":[{"embeddable":true,"href":"https:\/\/chattahoochee.org\/es\/wp-json\/wp\/v2\/comments?post=17337"}],"version-history":[{"count":24,"href":"https:\/\/chattahoochee.org\/es\/wp-json\/wp\/v2\/pages\/17337\/revisions"}],"predecessor-version":[{"id":25822,"href":"https:\/\/chattahoochee.org\/es\/wp-json\/wp\/v2\/pages\/17337\/revisions\/25822"}],"up":[{"embeddable":true,"href":"https:\/\/chattahoochee.org\/es\/wp-json\/wp\/v2\/pages\/17023"}],"wp:featuredmedia":[{"embeddable":true,"href":"https:\/\/chattahoochee.org\/es\/wp-json\/wp\/v2\/media\/15481"}],"wp:attachment":[{"href":"https:\/\/chattahoochee.org\/es\/wp-json\/wp\/v2\/media?parent=17337"}],"curies":[{"name":"wp","href":"https:\/\/api.w.org\/{rel}","templated":true}]}}