{"id":17338,"date":"2018-07-19T19:07:52","date_gmt":"2018-07-19T23:07:52","guid":{"rendered":"https:\/\/chattahoochee.org\/our-work\/legislative-work\/"},"modified":"2023-12-22T13:47:25","modified_gmt":"2023-12-22T18:47:25","slug":"legislative-work","status":"publish","type":"page","link":"https:\/\/chattahoochee.org\/es\/our-work\/legislative-work\/","title":{"rendered":"Trabajo legislativo"},"content":{"rendered":"<div id=\"crk_section_block_fde3997fe1a97a0acb82fa4fed1171b0\" class=\"crk-section color-cream-bg\">\r\n    <div class=\"crk-section-container pos-rel max-width\">\r\n        \n<h2 class=\"wp-block-heading has-text-align-center\">lo que hacemos<\/h2>\n\n<p>La legislaci\u00f3n puede proteger y mejorar nuestros recursos naturales, o puede acelerar su deterioro.<\/p>\n\n<p>CRK trabaja activamente para educar a los funcionarios electos y a los encargados de formular pol\u00edticas en todos los niveles de gobierno sobre asuntos relacionados con la protecci\u00f3n y restauraci\u00f3n de la cuenca del r\u00edo Chattahoochee. Desde 1994, CRK ha ayudado a promover importantes leyes de protecci\u00f3n de r\u00edos a nivel estatal, al mismo tiempo que trabaja para derrotar proyectos de ley antiambientales.<\/p>\n\n<p>Contrariamente a la creencia popular, los grupos sin fines de lucro pueden cabildear, siempre que operen dentro de los l\u00edmites del IRS en cuanto al volumen y el gasto real en los esfuerzos de cabildeo. CRK tiene mucho cuidado de llevar a cabo nuestras actividades de cabildeo, principalmente en el Capitolio estatal, dentro de estos l\u00edmites.<\/p>\n\n<p>CRK works alongside the\u00a0Georgia Water Coalition\u00a0under the\u00a0Gold\u00a0Dome to protect and care for Georgia\u2019s water resources. Every year, we work with our partners and legislators to protect stream buffers, to ensure the safe handling of power plants\u2019 coal waste, and other important water-protection issues like protecting the Okefenokee Swamp.<\/p>\n\r\n    <\/div>\r\n<\/div><div id=\"crk_section_block_87422fed9ac616b60d09091ff1816c23\" class=\"crk-section color-cream-shade-bg\">\r\n    <div class=\"crk-section-container pos-rel max-width\">\r\n        \n<h2 class=\"wp-block-heading has-text-align-center\">Lo que puedes hacer<\/h2>\n\n<p class=\"has-text-align-center\">\u00a1Queremos y necesitamos m\u00e1s defensores como usted! Aqu\u00ed hay dos maneras f\u00e1ciles de participar:<\/p>\n\n<div class=\"wp-block-columns are-vertically-aligned-center is-layout-flex wp-container-core-columns-is-layout-9d6595d7 wp-block-columns-is-layout-flex\"><div class=\"wp-block-column is-vertically-aligned-center is-layout-flow wp-block-column-is-layout-flow\"><p class=\"has-text-align-center\">1. Comun\u00edquese con sus representantes y el senador y h\u00e1gales saber que el agua limpia y abundante es importante para usted.<\/p>\n\n<div class=\"wp-block-buttons is-layout-flex wp-block-buttons-is-layout-flex\"><div class=\"wp-block-button aligncenter\"><a class=\"wp-block-button__link has-cream-color has-blue-background-color has-text-color has-background wp-element-button\" href=\"https:\/\/pluralpolicy.com\/find-your-legislator\/\" target=\"_blank\" rel=\"noreferrer noopener\">Averig\u00fce qui\u00e9nes son sus legisladores<\/a><\/div><\/div><\/div>\n\n<div class=\"wp-block-column is-vertically-aligned-center is-layout-flow wp-block-column-is-layout-flow\"><p class=\"has-text-align-center\">2. Reg\u00edstrese para recibir alertas de acci\u00f3n ambiental de Protect Georgia.<\/p>\n\n<div class=\"wp-block-buttons is-layout-flex wp-block-buttons-is-layout-flex\"><div class=\"wp-block-button aligncenter\"><a class=\"wp-block-button__link has-cream-color has-green-background-color has-text-color has-background wp-element-button\" href=\"https:\/\/www.protectgeorgia.org\/#\/\" target=\"_blank\" rel=\"noreferrer noopener\">Reg\u00edstrese con Protect Georgia<\/a><\/div><\/div><\/div><\/div>\n\r\n    <\/div>\r\n<\/div><div id=\"crk_section_block_1450ef2e6b273b0cfdc7b31b4bb35a79\" class=\"crk-section color-green-bg\">\r\n    <div class=\"crk-section-container pos-rel max-width\">\r\n        \n<div class=\"crk-testimonial wp-block-columns\">\r\n         \r\n            <div class=\"wp-block-column has-text-align-center is-vertically-aligned-center\" style=\"flex-basis: 33.33%\">\r\n                <img decoding=\"async\" src=\"https:\/\/chattahoochee.org\/wp-content\/uploads\/2023\/01\/GWC-photo-Erik-Voss.png\" class=\"image-mask\" \/>\r\n            <\/div>\r\n                <div class=\"wp-block-column has-text-align-center is-vertically-aligned-center\" style=\"flex-basis: 66.66%\">\r\n            <div class=\"quote-mark\"><\/div>\r\n            <!-- wp:paragraph {\"placeholder\":\"Write testimonial...\"} -->\n<p><em>Bajo el Domo Dorado, CRK y nuestros socios en la Coalici\u00f3n del Agua de Georgia trabajan con funcionarios electos para aprobar leyes que protejan el derecho de todos los georgianos al agua limpia y segura.<\/em><\/p>\n<!-- \/wp:paragraph -->            <p class=\"testimonial-name m-b-10\">\u2013 Jason Ulset<\/p>\r\n            <p class=\"testimonial-subtext\">Riverkeeper &#038; Executive Director<\/p>        <\/div>\r\n    <\/div>\n\r\n    <\/div>\r\n<\/div>","protected":false},"excerpt":{"rendered":"<p>Lo que hacemos La legislaci\u00f3n puede proteger y mejorar nuestros recursos naturales, o puede acelerar su deterioro. CRK trabaja activamente para educar a los funcionarios electos y a los encargados de formular pol\u00edticas en todos los niveles de...<\/p>","protected":false},"author":4,"featured_media":15481,"parent":17023,"menu_order":0,"comment_status":"closed","ping_status":"open","template":"","meta":{"_acf_changed":false,"_EventAllDay":false,"_EventTimezone":"","_EventStartDate":"","_EventEndDate":"","_EventStartDateUTC":"","_EventEndDateUTC":"","_EventShowMap":false,"_EventShowMapLink":false,"_EventURL":"","_EventCost":"","_EventCostDescription":"","_EventCurrencySymbol":"","_EventCurrencyCode":"","_EventCurrencyPosition":"","_EventDateTimeSeparator":"","_EventTimeRangeSeparator":"","_EventOrganizerID":[],"_EventVenueID":[],"_OrganizerEmail":"","_OrganizerPhone":"","_OrganizerWebsite":"","_VenueAddress":"","_VenueCity":"","_VenueCountry":"","_VenueProvince":"","_VenueState":"","_VenueZip":"","_VenuePhone":"","_VenueURL":"","_VenueStateProvince":"","_VenueLat":"","_VenueLng":"","_VenueShowMap":false,"_VenueShowMapLink":false,"footnotes":""},"class_list":["post-17338","page","type-page","status-publish","has-post-thumbnail","hentry"],"acf":[],"yoast_head":"<!-- This site is optimized with the Yoast SEO plugin v25.1 - https:\/\/yoast.com\/wordpress\/plugins\/seo\/ -->\n<title>Legislative Work - Chattahoochee Riverkeeper<\/title>\n<meta name=\"robots\" content=\"index, follow, max-snippet:-1, max-image-preview:large, max-video-preview:-1\" \/>\n<link rel=\"canonical\" href=\"https:\/\/chattahoochee.org\/es\/our-work\/legislative-work\/\" \/>\n<meta property=\"og:locale\" content=\"es_MX\" \/>\n<meta property=\"og:type\" content=\"article\" \/>\n<meta property=\"og:title\" content=\"Legislative Work - Chattahoochee Riverkeeper\" \/>\n<meta property=\"og:description\" content=\"What We Do Legislation can protect and enhance our natural resources, or it can accelerate their deterioration. CRK actively works to educate elected officials and policy makers\u00a0at all levels of&hellip;\" \/>\n<meta property=\"og:url\" content=\"https:\/\/chattahoochee.org\/es\/our-work\/legislative-work\/\" \/>\n<meta property=\"og:site_name\" content=\"Chattahoochee Riverkeeper\" \/>\n<meta property=\"article:modified_time\" content=\"2023-12-22T18:47:25+00:00\" \/>\n<meta property=\"og:image\" content=\"https:\/\/chattahoochee.org\/wp-content\/uploads\/2018\/07\/AllCRKBanner_v16.jpg\" \/>\n\t<meta property=\"og:image:width\" content=\"1800\" \/>\n\t<meta property=\"og:image:height\" content=\"400\" \/>\n\t<meta property=\"og:image:type\" content=\"image\/jpeg\" \/>\n<meta name=\"twitter:card\" content=\"summary_large_image\" \/>\n<meta name=\"twitter:label1\" content=\"Tiempo de lectura\" \/>\n\t<meta name=\"twitter:data1\" content=\"1 minuto\" \/>\n<script type=\"application\/ld+json\" class=\"yoast-schema-graph\">{\"@context\":\"https:\/\/schema.org\",\"@graph\":[{\"@type\":\"WebPage\",\"@id\":\"https:\/\/chattahoochee.org\/our-work\/legislative-work\/\",\"url\":\"https:\/\/chattahoochee.org\/our-work\/legislative-work\/\",\"name\":\"Legislative Work - Chattahoochee Riverkeeper\",\"isPartOf\":{\"@id\":\"https:\/\/chattahoochee.org\/#website\"},\"primaryImageOfPage\":{\"@id\":\"https:\/\/chattahoochee.org\/our-work\/legislative-work\/#primaryimage\"},\"image\":{\"@id\":\"https:\/\/chattahoochee.org\/our-work\/legislative-work\/#primaryimage\"},\"thumbnailUrl\":\"https:\/\/chattahoochee.org\/wp-content\/uploads\/2018\/07\/AllCRKBanner_v16.jpg\",\"datePublished\":\"2018-07-19T23:07:52+00:00\",\"dateModified\":\"2023-12-22T18:47:25+00:00\",\"breadcrumb\":{\"@id\":\"https:\/\/chattahoochee.org\/our-work\/legislative-work\/#breadcrumb\"},\"inLanguage\":\"es\",\"potentialAction\":[{\"@type\":\"ReadAction\",\"target\":[\"https:\/\/chattahoochee.org\/our-work\/legislative-work\/\"]}]},{\"@type\":\"ImageObject\",\"inLanguage\":\"es\",\"@id\":\"https:\/\/chattahoochee.org\/our-work\/legislative-work\/#primaryimage\",\"url\":\"https:\/\/chattahoochee.org\/wp-content\/uploads\/2018\/07\/AllCRKBanner_v16.jpg\",\"contentUrl\":\"https:\/\/chattahoochee.org\/wp-content\/uploads\/2018\/07\/AllCRKBanner_v16.jpg\",\"width\":1800,\"height\":400},{\"@type\":\"BreadcrumbList\",\"@id\":\"https:\/\/chattahoochee.org\/our-work\/legislative-work\/#breadcrumb\",\"itemListElement\":[{\"@type\":\"ListItem\",\"position\":1,\"name\":\"Home\",\"item\":\"https:\/\/chattahoochee.org\/\"},{\"@type\":\"ListItem\",\"position\":2,\"name\":\"Our Work\",\"item\":\"https:\/\/chattahoochee.org\/our-work\/\"},{\"@type\":\"ListItem\",\"position\":3,\"name\":\"Legislative Work\"}]},{\"@type\":\"WebSite\",\"@id\":\"https:\/\/chattahoochee.org\/#website\",\"url\":\"https:\/\/chattahoochee.org\/\",\"name\":\"Chattahoochee Riverkeeper\",\"description\":\"Since 1994\",\"publisher\":{\"@id\":\"https:\/\/chattahoochee.org\/#organization\"},\"potentialAction\":[{\"@type\":\"SearchAction\",\"target\":{\"@type\":\"EntryPoint\",\"urlTemplate\":\"https:\/\/chattahoochee.org\/?s={search_term_string}\"},\"query-input\":{\"@type\":\"PropertyValueSpecification\",\"valueRequired\":true,\"valueName\":\"search_term_string\"}}],\"inLanguage\":\"es\"},{\"@type\":\"Organization\",\"@id\":\"https:\/\/chattahoochee.org\/#organization\",\"name\":\"Chattahoochee Riverkeeper\",\"url\":\"https:\/\/chattahoochee.org\/\",\"logo\":{\"@type\":\"ImageObject\",\"inLanguage\":\"es\",\"@id\":\"https:\/\/chattahoochee.org\/#\/schema\/logo\/image\/\",\"url\":\"https:\/\/chattahoochee.org\/wp-content\/uploads\/2021\/11\/CRK-Logo-White-NEW-2025.png\",\"contentUrl\":\"https:\/\/chattahoochee.org\/wp-content\/uploads\/2021\/11\/CRK-Logo-White-NEW-2025.png\",\"width\":2458,\"height\":501,\"caption\":\"Chattahoochee Riverkeeper\"},\"image\":{\"@id\":\"https:\/\/chattahoochee.org\/#\/schema\/logo\/image\/\"}}]}<\/script>\n<!-- \/ Yoast SEO plugin. -->","yoast_head_json":{"title":"Legislative Work - Chattahoochee Riverkeeper","robots":{"index":"index","follow":"follow","max-snippet":"max-snippet:-1","max-image-preview":"max-image-preview:large","max-video-preview":"max-video-preview:-1"},"canonical":"https:\/\/chattahoochee.org\/es\/our-work\/legislative-work\/","og_locale":"es_MX","og_type":"article","og_title":"Legislative Work - Chattahoochee Riverkeeper","og_description":"What We Do Legislation can protect and enhance our natural resources, or it can accelerate their deterioration. CRK actively works to educate elected officials and policy makers\u00a0at all levels of&hellip;","og_url":"https:\/\/chattahoochee.org\/es\/our-work\/legislative-work\/","og_site_name":"Chattahoochee Riverkeeper","article_modified_time":"2023-12-22T18:47:25+00:00","og_image":[{"width":1800,"height":400,"url":"https:\/\/chattahoochee.org\/wp-content\/uploads\/2018\/07\/AllCRKBanner_v16.jpg","type":"image\/jpeg"}],"twitter_card":"summary_large_image","twitter_misc":{"Tiempo de lectura":"1 minuto"},"schema":{"@context":"https:\/\/schema.org","@graph":[{"@type":"WebPage","@id":"https:\/\/chattahoochee.org\/our-work\/legislative-work\/","url":"https:\/\/chattahoochee.org\/our-work\/legislative-work\/","name":"Legislative Work - Chattahoochee Riverkeeper","isPartOf":{"@id":"https:\/\/chattahoochee.org\/#website"},"primaryImageOfPage":{"@id":"https:\/\/chattahoochee.org\/our-work\/legislative-work\/#primaryimage"},"image":{"@id":"https:\/\/chattahoochee.org\/our-work\/legislative-work\/#primaryimage"},"thumbnailUrl":"https:\/\/chattahoochee.org\/wp-content\/uploads\/2018\/07\/AllCRKBanner_v16.jpg","datePublished":"2018-07-19T23:07:52+00:00","dateModified":"2023-12-22T18:47:25+00:00","breadcrumb":{"@id":"https:\/\/chattahoochee.org\/our-work\/legislative-work\/#breadcrumb"},"inLanguage":"es","potentialAction":[{"@type":"ReadAction","target":["https:\/\/chattahoochee.org\/our-work\/legislative-work\/"]}]},{"@type":"ImageObject","inLanguage":"es","@id":"https:\/\/chattahoochee.org\/our-work\/legislative-work\/#primaryimage","url":"https:\/\/chattahoochee.org\/wp-content\/uploads\/2018\/07\/AllCRKBanner_v16.jpg","contentUrl":"https:\/\/chattahoochee.org\/wp-content\/uploads\/2018\/07\/AllCRKBanner_v16.jpg","width":1800,"height":400},{"@type":"BreadcrumbList","@id":"https:\/\/chattahoochee.org\/our-work\/legislative-work\/#breadcrumb","itemListElement":[{"@type":"ListItem","position":1,"name":"Home","item":"https:\/\/chattahoochee.org\/"},{"@type":"ListItem","position":2,"name":"Our Work","item":"https:\/\/chattahoochee.org\/our-work\/"},{"@type":"ListItem","position":3,"name":"Legislative Work"}]},{"@type":"WebSite","@id":"https:\/\/chattahoochee.org\/#website","url":"https:\/\/chattahoochee.org\/","name":"Chattahoochee Riverkeeper","description":"Since 1994","publisher":{"@id":"https:\/\/chattahoochee.org\/#organization"},"potentialAction":[{"@type":"SearchAction","target":{"@type":"EntryPoint","urlTemplate":"https:\/\/chattahoochee.org\/?s={search_term_string}"},"query-input":{"@type":"PropertyValueSpecification","valueRequired":true,"valueName":"search_term_string"}}],"inLanguage":"es"},{"@type":"Organization","@id":"https:\/\/chattahoochee.org\/#organization","name":"Chattahoochee Riverkeeper","url":"https:\/\/chattahoochee.org\/","logo":{"@type":"ImageObject","inLanguage":"es","@id":"https:\/\/chattahoochee.org\/#\/schema\/logo\/image\/","url":"https:\/\/chattahoochee.org\/wp-content\/uploads\/2021\/11\/CRK-Logo-White-NEW-2025.png","contentUrl":"https:\/\/chattahoochee.org\/wp-content\/uploads\/2021\/11\/CRK-Logo-White-NEW-2025.png","width":2458,"height":501,"caption":"Chattahoochee Riverkeeper"},"image":{"@id":"https:\/\/chattahoochee.org\/#\/schema\/logo\/image\/"}}]}},"_links":{"self":[{"href":"https:\/\/chattahoochee.org\/es\/wp-json\/wp\/v2\/pages\/17338","targetHints":{"allow":["GET"]}}],"collection":[{"href":"https:\/\/chattahoochee.org\/es\/wp-json\/wp\/v2\/pages"}],"about":[{"href":"https:\/\/chattahoochee.org\/es\/wp-json\/wp\/v2\/types\/page"}],"author":[{"embeddable":true,"href":"https:\/\/chattahoochee.org\/es\/wp-json\/wp\/v2\/users\/4"}],"replies":[{"embeddable":true,"href":"https:\/\/chattahoochee.org\/es\/wp-json\/wp\/v2\/comments?post=17338"}],"version-history":[{"count":17,"href":"https:\/\/chattahoochee.org\/es\/wp-json\/wp\/v2\/pages\/17338\/revisions"}],"predecessor-version":[{"id":23190,"href":"https:\/\/chattahoochee.org\/es\/wp-json\/wp\/v2\/pages\/17338\/revisions\/23190"}],"up":[{"embeddable":true,"href":"https:\/\/chattahoochee.org\/es\/wp-json\/wp\/v2\/pages\/17023"}],"wp:featuredmedia":[{"embeddable":true,"href":"https:\/\/chattahoochee.org\/es\/wp-json\/wp\/v2\/media\/15481"}],"wp:attachment":[{"href":"https:\/\/chattahoochee.org\/es\/wp-json\/wp\/v2\/media?parent=17338"}],"curies":[{"name":"wp","href":"https:\/\/api.w.org\/{rel}","templated":true}]}}