{"id":17349,"date":"2018-07-23T00:50:36","date_gmt":"2018-07-23T04:50:36","guid":{"rendered":"https:\/\/chattahoochee.org\/corporate-partnerships\/"},"modified":"2026-01-29T16:24:12","modified_gmt":"2026-01-29T21:24:12","slug":"corporate-partnerships","status":"publish","type":"page","link":"https:\/\/chattahoochee.org\/es\/corporate-partnerships\/","title":{"rendered":"Asociaciones Corporativas"},"content":{"rendered":"<div id=\"crk_section_block_9b1fa73a9b732044f9dc00af5eb9d3d7\" class=\"crk-section color-cream-bg\">\r\n    <div class=\"crk-section-container pos-rel max-width\">\r\n        \n<h2 class=\"wp-block-heading has-text-align-center\">\u00a1Los socios corporativos son una parte integral de Chattahoochee Riverkeeper!<\/h2>\n\n<p class=\"has-text-align-center\">Su apoyo marca una gran diferencia en la vida de m\u00e1s de 5 millones de personas que dependen del r\u00edo Chattahoochee, sus lagos y afluentes, tanto para el agua potable como para sus necesidades diarias.<\/p>\n\n<p class=\"has-text-align-center\">Nuestras diversas oportunidades de asociaci\u00f3n pueden ayudarlo a generar lealtad a la marca, al mismo tiempo que cumple con su inversi\u00f3n en marketing de causas.<\/p>\n\r\n    <\/div>\r\n<\/div><div id=\"crk_section_block_17b3625ec186358afc1953da68592882\" class=\"crk-section color-white-bg\">\r\n    <div class=\"crk-section-container pos-rel max-width\">\r\n        \n<div class=\"wp-block-columns are-vertically-aligned-center is-layout-flex wp-container-core-columns-is-layout-9d6595d7 wp-block-columns-is-layout-flex\"><div class=\"wp-block-column is-vertically-aligned-center is-layout-flow wp-block-column-is-layout-flow\"><figure class=\"wp-block-image size-full is-style-image-mask\"><img loading=\"lazy\" decoding=\"async\" width=\"2560\" height=\"1920\" src=\"https:\/\/chattahoochee.org\/wp-content\/uploads\/2025\/01\/WPLFC-Long-Cane-Middle_09.11.2024-13-scaled.jpg\" alt=\"\" class=\"wp-image-24475\" srcset=\"https:\/\/chattahoochee.org\/wp-content\/uploads\/2025\/01\/WPLFC-Long-Cane-Middle_09.11.2024-13-scaled.jpg 2560w, https:\/\/chattahoochee.org\/wp-content\/uploads\/2025\/01\/WPLFC-Long-Cane-Middle_09.11.2024-13-300x225.jpg 300w, https:\/\/chattahoochee.org\/wp-content\/uploads\/2025\/01\/WPLFC-Long-Cane-Middle_09.11.2024-13-1024x768.jpg 1024w, https:\/\/chattahoochee.org\/wp-content\/uploads\/2025\/01\/WPLFC-Long-Cane-Middle_09.11.2024-13-768x576.jpg 768w, https:\/\/chattahoochee.org\/wp-content\/uploads\/2025\/01\/WPLFC-Long-Cane-Middle_09.11.2024-13-1536x1152.jpg 1536w, https:\/\/chattahoochee.org\/wp-content\/uploads\/2025\/01\/WPLFC-Long-Cane-Middle_09.11.2024-13-2048x1536.jpg 2048w, https:\/\/chattahoochee.org\/wp-content\/uploads\/2025\/01\/WPLFC-Long-Cane-Middle_09.11.2024-13-16x12.jpg 16w\" sizes=\"auto, (max-width: 2560px) 100vw, 2560px\" \/><\/figure><\/div>\n\n<div class=\"wp-block-column is-vertically-aligned-center is-layout-flow wp-block-column-is-layout-flow\"><h2 class=\"wp-block-heading\">Programa de apoyo<\/h2>\n\n<p>Los obsequios en efectivo o en especie respaldan nuestros muchos programas educativos, de defensa y de monitoreo, y nos ayudan a avanzar en nuestra misi\u00f3n. Puedes hacer una donaci\u00f3n en l\u00ednea&nbsp;<a href=\"https:\/\/chattahoochee.org\/es\/donate\/\">aqu\u00ed<\/a>, o poni\u00e9ndose en contacto&nbsp;<a href=\"mailto:kthiessen@chattahoochee.org\">Kyndall Thiessen<\/a>, nuestro director de desarrollo.<\/p>\n\n<div class=\"wp-block-buttons m-b-20 is-horizontal is-content-justification-left is-layout-flex wp-container-core-buttons-is-layout-c39e78a4 wp-block-buttons-is-layout-flex\"><div class=\"wp-block-button alignleft\"><a class=\"wp-block-button__link has-tan-color has-orange-background-color has-text-color has-background wp-element-button\" href=\"https:\/\/chattahoochee.org\/es\/donate\/\">Donar en l\u00ednea<\/a><\/div><\/div>\n\n<div class=\"wp-block-buttons is-horizontal is-content-justification-left is-layout-flex wp-container-core-buttons-is-layout-c39e78a4 wp-block-buttons-is-layout-flex\"><div class=\"wp-block-button\"><a class=\"wp-block-button__link has-cream-color has-green-background-color has-text-color has-background wp-element-button\" href=\"mailto:kthiessen@chattahoochee.org\">Cont\u00e1ctenos<\/a><\/div><\/div><\/div><\/div>\n\r\n    <\/div>\r\n<\/div><div id=\"crk_section_block_9b1fa73a9b732044f9dc00af5eb9d3d7\" class=\"crk-section color-cream-bg\">\r\n    <div class=\"crk-section-container pos-rel max-width\">\r\n        \n<div class=\"wp-block-columns are-vertically-aligned-center is-layout-flex wp-container-core-columns-is-layout-9d6595d7 wp-block-columns-is-layout-flex\"><div class=\"wp-block-column is-vertically-aligned-center is-layout-flow wp-block-column-is-layout-flow\"><h2 class=\"wp-block-heading\">Voluntario<\/h2>\n\n<p>\u00a1Una de las formas m\u00e1s populares de ser voluntario es durante una limpieza patrocinada por la empresa! Su personal pasar\u00e1 un d\u00eda al aire libre, participando en una limpieza en el r\u00edo o en la tierra. Para obtener m\u00e1s informaci\u00f3n sobre c\u00f3mo registrar su grupo, comun\u00edquese con <a href=\"mailto:tbates@chattahoochee.org\">Tammy Bates<\/a>, nuestro director de salidas.<\/p>\n\n<div class=\"wp-block-buttons is-horizontal is-content-justification-left is-layout-flex wp-container-core-buttons-is-layout-c39e78a4 wp-block-buttons-is-layout-flex\"><div class=\"wp-block-button\"><a class=\"wp-block-button__link has-cream-color has-green-background-color has-text-color has-background wp-element-button\" href=\"mailto:tbates@chattahoochee.org\">Cont\u00e1ctenos<\/a><\/div><\/div><\/div>\n\n<div class=\"wp-block-column is-vertically-aligned-center is-layout-flow wp-block-column-is-layout-flow\"><figure class=\"wp-block-image size-full is-style-image-mask\"><img loading=\"lazy\" decoding=\"async\" width=\"559\" height=\"372\" src=\"https:\/\/chattahoochee.org\/wp-content\/uploads\/2018\/07\/Cox-Conserves-Photo.jpg\" alt=\"\" class=\"wp-image-15569\" srcset=\"https:\/\/chattahoochee.org\/wp-content\/uploads\/2018\/07\/Cox-Conserves-Photo.jpg 559w, https:\/\/chattahoochee.org\/wp-content\/uploads\/2018\/07\/Cox-Conserves-Photo-300x200.jpg 300w, https:\/\/chattahoochee.org\/wp-content\/uploads\/2018\/07\/Cox-Conserves-Photo-18x12.jpg 18w\" sizes=\"auto, (max-width: 559px) 100vw, 559px\" \/><\/figure><\/div><\/div>\n\r\n    <\/div>\r\n<\/div><div id=\"crk_section_block_17b3625ec186358afc1953da68592882\" class=\"crk-section color-white-bg\">\r\n    <div class=\"crk-section-container pos-rel max-width\">\r\n        \n<div class=\"wp-block-columns are-vertically-aligned-center is-layout-flex wp-container-core-columns-is-layout-9d6595d7 wp-block-columns-is-layout-flex\"><div class=\"wp-block-column is-vertically-aligned-center is-layout-flow wp-block-column-is-layout-flow\"><figure class=\"wp-block-image size-large is-style-image-mask\"><img loading=\"lazy\" decoding=\"async\" width=\"1024\" height=\"683\" src=\"https:\/\/chattahoochee.org\/wp-content\/uploads\/2025\/01\/CRK-30th_Candids-1048-1024x683.jpg\" alt=\"\" class=\"wp-image-24454\" srcset=\"https:\/\/chattahoochee.org\/wp-content\/uploads\/2025\/01\/CRK-30th_Candids-1048-1024x683.jpg 1024w, https:\/\/chattahoochee.org\/wp-content\/uploads\/2025\/01\/CRK-30th_Candids-1048-300x200.jpg 300w, https:\/\/chattahoochee.org\/wp-content\/uploads\/2025\/01\/CRK-30th_Candids-1048-768x512.jpg 768w, https:\/\/chattahoochee.org\/wp-content\/uploads\/2025\/01\/CRK-30th_Candids-1048-1536x1024.jpg 1536w, https:\/\/chattahoochee.org\/wp-content\/uploads\/2025\/01\/CRK-30th_Candids-1048-2048x1365.jpg 2048w, https:\/\/chattahoochee.org\/wp-content\/uploads\/2025\/01\/CRK-30th_Candids-1048-18x12.jpg 18w\" sizes=\"auto, (max-width: 1024px) 100vw, 1024px\" \/><\/figure><\/div>\n\n<div class=\"wp-block-column is-vertically-aligned-center is-layout-flow wp-block-column-is-layout-flow\"><h2 class=\"wp-block-heading\">Patrocine un evento<\/h2>\n\n<p>Nuestros eventos educan y entretienen. Desde festivales de cine y c\u00f3cteles hasta carreras fluviales y festivales para toda la familia, hay un acontecimiento ideal para su empresa. Para obtener m\u00e1s informaci\u00f3n, p\u00f3ngase en contacto&nbsp;<a href=\"mailto:kthiessen@chattahoochee.org\">Kyndall Thiessen<\/a>, nuestro director de desarrollo.<\/p>\n\n<div class=\"wp-block-buttons m-b-20 is-horizontal is-layout-flex wp-block-buttons-is-layout-flex\"><div class=\"wp-block-button\"><a class=\"wp-block-button__link has-green-background-color has-background wp-element-button\" href=\"https:\/\/chattahoochee.org\/wp-content\/uploads\/2026\/01\/2026-CRK-Sponsor-Packet.pdf\">Beneficios del patrocinador<\/a><\/div><\/div>\n\n<div class=\"wp-block-buttons is-horizontal is-layout-flex wp-block-buttons-is-layout-flex\"><div class=\"wp-block-button alignleft\"><a class=\"wp-block-button__link has-tan-color has-orange-background-color has-text-color has-background wp-element-button\" href=\"http:\/\/igfn.us\/form\/l77U-Q\">Patrocinio de compra<\/a><\/div><\/div><\/div><\/div>\n\r\n    <\/div>\r\n<\/div>","protected":false},"excerpt":{"rendered":"<p>\u00a1Los socios corporativos son una parte integral de Chattahoochee Riverkeeper! Su apoyo marca una gran diferencia en la vida de m\u00e1s de 5 millones de personas que dependen del r\u00edo Chattahoochee, su...<\/p>","protected":false},"author":4,"featured_media":15488,"parent":0,"menu_order":0,"comment_status":"closed","ping_status":"open","template":"","meta":{"_acf_changed":false,"_EventAllDay":false,"_EventTimezone":"","_EventStartDate":"","_EventEndDate":"","_EventStartDateUTC":"","_EventEndDateUTC":"","_EventShowMap":false,"_EventShowMapLink":false,"_EventURL":"","_EventCost":"","_EventCostDescription":"","_EventCurrencySymbol":"","_EventCurrencyCode":"","_EventCurrencyPosition":"","_EventDateTimeSeparator":"","_EventTimeRangeSeparator":"","_EventOrganizerID":[],"_EventVenueID":[],"_OrganizerEmail":"","_OrganizerPhone":"","_OrganizerWebsite":"","_VenueAddress":"","_VenueCity":"","_VenueCountry":"","_VenueProvince":"","_VenueState":"","_VenueZip":"","_VenuePhone":"","_VenueURL":"","_VenueStateProvince":"","_VenueLat":"","_VenueLng":"","_VenueShowMap":false,"_VenueShowMapLink":false,"footnotes":""},"class_list":["post-17349","page","type-page","status-publish","has-post-thumbnail","hentry"],"acf":[],"yoast_head":"<!-- This site is optimized with the Yoast SEO plugin v25.1 - https:\/\/yoast.com\/wordpress\/plugins\/seo\/ -->\n<title>Corporate Partnerships - Chattahoochee Riverkeeper<\/title>\n<meta name=\"robots\" content=\"index, follow, max-snippet:-1, max-image-preview:large, max-video-preview:-1\" \/>\n<link rel=\"canonical\" href=\"https:\/\/chattahoochee.org\/es\/corporate-partnerships\/\" \/>\n<meta property=\"og:locale\" content=\"es_MX\" \/>\n<meta property=\"og:type\" content=\"article\" \/>\n<meta property=\"og:title\" content=\"Corporate Partnerships - Chattahoochee Riverkeeper\" \/>\n<meta property=\"og:description\" content=\"Corporate partners are an integral part of Chattahoochee Riverkeeper! Your support makes a big difference in the lives of over 5 million people who depend on the Chattahoochee River, its&hellip;\" \/>\n<meta property=\"og:url\" content=\"https:\/\/chattahoochee.org\/es\/corporate-partnerships\/\" \/>\n<meta property=\"og:site_name\" content=\"Chattahoochee Riverkeeper\" \/>\n<meta property=\"article:modified_time\" content=\"2026-01-29T21:24:12+00:00\" \/>\n<meta property=\"og:image\" content=\"https:\/\/chattahoochee.org\/wp-content\/uploads\/2018\/07\/AllCRKBanner_v4.jpg\" \/>\n\t<meta property=\"og:image:width\" content=\"1800\" \/>\n\t<meta property=\"og:image:height\" content=\"400\" \/>\n\t<meta property=\"og:image:type\" content=\"image\/jpeg\" \/>\n<meta name=\"twitter:card\" content=\"summary_large_image\" \/>\n<meta name=\"twitter:label1\" content=\"Tiempo de lectura\" \/>\n\t<meta name=\"twitter:data1\" content=\"2 minutos\" \/>\n<script type=\"application\/ld+json\" class=\"yoast-schema-graph\">{\"@context\":\"https:\/\/schema.org\",\"@graph\":[{\"@type\":\"WebPage\",\"@id\":\"https:\/\/chattahoochee.org\/corporate-partnerships\/\",\"url\":\"https:\/\/chattahoochee.org\/corporate-partnerships\/\",\"name\":\"Corporate Partnerships - Chattahoochee Riverkeeper\",\"isPartOf\":{\"@id\":\"https:\/\/chattahoochee.org\/#website\"},\"primaryImageOfPage\":{\"@id\":\"https:\/\/chattahoochee.org\/corporate-partnerships\/#primaryimage\"},\"image\":{\"@id\":\"https:\/\/chattahoochee.org\/corporate-partnerships\/#primaryimage\"},\"thumbnailUrl\":\"https:\/\/chattahoochee.org\/wp-content\/uploads\/2018\/07\/AllCRKBanner_v4.jpg\",\"datePublished\":\"2018-07-23T04:50:36+00:00\",\"dateModified\":\"2026-01-29T21:24:12+00:00\",\"breadcrumb\":{\"@id\":\"https:\/\/chattahoochee.org\/corporate-partnerships\/#breadcrumb\"},\"inLanguage\":\"es\",\"potentialAction\":[{\"@type\":\"ReadAction\",\"target\":[\"https:\/\/chattahoochee.org\/corporate-partnerships\/\"]}]},{\"@type\":\"ImageObject\",\"inLanguage\":\"es\",\"@id\":\"https:\/\/chattahoochee.org\/corporate-partnerships\/#primaryimage\",\"url\":\"https:\/\/chattahoochee.org\/wp-content\/uploads\/2018\/07\/AllCRKBanner_v4.jpg\",\"contentUrl\":\"https:\/\/chattahoochee.org\/wp-content\/uploads\/2018\/07\/AllCRKBanner_v4.jpg\",\"width\":1800,\"height\":400},{\"@type\":\"BreadcrumbList\",\"@id\":\"https:\/\/chattahoochee.org\/corporate-partnerships\/#breadcrumb\",\"itemListElement\":[{\"@type\":\"ListItem\",\"position\":1,\"name\":\"Home\",\"item\":\"https:\/\/chattahoochee.org\/\"},{\"@type\":\"ListItem\",\"position\":2,\"name\":\"Corporate Partnerships\"}]},{\"@type\":\"WebSite\",\"@id\":\"https:\/\/chattahoochee.org\/#website\",\"url\":\"https:\/\/chattahoochee.org\/\",\"name\":\"Chattahoochee Riverkeeper\",\"description\":\"Since 1994\",\"publisher\":{\"@id\":\"https:\/\/chattahoochee.org\/#organization\"},\"potentialAction\":[{\"@type\":\"SearchAction\",\"target\":{\"@type\":\"EntryPoint\",\"urlTemplate\":\"https:\/\/chattahoochee.org\/?s={search_term_string}\"},\"query-input\":{\"@type\":\"PropertyValueSpecification\",\"valueRequired\":true,\"valueName\":\"search_term_string\"}}],\"inLanguage\":\"es\"},{\"@type\":\"Organization\",\"@id\":\"https:\/\/chattahoochee.org\/#organization\",\"name\":\"Chattahoochee Riverkeeper\",\"url\":\"https:\/\/chattahoochee.org\/\",\"logo\":{\"@type\":\"ImageObject\",\"inLanguage\":\"es\",\"@id\":\"https:\/\/chattahoochee.org\/#\/schema\/logo\/image\/\",\"url\":\"https:\/\/chattahoochee.org\/wp-content\/uploads\/2021\/11\/CRK-Logo-White-NEW-2025.png\",\"contentUrl\":\"https:\/\/chattahoochee.org\/wp-content\/uploads\/2021\/11\/CRK-Logo-White-NEW-2025.png\",\"width\":2458,\"height\":501,\"caption\":\"Chattahoochee Riverkeeper\"},\"image\":{\"@id\":\"https:\/\/chattahoochee.org\/#\/schema\/logo\/image\/\"}}]}<\/script>\n<!-- \/ Yoast SEO plugin. -->","yoast_head_json":{"title":"Corporate Partnerships - Chattahoochee Riverkeeper","robots":{"index":"index","follow":"follow","max-snippet":"max-snippet:-1","max-image-preview":"max-image-preview:large","max-video-preview":"max-video-preview:-1"},"canonical":"https:\/\/chattahoochee.org\/es\/corporate-partnerships\/","og_locale":"es_MX","og_type":"article","og_title":"Corporate Partnerships - Chattahoochee Riverkeeper","og_description":"Corporate partners are an integral part of Chattahoochee Riverkeeper! Your support makes a big difference in the lives of over 5 million people who depend on the Chattahoochee River, its&hellip;","og_url":"https:\/\/chattahoochee.org\/es\/corporate-partnerships\/","og_site_name":"Chattahoochee Riverkeeper","article_modified_time":"2026-01-29T21:24:12+00:00","og_image":[{"width":1800,"height":400,"url":"https:\/\/chattahoochee.org\/wp-content\/uploads\/2018\/07\/AllCRKBanner_v4.jpg","type":"image\/jpeg"}],"twitter_card":"summary_large_image","twitter_misc":{"Tiempo de lectura":"2 minutos"},"schema":{"@context":"https:\/\/schema.org","@graph":[{"@type":"WebPage","@id":"https:\/\/chattahoochee.org\/corporate-partnerships\/","url":"https:\/\/chattahoochee.org\/corporate-partnerships\/","name":"Corporate Partnerships - Chattahoochee Riverkeeper","isPartOf":{"@id":"https:\/\/chattahoochee.org\/#website"},"primaryImageOfPage":{"@id":"https:\/\/chattahoochee.org\/corporate-partnerships\/#primaryimage"},"image":{"@id":"https:\/\/chattahoochee.org\/corporate-partnerships\/#primaryimage"},"thumbnailUrl":"https:\/\/chattahoochee.org\/wp-content\/uploads\/2018\/07\/AllCRKBanner_v4.jpg","datePublished":"2018-07-23T04:50:36+00:00","dateModified":"2026-01-29T21:24:12+00:00","breadcrumb":{"@id":"https:\/\/chattahoochee.org\/corporate-partnerships\/#breadcrumb"},"inLanguage":"es","potentialAction":[{"@type":"ReadAction","target":["https:\/\/chattahoochee.org\/corporate-partnerships\/"]}]},{"@type":"ImageObject","inLanguage":"es","@id":"https:\/\/chattahoochee.org\/corporate-partnerships\/#primaryimage","url":"https:\/\/chattahoochee.org\/wp-content\/uploads\/2018\/07\/AllCRKBanner_v4.jpg","contentUrl":"https:\/\/chattahoochee.org\/wp-content\/uploads\/2018\/07\/AllCRKBanner_v4.jpg","width":1800,"height":400},{"@type":"BreadcrumbList","@id":"https:\/\/chattahoochee.org\/corporate-partnerships\/#breadcrumb","itemListElement":[{"@type":"ListItem","position":1,"name":"Home","item":"https:\/\/chattahoochee.org\/"},{"@type":"ListItem","position":2,"name":"Corporate Partnerships"}]},{"@type":"WebSite","@id":"https:\/\/chattahoochee.org\/#website","url":"https:\/\/chattahoochee.org\/","name":"Chattahoochee Riverkeeper","description":"Since 1994","publisher":{"@id":"https:\/\/chattahoochee.org\/#organization"},"potentialAction":[{"@type":"SearchAction","target":{"@type":"EntryPoint","urlTemplate":"https:\/\/chattahoochee.org\/?s={search_term_string}"},"query-input":{"@type":"PropertyValueSpecification","valueRequired":true,"valueName":"search_term_string"}}],"inLanguage":"es"},{"@type":"Organization","@id":"https:\/\/chattahoochee.org\/#organization","name":"Chattahoochee Riverkeeper","url":"https:\/\/chattahoochee.org\/","logo":{"@type":"ImageObject","inLanguage":"es","@id":"https:\/\/chattahoochee.org\/#\/schema\/logo\/image\/","url":"https:\/\/chattahoochee.org\/wp-content\/uploads\/2021\/11\/CRK-Logo-White-NEW-2025.png","contentUrl":"https:\/\/chattahoochee.org\/wp-content\/uploads\/2021\/11\/CRK-Logo-White-NEW-2025.png","width":2458,"height":501,"caption":"Chattahoochee Riverkeeper"},"image":{"@id":"https:\/\/chattahoochee.org\/#\/schema\/logo\/image\/"}}]}},"_links":{"self":[{"href":"https:\/\/chattahoochee.org\/es\/wp-json\/wp\/v2\/pages\/17349","targetHints":{"allow":["GET"]}}],"collection":[{"href":"https:\/\/chattahoochee.org\/es\/wp-json\/wp\/v2\/pages"}],"about":[{"href":"https:\/\/chattahoochee.org\/es\/wp-json\/wp\/v2\/types\/page"}],"author":[{"embeddable":true,"href":"https:\/\/chattahoochee.org\/es\/wp-json\/wp\/v2\/users\/4"}],"replies":[{"embeddable":true,"href":"https:\/\/chattahoochee.org\/es\/wp-json\/wp\/v2\/comments?post=17349"}],"version-history":[{"count":29,"href":"https:\/\/chattahoochee.org\/es\/wp-json\/wp\/v2\/pages\/17349\/revisions"}],"predecessor-version":[{"id":25844,"href":"https:\/\/chattahoochee.org\/es\/wp-json\/wp\/v2\/pages\/17349\/revisions\/25844"}],"wp:featuredmedia":[{"embeddable":true,"href":"https:\/\/chattahoochee.org\/es\/wp-json\/wp\/v2\/media\/15488"}],"wp:attachment":[{"href":"https:\/\/chattahoochee.org\/es\/wp-json\/wp\/v2\/media?parent=17349"}],"curies":[{"name":"wp","href":"https:\/\/api.w.org\/{rel}","templated":true}]}}