{"id":17350,"date":"2018-07-23T17:15:47","date_gmt":"2018-07-23T21:15:47","guid":{"rendered":"https:\/\/chattahoochee.org\/aveda-earth-month\/"},"modified":"2022-06-10T15:18:52","modified_gmt":"2022-06-10T19:18:52","slug":"aveda-earth-month","status":"publish","type":"page","link":"https:\/\/chattahoochee.org\/es\/aveda-earth-month\/","title":{"rendered":"Mes de la Tierra de Aveda"},"content":{"rendered":"<div class=\"wp-block-cover is-light\"><span aria-hidden=\"true\" class=\"has-light-blue-background-color wp-block-cover__gradient-background has-background-dim\"><\/span><video class=\"wp-block-cover__video-background intrinsic-ignore\" autoplay muted loop playsinline src=\"https:\/\/chattahoochee.org\/wp-content\/uploads\/2022\/03\/Creek-334.mp4\" data-object-fit=\"cover\"><\/video><div class=\"wp-block-cover__inner-container is-layout-flow wp-block-cover-is-layout-flow\"><div class=\"wp-block-image is-style-default\"><figure class=\"aligncenter size-large is-resized\"><img loading=\"lazy\" decoding=\"async\" src=\"https:\/\/chattahoochee.org\/wp-content\/uploads\/2021\/03\/Aveda-March-2021-1024x397.png\" alt=\"\" class=\"wp-image-13642\" width=\"768\" height=\"298\" srcset=\"https:\/\/chattahoochee.org\/wp-content\/uploads\/2021\/03\/Aveda-March-2021-1024x397.png 1024w, https:\/\/chattahoochee.org\/wp-content\/uploads\/2021\/03\/Aveda-March-2021-300x116.png 300w, https:\/\/chattahoochee.org\/wp-content\/uploads\/2021\/03\/Aveda-March-2021-768x298.png 768w, https:\/\/chattahoochee.org\/wp-content\/uploads\/2021\/03\/Aveda-March-2021-1536x595.png 1536w, https:\/\/chattahoochee.org\/wp-content\/uploads\/2021\/03\/Aveda-March-2021-18x7.png 18w, https:\/\/chattahoochee.org\/wp-content\/uploads\/2021\/03\/Aveda-March-2021.png 2044w\" sizes=\"auto, (max-width: 768px) 100vw, 768px\" \/><\/figure><\/div><\/div><\/div><div id=\"crk_section_block_623644ea50f7f\" class=\"crk-section color-cream-bg\">\r\n    <div class=\"crk-section-container pos-rel max-width\">\r\n        \n<h2 class=\"has-text-align-center wp-block-heading\">Acerca del Mes de la Tierra de Aveda<\/h2>\n\n<p>En honor al D\u00eda de la Tierra, Aveda reserva todo el mes de abril para amar, celebrar y apoyar la protecci\u00f3n de los recursos de la tierra. Durante la \u00faltima d\u00e9cada, Aveda ha recaudado casi $500,000 para los programas de defensa y protecci\u00f3n de Chattahoochee Riverkeeper en los salones locales, donde los miembros del equipo compartieron la misi\u00f3n de Chattahoochee Riverkeeper con sus clientes. M\u00e1s informaci\u00f3n sobre los esfuerzos del Mes de la Tierra de Aveda&nbsp;<a href=\"https:\/\/www.aveda.com\/earthmonth\/index.tmpl\">aqu\u00ed<\/a>.<\/p>\n\n<p>Sabemos que nuestra misi\u00f3n es una con la que Aveda se conecta profundamente, ya que el agua corre por sus salones y tiendas todos los d\u00edas. Desde rifas hasta maratones y m\u00e1s, los esfuerzos de los salones locales han ayudado a recaudar miles de d\u00f3lares para apoyar los numerosos programas de CRK que protegen y restauran el r\u00edo Chattahoochee para los millones de personas que dependen de \u00e9l.<\/p>\n\n<p>Este Mes de la Tierra, \u00fanase a CRK y Aveda mientras trabajamos para lograr un r\u00edo Chattahoochee limpio y sostenible. Todos los fondos recaudados apoyar\u00e1n nuestros esfuerzos de limpieza durante todo el a\u00f1o y las trampas de basura en la corriente. Done a continuaci\u00f3n o participe m\u00e1s comprando una bolsa de mano o asistiendo a un evento.<\/p>\n\r\n    <\/div>\r\n<\/div><div id=\"crk_section_block_623646e850f80\" class=\"crk-section color-cream-shade-bg\">\r\n    <div class=\"crk-section-container pos-rel max-width\">\r\n        \n<iframe loading=\"lazy\" id=\"mc-donation\" src=\"https:\/\/app.mobilecause.com\/form\/CAphig?utm_source=embed&amp;utm_medium=page&amp;utm_campaign=donation\" width=\"100%\" height=\"1989\"><\/iframe>\n\r\n    <\/div>\r\n<\/div>","protected":false},"excerpt":{"rendered":"<p>Acerca del Mes de la Tierra de Aveda En honor al D\u00eda de la Tierra, Aveda reserva todo el mes de abril para amar, celebrar y apoyar la protecci\u00f3n de los recursos de la tierra. Sobre el\u2026<\/p>","protected":false},"author":4,"featured_media":0,"parent":0,"menu_order":0,"comment_status":"closed","ping_status":"open","template":"","meta":{"_acf_changed":false,"_EventAllDay":false,"_EventTimezone":"","_EventStartDate":"","_EventEndDate":"","_EventStartDateUTC":"","_EventEndDateUTC":"","_EventShowMap":false,"_EventShowMapLink":false,"_EventURL":"","_EventCost":"","_EventCostDescription":"","_EventCurrencySymbol":"","_EventCurrencyCode":"","_EventCurrencyPosition":"","_EventDateTimeSeparator":"","_EventTimeRangeSeparator":"","_EventOrganizerID":[],"_EventVenueID":[],"_OrganizerEmail":"","_OrganizerPhone":"","_OrganizerWebsite":"","_VenueAddress":"","_VenueCity":"","_VenueCountry":"","_VenueProvince":"","_VenueState":"","_VenueZip":"","_VenuePhone":"","_VenueURL":"","_VenueStateProvince":"","_VenueLat":"","_VenueLng":"","_VenueShowMap":false,"_VenueShowMapLink":false,"footnotes":""},"class_list":["post-17350","page","type-page","status-publish","hentry"],"acf":[],"yoast_head":"<!-- This site is optimized with the Yoast SEO plugin v25.1 - https:\/\/yoast.com\/wordpress\/plugins\/seo\/ -->\n<title>Aveda Earth Month - Chattahoochee Riverkeeper<\/title>\n<meta name=\"robots\" content=\"index, follow, max-snippet:-1, max-image-preview:large, max-video-preview:-1\" \/>\n<link rel=\"canonical\" href=\"https:\/\/chattahoochee.org\/es\/aveda-earth-month\/\" \/>\n<meta property=\"og:locale\" content=\"es_MX\" \/>\n<meta property=\"og:type\" content=\"article\" \/>\n<meta property=\"og:title\" content=\"Aveda Earth Month - Chattahoochee Riverkeeper\" \/>\n<meta property=\"og:description\" content=\"About Aveda Earth Month In honor of Earth Day, Aveda sets aside the entire month of April to love, celebrate and support to protection of the earth\u2019s resources. Over the&hellip;\" \/>\n<meta property=\"og:url\" content=\"https:\/\/chattahoochee.org\/es\/aveda-earth-month\/\" \/>\n<meta property=\"og:site_name\" content=\"Chattahoochee Riverkeeper\" \/>\n<meta property=\"article:modified_time\" content=\"2022-06-10T19:18:52+00:00\" \/>\n<meta property=\"og:image\" content=\"https:\/\/chattahoochee.org\/wp-content\/uploads\/2021\/03\/Aveda-March-2021-1024x397.png\" \/>\n<meta name=\"twitter:card\" content=\"summary_large_image\" \/>\n<meta name=\"twitter:label1\" content=\"Tiempo de lectura\" \/>\n\t<meta name=\"twitter:data1\" content=\"1 minuto\" \/>\n<script type=\"application\/ld+json\" class=\"yoast-schema-graph\">{\"@context\":\"https:\/\/schema.org\",\"@graph\":[{\"@type\":\"WebPage\",\"@id\":\"https:\/\/chattahoochee.org\/aveda-earth-month\/\",\"url\":\"https:\/\/chattahoochee.org\/aveda-earth-month\/\",\"name\":\"Aveda Earth Month - Chattahoochee Riverkeeper\",\"isPartOf\":{\"@id\":\"https:\/\/chattahoochee.org\/#website\"},\"primaryImageOfPage\":{\"@id\":\"https:\/\/chattahoochee.org\/aveda-earth-month\/#primaryimage\"},\"image\":{\"@id\":\"https:\/\/chattahoochee.org\/aveda-earth-month\/#primaryimage\"},\"thumbnailUrl\":\"https:\/\/chattahoochee.org\/wp-content\/uploads\/2021\/03\/Aveda-March-2021-1024x397.png\",\"datePublished\":\"2018-07-23T21:15:47+00:00\",\"dateModified\":\"2022-06-10T19:18:52+00:00\",\"breadcrumb\":{\"@id\":\"https:\/\/chattahoochee.org\/aveda-earth-month\/#breadcrumb\"},\"inLanguage\":\"es\",\"potentialAction\":[{\"@type\":\"ReadAction\",\"target\":[\"https:\/\/chattahoochee.org\/aveda-earth-month\/\"]}]},{\"@type\":\"ImageObject\",\"inLanguage\":\"es\",\"@id\":\"https:\/\/chattahoochee.org\/aveda-earth-month\/#primaryimage\",\"url\":\"https:\/\/chattahoochee.org\/wp-content\/uploads\/2021\/03\/Aveda-March-2021-1024x397.png\",\"contentUrl\":\"https:\/\/chattahoochee.org\/wp-content\/uploads\/2021\/03\/Aveda-March-2021-1024x397.png\"},{\"@type\":\"BreadcrumbList\",\"@id\":\"https:\/\/chattahoochee.org\/aveda-earth-month\/#breadcrumb\",\"itemListElement\":[{\"@type\":\"ListItem\",\"position\":1,\"name\":\"Home\",\"item\":\"https:\/\/chattahoochee.org\/\"},{\"@type\":\"ListItem\",\"position\":2,\"name\":\"Aveda Earth Month\"}]},{\"@type\":\"WebSite\",\"@id\":\"https:\/\/chattahoochee.org\/#website\",\"url\":\"https:\/\/chattahoochee.org\/\",\"name\":\"Chattahoochee Riverkeeper\",\"description\":\"Since 1994\",\"publisher\":{\"@id\":\"https:\/\/chattahoochee.org\/#organization\"},\"potentialAction\":[{\"@type\":\"SearchAction\",\"target\":{\"@type\":\"EntryPoint\",\"urlTemplate\":\"https:\/\/chattahoochee.org\/?s={search_term_string}\"},\"query-input\":{\"@type\":\"PropertyValueSpecification\",\"valueRequired\":true,\"valueName\":\"search_term_string\"}}],\"inLanguage\":\"es\"},{\"@type\":\"Organization\",\"@id\":\"https:\/\/chattahoochee.org\/#organization\",\"name\":\"Chattahoochee Riverkeeper\",\"url\":\"https:\/\/chattahoochee.org\/\",\"logo\":{\"@type\":\"ImageObject\",\"inLanguage\":\"es\",\"@id\":\"https:\/\/chattahoochee.org\/#\/schema\/logo\/image\/\",\"url\":\"https:\/\/chattahoochee.org\/wp-content\/uploads\/2021\/11\/CRK-Logo-White-NEW-2025.png\",\"contentUrl\":\"https:\/\/chattahoochee.org\/wp-content\/uploads\/2021\/11\/CRK-Logo-White-NEW-2025.png\",\"width\":2458,\"height\":501,\"caption\":\"Chattahoochee Riverkeeper\"},\"image\":{\"@id\":\"https:\/\/chattahoochee.org\/#\/schema\/logo\/image\/\"}}]}<\/script>\n<!-- \/ Yoast SEO plugin. -->","yoast_head_json":{"title":"Aveda Earth Month - Chattahoochee Riverkeeper","robots":{"index":"index","follow":"follow","max-snippet":"max-snippet:-1","max-image-preview":"max-image-preview:large","max-video-preview":"max-video-preview:-1"},"canonical":"https:\/\/chattahoochee.org\/es\/aveda-earth-month\/","og_locale":"es_MX","og_type":"article","og_title":"Aveda Earth Month - Chattahoochee Riverkeeper","og_description":"About Aveda Earth Month In honor of Earth Day, Aveda sets aside the entire month of April to love, celebrate and support to protection of the earth\u2019s resources. Over the&hellip;","og_url":"https:\/\/chattahoochee.org\/es\/aveda-earth-month\/","og_site_name":"Chattahoochee Riverkeeper","article_modified_time":"2022-06-10T19:18:52+00:00","og_image":[{"url":"https:\/\/chattahoochee.org\/wp-content\/uploads\/2021\/03\/Aveda-March-2021-1024x397.png","type":"","width":"","height":""}],"twitter_card":"summary_large_image","twitter_misc":{"Tiempo de lectura":"1 minuto"},"schema":{"@context":"https:\/\/schema.org","@graph":[{"@type":"WebPage","@id":"https:\/\/chattahoochee.org\/aveda-earth-month\/","url":"https:\/\/chattahoochee.org\/aveda-earth-month\/","name":"Aveda Earth Month - Chattahoochee Riverkeeper","isPartOf":{"@id":"https:\/\/chattahoochee.org\/#website"},"primaryImageOfPage":{"@id":"https:\/\/chattahoochee.org\/aveda-earth-month\/#primaryimage"},"image":{"@id":"https:\/\/chattahoochee.org\/aveda-earth-month\/#primaryimage"},"thumbnailUrl":"https:\/\/chattahoochee.org\/wp-content\/uploads\/2021\/03\/Aveda-March-2021-1024x397.png","datePublished":"2018-07-23T21:15:47+00:00","dateModified":"2022-06-10T19:18:52+00:00","breadcrumb":{"@id":"https:\/\/chattahoochee.org\/aveda-earth-month\/#breadcrumb"},"inLanguage":"es","potentialAction":[{"@type":"ReadAction","target":["https:\/\/chattahoochee.org\/aveda-earth-month\/"]}]},{"@type":"ImageObject","inLanguage":"es","@id":"https:\/\/chattahoochee.org\/aveda-earth-month\/#primaryimage","url":"https:\/\/chattahoochee.org\/wp-content\/uploads\/2021\/03\/Aveda-March-2021-1024x397.png","contentUrl":"https:\/\/chattahoochee.org\/wp-content\/uploads\/2021\/03\/Aveda-March-2021-1024x397.png"},{"@type":"BreadcrumbList","@id":"https:\/\/chattahoochee.org\/aveda-earth-month\/#breadcrumb","itemListElement":[{"@type":"ListItem","position":1,"name":"Home","item":"https:\/\/chattahoochee.org\/"},{"@type":"ListItem","position":2,"name":"Aveda Earth Month"}]},{"@type":"WebSite","@id":"https:\/\/chattahoochee.org\/#website","url":"https:\/\/chattahoochee.org\/","name":"Chattahoochee Riverkeeper","description":"Since 1994","publisher":{"@id":"https:\/\/chattahoochee.org\/#organization"},"potentialAction":[{"@type":"SearchAction","target":{"@type":"EntryPoint","urlTemplate":"https:\/\/chattahoochee.org\/?s={search_term_string}"},"query-input":{"@type":"PropertyValueSpecification","valueRequired":true,"valueName":"search_term_string"}}],"inLanguage":"es"},{"@type":"Organization","@id":"https:\/\/chattahoochee.org\/#organization","name":"Chattahoochee Riverkeeper","url":"https:\/\/chattahoochee.org\/","logo":{"@type":"ImageObject","inLanguage":"es","@id":"https:\/\/chattahoochee.org\/#\/schema\/logo\/image\/","url":"https:\/\/chattahoochee.org\/wp-content\/uploads\/2021\/11\/CRK-Logo-White-NEW-2025.png","contentUrl":"https:\/\/chattahoochee.org\/wp-content\/uploads\/2021\/11\/CRK-Logo-White-NEW-2025.png","width":2458,"height":501,"caption":"Chattahoochee Riverkeeper"},"image":{"@id":"https:\/\/chattahoochee.org\/#\/schema\/logo\/image\/"}}]}},"_links":{"self":[{"href":"https:\/\/chattahoochee.org\/es\/wp-json\/wp\/v2\/pages\/17350","targetHints":{"allow":["GET"]}}],"collection":[{"href":"https:\/\/chattahoochee.org\/es\/wp-json\/wp\/v2\/pages"}],"about":[{"href":"https:\/\/chattahoochee.org\/es\/wp-json\/wp\/v2\/types\/page"}],"author":[{"embeddable":true,"href":"https:\/\/chattahoochee.org\/es\/wp-json\/wp\/v2\/users\/4"}],"replies":[{"embeddable":true,"href":"https:\/\/chattahoochee.org\/es\/wp-json\/wp\/v2\/comments?post=17350"}],"version-history":[{"count":10,"href":"https:\/\/chattahoochee.org\/es\/wp-json\/wp\/v2\/pages\/17350\/revisions"}],"predecessor-version":[{"id":20872,"href":"https:\/\/chattahoochee.org\/es\/wp-json\/wp\/v2\/pages\/17350\/revisions\/20872"}],"wp:attachment":[{"href":"https:\/\/chattahoochee.org\/es\/wp-json\/wp\/v2\/media?parent=17350"}],"curies":[{"name":"wp","href":"https:\/\/api.w.org\/{rel}","templated":true}]}}