{"id":17356,"date":"2018-07-24T14:26:47","date_gmt":"2018-07-24T18:26:47","guid":{"rendered":"https:\/\/chattahoochee.org\/stay-informed\/"},"modified":"2025-10-15T13:15:35","modified_gmt":"2025-10-15T17:15:35","slug":"stay-informed","status":"publish","type":"page","link":"https:\/\/chattahoochee.org\/es\/stay-informed\/","title":{"rendered":"Mantente informado"},"content":{"rendered":"<div id=\"crk_section_block_2fc71b055b3f0965592e6ab6aee7ce2d\" class=\"crk-section color-cream-bg\">\r\n    <div class=\"crk-section-container pos-rel max-width\">\r\n        \n<div class=\"wp-block-columns are-vertically-aligned-center is-layout-flex wp-container-core-columns-is-layout-9d6595d7 wp-block-columns-is-layout-flex\"><div class=\"wp-block-column is-vertically-aligned-center is-layout-flow wp-block-column-is-layout-flow\"><div class=\"wp-block-image is-resized is-style-default\"><figure class=\"aligncenter size-full\"><img loading=\"lazy\" decoding=\"async\" width=\"425\" height=\"643\" src=\"https:\/\/chattahoochee.org\/wp-content\/uploads\/2025\/10\/Screenshot-2025-10-15-131514.png\" alt=\"\" class=\"wp-image-25542\" srcset=\"https:\/\/chattahoochee.org\/wp-content\/uploads\/2025\/10\/Screenshot-2025-10-15-131514.png 425w, https:\/\/chattahoochee.org\/wp-content\/uploads\/2025\/10\/Screenshot-2025-10-15-131514-198x300.png 198w, https:\/\/chattahoochee.org\/wp-content\/uploads\/2025\/10\/Screenshot-2025-10-15-131514-8x12.png 8w, https:\/\/chattahoochee.org\/wp-content\/uploads\/2025\/10\/Screenshot-2025-10-15-131514-300x454.png 300w\" sizes=\"auto, (max-width: 425px) 100vw, 425px\" \/><\/figure><\/div><\/div>\n\n<div class=\"wp-block-column is-vertically-aligned-center is-layout-flow wp-block-column-is-layout-flow\"><h2 class=\"wp-block-heading\">RiverCHAT<\/h2>\n\n<p>Lea el \u00faltimo n\u00famero de&nbsp;<em>r\u00edoCHAT,<\/em> un bolet\u00edn que se env\u00eda por correo a nuestros miembros dos veces al a\u00f1o.<\/p>\n\n<div class=\"wp-block-buttons is-horizontal is-nowrap is-layout-flex wp-container-core-buttons-is-layout-67f0b8e2 wp-block-buttons-is-layout-flex\"><div class=\"wp-block-button alignleft\"><a class=\"wp-block-button__link has-cream-color has-green-background-color has-text-color has-background wp-element-button\" href=\"https:\/\/chattahoochee.org\/es\/publications\/riverchat\/\">Ver el \u00faltimo n\u00famero<\/a><\/div><\/div>\n\n<div style=\"height:50px\" aria-hidden=\"true\" class=\"wp-block-spacer\"><\/div>\n\n<div class=\"wp-block-pb-accordion-item c-accordion__item js-accordion-item no-js\" data-initially-open=\"false\" data-click-to-close=\"true\" data-auto-close=\"true\" data-scroll=\"false\" data-scroll-offset=\"0\"><h2 id=\"at-194931\" class=\"c-accordion__title js-accordion-controller\" role=\"button\">Ver ediciones anteriores<\/h2><div id=\"ac-194931\" class=\"c-accordion__content\"><p><strong>2026<\/strong><\/p>\n\n<p><a href=\"https:\/\/chattahoochee.org\/wp-content\/uploads\/2026\/04\/CRK_Newsletter_RIVERCHAT_WinterSpring_2026-final.pdf\">Invierno<\/a><\/p>\n\n<p><strong>2025<\/strong><\/p>\n\n<p><a href=\"https:\/\/chattahoochee.org\/wp-content\/uploads\/2025\/05\/CRK_Newsletter_RIVERCHAT_Spring_Summer_2025-3.pdf\">Invierno<\/a> | <a href=\"https:\/\/chattahoochee.org\/wp-content\/uploads\/2025\/10\/CRK_Newsletter_RIVERCHAT_Summer_Fall_2025-3.pdf\">El verano<\/a><\/p>\n\n<p><strong>2024<\/strong><\/p>\n\n<p><a href=\"https:\/\/chattahoochee.org\/wp-content\/uploads\/2024\/04\/CRK_Newsletter_RIVERCHAT_Spring_2024.pdf\">Invierno<\/a> | <a href=\"https:\/\/chattahoochee.org\/wp-content\/uploads\/2024\/11\/CRK_Newsletter_RIVERCHAT_Summer_Fall_2024_NEW_UPDATED.pdf\">El verano<\/a><\/p>\n\n<p><strong>2023<\/strong><\/p>\n\n<p><a href=\"https:\/\/chattahoochee.org\/wp-content\/uploads\/2023\/03\/CRK-RIVERCHAT-Spring-2023.pdf\">Invierno<\/a> | <a href=\"https:\/\/chattahoochee.org\/wp-content\/uploads\/2023\/03\/CRK_Newsletter_RIVERCHAT_Summer_Fall_2023-2.pdf\">El verano<\/a><\/p>\n\n<p><strong>2022<\/strong><\/p>\n\n<p><a href=\"https:\/\/chattahoochee.org\/wp-content\/uploads\/2022\/06\/CRK-Newsletter-Winter-Spring-2022-DIGITAL-3.18.2022.pdf\">Invierno<\/a> | <a href=\"https:\/\/chattahoochee.org\/wp-content\/uploads\/2022\/04\/CRK-RiverChat-Newsletter-Summer-Fall-2022.pdf\">El verano<\/a><\/p>\n\n<p><strong>2021<\/strong><\/p>\n\n<p><a href=\"https:\/\/chattahoochee.org\/wp-content\/uploads\/2022\/06\/CRK_Newsletter_RIVERCHAT_Winter2021.pdf\" target=\"_blank\" rel=\"noreferrer noopener\">Invierno<\/a>&nbsp;|&nbsp;<a href=\"https:\/\/chattahoochee.org\/wp-content\/uploads\/2022\/06\/CRK-RiverCHAT-Digital-8.27.2021.pdf\" target=\"_blank\" rel=\"noreferrer noopener\">El verano<\/a><\/p>\n\n<p><strong>2020<\/strong><\/p>\n\n<p><a href=\"https:\/\/chattahoochee.org\/wp-content\/uploads\/2022\/06\/Chattahoochee-Riverkeeper-RiverCHAT-Winter-2020.pdf\" target=\"_blank\" rel=\"noreferrer noopener\">Invierno<\/a>&nbsp;|&nbsp;<a href=\"https:\/\/chattahoochee.org\/wp-content\/uploads\/2022\/06\/CRK-RiverCHAT-Summer-2020-9.10.2020.pdf\" target=\"_blank\" rel=\"noreferrer noopener\">El verano<\/a><\/p>\n\n<p><strong>2019<br><\/strong><a href=\"https:\/\/chattahoochee.org\/wp-content\/uploads\/2020\/02\/Winter-2019-Newsletter-2.26.19.pdf\" target=\"_blank\" rel=\"noreferrer noopener\">Invierno<\/a>&nbsp;|&nbsp;<a href=\"https:\/\/chattahoochee.org\/wp-content\/uploads\/2019\/08\/CRK_Summer_2019_NEWSLETTER_WEB_READY.pdf\" target=\"_blank\" rel=\"noreferrer noopener\">El verano<\/a><\/p>\n\n<p><strong>2018<br><\/strong><a rel=\"noreferrer noopener\" href=\"https:\/\/chattahoochee.org\/wp-content\/uploads\/2018\/07\/RiverCHAT_Winter2017-18.pdf\" target=\"_blank\">Invierno<\/a>&nbsp;|&nbsp;<a href=\"https:\/\/chattahoochee.org\/wp-content\/uploads\/2018\/08\/CRK_SUMMER_NEWSLETTER_2018_WEB_READY.pdf\" target=\"_blank\" rel=\"noreferrer noopener\">El verano<\/a><\/p>\n\n<p><strong>2017<\/strong><br><a href=\"https:\/\/chattahoochee.org\/wp-content\/uploads\/2018\/07\/CRK_FALL_NEWSLETTER_2017.pdf\" target=\"_blank\" rel=\"noreferrer noopener\">Oto\u00f1o<\/a>&nbsp;|&nbsp;<a href=\"https:\/\/chattahoochee.org\/wp-content\/uploads\/2018\/07\/Winter-2017.pdf\" target=\"_blank\" rel=\"noreferrer noopener\">Invierno<\/a><\/p>\n\n<p><strong>2016<\/strong><br><a href=\"https:\/\/chattahoochee.org\/wp-content\/uploads\/2018\/07\/Spring-2016-web.pdf\" target=\"_blank\" rel=\"noreferrer noopener\">Primavera<\/a>&nbsp;|&nbsp;<a href=\"https:\/\/chattahoochee.org\/wp-content\/uploads\/2018\/07\/Summer-2016.pdf\" target=\"_blank\" rel=\"noreferrer noopener\">El verano<\/a><\/p>\n\n<p><strong>2015<\/strong><br><a href=\"https:\/\/chattahoochee.org\/wp-content\/uploads\/2018\/07\/Spring-2015web.pdf\" target=\"_blank\" rel=\"noreferrer noopener\">Primavera<\/a>&nbsp;|&nbsp;<a href=\"https:\/\/chattahoochee.org\/wp-content\/uploads\/2018\/07\/CRK-Summer-2015.pdf\" target=\"_blank\" rel=\"noreferrer noopener\">El verano<\/a><\/p>\n\n<p><strong>2014<\/strong><br><a href=\"https:\/\/chattahoochee.org\/wp-content\/uploads\/2018\/07\/Spring2014Newsletter.pdf\" target=\"_blank\" rel=\"noreferrer noopener\">Primavera<\/a>&nbsp;|&nbsp;<a href=\"https:\/\/chattahoochee.org\/wp-content\/uploads\/2018\/07\/CRK_Summer_2014web_Final.pdf\" target=\"_blank\" rel=\"noreferrer noopener\">El verano<\/a>&nbsp;|&nbsp;<a href=\"https:\/\/chattahoochee.org\/wp-content\/uploads\/2018\/07\/CRK-Fall-2014s.pdf\" target=\"_blank\" rel=\"noreferrer noopener\">Oto\u00f1o<\/a><\/p>\n\n<p><strong>2013<\/strong><br><a href=\"https:\/\/chattahoochee.org\/wp-content\/uploads\/2018\/07\/CRKSpring2013.pdf\" target=\"_blank\" rel=\"noreferrer noopener\">Primavera<\/a>&nbsp;|&nbsp;<a href=\"https:\/\/chattahoochee.org\/wp-content\/uploads\/2018\/07\/CRKSummer13w.pdf\" target=\"_blank\" rel=\"noreferrer noopener\">El verano<\/a>&nbsp;|&nbsp;<a href=\"https:\/\/chattahoochee.org\/wp-content\/uploads\/2018\/07\/CRKFall2013.pdf\" target=\"_blank\" rel=\"noreferrer noopener\">Oto\u00f1o<\/a><\/p>\n\n<p><strong>2012<\/strong><br><a href=\"https:\/\/chattahoochee.org\/wp-content\/uploads\/2018\/07\/UCRwinter2012.pdf\" target=\"_blank\" rel=\"noreferrer noopener\">Invierno<\/a>&nbsp;|&nbsp;<a href=\"https:\/\/chattahoochee.org\/wp-content\/uploads\/2018\/07\/UCRspring12.pdf\" target=\"_blank\" rel=\"noreferrer noopener\">Primavera<\/a>&nbsp;|&nbsp;<a href=\"https:\/\/chattahoochee.org\/wp-content\/uploads\/2018\/07\/NewsletterSummer2012.pdf\" target=\"_blank\" rel=\"noreferrer noopener\">El verano<\/a>&nbsp;|&nbsp;<a href=\"https:\/\/chattahoochee.org\/wp-content\/uploads\/2018\/07\/CRKFall2012WEB.pdf\" target=\"_blank\" rel=\"noreferrer noopener\">Oto\u00f1o<\/a><\/p>\n\n<p><strong>2011<\/strong><br><a href=\"https:\/\/chattahoochee.org\/wp-content\/uploads\/2018\/07\/UCR_Winter2011.pdf\" target=\"_blank\" rel=\"noreferrer noopener\">Invierno<\/a>&nbsp;|&nbsp;<a href=\"https:\/\/chattahoochee.org\/wp-content\/uploads\/2018\/07\/Spring2011.pdf\" target=\"_blank\" rel=\"noreferrer noopener\">Primavera<\/a>&nbsp;|&nbsp;<a href=\"https:\/\/chattahoochee.org\/wp-content\/uploads\/2018\/07\/Summer2011.pdf\" target=\"_blank\" rel=\"noreferrer noopener\">El verano<\/a>&nbsp;|&nbsp;<a href=\"https:\/\/chattahoochee.org\/wp-content\/uploads\/2018\/07\/UCRfall2011.pdf\" target=\"_blank\" rel=\"noreferrer noopener\">Oto\u00f1o<\/a><\/p><\/div><\/div><\/div><\/div>\n\r\n    <\/div>\r\n<\/div><div id=\"crk_section_block_355c7a398a661340b8b5e8764b0f77e4\" class=\"crk-section color-white-bg\">\r\n    <div class=\"crk-section-container pos-rel max-width\">\r\n        \n<div class=\"wp-block-columns is-layout-flex wp-container-core-columns-is-layout-9d6595d7 wp-block-columns-is-layout-flex\"><div class=\"wp-block-column is-layout-flow wp-block-column-is-layout-flow\"><h2 class=\"wp-block-heading\">r\u00edoFLASH<\/h2>\n\n<iframe loading=\"lazy\" id=\"mc-donation\" src=\"https:\/\/fundraise.givesmart.com\/form\/kxK4yA?utm_source=embed&#038;utm_medium=page&#038;utm_campaign=general\" width=\"100%\" height=\"700\" overflow=\"scroll\" onload=\"window.scrollTo(0,0);\"><\/iframe><\/div>\n\n<div class=\"wp-block-column is-layout-flow wp-block-column-is-layout-flow\"><div style=\"height:36px\" aria-hidden=\"true\" class=\"wp-block-spacer\"><\/div>\n\n<figure class=\"wp-block-image size-full is-style-image-mask-flip\"><img loading=\"lazy\" decoding=\"async\" width=\"400\" height=\"300\" src=\"https:\/\/chattahoochee.org\/wp-content\/uploads\/2018\/07\/riverflash-min.jpg\" alt=\"\" class=\"wp-image-15813\" srcset=\"https:\/\/chattahoochee.org\/wp-content\/uploads\/2018\/07\/riverflash-min.jpg 400w, https:\/\/chattahoochee.org\/wp-content\/uploads\/2018\/07\/riverflash-min-300x225.jpg 300w, https:\/\/chattahoochee.org\/wp-content\/uploads\/2018\/07\/riverflash-min-16x12.jpg 16w\" sizes=\"auto, (max-width: 400px) 100vw, 400px\" \/><\/figure><\/div><\/div>\n\r\n    <\/div>\r\n<\/div><div id=\"crk_section_block_2fc71b055b3f0965592e6ab6aee7ce2d\" class=\"crk-section color-cream-bg\">\r\n    <div class=\"crk-section-container pos-rel max-width\">\r\n        \n<div class=\"wp-block-columns are-vertically-aligned-center is-layout-flex wp-container-core-columns-is-layout-9d6595d7 wp-block-columns-is-layout-flex\"><div class=\"wp-block-column is-vertically-aligned-center is-layout-flow wp-block-column-is-layout-flow\"><figure class=\"wp-block-image size-full is-style-image-mask\"><img loading=\"lazy\" decoding=\"async\" width=\"1000\" height=\"766\" src=\"https:\/\/chattahoochee.org\/wp-content\/uploads\/2018\/06\/action-boat-canoe-241044-500x383@2x.jpg\" alt=\"\" class=\"wp-image-15364\" srcset=\"https:\/\/chattahoochee.org\/wp-content\/uploads\/2018\/06\/action-boat-canoe-241044-500x383@2x.jpg 1000w, https:\/\/chattahoochee.org\/wp-content\/uploads\/2018\/06\/action-boat-canoe-241044-500x383@2x-300x230.jpg 300w, https:\/\/chattahoochee.org\/wp-content\/uploads\/2018\/06\/action-boat-canoe-241044-500x383@2x-768x588.jpg 768w, https:\/\/chattahoochee.org\/wp-content\/uploads\/2018\/06\/action-boat-canoe-241044-500x383@2x-16x12.jpg 16w\" sizes=\"auto, (max-width: 1000px) 100vw, 1000px\" \/><\/figure><\/div>\n\n<div class=\"wp-block-column is-vertically-aligned-center is-layout-flow wp-block-column-is-layout-flow\"><h2 class=\"wp-block-heading\">proteger georgia<\/h2>\n\n<!-- Sign Up Form BEGIN -->\n<div id=\"congressplus_sign_up\"><\/div>\n<script type=\"text\/javascript\" src=\"\/\/www.congressweb.com\/signup-administration\/js\/signup.iframe.js\"><\/script>\n<script type=\"text\/javascript\">\n$cp('#congressplus_sign_up').congressplus_sign_up({ url : '\/\/www.congressweb.com\/signup\/?id=5B97B98A-B444-7291-E7FBA5B76605CC60' });\n<\/script>\n<!-- Sign Up Form END --><\/div><\/div>\n\r\n    <\/div>\r\n<\/div><div id=\"crk_section_block_732094a02d450ff934da2f19c9b71138\" class=\"crk-section color-green-bg\">\r\n    <div class=\"crk-section-container pos-rel max-width\">\r\n        \n<h2 class=\"wp-block-heading has-text-align-center has-cream-color has-text-color\">Comunicados de prensa<\/h2>\n\n<div class=\"wp-block-buttons is-layout-flex wp-block-buttons-is-layout-flex\"><div class=\"wp-block-button aligncenter\"><a class=\"wp-block-button__link has-tan-color has-orange-background-color has-text-color has-background wp-element-button\" href=\"\/es\/resource-library\/#press-releases\">Ver comunicados de prensa<\/a><\/div><\/div>\n\r\n    <\/div>\r\n<\/div>","protected":false},"excerpt":{"rendered":"<p>RiverCHAT Read the latest issue of\u00a0RiverCHAT, a newsletter that is mailed to our members two times per year. View Latest Issue RiverFLASH Press Releases View Press Releases<\/p>","protected":false},"author":4,"featured_media":15488,"parent":0,"menu_order":0,"comment_status":"closed","ping_status":"open","template":"","meta":{"_acf_changed":false,"_EventAllDay":false,"_EventTimezone":"","_EventStartDate":"","_EventEndDate":"","_EventStartDateUTC":"","_EventEndDateUTC":"","_EventShowMap":false,"_EventShowMapLink":false,"_EventURL":"","_EventCost":"","_EventCostDescription":"","_EventCurrencySymbol":"","_EventCurrencyCode":"","_EventCurrencyPosition":"","_EventDateTimeSeparator":"","_EventTimeRangeSeparator":"","_EventOrganizerID":[],"_EventVenueID":[],"_OrganizerEmail":"","_OrganizerPhone":"","_OrganizerWebsite":"","_VenueAddress":"","_VenueCity":"","_VenueCountry":"","_VenueProvince":"","_VenueState":"","_VenueZip":"","_VenuePhone":"","_VenueURL":"","_VenueStateProvince":"","_VenueLat":"","_VenueLng":"","_VenueShowMap":false,"_VenueShowMapLink":false,"footnotes":""},"class_list":["post-17356","page","type-page","status-publish","has-post-thumbnail","hentry"],"acf":[],"yoast_head":"<!-- This site is optimized with the Yoast SEO plugin v25.1 - https:\/\/yoast.com\/wordpress\/plugins\/seo\/ -->\n<title>Stay Informed - Chattahoochee Riverkeeper<\/title>\n<meta name=\"robots\" content=\"index, follow, max-snippet:-1, max-image-preview:large, max-video-preview:-1\" \/>\n<link rel=\"canonical\" href=\"https:\/\/chattahoochee.org\/es\/stay-informed\/\" \/>\n<meta property=\"og:locale\" content=\"es_MX\" \/>\n<meta property=\"og:type\" content=\"article\" \/>\n<meta property=\"og:title\" content=\"Stay Informed - Chattahoochee Riverkeeper\" \/>\n<meta property=\"og:description\" content=\"RiverCHAT Read the latest issue of\u00a0RiverCHAT, a newsletter that is mailed to our members two times per year. View Latest Issue RiverFLASH Press Releases View Press Releases\" \/>\n<meta property=\"og:url\" content=\"https:\/\/chattahoochee.org\/es\/stay-informed\/\" \/>\n<meta property=\"og:site_name\" content=\"Chattahoochee Riverkeeper\" \/>\n<meta property=\"article:modified_time\" content=\"2025-10-15T17:15:35+00:00\" \/>\n<meta property=\"og:image\" content=\"https:\/\/chattahoochee.org\/wp-content\/uploads\/2018\/07\/AllCRKBanner_v4.jpg\" \/>\n\t<meta property=\"og:image:width\" content=\"1800\" \/>\n\t<meta property=\"og:image:height\" content=\"400\" \/>\n\t<meta property=\"og:image:type\" content=\"image\/jpeg\" \/>\n<meta name=\"twitter:card\" content=\"summary_large_image\" \/>\n<meta name=\"twitter:label1\" content=\"Tiempo de lectura\" \/>\n\t<meta name=\"twitter:data1\" content=\"2 minutos\" \/>\n<script type=\"application\/ld+json\" class=\"yoast-schema-graph\">{\"@context\":\"https:\/\/schema.org\",\"@graph\":[{\"@type\":\"WebPage\",\"@id\":\"https:\/\/chattahoochee.org\/stay-informed\/\",\"url\":\"https:\/\/chattahoochee.org\/stay-informed\/\",\"name\":\"Stay Informed - Chattahoochee Riverkeeper\",\"isPartOf\":{\"@id\":\"https:\/\/chattahoochee.org\/#website\"},\"primaryImageOfPage\":{\"@id\":\"https:\/\/chattahoochee.org\/stay-informed\/#primaryimage\"},\"image\":{\"@id\":\"https:\/\/chattahoochee.org\/stay-informed\/#primaryimage\"},\"thumbnailUrl\":\"https:\/\/chattahoochee.org\/wp-content\/uploads\/2018\/07\/AllCRKBanner_v4.jpg\",\"datePublished\":\"2018-07-24T18:26:47+00:00\",\"dateModified\":\"2025-10-15T17:15:35+00:00\",\"breadcrumb\":{\"@id\":\"https:\/\/chattahoochee.org\/stay-informed\/#breadcrumb\"},\"inLanguage\":\"es\",\"potentialAction\":[{\"@type\":\"ReadAction\",\"target\":[\"https:\/\/chattahoochee.org\/stay-informed\/\"]}]},{\"@type\":\"ImageObject\",\"inLanguage\":\"es\",\"@id\":\"https:\/\/chattahoochee.org\/stay-informed\/#primaryimage\",\"url\":\"https:\/\/chattahoochee.org\/wp-content\/uploads\/2018\/07\/AllCRKBanner_v4.jpg\",\"contentUrl\":\"https:\/\/chattahoochee.org\/wp-content\/uploads\/2018\/07\/AllCRKBanner_v4.jpg\",\"width\":1800,\"height\":400},{\"@type\":\"BreadcrumbList\",\"@id\":\"https:\/\/chattahoochee.org\/stay-informed\/#breadcrumb\",\"itemListElement\":[{\"@type\":\"ListItem\",\"position\":1,\"name\":\"Home\",\"item\":\"https:\/\/chattahoochee.org\/\"},{\"@type\":\"ListItem\",\"position\":2,\"name\":\"Stay Informed\"}]},{\"@type\":\"WebSite\",\"@id\":\"https:\/\/chattahoochee.org\/#website\",\"url\":\"https:\/\/chattahoochee.org\/\",\"name\":\"Chattahoochee Riverkeeper\",\"description\":\"Since 1994\",\"publisher\":{\"@id\":\"https:\/\/chattahoochee.org\/#organization\"},\"potentialAction\":[{\"@type\":\"SearchAction\",\"target\":{\"@type\":\"EntryPoint\",\"urlTemplate\":\"https:\/\/chattahoochee.org\/?s={search_term_string}\"},\"query-input\":{\"@type\":\"PropertyValueSpecification\",\"valueRequired\":true,\"valueName\":\"search_term_string\"}}],\"inLanguage\":\"es\"},{\"@type\":\"Organization\",\"@id\":\"https:\/\/chattahoochee.org\/#organization\",\"name\":\"Chattahoochee Riverkeeper\",\"url\":\"https:\/\/chattahoochee.org\/\",\"logo\":{\"@type\":\"ImageObject\",\"inLanguage\":\"es\",\"@id\":\"https:\/\/chattahoochee.org\/#\/schema\/logo\/image\/\",\"url\":\"https:\/\/chattahoochee.org\/wp-content\/uploads\/2021\/11\/CRK-Logo-White-NEW-2025.png\",\"contentUrl\":\"https:\/\/chattahoochee.org\/wp-content\/uploads\/2021\/11\/CRK-Logo-White-NEW-2025.png\",\"width\":2458,\"height\":501,\"caption\":\"Chattahoochee Riverkeeper\"},\"image\":{\"@id\":\"https:\/\/chattahoochee.org\/#\/schema\/logo\/image\/\"}}]}<\/script>\n<!-- \/ Yoast SEO plugin. -->","yoast_head_json":{"title":"Stay Informed - Chattahoochee Riverkeeper","robots":{"index":"index","follow":"follow","max-snippet":"max-snippet:-1","max-image-preview":"max-image-preview:large","max-video-preview":"max-video-preview:-1"},"canonical":"https:\/\/chattahoochee.org\/es\/stay-informed\/","og_locale":"es_MX","og_type":"article","og_title":"Stay Informed - Chattahoochee Riverkeeper","og_description":"RiverCHAT Read the latest issue of\u00a0RiverCHAT, a newsletter that is mailed to our members two times per year. View Latest Issue RiverFLASH Press Releases View Press Releases","og_url":"https:\/\/chattahoochee.org\/es\/stay-informed\/","og_site_name":"Chattahoochee Riverkeeper","article_modified_time":"2025-10-15T17:15:35+00:00","og_image":[{"width":1800,"height":400,"url":"https:\/\/chattahoochee.org\/wp-content\/uploads\/2018\/07\/AllCRKBanner_v4.jpg","type":"image\/jpeg"}],"twitter_card":"summary_large_image","twitter_misc":{"Tiempo de lectura":"2 minutos"},"schema":{"@context":"https:\/\/schema.org","@graph":[{"@type":"WebPage","@id":"https:\/\/chattahoochee.org\/stay-informed\/","url":"https:\/\/chattahoochee.org\/stay-informed\/","name":"Stay Informed - Chattahoochee Riverkeeper","isPartOf":{"@id":"https:\/\/chattahoochee.org\/#website"},"primaryImageOfPage":{"@id":"https:\/\/chattahoochee.org\/stay-informed\/#primaryimage"},"image":{"@id":"https:\/\/chattahoochee.org\/stay-informed\/#primaryimage"},"thumbnailUrl":"https:\/\/chattahoochee.org\/wp-content\/uploads\/2018\/07\/AllCRKBanner_v4.jpg","datePublished":"2018-07-24T18:26:47+00:00","dateModified":"2025-10-15T17:15:35+00:00","breadcrumb":{"@id":"https:\/\/chattahoochee.org\/stay-informed\/#breadcrumb"},"inLanguage":"es","potentialAction":[{"@type":"ReadAction","target":["https:\/\/chattahoochee.org\/stay-informed\/"]}]},{"@type":"ImageObject","inLanguage":"es","@id":"https:\/\/chattahoochee.org\/stay-informed\/#primaryimage","url":"https:\/\/chattahoochee.org\/wp-content\/uploads\/2018\/07\/AllCRKBanner_v4.jpg","contentUrl":"https:\/\/chattahoochee.org\/wp-content\/uploads\/2018\/07\/AllCRKBanner_v4.jpg","width":1800,"height":400},{"@type":"BreadcrumbList","@id":"https:\/\/chattahoochee.org\/stay-informed\/#breadcrumb","itemListElement":[{"@type":"ListItem","position":1,"name":"Home","item":"https:\/\/chattahoochee.org\/"},{"@type":"ListItem","position":2,"name":"Stay Informed"}]},{"@type":"WebSite","@id":"https:\/\/chattahoochee.org\/#website","url":"https:\/\/chattahoochee.org\/","name":"Chattahoochee Riverkeeper","description":"Since 1994","publisher":{"@id":"https:\/\/chattahoochee.org\/#organization"},"potentialAction":[{"@type":"SearchAction","target":{"@type":"EntryPoint","urlTemplate":"https:\/\/chattahoochee.org\/?s={search_term_string}"},"query-input":{"@type":"PropertyValueSpecification","valueRequired":true,"valueName":"search_term_string"}}],"inLanguage":"es"},{"@type":"Organization","@id":"https:\/\/chattahoochee.org\/#organization","name":"Chattahoochee Riverkeeper","url":"https:\/\/chattahoochee.org\/","logo":{"@type":"ImageObject","inLanguage":"es","@id":"https:\/\/chattahoochee.org\/#\/schema\/logo\/image\/","url":"https:\/\/chattahoochee.org\/wp-content\/uploads\/2021\/11\/CRK-Logo-White-NEW-2025.png","contentUrl":"https:\/\/chattahoochee.org\/wp-content\/uploads\/2021\/11\/CRK-Logo-White-NEW-2025.png","width":2458,"height":501,"caption":"Chattahoochee Riverkeeper"},"image":{"@id":"https:\/\/chattahoochee.org\/#\/schema\/logo\/image\/"}}]}},"_links":{"self":[{"href":"https:\/\/chattahoochee.org\/es\/wp-json\/wp\/v2\/pages\/17356","targetHints":{"allow":["GET"]}}],"collection":[{"href":"https:\/\/chattahoochee.org\/es\/wp-json\/wp\/v2\/pages"}],"about":[{"href":"https:\/\/chattahoochee.org\/es\/wp-json\/wp\/v2\/types\/page"}],"author":[{"embeddable":true,"href":"https:\/\/chattahoochee.org\/es\/wp-json\/wp\/v2\/users\/4"}],"replies":[{"embeddable":true,"href":"https:\/\/chattahoochee.org\/es\/wp-json\/wp\/v2\/comments?post=17356"}],"version-history":[{"count":52,"href":"https:\/\/chattahoochee.org\/es\/wp-json\/wp\/v2\/pages\/17356\/revisions"}],"predecessor-version":[{"id":25543,"href":"https:\/\/chattahoochee.org\/es\/wp-json\/wp\/v2\/pages\/17356\/revisions\/25543"}],"wp:featuredmedia":[{"embeddable":true,"href":"https:\/\/chattahoochee.org\/es\/wp-json\/wp\/v2\/media\/15488"}],"wp:attachment":[{"href":"https:\/\/chattahoochee.org\/es\/wp-json\/wp\/v2\/media?parent=17356"}],"curies":[{"name":"wp","href":"https:\/\/api.w.org\/{rel}","templated":true}]}}