{"id":17360,"date":"2018-08-09T15:11:51","date_gmt":"2018-08-09T19:11:51","guid":{"rendered":"https:\/\/chattahoochee.org\/about\/meet-the-fleet\/"},"modified":"2025-09-17T14:01:10","modified_gmt":"2025-09-17T18:01:10","slug":"meet-the-fleet","status":"publish","type":"page","link":"https:\/\/chattahoochee.org\/es\/about\/meet-the-fleet\/","title":{"rendered":"Conoce la Flota"},"content":{"rendered":"<div id=\"crk_section_block_fda445f9fd24d85e1ea5358669c101ae\" class=\"crk-section color-cream-bg\">\r\n    <div class=\"crk-section-container pos-rel max-width\">\r\n        \n<div class=\"wp-block-columns is-layout-flex wp-container-core-columns-is-layout-9d6595d7 wp-block-columns-is-layout-flex\"><div class=\"wp-block-column is-layout-flow wp-block-column-is-layout-flow\"><figure class=\"wp-block-image size-large is-style-image-mask\"><img loading=\"lazy\" decoding=\"async\" width=\"1024\" height=\"766\" src=\"https:\/\/chattahoochee.org\/wp-content\/uploads\/2018\/08\/chota-princess-II-min-1024x766.jpg\" alt=\"\" class=\"wp-image-15864\" srcset=\"https:\/\/chattahoochee.org\/wp-content\/uploads\/2018\/08\/chota-princess-II-min-1024x766.jpg 1024w, https:\/\/chattahoochee.org\/wp-content\/uploads\/2018\/08\/chota-princess-II-min-300x225.jpg 300w, https:\/\/chattahoochee.org\/wp-content\/uploads\/2018\/08\/chota-princess-II-min-768x575.jpg 768w, https:\/\/chattahoochee.org\/wp-content\/uploads\/2018\/08\/chota-princess-II-min-16x12.jpg 16w, https:\/\/chattahoochee.org\/wp-content\/uploads\/2018\/08\/chota-princess-II-min.jpg 1073w\" sizes=\"auto, (max-width: 1024px) 100vw, 1024px\" \/><\/figure><\/div>\n\n<div class=\"wp-block-column is-layout-flow wp-block-column-is-layout-flow\"><h2 class=\"wp-block-heading\">La Princesa Chota II<\/h2>\n\n<p>El Chota Princess II, Chota para abreviar, vive en el parque River Forks del condado de Hall en Gainesville y sirve como el Centro de aprendizaje acu\u00e1tico del lago Lanier (LLALC), un programa educativo galardonado que comenz\u00f3 en 2000. Es el segundo barco del LLALC y fue lanzado en el verano de 2007. Construido por Corinthian Catamarans y aparejado a la medida por el ex capit\u00e1n de barco de CRK, Harlan Trammell, el Chota mide cuarenta pies de largo y diez pies de ancho. Est\u00e1 propulsada por dos motores fuera de borda Honda de 225 HP y est\u00e1 certificada para transportar hasta cincuenta y dos pasajeros.<\/p>\n\n<p>Between the months of March and November, the Chota can often be spotted on Lake Lanier near Three Sisters Islands, as she runs upwards of fifteen to twenty school trips on busy weeks. More than 5,000 students and teachers come from all across metro Atlanta to experience a truly unique hands-on learning experience each year. The Chota is also chartered for special outings and tours.<\/p><\/div><\/div>\n\r\n    <\/div>\r\n<\/div><div id=\"crk_section_block_038bf6e51ba1e0d3210921e7ab757436\" class=\"crk-section color-white-bg\">\r\n    <div class=\"crk-section-container pos-rel max-width\">\r\n        \n<div class=\"wp-block-columns is-layout-flex wp-container-core-columns-is-layout-9d6595d7 wp-block-columns-is-layout-flex\"><div class=\"wp-block-column is-layout-flow wp-block-column-is-layout-flow\"><h2 class=\"wp-block-heading\">The Miss Juliet<\/h2>\n\n<p>CRK is the only entity to routinely patrol and test water quality in the Chattahoochee River between Buford Dam and West Point Lake. Our patrol boat was custom-built by Oquawka Boats in Illinois, designed by CRK to navigate the river\u2019s rocky shoals. The Miss Juliet \u2013 named after CRK\u2019s former executive director Juliet Cohen \u2013 is powered by a 150 HP Yamaha outboard engine converted to a 105 HP jet drive. She runs without a traditional propeller, allowing her to navigate in as little as three inches of water.<\/p>\n\n<p>Her outer hull is constructed with one-quarter inch think aluminum, making her tough as a tank \u2013 and literally bulletproof! The patrol boat can rub against a rocky shoal without sustaining any damage, so we can keep patrolling every part of the river.<\/p><\/div>\n\n<div class=\"wp-block-column is-layout-flow wp-block-column-is-layout-flow\"><figure class=\"wp-block-image size-large is-style-image-mask\"><img loading=\"lazy\" decoding=\"async\" width=\"1024\" height=\"699\" src=\"https:\/\/chattahoochee.org\/wp-content\/uploads\/2025\/09\/Patrol_Boat_Douglas_County_9.15.25-1-1-1-1024x699.jpg\" alt=\"\" class=\"wp-image-25392\" srcset=\"https:\/\/chattahoochee.org\/wp-content\/uploads\/2025\/09\/Patrol_Boat_Douglas_County_9.15.25-1-1-1-1024x699.jpg 1024w, https:\/\/chattahoochee.org\/wp-content\/uploads\/2025\/09\/Patrol_Boat_Douglas_County_9.15.25-1-1-1-300x205.jpg 300w, https:\/\/chattahoochee.org\/wp-content\/uploads\/2025\/09\/Patrol_Boat_Douglas_County_9.15.25-1-1-1-768x525.jpg 768w, https:\/\/chattahoochee.org\/wp-content\/uploads\/2025\/09\/Patrol_Boat_Douglas_County_9.15.25-1-1-1-1536x1049.jpg 1536w, https:\/\/chattahoochee.org\/wp-content\/uploads\/2025\/09\/Patrol_Boat_Douglas_County_9.15.25-1-1-1-18x12.jpg 18w, https:\/\/chattahoochee.org\/wp-content\/uploads\/2025\/09\/Patrol_Boat_Douglas_County_9.15.25-1-1-1.jpg 1947w\" sizes=\"auto, (max-width: 1024px) 100vw, 1024px\" \/><\/figure><\/div><\/div>\n\r\n    <\/div>\r\n<\/div><div id=\"crk_section_block_fda445f9fd24d85e1ea5358669c101ae\" class=\"crk-section color-cream-bg\">\r\n    <div class=\"crk-section-container pos-rel max-width\">\r\n        \n<div class=\"wp-block-columns is-layout-flex wp-container-core-columns-is-layout-9d6595d7 wp-block-columns-is-layout-flex\"><div class=\"wp-block-column is-layout-flow wp-block-column-is-layout-flow\"><figure class=\"wp-block-image size-large is-style-image-mask\"><img loading=\"lazy\" decoding=\"async\" width=\"1024\" height=\"766\" src=\"https:\/\/chattahoochee.org\/wp-content\/uploads\/2018\/08\/miss-sally-min-1024x766.jpg\" alt=\"\" class=\"wp-image-15869\" srcset=\"https:\/\/chattahoochee.org\/wp-content\/uploads\/2018\/08\/miss-sally-min-1024x766.jpg 1024w, https:\/\/chattahoochee.org\/wp-content\/uploads\/2018\/08\/miss-sally-min-300x225.jpg 300w, https:\/\/chattahoochee.org\/wp-content\/uploads\/2018\/08\/miss-sally-min-768x575.jpg 768w, https:\/\/chattahoochee.org\/wp-content\/uploads\/2018\/08\/miss-sally-min-16x12.jpg 16w, https:\/\/chattahoochee.org\/wp-content\/uploads\/2018\/08\/miss-sally-min.jpg 1073w\" sizes=\"auto, (max-width: 1024px) 100vw, 1024px\" \/><\/figure><\/div>\n\n<div class=\"wp-block-column is-layout-flow wp-block-column-is-layout-flow\"><h2 class=\"wp-block-heading\">La se\u00f1orita Sally<\/h2>\n\n<p>Following the tremendous success of the Lake Lanier floating classroom program on board the Chota Princess II, we began the process of building a second floating classroom boat for West Point Lake in 2014. After a nine-month long construction period by The American Pontoon Company, the Miss Sally launched on West Point Lake in July 2015.<\/p>\n\n<p>Named after CRK\u2019s founding Riverkeeper Sally Bethea, the Miss Sally is a forty-two foot long TriToon vessel capable of carry up to forty-four passengers. She is powered by new state-of-the art 150 HP twin Suzuki outboard engines. Today, the Miss Sally is home to the West Point Lake Floating Classroom and hosts several thousand students and teachers from the Middle Chattahoochee region every year, in addition to wildlife, history and music programs for all ages.<\/p><\/div><\/div>\n\r\n    <\/div>\r\n<\/div><div id=\"crk_section_block_62363ae477648\" class=\"crk-section color-orange-bg\">\r\n    <div class=\"crk-section-container pos-rel max-width\">\r\n        \n<h2 class=\"has-text-align-center wp-block-heading\">Como ayudar<\/h2>\n\n<p class=\"has-text-align-center\">Juntos podemos proteger y restaurar el r\u00edo Chattahoochee de Georgia, sus afluentes y su cuenca, tanto ahora como para las generaciones futuras. Apoye a Chattahoochee Riverkeeper con un regalo \u00fanico o recurrente.<\/p>\n\n<div class=\"wp-block-buttons is-content-justification-center is-layout-flex wp-container-core-buttons-is-layout-16018d1d wp-block-buttons-is-layout-flex\"><div class=\"wp-block-button aligncenter\"><a class=\"wp-block-button__link has-cream-color has-blue-background-color has-text-color has-background\" href=\"https:\/\/chattahoochee.org\/es\/donate\/\">Donar hoy<\/a><\/div><\/div>\n\r\n    <\/div>\r\n<\/div>","protected":false},"excerpt":{"rendered":"<p>The Chota Princess II The Chota Princess II, Chota para abreviar, vive en el parque River Forks del condado de Hall en Gainesville y sirve como el Centro de aprendizaje acu\u00e1tico Lake Lanier (LLALC), ...<\/p>","protected":false},"author":4,"featured_media":15474,"parent":17017,"menu_order":0,"comment_status":"closed","ping_status":"open","template":"","meta":{"_acf_changed":false,"_EventAllDay":false,"_EventTimezone":"","_EventStartDate":"","_EventEndDate":"","_EventStartDateUTC":"","_EventEndDateUTC":"","_EventShowMap":false,"_EventShowMapLink":false,"_EventURL":"","_EventCost":"","_EventCostDescription":"","_EventCurrencySymbol":"","_EventCurrencyCode":"","_EventCurrencyPosition":"","_EventDateTimeSeparator":"","_EventTimeRangeSeparator":"","_EventOrganizerID":[],"_EventVenueID":[],"_OrganizerEmail":"","_OrganizerPhone":"","_OrganizerWebsite":"","_VenueAddress":"","_VenueCity":"","_VenueCountry":"","_VenueProvince":"","_VenueState":"","_VenueZip":"","_VenuePhone":"","_VenueURL":"","_VenueStateProvince":"","_VenueLat":"","_VenueLng":"","_VenueShowMap":false,"_VenueShowMapLink":false,"footnotes":""},"class_list":["post-17360","page","type-page","status-publish","has-post-thumbnail","hentry"],"acf":[],"yoast_head":"<!-- This site is optimized with the Yoast SEO plugin v25.1 - https:\/\/yoast.com\/wordpress\/plugins\/seo\/ -->\n<title>Meet the Fleet - Chattahoochee Riverkeeper<\/title>\n<meta name=\"robots\" content=\"index, follow, max-snippet:-1, max-image-preview:large, max-video-preview:-1\" \/>\n<link rel=\"canonical\" href=\"https:\/\/chattahoochee.org\/es\/about\/meet-the-fleet\/\" \/>\n<meta property=\"og:locale\" content=\"es_MX\" \/>\n<meta property=\"og:type\" content=\"article\" \/>\n<meta property=\"og:title\" content=\"Meet the Fleet - Chattahoochee Riverkeeper\" \/>\n<meta property=\"og:description\" content=\"The Chota Princess II The Chota Princess II, Chota for short, lives at Hall County\u2019s River Forks Park in Gainesville and serves as the Lake Lanier Aquatic Learning Center (LLALC),&hellip;\" \/>\n<meta property=\"og:url\" content=\"https:\/\/chattahoochee.org\/es\/about\/meet-the-fleet\/\" \/>\n<meta property=\"og:site_name\" content=\"Chattahoochee Riverkeeper\" \/>\n<meta property=\"article:modified_time\" content=\"2025-09-17T18:01:10+00:00\" \/>\n<meta property=\"og:image\" content=\"https:\/\/chattahoochee.org\/wp-content\/uploads\/2018\/07\/AllCRKBanner_v1.jpg\" \/>\n\t<meta property=\"og:image:width\" content=\"1800\" \/>\n\t<meta property=\"og:image:height\" content=\"400\" \/>\n\t<meta property=\"og:image:type\" content=\"image\/jpeg\" \/>\n<meta name=\"twitter:card\" content=\"summary_large_image\" \/>\n<meta name=\"twitter:label1\" content=\"Tiempo de lectura\" \/>\n\t<meta name=\"twitter:data1\" content=\"3 minutos\" \/>\n<script type=\"application\/ld+json\" class=\"yoast-schema-graph\">{\"@context\":\"https:\/\/schema.org\",\"@graph\":[{\"@type\":\"WebPage\",\"@id\":\"https:\/\/chattahoochee.org\/about\/meet-the-fleet\/\",\"url\":\"https:\/\/chattahoochee.org\/about\/meet-the-fleet\/\",\"name\":\"Meet the Fleet - Chattahoochee Riverkeeper\",\"isPartOf\":{\"@id\":\"https:\/\/chattahoochee.org\/#website\"},\"primaryImageOfPage\":{\"@id\":\"https:\/\/chattahoochee.org\/about\/meet-the-fleet\/#primaryimage\"},\"image\":{\"@id\":\"https:\/\/chattahoochee.org\/about\/meet-the-fleet\/#primaryimage\"},\"thumbnailUrl\":\"https:\/\/chattahoochee.org\/wp-content\/uploads\/2018\/07\/AllCRKBanner_v1.jpg\",\"datePublished\":\"2018-08-09T19:11:51+00:00\",\"dateModified\":\"2025-09-17T18:01:10+00:00\",\"breadcrumb\":{\"@id\":\"https:\/\/chattahoochee.org\/about\/meet-the-fleet\/#breadcrumb\"},\"inLanguage\":\"es\",\"potentialAction\":[{\"@type\":\"ReadAction\",\"target\":[\"https:\/\/chattahoochee.org\/about\/meet-the-fleet\/\"]}]},{\"@type\":\"ImageObject\",\"inLanguage\":\"es\",\"@id\":\"https:\/\/chattahoochee.org\/about\/meet-the-fleet\/#primaryimage\",\"url\":\"https:\/\/chattahoochee.org\/wp-content\/uploads\/2018\/07\/AllCRKBanner_v1.jpg\",\"contentUrl\":\"https:\/\/chattahoochee.org\/wp-content\/uploads\/2018\/07\/AllCRKBanner_v1.jpg\",\"width\":1800,\"height\":400},{\"@type\":\"BreadcrumbList\",\"@id\":\"https:\/\/chattahoochee.org\/about\/meet-the-fleet\/#breadcrumb\",\"itemListElement\":[{\"@type\":\"ListItem\",\"position\":1,\"name\":\"Home\",\"item\":\"https:\/\/chattahoochee.org\/\"},{\"@type\":\"ListItem\",\"position\":2,\"name\":\"About\",\"item\":\"https:\/\/chattahoochee.org\/about\/\"},{\"@type\":\"ListItem\",\"position\":3,\"name\":\"Meet the Fleet\"}]},{\"@type\":\"WebSite\",\"@id\":\"https:\/\/chattahoochee.org\/#website\",\"url\":\"https:\/\/chattahoochee.org\/\",\"name\":\"Chattahoochee Riverkeeper\",\"description\":\"Since 1994\",\"publisher\":{\"@id\":\"https:\/\/chattahoochee.org\/#organization\"},\"potentialAction\":[{\"@type\":\"SearchAction\",\"target\":{\"@type\":\"EntryPoint\",\"urlTemplate\":\"https:\/\/chattahoochee.org\/?s={search_term_string}\"},\"query-input\":{\"@type\":\"PropertyValueSpecification\",\"valueRequired\":true,\"valueName\":\"search_term_string\"}}],\"inLanguage\":\"es\"},{\"@type\":\"Organization\",\"@id\":\"https:\/\/chattahoochee.org\/#organization\",\"name\":\"Chattahoochee Riverkeeper\",\"url\":\"https:\/\/chattahoochee.org\/\",\"logo\":{\"@type\":\"ImageObject\",\"inLanguage\":\"es\",\"@id\":\"https:\/\/chattahoochee.org\/#\/schema\/logo\/image\/\",\"url\":\"https:\/\/chattahoochee.org\/wp-content\/uploads\/2021\/11\/CRK-Logo-White-NEW-2025.png\",\"contentUrl\":\"https:\/\/chattahoochee.org\/wp-content\/uploads\/2021\/11\/CRK-Logo-White-NEW-2025.png\",\"width\":2458,\"height\":501,\"caption\":\"Chattahoochee Riverkeeper\"},\"image\":{\"@id\":\"https:\/\/chattahoochee.org\/#\/schema\/logo\/image\/\"}}]}<\/script>\n<!-- \/ Yoast SEO plugin. -->","yoast_head_json":{"title":"Meet the Fleet - Chattahoochee Riverkeeper","robots":{"index":"index","follow":"follow","max-snippet":"max-snippet:-1","max-image-preview":"max-image-preview:large","max-video-preview":"max-video-preview:-1"},"canonical":"https:\/\/chattahoochee.org\/es\/about\/meet-the-fleet\/","og_locale":"es_MX","og_type":"article","og_title":"Meet the Fleet - Chattahoochee Riverkeeper","og_description":"The Chota Princess II The Chota Princess II, Chota for short, lives at Hall County\u2019s River Forks Park in Gainesville and serves as the Lake Lanier Aquatic Learning Center (LLALC),&hellip;","og_url":"https:\/\/chattahoochee.org\/es\/about\/meet-the-fleet\/","og_site_name":"Chattahoochee Riverkeeper","article_modified_time":"2025-09-17T18:01:10+00:00","og_image":[{"width":1800,"height":400,"url":"https:\/\/chattahoochee.org\/wp-content\/uploads\/2018\/07\/AllCRKBanner_v1.jpg","type":"image\/jpeg"}],"twitter_card":"summary_large_image","twitter_misc":{"Tiempo de lectura":"3 minutos"},"schema":{"@context":"https:\/\/schema.org","@graph":[{"@type":"WebPage","@id":"https:\/\/chattahoochee.org\/about\/meet-the-fleet\/","url":"https:\/\/chattahoochee.org\/about\/meet-the-fleet\/","name":"Meet the Fleet - Chattahoochee Riverkeeper","isPartOf":{"@id":"https:\/\/chattahoochee.org\/#website"},"primaryImageOfPage":{"@id":"https:\/\/chattahoochee.org\/about\/meet-the-fleet\/#primaryimage"},"image":{"@id":"https:\/\/chattahoochee.org\/about\/meet-the-fleet\/#primaryimage"},"thumbnailUrl":"https:\/\/chattahoochee.org\/wp-content\/uploads\/2018\/07\/AllCRKBanner_v1.jpg","datePublished":"2018-08-09T19:11:51+00:00","dateModified":"2025-09-17T18:01:10+00:00","breadcrumb":{"@id":"https:\/\/chattahoochee.org\/about\/meet-the-fleet\/#breadcrumb"},"inLanguage":"es","potentialAction":[{"@type":"ReadAction","target":["https:\/\/chattahoochee.org\/about\/meet-the-fleet\/"]}]},{"@type":"ImageObject","inLanguage":"es","@id":"https:\/\/chattahoochee.org\/about\/meet-the-fleet\/#primaryimage","url":"https:\/\/chattahoochee.org\/wp-content\/uploads\/2018\/07\/AllCRKBanner_v1.jpg","contentUrl":"https:\/\/chattahoochee.org\/wp-content\/uploads\/2018\/07\/AllCRKBanner_v1.jpg","width":1800,"height":400},{"@type":"BreadcrumbList","@id":"https:\/\/chattahoochee.org\/about\/meet-the-fleet\/#breadcrumb","itemListElement":[{"@type":"ListItem","position":1,"name":"Home","item":"https:\/\/chattahoochee.org\/"},{"@type":"ListItem","position":2,"name":"About","item":"https:\/\/chattahoochee.org\/about\/"},{"@type":"ListItem","position":3,"name":"Meet the Fleet"}]},{"@type":"WebSite","@id":"https:\/\/chattahoochee.org\/#website","url":"https:\/\/chattahoochee.org\/","name":"Chattahoochee Riverkeeper","description":"Since 1994","publisher":{"@id":"https:\/\/chattahoochee.org\/#organization"},"potentialAction":[{"@type":"SearchAction","target":{"@type":"EntryPoint","urlTemplate":"https:\/\/chattahoochee.org\/?s={search_term_string}"},"query-input":{"@type":"PropertyValueSpecification","valueRequired":true,"valueName":"search_term_string"}}],"inLanguage":"es"},{"@type":"Organization","@id":"https:\/\/chattahoochee.org\/#organization","name":"Chattahoochee Riverkeeper","url":"https:\/\/chattahoochee.org\/","logo":{"@type":"ImageObject","inLanguage":"es","@id":"https:\/\/chattahoochee.org\/#\/schema\/logo\/image\/","url":"https:\/\/chattahoochee.org\/wp-content\/uploads\/2021\/11\/CRK-Logo-White-NEW-2025.png","contentUrl":"https:\/\/chattahoochee.org\/wp-content\/uploads\/2021\/11\/CRK-Logo-White-NEW-2025.png","width":2458,"height":501,"caption":"Chattahoochee Riverkeeper"},"image":{"@id":"https:\/\/chattahoochee.org\/#\/schema\/logo\/image\/"}}]}},"_links":{"self":[{"href":"https:\/\/chattahoochee.org\/es\/wp-json\/wp\/v2\/pages\/17360","targetHints":{"allow":["GET"]}}],"collection":[{"href":"https:\/\/chattahoochee.org\/es\/wp-json\/wp\/v2\/pages"}],"about":[{"href":"https:\/\/chattahoochee.org\/es\/wp-json\/wp\/v2\/types\/page"}],"author":[{"embeddable":true,"href":"https:\/\/chattahoochee.org\/es\/wp-json\/wp\/v2\/users\/4"}],"replies":[{"embeddable":true,"href":"https:\/\/chattahoochee.org\/es\/wp-json\/wp\/v2\/comments?post=17360"}],"version-history":[{"count":15,"href":"https:\/\/chattahoochee.org\/es\/wp-json\/wp\/v2\/pages\/17360\/revisions"}],"predecessor-version":[{"id":25394,"href":"https:\/\/chattahoochee.org\/es\/wp-json\/wp\/v2\/pages\/17360\/revisions\/25394"}],"up":[{"embeddable":true,"href":"https:\/\/chattahoochee.org\/es\/wp-json\/wp\/v2\/pages\/17017"}],"wp:featuredmedia":[{"embeddable":true,"href":"https:\/\/chattahoochee.org\/es\/wp-json\/wp\/v2\/media\/15474"}],"wp:attachment":[{"href":"https:\/\/chattahoochee.org\/es\/wp-json\/wp\/v2\/media?parent=17360"}],"curies":[{"name":"wp","href":"https:\/\/api.w.org\/{rel}","templated":true}]}}