{"id":17371,"date":"2018-09-12T11:16:20","date_gmt":"2018-09-12T15:16:20","guid":{"rendered":"https:\/\/chattahoochee.org\/about\/our-board\/"},"modified":"2026-02-02T10:41:03","modified_gmt":"2026-02-02T15:41:03","slug":"our-board","status":"publish","type":"page","link":"https:\/\/chattahoochee.org\/es\/about\/our-board\/","title":{"rendered":"Nuestra Junta"},"content":{"rendered":"<div id=\"crk_section_block_4bf32974fb2235810e48cf3561b58246\" class=\"crk-section color-cream-bg\">\r\n    <div class=\"crk-section-container pos-rel max-width\">\r\n        \n<p class=\"has-text-align-center has-medium-font-size\">Chattahoochee Riverkeeper est\u00e1 gobernado por una junta directiva. Adem\u00e1s, la junta directiva ha establecido un consejo asesor, que asesora a la organizaci\u00f3n y ayuda a llevar a cabo su misi\u00f3n.<\/p>\n\r\n    <\/div>\r\n<\/div><div id=\"crk_section_block_7d761ed2a1a88b5a109db837203bbd84\" class=\"crk-section color-white-bg\">\r\n    <div class=\"crk-section-container pos-rel max-width\">\r\n        \n<h2 class=\"wp-block-heading has-text-align-center\"><strong>Laura Turner Seydel y Rutherford Seydel, cofundadores<\/strong><\/h2>\n\n<div style=\"height:50px\" aria-hidden=\"true\" class=\"wp-block-spacer\"><\/div>\n\n<div class=\"wp-block-columns is-layout-flex wp-container-core-columns-is-layout-9d6595d7 wp-block-columns-is-layout-flex\"><div class=\"wp-block-column is-layout-flow wp-block-column-is-layout-flow\"><p><strong>Junta Directiva<\/strong><\/p>\n\n<p>Doug Brown, Aflac<\/p>\n\n<p>Rebecca Cranford, Compa\u00f1\u00eda Southwire<\/p>\n\n<p>Felicia Davis, Universidad de Clark Atlanta<\/p>\n\n<p>Bert Ellis, comunicaciones de Ellis<\/p>\n\n<p>Graham Gaines, North Georgia Label<\/p>\n\n<p>Gerard Gunthert,&nbsp;The Gunthert Company, Inc.<\/p>\n\n<p>Billy Hall, NewFields<\/p>\n\n<p>Robert Harris, Callaway Foundation Inc.<\/p>\n\n<p>Victor Haydel, Corporaci\u00f3n de Restaurantes 755<\/p>\n\n<p>Richard Jacobson, Cox Enterprises (retirado)<\/p>\n\n<p>Bryan Jenkins, Universidad de Clark Atlanta<\/p>\n\n<p>Katie Jordan, The Home Depot<\/p>\n\n<p>Jasmeet Kaur, The Coca-Cola Company<\/p>\n\n<p>David Kirkpatrick, IMG&nbsp;<em>(copresidente)<\/em><\/p>\n\n<p>Ken Kraft, Cox Automotive<\/p>\n\n<p>Mary Anne Lanier, Fundaci\u00f3n Ray C. Anderson<\/p>\n\n<p>Daniel Locke, Corporaci\u00f3n Kimberly-Clark<\/p>\n\n<p>Jeff Mokotoff, Ford y Harrison, LLP<\/p>\n\n<p>Steve O&#039;Day; Smith, Gambrell y Russell, LLP<\/p>\n\n<p>Jamie Pryor, Atlantic Union Bank<\/p>\n\n<p>J. Rutherford Seydel II, Davis, Pickren &amp; Seydel, LLP&nbsp;<em>(copresidente)<\/em><\/p>\n\n<p>David Shaffer, PriceWaterhouseCoopers, LLP, jubilado<\/p>\n\n<p>Scott St. Clair, Norfolk Southern<\/p>\n\n<p>Andrew Thompson, Smith, Gambrell &amp; Russell<\/p>\n\n<p>Circe Tsui, Emory University<\/p>\n\n<p>Catherine Woodling, Fundaci\u00f3n East Lake<\/p>\n\n<p>Chuck Young, empresas de Prestwick<\/p><\/div>\n\n<div class=\"wp-block-column is-layout-flow wp-block-column-is-layout-flow\"><p><strong>Consejo Asesor<\/strong><\/p>\n\n<p>Fran Burst-Terranella; r\u00e1faga de video\/pel\u00edcula, inc.<\/p>\n\n<p>Canchas de tierra batida, Five Stand Capital<\/p>\n\n<p>Gary Gaines, sello de Georgia del norte<\/p>\n\n<p>Darryl Haddock, Alianza de Cuencas Hidrogr\u00e1ficas de West Atlanta<\/p>\n\n<p>Ben Jordan, The Coca-Cola Company<\/p>\n\n<p>Sally Parsonson, voluntaria comunitaria<\/p>\n\n<p>Andr\u00e9s Thompson; Smith, Gambrell y Russell, LLP<\/p>\n\n<p>Todd Wandtke, Mu Sigma Inc.<\/p><\/div><\/div>\n\r\n    <\/div>\r\n<\/div>","protected":false},"excerpt":{"rendered":"<p>Chattahoochee Riverkeeper est\u00e1 gobernado por una junta directiva. Adem\u00e1s, la junta directiva ha establecido un consejo asesor, que asesora a la organizaci\u00f3n y ayuda a llevar a cabo su misi\u00f3n.\u2026<\/p>","protected":false},"author":4,"featured_media":15474,"parent":17017,"menu_order":0,"comment_status":"closed","ping_status":"open","template":"","meta":{"_acf_changed":false,"_EventAllDay":false,"_EventTimezone":"","_EventStartDate":"","_EventEndDate":"","_EventStartDateUTC":"","_EventEndDateUTC":"","_EventShowMap":false,"_EventShowMapLink":false,"_EventURL":"","_EventCost":"","_EventCostDescription":"","_EventCurrencySymbol":"","_EventCurrencyCode":"","_EventCurrencyPosition":"","_EventDateTimeSeparator":"","_EventTimeRangeSeparator":"","_EventOrganizerID":[],"_EventVenueID":[],"_OrganizerEmail":"","_OrganizerPhone":"","_OrganizerWebsite":"","_VenueAddress":"","_VenueCity":"","_VenueCountry":"","_VenueProvince":"","_VenueState":"","_VenueZip":"","_VenuePhone":"","_VenueURL":"","_VenueStateProvince":"","_VenueLat":"","_VenueLng":"","_VenueShowMap":false,"_VenueShowMapLink":false,"footnotes":""},"class_list":["post-17371","page","type-page","status-publish","has-post-thumbnail","hentry"],"acf":[],"yoast_head":"<!-- This site is optimized with the Yoast SEO plugin v25.1 - https:\/\/yoast.com\/wordpress\/plugins\/seo\/ -->\n<title>Our Board - Chattahoochee Riverkeeper<\/title>\n<meta name=\"robots\" content=\"index, follow, max-snippet:-1, max-image-preview:large, max-video-preview:-1\" \/>\n<link rel=\"canonical\" href=\"https:\/\/chattahoochee.org\/es\/about\/our-board\/\" \/>\n<meta property=\"og:locale\" content=\"es_MX\" \/>\n<meta property=\"og:type\" content=\"article\" \/>\n<meta property=\"og:title\" content=\"Our Board - Chattahoochee Riverkeeper\" \/>\n<meta property=\"og:description\" content=\"Chattahoochee Riverkeeper is governed by a board of directors. Additionally, the board of directors has established an advisory board, which advises the organization and assists in carrying out its mission.&hellip;\" \/>\n<meta property=\"og:url\" content=\"https:\/\/chattahoochee.org\/es\/about\/our-board\/\" \/>\n<meta property=\"og:site_name\" content=\"Chattahoochee Riverkeeper\" \/>\n<meta property=\"article:modified_time\" content=\"2026-02-02T15:41:03+00:00\" \/>\n<meta property=\"og:image\" content=\"https:\/\/chattahoochee.org\/wp-content\/uploads\/2018\/07\/AllCRKBanner_v1.jpg\" \/>\n\t<meta property=\"og:image:width\" content=\"1800\" \/>\n\t<meta property=\"og:image:height\" content=\"400\" \/>\n\t<meta property=\"og:image:type\" content=\"image\/jpeg\" \/>\n<meta name=\"twitter:card\" content=\"summary_large_image\" \/>\n<meta name=\"twitter:label1\" content=\"Tiempo de lectura\" \/>\n\t<meta name=\"twitter:data1\" content=\"2 minutos\" \/>\n<script type=\"application\/ld+json\" class=\"yoast-schema-graph\">{\"@context\":\"https:\/\/schema.org\",\"@graph\":[{\"@type\":\"WebPage\",\"@id\":\"https:\/\/chattahoochee.org\/about\/our-board\/\",\"url\":\"https:\/\/chattahoochee.org\/about\/our-board\/\",\"name\":\"Our Board - Chattahoochee Riverkeeper\",\"isPartOf\":{\"@id\":\"https:\/\/chattahoochee.org\/#website\"},\"primaryImageOfPage\":{\"@id\":\"https:\/\/chattahoochee.org\/about\/our-board\/#primaryimage\"},\"image\":{\"@id\":\"https:\/\/chattahoochee.org\/about\/our-board\/#primaryimage\"},\"thumbnailUrl\":\"https:\/\/chattahoochee.org\/wp-content\/uploads\/2018\/07\/AllCRKBanner_v1.jpg\",\"datePublished\":\"2018-09-12T15:16:20+00:00\",\"dateModified\":\"2026-02-02T15:41:03+00:00\",\"breadcrumb\":{\"@id\":\"https:\/\/chattahoochee.org\/about\/our-board\/#breadcrumb\"},\"inLanguage\":\"es\",\"potentialAction\":[{\"@type\":\"ReadAction\",\"target\":[\"https:\/\/chattahoochee.org\/about\/our-board\/\"]}]},{\"@type\":\"ImageObject\",\"inLanguage\":\"es\",\"@id\":\"https:\/\/chattahoochee.org\/about\/our-board\/#primaryimage\",\"url\":\"https:\/\/chattahoochee.org\/wp-content\/uploads\/2018\/07\/AllCRKBanner_v1.jpg\",\"contentUrl\":\"https:\/\/chattahoochee.org\/wp-content\/uploads\/2018\/07\/AllCRKBanner_v1.jpg\",\"width\":1800,\"height\":400},{\"@type\":\"BreadcrumbList\",\"@id\":\"https:\/\/chattahoochee.org\/about\/our-board\/#breadcrumb\",\"itemListElement\":[{\"@type\":\"ListItem\",\"position\":1,\"name\":\"Home\",\"item\":\"https:\/\/chattahoochee.org\/\"},{\"@type\":\"ListItem\",\"position\":2,\"name\":\"About\",\"item\":\"https:\/\/chattahoochee.org\/about\/\"},{\"@type\":\"ListItem\",\"position\":3,\"name\":\"Our Board\"}]},{\"@type\":\"WebSite\",\"@id\":\"https:\/\/chattahoochee.org\/#website\",\"url\":\"https:\/\/chattahoochee.org\/\",\"name\":\"Chattahoochee Riverkeeper\",\"description\":\"Since 1994\",\"publisher\":{\"@id\":\"https:\/\/chattahoochee.org\/#organization\"},\"potentialAction\":[{\"@type\":\"SearchAction\",\"target\":{\"@type\":\"EntryPoint\",\"urlTemplate\":\"https:\/\/chattahoochee.org\/?s={search_term_string}\"},\"query-input\":{\"@type\":\"PropertyValueSpecification\",\"valueRequired\":true,\"valueName\":\"search_term_string\"}}],\"inLanguage\":\"es\"},{\"@type\":\"Organization\",\"@id\":\"https:\/\/chattahoochee.org\/#organization\",\"name\":\"Chattahoochee Riverkeeper\",\"url\":\"https:\/\/chattahoochee.org\/\",\"logo\":{\"@type\":\"ImageObject\",\"inLanguage\":\"es\",\"@id\":\"https:\/\/chattahoochee.org\/#\/schema\/logo\/image\/\",\"url\":\"https:\/\/chattahoochee.org\/wp-content\/uploads\/2021\/11\/CRK-Logo-White-NEW-2025.png\",\"contentUrl\":\"https:\/\/chattahoochee.org\/wp-content\/uploads\/2021\/11\/CRK-Logo-White-NEW-2025.png\",\"width\":2458,\"height\":501,\"caption\":\"Chattahoochee Riverkeeper\"},\"image\":{\"@id\":\"https:\/\/chattahoochee.org\/#\/schema\/logo\/image\/\"}}]}<\/script>\n<!-- \/ Yoast SEO plugin. -->","yoast_head_json":{"title":"Our Board - Chattahoochee Riverkeeper","robots":{"index":"index","follow":"follow","max-snippet":"max-snippet:-1","max-image-preview":"max-image-preview:large","max-video-preview":"max-video-preview:-1"},"canonical":"https:\/\/chattahoochee.org\/es\/about\/our-board\/","og_locale":"es_MX","og_type":"article","og_title":"Our Board - Chattahoochee Riverkeeper","og_description":"Chattahoochee Riverkeeper is governed by a board of directors. Additionally, the board of directors has established an advisory board, which advises the organization and assists in carrying out its mission.&hellip;","og_url":"https:\/\/chattahoochee.org\/es\/about\/our-board\/","og_site_name":"Chattahoochee Riverkeeper","article_modified_time":"2026-02-02T15:41:03+00:00","og_image":[{"width":1800,"height":400,"url":"https:\/\/chattahoochee.org\/wp-content\/uploads\/2018\/07\/AllCRKBanner_v1.jpg","type":"image\/jpeg"}],"twitter_card":"summary_large_image","twitter_misc":{"Tiempo de lectura":"2 minutos"},"schema":{"@context":"https:\/\/schema.org","@graph":[{"@type":"WebPage","@id":"https:\/\/chattahoochee.org\/about\/our-board\/","url":"https:\/\/chattahoochee.org\/about\/our-board\/","name":"Our Board - Chattahoochee Riverkeeper","isPartOf":{"@id":"https:\/\/chattahoochee.org\/#website"},"primaryImageOfPage":{"@id":"https:\/\/chattahoochee.org\/about\/our-board\/#primaryimage"},"image":{"@id":"https:\/\/chattahoochee.org\/about\/our-board\/#primaryimage"},"thumbnailUrl":"https:\/\/chattahoochee.org\/wp-content\/uploads\/2018\/07\/AllCRKBanner_v1.jpg","datePublished":"2018-09-12T15:16:20+00:00","dateModified":"2026-02-02T15:41:03+00:00","breadcrumb":{"@id":"https:\/\/chattahoochee.org\/about\/our-board\/#breadcrumb"},"inLanguage":"es","potentialAction":[{"@type":"ReadAction","target":["https:\/\/chattahoochee.org\/about\/our-board\/"]}]},{"@type":"ImageObject","inLanguage":"es","@id":"https:\/\/chattahoochee.org\/about\/our-board\/#primaryimage","url":"https:\/\/chattahoochee.org\/wp-content\/uploads\/2018\/07\/AllCRKBanner_v1.jpg","contentUrl":"https:\/\/chattahoochee.org\/wp-content\/uploads\/2018\/07\/AllCRKBanner_v1.jpg","width":1800,"height":400},{"@type":"BreadcrumbList","@id":"https:\/\/chattahoochee.org\/about\/our-board\/#breadcrumb","itemListElement":[{"@type":"ListItem","position":1,"name":"Home","item":"https:\/\/chattahoochee.org\/"},{"@type":"ListItem","position":2,"name":"About","item":"https:\/\/chattahoochee.org\/about\/"},{"@type":"ListItem","position":3,"name":"Our Board"}]},{"@type":"WebSite","@id":"https:\/\/chattahoochee.org\/#website","url":"https:\/\/chattahoochee.org\/","name":"Chattahoochee Riverkeeper","description":"Since 1994","publisher":{"@id":"https:\/\/chattahoochee.org\/#organization"},"potentialAction":[{"@type":"SearchAction","target":{"@type":"EntryPoint","urlTemplate":"https:\/\/chattahoochee.org\/?s={search_term_string}"},"query-input":{"@type":"PropertyValueSpecification","valueRequired":true,"valueName":"search_term_string"}}],"inLanguage":"es"},{"@type":"Organization","@id":"https:\/\/chattahoochee.org\/#organization","name":"Chattahoochee Riverkeeper","url":"https:\/\/chattahoochee.org\/","logo":{"@type":"ImageObject","inLanguage":"es","@id":"https:\/\/chattahoochee.org\/#\/schema\/logo\/image\/","url":"https:\/\/chattahoochee.org\/wp-content\/uploads\/2021\/11\/CRK-Logo-White-NEW-2025.png","contentUrl":"https:\/\/chattahoochee.org\/wp-content\/uploads\/2021\/11\/CRK-Logo-White-NEW-2025.png","width":2458,"height":501,"caption":"Chattahoochee Riverkeeper"},"image":{"@id":"https:\/\/chattahoochee.org\/#\/schema\/logo\/image\/"}}]}},"_links":{"self":[{"href":"https:\/\/chattahoochee.org\/es\/wp-json\/wp\/v2\/pages\/17371","targetHints":{"allow":["GET"]}}],"collection":[{"href":"https:\/\/chattahoochee.org\/es\/wp-json\/wp\/v2\/pages"}],"about":[{"href":"https:\/\/chattahoochee.org\/es\/wp-json\/wp\/v2\/types\/page"}],"author":[{"embeddable":true,"href":"https:\/\/chattahoochee.org\/es\/wp-json\/wp\/v2\/users\/4"}],"replies":[{"embeddable":true,"href":"https:\/\/chattahoochee.org\/es\/wp-json\/wp\/v2\/comments?post=17371"}],"version-history":[{"count":27,"href":"https:\/\/chattahoochee.org\/es\/wp-json\/wp\/v2\/pages\/17371\/revisions"}],"predecessor-version":[{"id":25858,"href":"https:\/\/chattahoochee.org\/es\/wp-json\/wp\/v2\/pages\/17371\/revisions\/25858"}],"up":[{"embeddable":true,"href":"https:\/\/chattahoochee.org\/es\/wp-json\/wp\/v2\/pages\/17017"}],"wp:featuredmedia":[{"embeddable":true,"href":"https:\/\/chattahoochee.org\/es\/wp-json\/wp\/v2\/media\/15474"}],"wp:attachment":[{"href":"https:\/\/chattahoochee.org\/es\/wp-json\/wp\/v2\/media?parent=17371"}],"curies":[{"name":"wp","href":"https:\/\/api.w.org\/{rel}","templated":true}]}}