{"id":17381,"date":"2019-02-22T19:50:58","date_gmt":"2019-02-23T00:50:58","guid":{"rendered":"https:\/\/chattahoochee.org\/relay\/"},"modified":"2022-06-10T15:18:55","modified_gmt":"2022-06-10T19:18:55","slug":"relay","status":"publish","type":"page","link":"https:\/\/chattahoochee.org\/es\/relay\/","title":{"rendered":"Relevo por el Hooch"},"content":{"rendered":"<div id=\"crk_background_section_block_62538c1fbc9fb\" class=\"crk-background-section color-white-bg background-design-one-blue design-layout-both\">\r\n    <div class=\"crk-background-section-container max-width\">\r\n        \n<div class=\"wp-block-image is-style-default\"><figure class=\"aligncenter size-large is-resized\"><img loading=\"lazy\" decoding=\"async\" src=\"https:\/\/chattahoochee.org\/wp-content\/uploads\/2019\/02\/RelayDTH_Logo-1024x1024.png\" alt=\"\" class=\"wp-image-14992\" width=\"512\" height=\"512\" srcset=\"https:\/\/chattahoochee.org\/wp-content\/uploads\/2019\/02\/RelayDTH_Logo-1024x1024.png 1024w, https:\/\/chattahoochee.org\/wp-content\/uploads\/2019\/02\/RelayDTH_Logo-150x150.png 150w, https:\/\/chattahoochee.org\/wp-content\/uploads\/2019\/02\/RelayDTH_Logo-100x100.png 100w, https:\/\/chattahoochee.org\/wp-content\/uploads\/2019\/02\/RelayDTH_Logo-300x300.png 300w, https:\/\/chattahoochee.org\/wp-content\/uploads\/2019\/02\/RelayDTH_Logo-768x768.png 768w, https:\/\/chattahoochee.org\/wp-content\/uploads\/2019\/02\/RelayDTH_Logo-1536x1536.png 1536w, https:\/\/chattahoochee.org\/wp-content\/uploads\/2019\/02\/RelayDTH_Logo-12x12.png 12w, https:\/\/chattahoochee.org\/wp-content\/uploads\/2019\/02\/RelayDTH_Logo.png 1575w\" sizes=\"auto, (max-width: 512px) 100vw, 512px\" \/><\/figure><\/div>\n\n<div style=\"height:25px\" aria-hidden=\"true\" class=\"wp-block-spacer\"><\/div>\n\n<p class=\"has-text-align-center\">En 2019, Chattahoochee Riverkeeper celebr\u00f3 25 a\u00f1os de vigilancia sobre Chattahoochee. Para honrar nuestro aniversario y el r\u00edo que brinda tanto, CRK se embarc\u00f3 en un ambicioso viaje r\u00edo abajo: un relevo por el Hooch en honor a las 435 millas del r\u00edo Chattahoochee.<\/p>\n\r\n    <\/div>\r\n<\/div><div id=\"crk_section_block_62538ca3bc9fc\" class=\"crk-section color-cream-bg\">\r\n    <div class=\"crk-section-container pos-rel max-width\">\r\n        \n<div class=\"wp-block-columns are-vertically-aligned-center is-layout-flex wp-container-core-columns-is-layout-9d6595d7 wp-block-columns-is-layout-flex\"><div class=\"wp-block-column is-vertically-aligned-center is-layout-flow wp-block-column-is-layout-flow\"><h2 class=\"wp-block-heading\">Desde su origen en las monta\u00f1as del norte de Georgia hasta su confluencia con el r\u00edo Flint en la frontera con Florida, el Chattahoochee es un r\u00edo que nos conecta. <\/h2>\n\n<p>El r\u00edo toca tres estados, innumerables comunidades y m\u00e1s de cinco millones de personas que obtienen su agua potable del r\u00edo todos los d\u00edas. Durante una expedici\u00f3n de nueve meses en 2019, nos reunimos con socios y colaboradores para contar la historia del r\u00edo y todas las cosas que lo hacen especial.<\/p><\/div>\n\n<div class=\"wp-block-column is-vertically-aligned-center is-layout-flow wp-block-column-is-layout-flow\"><script>\r\n    jQuery(function($) {\r\n        $('.flex_gallery_block_62538d2d09094').flexslider({\r\n            animation: \"slide\",\r\n            touch: true,\r\n            controlNav: false,\r\n            directionNav: true        });\r\n    });\r\n<\/script>\r\n\r\n    <div id=\"slider\" class=\"flexslider image-mask flex_gallery_block_62538d2d09094\">\r\n        <ul class=\"slides\">\r\n                            <li>\r\n                    <img decoding=\"async\" src=\"https:\/\/chattahoochee.org\/wp-content\/uploads\/2020\/09\/Photo-Jun-28-9-20-45-AM-768x1024.jpg\" alt=\"\" \/>\r\n                    <p><\/p>\r\n                <\/li>\r\n                            <li>\r\n                    <img decoding=\"async\" src=\"https:\/\/chattahoochee.org\/wp-content\/uploads\/2020\/09\/Photo-Jun-28-10-37-17-AM-768x1024.jpg\" alt=\"\" \/>\r\n                    <p><\/p>\r\n                <\/li>\r\n                            <li>\r\n                    <img decoding=\"async\" src=\"https:\/\/chattahoochee.org\/wp-content\/uploads\/2020\/09\/Captain-Mike-with-Paddle-on-LLALC.jpg\" alt=\"\" \/>\r\n                    <p><\/p>\r\n                <\/li>\r\n                    <\/ul>\r\n    <\/div><\/div><\/div>\n\r\n    <\/div>\r\n<\/div><div id=\"crk_section_block_62538e4a09095\" class=\"crk-section color-blue-bg\">\r\n    <div class=\"crk-section-container pos-rel max-width\">\r\n        \n<h2 class=\"has-text-align-center has-cream-color has-text-color wp-block-heading\">Una aventura \u00e9pica<\/h2>\n\n<p class=\"has-text-align-center has-cream-color has-text-color\">La ruta completa de Relay Down the Hooch abarc\u00f3 435 millas de r\u00edo y estuvo compuesta por m\u00e1s de 35 viajes individuales.<\/p>\n\n<p class=\"has-text-align-center has-cream-color has-text-color\">Todo comenz\u00f3 con una caminata hasta la cabecera del r\u00edo Chattahoochee, un peque\u00f1o manantial en las monta\u00f1as del norte de Georgia. El personal, los voluntarios, los amigos y los socios de CRK partieron de all\u00ed con emocionantes viajes como tubing en Helen y paseos en bote en la sede ol\u00edmpica del lago Lanier. En Metro Atlanta se nos unieron proveedores de equipos y socios sin fines de lucro para remar en el \u00c1rea Recreativa Nacional del R\u00edo Chattahoochee. Al sur de la ciudad, nuestro sal\u00f3n de clases flotante tom\u00f3 el lago West Point y los buscadores de emociones se aventuraron en el campo Columbus Whitewater. Luego, el mism\u00edsimo Riverkeeper naveg\u00f3 en el fiel bote patrullero de CRK hasta el lago Seminole y la frontera con Florida.<\/p>\n\n<p class=\"has-text-align-center has-cream-color has-text-color\">\u00a1Mira el mapa con m\u00e1s detalles sobre nuestro viaje a continuaci\u00f3n!<\/p>\n\n<iframe loading=\"lazy\" title=\"Explora nuestra cuenca\" src=\"\/\/crkeeper.maps.arcgis.com\/apps\/opsdashboard\/index.html#\/399c8909cd224d9c9f073e83e72ee136\" width=\"95%\" height=\"450\" frameborder=\"0\" marginwidth=\"0\" marginheight=\"0\" scrolling=\"no\"><\/iframe>\n\r\n    <\/div>\r\n<\/div><div id=\"crk_section_block_62538eb209096\" class=\"crk-section color-white-bg\">\r\n    <div class=\"crk-section-container pos-rel max-width\">\r\n        \n<h2 class=\"has-text-align-center wp-block-heading\">Agradecimiento especial a nuestros socios<\/h2>\n\n<div class=\"wp-block-columns is-layout-flex wp-container-core-columns-is-layout-9d6595d7 wp-block-columns-is-layout-flex\"><div class=\"wp-block-column is-layout-flow wp-block-column-is-layout-flow\"><p>Club de Remo de Atlanta \/ Club de Remo Jr.<br>Bill Brooksher<br>Aventuras de la garza azul<br>Colinas de Chattahoochee<br>Centro natural de Chattahoochee<br>Conservaci\u00f3n del r\u00edo Chattahoochee<br>\u00c1rea recreativa nacional del r\u00edo Chattahoochee<br>Tuber\u00eda de r\u00edo fresco<br>Parque estatal Don Carter<br>Centro de ciencias naturales de Elachee<br>Escuela secundaria de fundici\u00f3n<br>Puerto deportivo de Gainesville<br>Gary Ganes<br>Red del r\u00edo Georgia<br>GLL al aire libre<br>Parques y ocio del condado de Hall<\/p><\/div>\n\n<div class=\"wp-block-column is-layout-flow wp-block-column-is-layout-flow\"><p>Proveedores de High Country<br>Asociaci\u00f3n del lago Lanier<br>Oficina de Convenciones y Visitantes del Lago Lanier<br>Sede ol\u00edmpica del lago Lanier<br>Club de canoa y kayak Lanier<br>Club de remo Lanier<br>Club N\u00e1utico Lanier<br>Centro al aire libre de Nantahala<br>remeros newnan<br>r\u00edo a trav\u00e9s de atlanta<br>Dispara a la Hooch<br>Proveedores de Unicoi<br>Cuerpo de Ingenieros del Ej\u00e9rcito de los Estados Unidos<br>Coalici\u00f3n del lago West Point<br>Expreso de aguas bravas<br>Proveedores de Wildwood<\/p><\/div><\/div>\n\r\n    <\/div>\r\n<\/div>","protected":false},"excerpt":{"rendered":"<p>In 2019, Chattahoochee Riverkeeper celebrated 25 years of keeping watch over the Chattahoochee. To honor our anniversary and the river that provides so much, CRK embarked on an ambitious journey&hellip;<\/p>","protected":false},"author":4,"featured_media":0,"parent":0,"menu_order":0,"comment_status":"closed","ping_status":"open","template":"","meta":{"_acf_changed":false,"_EventAllDay":false,"_EventTimezone":"","_EventStartDate":"","_EventEndDate":"","_EventStartDateUTC":"","_EventEndDateUTC":"","_EventShowMap":false,"_EventShowMapLink":false,"_EventURL":"","_EventCost":"","_EventCostDescription":"","_EventCurrencySymbol":"","_EventCurrencyCode":"","_EventCurrencyPosition":"","_EventDateTimeSeparator":"","_EventTimeRangeSeparator":"","_EventOrganizerID":[],"_EventVenueID":[],"_OrganizerEmail":"","_OrganizerPhone":"","_OrganizerWebsite":"","_VenueAddress":"","_VenueCity":"","_VenueCountry":"","_VenueProvince":"","_VenueState":"","_VenueZip":"","_VenuePhone":"","_VenueURL":"","_VenueStateProvince":"","_VenueLat":"","_VenueLng":"","_VenueShowMap":false,"_VenueShowMapLink":false,"footnotes":""},"class_list":["post-17381","page","type-page","status-publish","hentry"],"acf":[],"yoast_head":"<!-- This site is optimized with the Yoast SEO plugin v25.1 - https:\/\/yoast.com\/wordpress\/plugins\/seo\/ -->\n<title>Relay Down the Hooch - Chattahoochee Riverkeeper<\/title>\n<meta name=\"robots\" content=\"index, follow, max-snippet:-1, max-image-preview:large, max-video-preview:-1\" \/>\n<link rel=\"canonical\" href=\"https:\/\/chattahoochee.org\/es\/relay\/\" \/>\n<meta property=\"og:locale\" content=\"es_MX\" \/>\n<meta property=\"og:type\" content=\"article\" \/>\n<meta property=\"og:title\" content=\"Relay Down the Hooch - Chattahoochee Riverkeeper\" \/>\n<meta property=\"og:description\" content=\"In 2019, Chattahoochee Riverkeeper celebrated 25 years of keeping watch over the Chattahoochee. To honor our anniversary and the river that provides so much, CRK embarked on an ambitious journey&hellip;\" \/>\n<meta property=\"og:url\" content=\"https:\/\/chattahoochee.org\/es\/relay\/\" \/>\n<meta property=\"og:site_name\" content=\"Chattahoochee Riverkeeper\" \/>\n<meta property=\"article:modified_time\" content=\"2022-06-10T19:18:55+00:00\" \/>\n<meta property=\"og:image\" content=\"https:\/\/chattahoochee.org\/wp-content\/uploads\/2019\/02\/RelayDTH_Logo-1024x1024.png\" \/>\n<meta name=\"twitter:card\" content=\"summary_large_image\" \/>\n<meta name=\"twitter:label1\" content=\"Tiempo de lectura\" \/>\n\t<meta name=\"twitter:data1\" content=\"2 minutos\" \/>\n<script type=\"application\/ld+json\" class=\"yoast-schema-graph\">{\"@context\":\"https:\/\/schema.org\",\"@graph\":[{\"@type\":\"WebPage\",\"@id\":\"https:\/\/chattahoochee.org\/relay\/\",\"url\":\"https:\/\/chattahoochee.org\/relay\/\",\"name\":\"Relay Down the Hooch - Chattahoochee Riverkeeper\",\"isPartOf\":{\"@id\":\"https:\/\/chattahoochee.org\/#website\"},\"primaryImageOfPage\":{\"@id\":\"https:\/\/chattahoochee.org\/relay\/#primaryimage\"},\"image\":{\"@id\":\"https:\/\/chattahoochee.org\/relay\/#primaryimage\"},\"thumbnailUrl\":\"https:\/\/chattahoochee.org\/wp-content\/uploads\/2019\/02\/RelayDTH_Logo-1024x1024.png\",\"datePublished\":\"2019-02-23T00:50:58+00:00\",\"dateModified\":\"2022-06-10T19:18:55+00:00\",\"breadcrumb\":{\"@id\":\"https:\/\/chattahoochee.org\/relay\/#breadcrumb\"},\"inLanguage\":\"es\",\"potentialAction\":[{\"@type\":\"ReadAction\",\"target\":[\"https:\/\/chattahoochee.org\/relay\/\"]}]},{\"@type\":\"ImageObject\",\"inLanguage\":\"es\",\"@id\":\"https:\/\/chattahoochee.org\/relay\/#primaryimage\",\"url\":\"https:\/\/chattahoochee.org\/wp-content\/uploads\/2019\/02\/RelayDTH_Logo-1024x1024.png\",\"contentUrl\":\"https:\/\/chattahoochee.org\/wp-content\/uploads\/2019\/02\/RelayDTH_Logo-1024x1024.png\"},{\"@type\":\"BreadcrumbList\",\"@id\":\"https:\/\/chattahoochee.org\/relay\/#breadcrumb\",\"itemListElement\":[{\"@type\":\"ListItem\",\"position\":1,\"name\":\"Home\",\"item\":\"https:\/\/chattahoochee.org\/\"},{\"@type\":\"ListItem\",\"position\":2,\"name\":\"Relay Down the Hooch\"}]},{\"@type\":\"WebSite\",\"@id\":\"https:\/\/chattahoochee.org\/#website\",\"url\":\"https:\/\/chattahoochee.org\/\",\"name\":\"Chattahoochee Riverkeeper\",\"description\":\"Since 1994\",\"publisher\":{\"@id\":\"https:\/\/chattahoochee.org\/#organization\"},\"potentialAction\":[{\"@type\":\"SearchAction\",\"target\":{\"@type\":\"EntryPoint\",\"urlTemplate\":\"https:\/\/chattahoochee.org\/?s={search_term_string}\"},\"query-input\":{\"@type\":\"PropertyValueSpecification\",\"valueRequired\":true,\"valueName\":\"search_term_string\"}}],\"inLanguage\":\"es\"},{\"@type\":\"Organization\",\"@id\":\"https:\/\/chattahoochee.org\/#organization\",\"name\":\"Chattahoochee Riverkeeper\",\"url\":\"https:\/\/chattahoochee.org\/\",\"logo\":{\"@type\":\"ImageObject\",\"inLanguage\":\"es\",\"@id\":\"https:\/\/chattahoochee.org\/#\/schema\/logo\/image\/\",\"url\":\"https:\/\/chattahoochee.org\/wp-content\/uploads\/2021\/11\/CRK-Logo-White-NEW-2025.png\",\"contentUrl\":\"https:\/\/chattahoochee.org\/wp-content\/uploads\/2021\/11\/CRK-Logo-White-NEW-2025.png\",\"width\":2458,\"height\":501,\"caption\":\"Chattahoochee Riverkeeper\"},\"image\":{\"@id\":\"https:\/\/chattahoochee.org\/#\/schema\/logo\/image\/\"}}]}<\/script>\n<!-- \/ Yoast SEO plugin. -->","yoast_head_json":{"title":"Relay Down the Hooch - Chattahoochee Riverkeeper","robots":{"index":"index","follow":"follow","max-snippet":"max-snippet:-1","max-image-preview":"max-image-preview:large","max-video-preview":"max-video-preview:-1"},"canonical":"https:\/\/chattahoochee.org\/es\/relay\/","og_locale":"es_MX","og_type":"article","og_title":"Relay Down the Hooch - Chattahoochee Riverkeeper","og_description":"In 2019, Chattahoochee Riverkeeper celebrated 25 years of keeping watch over the Chattahoochee. To honor our anniversary and the river that provides so much, CRK embarked on an ambitious journey&hellip;","og_url":"https:\/\/chattahoochee.org\/es\/relay\/","og_site_name":"Chattahoochee Riverkeeper","article_modified_time":"2022-06-10T19:18:55+00:00","og_image":[{"url":"https:\/\/chattahoochee.org\/wp-content\/uploads\/2019\/02\/RelayDTH_Logo-1024x1024.png","type":"","width":"","height":""}],"twitter_card":"summary_large_image","twitter_misc":{"Tiempo de lectura":"2 minutos"},"schema":{"@context":"https:\/\/schema.org","@graph":[{"@type":"WebPage","@id":"https:\/\/chattahoochee.org\/relay\/","url":"https:\/\/chattahoochee.org\/relay\/","name":"Relay Down the Hooch - Chattahoochee Riverkeeper","isPartOf":{"@id":"https:\/\/chattahoochee.org\/#website"},"primaryImageOfPage":{"@id":"https:\/\/chattahoochee.org\/relay\/#primaryimage"},"image":{"@id":"https:\/\/chattahoochee.org\/relay\/#primaryimage"},"thumbnailUrl":"https:\/\/chattahoochee.org\/wp-content\/uploads\/2019\/02\/RelayDTH_Logo-1024x1024.png","datePublished":"2019-02-23T00:50:58+00:00","dateModified":"2022-06-10T19:18:55+00:00","breadcrumb":{"@id":"https:\/\/chattahoochee.org\/relay\/#breadcrumb"},"inLanguage":"es","potentialAction":[{"@type":"ReadAction","target":["https:\/\/chattahoochee.org\/relay\/"]}]},{"@type":"ImageObject","inLanguage":"es","@id":"https:\/\/chattahoochee.org\/relay\/#primaryimage","url":"https:\/\/chattahoochee.org\/wp-content\/uploads\/2019\/02\/RelayDTH_Logo-1024x1024.png","contentUrl":"https:\/\/chattahoochee.org\/wp-content\/uploads\/2019\/02\/RelayDTH_Logo-1024x1024.png"},{"@type":"BreadcrumbList","@id":"https:\/\/chattahoochee.org\/relay\/#breadcrumb","itemListElement":[{"@type":"ListItem","position":1,"name":"Home","item":"https:\/\/chattahoochee.org\/"},{"@type":"ListItem","position":2,"name":"Relay Down the Hooch"}]},{"@type":"WebSite","@id":"https:\/\/chattahoochee.org\/#website","url":"https:\/\/chattahoochee.org\/","name":"Chattahoochee Riverkeeper","description":"Since 1994","publisher":{"@id":"https:\/\/chattahoochee.org\/#organization"},"potentialAction":[{"@type":"SearchAction","target":{"@type":"EntryPoint","urlTemplate":"https:\/\/chattahoochee.org\/?s={search_term_string}"},"query-input":{"@type":"PropertyValueSpecification","valueRequired":true,"valueName":"search_term_string"}}],"inLanguage":"es"},{"@type":"Organization","@id":"https:\/\/chattahoochee.org\/#organization","name":"Chattahoochee Riverkeeper","url":"https:\/\/chattahoochee.org\/","logo":{"@type":"ImageObject","inLanguage":"es","@id":"https:\/\/chattahoochee.org\/#\/schema\/logo\/image\/","url":"https:\/\/chattahoochee.org\/wp-content\/uploads\/2021\/11\/CRK-Logo-White-NEW-2025.png","contentUrl":"https:\/\/chattahoochee.org\/wp-content\/uploads\/2021\/11\/CRK-Logo-White-NEW-2025.png","width":2458,"height":501,"caption":"Chattahoochee Riverkeeper"},"image":{"@id":"https:\/\/chattahoochee.org\/#\/schema\/logo\/image\/"}}]}},"_links":{"self":[{"href":"https:\/\/chattahoochee.org\/es\/wp-json\/wp\/v2\/pages\/17381","targetHints":{"allow":["GET"]}}],"collection":[{"href":"https:\/\/chattahoochee.org\/es\/wp-json\/wp\/v2\/pages"}],"about":[{"href":"https:\/\/chattahoochee.org\/es\/wp-json\/wp\/v2\/types\/page"}],"author":[{"embeddable":true,"href":"https:\/\/chattahoochee.org\/es\/wp-json\/wp\/v2\/users\/4"}],"replies":[{"embeddable":true,"href":"https:\/\/chattahoochee.org\/es\/wp-json\/wp\/v2\/comments?post=17381"}],"version-history":[{"count":20,"href":"https:\/\/chattahoochee.org\/es\/wp-json\/wp\/v2\/pages\/17381\/revisions"}],"predecessor-version":[{"id":19211,"href":"https:\/\/chattahoochee.org\/es\/wp-json\/wp\/v2\/pages\/17381\/revisions\/19211"}],"wp:attachment":[{"href":"https:\/\/chattahoochee.org\/es\/wp-json\/wp\/v2\/media?parent=17381"}],"curies":[{"name":"wp","href":"https:\/\/api.w.org\/{rel}","templated":true}]}}