{"id":17404,"date":"2019-08-28T18:27:14","date_gmt":"2019-08-28T22:27:14","guid":{"rendered":"https:\/\/chattahoochee.org\/gtdo\/"},"modified":"2022-06-10T15:18:53","modified_gmt":"2022-06-10T19:18:53","slug":"gtdo","status":"publish","type":"page","link":"https:\/\/chattahoochee.org\/es\/gtdo\/","title":{"rendered":"sacar la suciedad"},"content":{"rendered":"<div class=\"wp-block-cover\" style=\"min-height:450px;aspect-ratio:unset;\"><span aria-hidden=\"true\" class=\"has-blue-background-color has-background-dim-70 wp-block-cover__gradient-background has-background-dim\"><\/span><img loading=\"lazy\" decoding=\"async\" width=\"904\" height=\"604\" class=\"wp-block-cover__image-background wp-image-17071\" alt=\"\" src=\"https:\/\/chattahoochee.org\/wp-content\/uploads\/2022\/03\/AllCRKReportAProb_v1.jpg\" data-object-fit=\"cover\" srcset=\"https:\/\/chattahoochee.org\/wp-content\/uploads\/2022\/03\/AllCRKReportAProb_v1.jpg 904w, https:\/\/chattahoochee.org\/wp-content\/uploads\/2022\/03\/AllCRKReportAProb_v1-300x200.jpg 300w, https:\/\/chattahoochee.org\/wp-content\/uploads\/2022\/03\/AllCRKReportAProb_v1-768x513.jpg 768w, https:\/\/chattahoochee.org\/wp-content\/uploads\/2022\/03\/AllCRKReportAProb_v1-18x12.jpg 18w\" sizes=\"auto, (max-width: 904px) 100vw, 904px\" \/><div class=\"wp-block-cover__inner-container is-layout-flow wp-block-cover-is-layout-flow\"><div class=\"wp-block-columns are-vertically-aligned-center is-layout-flex wp-container-core-columns-is-layout-9d6595d7 wp-block-columns-is-layout-flex\"><div class=\"wp-block-column is-vertically-aligned-center is-layout-flow wp-block-column-is-layout-flow\" style=\"flex-basis:30%\"><div class=\"wp-block-image is-style-default\"><figure class=\"aligncenter size-medium is-resized\"><img loading=\"lazy\" decoding=\"async\" src=\"https:\/\/chattahoochee.org\/wp-content\/uploads\/2019\/09\/GHDO_Logo_v2-300x300.png\" alt=\"\" class=\"wp-image-15203\" width=\"225\" height=\"225\" srcset=\"https:\/\/chattahoochee.org\/wp-content\/uploads\/2019\/09\/GHDO_Logo_v2-300x300.png 300w, https:\/\/chattahoochee.org\/wp-content\/uploads\/2019\/09\/GHDO_Logo_v2-150x150.png 150w, https:\/\/chattahoochee.org\/wp-content\/uploads\/2019\/09\/GHDO_Logo_v2-100x100.png 100w, https:\/\/chattahoochee.org\/wp-content\/uploads\/2019\/09\/GHDO_Logo_v2-12x12.png 12w, https:\/\/chattahoochee.org\/wp-content\/uploads\/2019\/09\/GHDO_Logo_v2.png 658w\" sizes=\"auto, (max-width: 225px) 100vw, 225px\" \/><\/figure><\/div><\/div>\n\n<div class=\"wp-block-column is-vertically-aligned-center is-layout-flow wp-block-column-is-layout-flow\" style=\"flex-basis:70%\"><h1 class=\"has-cream-color has-text-color wp-block-heading\">sacar la suciedad<\/h1>\n\n<p class=\"has-cream-color has-text-color\">Los sedimentos arrastrados por la escorrent\u00eda de las aguas pluviales de los sitios de construcci\u00f3n son la principal fuente de contaminaci\u00f3n de fuentes difusas en los r\u00edos de Georgia. Este sedimento puede degradar la calidad del agua en los arroyos y r\u00edos de los que dependemos para el agua potable, la asimilaci\u00f3n de desechos, la recreaci\u00f3n, el h\u00e1bitat de la vida silvestre y la pesca.<\/p><\/div><\/div><\/div><\/div><div id=\"crk_section_block_623d4b6b4dd27\" class=\"crk-section color-cream-bg\">\r\n    <div class=\"crk-section-container pos-rel max-width\">\r\n        \n<h2 class=\"has-text-align-center wp-block-heading\">Proyecto de aguas pluviales de construcci\u00f3n de Georgia<\/h2>\n\n<p class=\"has-text-align-center\">Esta p\u00e1gina se desarroll\u00f3 como una capacitaci\u00f3n autoguiada para ciudadanos interesados en c\u00f3mo detectar sitios que no cumplen con las leyes de control de erosi\u00f3n y sedimentaci\u00f3n de Georgia. \u00a1Siga los pasos a continuaci\u00f3n para aprender c\u00f3mo puede evitar que los sedimentos contaminen nuestros r\u00edos!<\/p>\n\n<div id=\"block_624112b886255\" class=\"crk-block-columns crk-grid\" style=\"grid-template-columns: repeat(2, 1fr);\">\r\n    \n<div class=\"wp-block-column is-layout-flow wp-block-column-is-layout-flow\"><div class=\"clip-top clip-offset p-t-30 has-blue-background-color\"><\/div>\r\n<div class=\"cta-block-content p-l-50 p-r-50 p-t-50 p-b-20 has-blue-background-color\">\r\n    \n<div class=\"crk-icon-block icon_align_center align-vertical stack-content size-fa-2x\">\r\n\r\n    <a href=\"\/es\/gtdo\/impacts-of-erosion-sedimentation\/\" target=\"_self\" title=\"Impactos de la erosi\u00f3n y la sedimentaci\u00f3n\">\r\n    <div class=\"crk-icon-bg-holder\">\r\n         <div class=\"crk-icon-bg  has-light-blue-background-color\">             <i class=\"fas fa-fish fa-2x has-blue-color\"><\/i>\r\n        <\/div>    <\/div>\r\n\r\n    <\/a>\r\n    <div class=\"crk-icon-content\">\n<h2 class=\"has-text-align-center m-b-0 has-cream-color has-text-color wp-block-heading\">Impactos de la erosi\u00f3n y la sedimentaci\u00f3n<\/h2>\n<\/div><\/div>\n\n<hr class=\"wp-block-separator has-text-color has-background has-light-blue-background-color has-light-blue-color m-t-10 m-b-10 is-style-default\"\/>\n\n<p class=\"has-text-align-center has-cream-color has-text-color\"><a href=\"https:\/\/chattahoochee.org\/es\/gtdo\/impacts-of-erosion-sedimentation\/\" data-type=\"page\" data-id=\"17406\">Aprende m\u00e1s<\/a> sobre los impactos del exceso de sedimentos en nuestras v\u00edas fluviales.<\/p>\n\r\n<\/div>\r\n<div class=\"clip-bottom clip-offset p-b-30 has-blue-background-color\"><\/div><\/div>\n\n<div class=\"wp-block-column is-layout-flow wp-block-column-is-layout-flow\"><div class=\"clip-top clip-offset p-t-30 has-blue-background-color\"><\/div>\r\n<div class=\"cta-block-content p-l-50 p-r-50 p-t-50 p-b-20 has-blue-background-color\">\r\n    \n<div class=\"crk-icon-block icon_align_center align-vertical stack-content size-fa-2x\">\r\n\r\n    <a href=\"https:\/\/chattahoochee.org\/es\/gtdo\/how-to-identify-problem-sites\/\" target=\"_self\" title=\"C\u00f3mo identificar sitios problem\u00e1ticos\">\r\n    <div class=\"crk-icon-bg-holder\">\r\n         <div class=\"crk-icon-bg  has-light-blue-background-color\">             <i class=\"fas fa-search-location fa-2x has-blue-color\"><\/i>\r\n        <\/div>    <\/div>\r\n\r\n    <\/a>\r\n    <div class=\"crk-icon-content\">\n<h2 class=\"has-text-align-center m-b-0 has-cream-color has-text-color wp-block-heading\">C\u00f3mo identificar sitios problem\u00e1ticos<\/h2>\n<\/div><\/div>\n\n<hr class=\"wp-block-separator has-text-color has-background has-light-blue-background-color has-light-blue-color m-t-10 m-b-10 is-style-default\"\/>\n\n<p class=\"has-text-align-center has-cream-color has-text-color\"><a href=\"https:\/\/chattahoochee.org\/es\/gtdo\/how-to-identify-problem-sites\/\" data-type=\"page\" data-id=\"17409\">Aprender c\u00f3mo<\/a> para ayudar a identificar problemas al saber qu\u00e9 buscar.<\/p>\n\r\n<\/div>\r\n<div class=\"clip-bottom clip-offset p-b-30 has-blue-background-color\"><\/div><\/div>\n\n<div class=\"wp-block-column is-layout-flow wp-block-column-is-layout-flow\"><div class=\"clip-top clip-offset p-t-30 has-blue-background-color\"><\/div>\r\n<div class=\"cta-block-content p-l-50 p-r-50 p-t-50 p-b-20 has-blue-background-color\">\r\n    \n<div class=\"crk-icon-block icon_align_center align-vertical stack-content size-fa-2x\">\r\n\r\n    <a href=\"https:\/\/chattahoochee.org\/es\/gtdo\/laws-and-permits\/\" target=\"_self\" title=\"Leyes y Permisos\">\r\n    <div class=\"crk-icon-bg-holder\">\r\n         <div class=\"crk-icon-bg  has-light-blue-background-color\">             <i class=\"fas fa-balance-scale fa-2x has-blue-color\"><\/i>\r\n        <\/div>    <\/div>\r\n\r\n    <\/a>\r\n    <div class=\"crk-icon-content\">\n<h2 class=\"has-text-align-center m-b-0 has-cream-color has-text-color wp-block-heading\">Leyes y Permisos<\/h2>\n<\/div><\/div>\n\n<hr class=\"wp-block-separator has-text-color has-background has-light-blue-background-color has-light-blue-color m-t-10 m-b-10 is-style-default\"\/>\n\n<p class=\"has-text-align-center has-cream-color has-text-color\"><a href=\"https:\/\/chattahoochee.org\/es\/gtdo\/laws-and-permits\/\" data-type=\"page\" data-id=\"17411\">Aprende m\u00e1s<\/a> sobre las leyes y permisos que rigen las actividades de alteraci\u00f3n de la tierra.<\/p>\n\r\n<\/div>\r\n<div class=\"clip-bottom clip-offset p-b-30 has-blue-background-color\"><\/div><\/div>\n\n<div class=\"wp-block-column is-layout-flow wp-block-column-is-layout-flow\"><div class=\"clip-top clip-offset p-t-30 has-blue-background-color\"><\/div>\r\n<div class=\"cta-block-content p-l-50 p-r-50 p-t-50 p-b-20 has-blue-background-color\">\r\n    \n<div class=\"crk-icon-block icon_align_center align-vertical stack-content size-fa-2x\">\r\n\r\n    <a href=\"https:\/\/chattahoochee.org\/es\/gtdo\/how-to-report-a-violation\/\" target=\"_self\" title=\"C\u00f3mo denunciar una infracci\u00f3n\">\r\n    <div class=\"crk-icon-bg-holder\">\r\n         <div class=\"crk-icon-bg  has-light-blue-background-color\">             <i class=\"fas fa-phone-alt fa-2x has-blue-color\"><\/i>\r\n        <\/div>    <\/div>\r\n\r\n    <\/a>\r\n    <div class=\"crk-icon-content\">\n<h2 class=\"has-text-align-center m-b-0 has-cream-color has-text-color wp-block-heading\">C\u00f3mo denunciar una infracci\u00f3n<\/h2>\n<\/div><\/div>\n\n<hr class=\"wp-block-separator has-text-color has-background has-light-blue-background-color has-light-blue-color m-t-10 m-b-10 is-style-default\"\/>\n\n<p class=\"has-text-align-center has-cream-color has-text-color\"><a href=\"https:\/\/chattahoochee.org\/es\/gtdo\/how-to-report-a-violation\/\" data-type=\"page\" data-id=\"17410\">Aprender qu\u00e9<\/a> hacer y a qui\u00e9n contactar si encuentra un sitio problem\u00e1tico.<\/p>\n\r\n<\/div>\r\n<div class=\"clip-bottom clip-offset p-b-30 has-blue-background-color\"><\/div><\/div>\n<\/div>\n\r\n    <\/div>\r\n<\/div><div id=\"crk_section_block_6241f1f78625f\" class=\"crk-section color-white-bg\">\r\n    <div class=\"crk-section-container pos-rel max-width\">\r\n        \n<div class=\"wp-block-columns are-vertically-aligned-center is-layout-flex wp-container-core-columns-is-layout-9d6595d7 wp-block-columns-is-layout-flex\"><div class=\"wp-block-column is-vertically-aligned-center is-layout-flow wp-block-column-is-layout-flow\"><h2 class=\"wp-block-heading\">Historia<\/h2>\n\n<p>En 2005, un estudio realizado por Chattahoochee Riverkeeper determin\u00f3 que dos tercios de los sitios de construcci\u00f3n ten\u00edan graves violaciones de la calidad del agua. La ra\u00edz del problema: la falta de educaci\u00f3n, cumplimiento y conciencia p\u00fablica.<br><\/p>\n\n<p>Como resultado, lanzamos el programa de capacitaci\u00f3n Get the Dirt Out para ense\u00f1ar a los ciudadanos c\u00f3mo detectar sitios de construcci\u00f3n que no cumplen con las leyes de agua limpia y qu\u00e9 hacer al respecto.<\/p>\n\n<p class=\"has-text-align-center\"><em>Este proyecto es generosamente apoyado en parte por<\/em><\/p>\n\n<div class=\"wp-block-image is-style-default\"><figure class=\"aligncenter size-medium is-resized\"><img loading=\"lazy\" decoding=\"async\" src=\"https:\/\/chattahoochee.org\/wp-content\/uploads\/2019\/03\/TEC-logo-Color-300x195.jpg\" alt=\"\" class=\"wp-image-15051\" width=\"150\" height=\"98\" srcset=\"https:\/\/chattahoochee.org\/wp-content\/uploads\/2019\/03\/TEC-logo-Color-300x195.jpg 300w, https:\/\/chattahoochee.org\/wp-content\/uploads\/2019\/03\/TEC-logo-Color-1024x666.jpg 1024w, https:\/\/chattahoochee.org\/wp-content\/uploads\/2019\/03\/TEC-logo-Color-768x499.jpg 768w, https:\/\/chattahoochee.org\/wp-content\/uploads\/2019\/03\/TEC-logo-Color-18x12.jpg 18w, https:\/\/chattahoochee.org\/wp-content\/uploads\/2019\/03\/TEC-logo-Color.jpg 1537w\" sizes=\"auto, (max-width: 150px) 100vw, 150px\" \/><\/figure><\/div><\/div>\n\n<div class=\"wp-block-column is-vertically-aligned-center is-layout-flow wp-block-column-is-layout-flow\"><figure class=\"wp-block-image size-large is-style-image-mask\"><img loading=\"lazy\" decoding=\"async\" width=\"1024\" height=\"768\" src=\"https:\/\/chattahoochee.org\/wp-content\/uploads\/2019\/07\/Dirty-Site-1024x768.jpg\" alt=\"\" class=\"wp-image-15126\" srcset=\"https:\/\/chattahoochee.org\/wp-content\/uploads\/2019\/07\/Dirty-Site-1024x768.jpg 1024w, https:\/\/chattahoochee.org\/wp-content\/uploads\/2019\/07\/Dirty-Site-300x225.jpg 300w, https:\/\/chattahoochee.org\/wp-content\/uploads\/2019\/07\/Dirty-Site-768x576.jpg 768w, https:\/\/chattahoochee.org\/wp-content\/uploads\/2019\/07\/Dirty-Site-1536x1152.jpg 1536w, https:\/\/chattahoochee.org\/wp-content\/uploads\/2019\/07\/Dirty-Site-16x12.jpg 16w, https:\/\/chattahoochee.org\/wp-content\/uploads\/2019\/07\/Dirty-Site.jpg 2016w\" sizes=\"auto, (max-width: 1024px) 100vw, 1024px\" \/><\/figure><\/div><\/div>\n\r\n    <\/div>\r\n<\/div>","protected":false},"excerpt":{"rendered":"<p>Elimine la suciedad Los sedimentos transportados por la escorrent\u00eda de las aguas pluviales de los sitios de construcci\u00f3n son la fuente principal de contaminaci\u00f3n de fuente difusa en los r\u00edos de Georgia. Este sedimento puede degradar la calidad del agua...<\/p>","protected":false},"author":4,"featured_media":0,"parent":0,"menu_order":0,"comment_status":"closed","ping_status":"open","template":"","meta":{"_acf_changed":false,"_EventAllDay":false,"_EventTimezone":"","_EventStartDate":"","_EventEndDate":"","_EventStartDateUTC":"","_EventEndDateUTC":"","_EventShowMap":false,"_EventShowMapLink":false,"_EventURL":"","_EventCost":"","_EventCostDescription":"","_EventCurrencySymbol":"","_EventCurrencyCode":"","_EventCurrencyPosition":"","_EventDateTimeSeparator":"","_EventTimeRangeSeparator":"","_EventOrganizerID":[],"_EventVenueID":[],"_OrganizerEmail":"","_OrganizerPhone":"","_OrganizerWebsite":"","_VenueAddress":"","_VenueCity":"","_VenueCountry":"","_VenueProvince":"","_VenueState":"","_VenueZip":"","_VenuePhone":"","_VenueURL":"","_VenueStateProvince":"","_VenueLat":"","_VenueLng":"","_VenueShowMap":false,"_VenueShowMapLink":false,"footnotes":""},"class_list":["post-17404","page","type-page","status-publish","hentry"],"acf":[],"yoast_head":"<!-- This site is optimized with the Yoast SEO plugin v25.1 - https:\/\/yoast.com\/wordpress\/plugins\/seo\/ -->\n<title>Get the Dirt Out - Chattahoochee Riverkeeper<\/title>\n<meta name=\"robots\" content=\"index, follow, max-snippet:-1, max-image-preview:large, max-video-preview:-1\" \/>\n<link rel=\"canonical\" href=\"https:\/\/chattahoochee.org\/es\/gtdo\/\" \/>\n<meta property=\"og:locale\" content=\"es_MX\" \/>\n<meta property=\"og:type\" content=\"article\" \/>\n<meta property=\"og:title\" content=\"Get the Dirt Out - Chattahoochee Riverkeeper\" \/>\n<meta property=\"og:description\" content=\"Get The Dirt Out Sediment carried by stormwater runoff from construction sites is the leading source of non-point source pollution to rivers in Georgia. This sediment can degrade water quality&hellip;\" \/>\n<meta property=\"og:url\" content=\"https:\/\/chattahoochee.org\/es\/gtdo\/\" \/>\n<meta property=\"og:site_name\" content=\"Chattahoochee Riverkeeper\" \/>\n<meta property=\"article:modified_time\" content=\"2022-06-10T19:18:53+00:00\" \/>\n<meta property=\"og:image\" content=\"https:\/\/chattahoochee.org\/wp-content\/uploads\/2022\/03\/AllCRKReportAProb_v1.jpg\" \/>\n<meta name=\"twitter:card\" content=\"summary_large_image\" \/>\n<meta name=\"twitter:label1\" content=\"Tiempo de lectura\" \/>\n\t<meta name=\"twitter:data1\" content=\"1 minuto\" \/>\n<script type=\"application\/ld+json\" class=\"yoast-schema-graph\">{\"@context\":\"https:\/\/schema.org\",\"@graph\":[{\"@type\":\"WebPage\",\"@id\":\"https:\/\/chattahoochee.org\/gtdo\/\",\"url\":\"https:\/\/chattahoochee.org\/gtdo\/\",\"name\":\"Get the Dirt Out - Chattahoochee Riverkeeper\",\"isPartOf\":{\"@id\":\"https:\/\/chattahoochee.org\/#website\"},\"primaryImageOfPage\":{\"@id\":\"https:\/\/chattahoochee.org\/gtdo\/#primaryimage\"},\"image\":{\"@id\":\"https:\/\/chattahoochee.org\/gtdo\/#primaryimage\"},\"thumbnailUrl\":\"https:\/\/chattahoochee.org\/wp-content\/uploads\/2022\/03\/AllCRKReportAProb_v1.jpg\",\"datePublished\":\"2019-08-28T22:27:14+00:00\",\"dateModified\":\"2022-06-10T19:18:53+00:00\",\"breadcrumb\":{\"@id\":\"https:\/\/chattahoochee.org\/gtdo\/#breadcrumb\"},\"inLanguage\":\"es\",\"potentialAction\":[{\"@type\":\"ReadAction\",\"target\":[\"https:\/\/chattahoochee.org\/gtdo\/\"]}]},{\"@type\":\"ImageObject\",\"inLanguage\":\"es\",\"@id\":\"https:\/\/chattahoochee.org\/gtdo\/#primaryimage\",\"url\":\"https:\/\/chattahoochee.org\/wp-content\/uploads\/2022\/03\/AllCRKReportAProb_v1.jpg\",\"contentUrl\":\"https:\/\/chattahoochee.org\/wp-content\/uploads\/2022\/03\/AllCRKReportAProb_v1.jpg\"},{\"@type\":\"BreadcrumbList\",\"@id\":\"https:\/\/chattahoochee.org\/gtdo\/#breadcrumb\",\"itemListElement\":[{\"@type\":\"ListItem\",\"position\":1,\"name\":\"Home\",\"item\":\"https:\/\/chattahoochee.org\/\"},{\"@type\":\"ListItem\",\"position\":2,\"name\":\"Get the Dirt Out\"}]},{\"@type\":\"WebSite\",\"@id\":\"https:\/\/chattahoochee.org\/#website\",\"url\":\"https:\/\/chattahoochee.org\/\",\"name\":\"Chattahoochee Riverkeeper\",\"description\":\"Since 1994\",\"publisher\":{\"@id\":\"https:\/\/chattahoochee.org\/#organization\"},\"potentialAction\":[{\"@type\":\"SearchAction\",\"target\":{\"@type\":\"EntryPoint\",\"urlTemplate\":\"https:\/\/chattahoochee.org\/?s={search_term_string}\"},\"query-input\":{\"@type\":\"PropertyValueSpecification\",\"valueRequired\":true,\"valueName\":\"search_term_string\"}}],\"inLanguage\":\"es\"},{\"@type\":\"Organization\",\"@id\":\"https:\/\/chattahoochee.org\/#organization\",\"name\":\"Chattahoochee Riverkeeper\",\"url\":\"https:\/\/chattahoochee.org\/\",\"logo\":{\"@type\":\"ImageObject\",\"inLanguage\":\"es\",\"@id\":\"https:\/\/chattahoochee.org\/#\/schema\/logo\/image\/\",\"url\":\"https:\/\/chattahoochee.org\/wp-content\/uploads\/2021\/11\/CRK-Logo-White-NEW-2025.png\",\"contentUrl\":\"https:\/\/chattahoochee.org\/wp-content\/uploads\/2021\/11\/CRK-Logo-White-NEW-2025.png\",\"width\":2458,\"height\":501,\"caption\":\"Chattahoochee Riverkeeper\"},\"image\":{\"@id\":\"https:\/\/chattahoochee.org\/#\/schema\/logo\/image\/\"}}]}<\/script>\n<!-- \/ Yoast SEO plugin. -->","yoast_head_json":{"title":"Get the Dirt Out - Chattahoochee Riverkeeper","robots":{"index":"index","follow":"follow","max-snippet":"max-snippet:-1","max-image-preview":"max-image-preview:large","max-video-preview":"max-video-preview:-1"},"canonical":"https:\/\/chattahoochee.org\/es\/gtdo\/","og_locale":"es_MX","og_type":"article","og_title":"Get the Dirt Out - Chattahoochee Riverkeeper","og_description":"Get The Dirt Out Sediment carried by stormwater runoff from construction sites is the leading source of non-point source pollution to rivers in Georgia. This sediment can degrade water quality&hellip;","og_url":"https:\/\/chattahoochee.org\/es\/gtdo\/","og_site_name":"Chattahoochee Riverkeeper","article_modified_time":"2022-06-10T19:18:53+00:00","og_image":[{"url":"https:\/\/chattahoochee.org\/wp-content\/uploads\/2022\/03\/AllCRKReportAProb_v1.jpg","type":"","width":"","height":""}],"twitter_card":"summary_large_image","twitter_misc":{"Tiempo de lectura":"1 minuto"},"schema":{"@context":"https:\/\/schema.org","@graph":[{"@type":"WebPage","@id":"https:\/\/chattahoochee.org\/gtdo\/","url":"https:\/\/chattahoochee.org\/gtdo\/","name":"Get the Dirt Out - Chattahoochee Riverkeeper","isPartOf":{"@id":"https:\/\/chattahoochee.org\/#website"},"primaryImageOfPage":{"@id":"https:\/\/chattahoochee.org\/gtdo\/#primaryimage"},"image":{"@id":"https:\/\/chattahoochee.org\/gtdo\/#primaryimage"},"thumbnailUrl":"https:\/\/chattahoochee.org\/wp-content\/uploads\/2022\/03\/AllCRKReportAProb_v1.jpg","datePublished":"2019-08-28T22:27:14+00:00","dateModified":"2022-06-10T19:18:53+00:00","breadcrumb":{"@id":"https:\/\/chattahoochee.org\/gtdo\/#breadcrumb"},"inLanguage":"es","potentialAction":[{"@type":"ReadAction","target":["https:\/\/chattahoochee.org\/gtdo\/"]}]},{"@type":"ImageObject","inLanguage":"es","@id":"https:\/\/chattahoochee.org\/gtdo\/#primaryimage","url":"https:\/\/chattahoochee.org\/wp-content\/uploads\/2022\/03\/AllCRKReportAProb_v1.jpg","contentUrl":"https:\/\/chattahoochee.org\/wp-content\/uploads\/2022\/03\/AllCRKReportAProb_v1.jpg"},{"@type":"BreadcrumbList","@id":"https:\/\/chattahoochee.org\/gtdo\/#breadcrumb","itemListElement":[{"@type":"ListItem","position":1,"name":"Home","item":"https:\/\/chattahoochee.org\/"},{"@type":"ListItem","position":2,"name":"Get the Dirt Out"}]},{"@type":"WebSite","@id":"https:\/\/chattahoochee.org\/#website","url":"https:\/\/chattahoochee.org\/","name":"Chattahoochee Riverkeeper","description":"Since 1994","publisher":{"@id":"https:\/\/chattahoochee.org\/#organization"},"potentialAction":[{"@type":"SearchAction","target":{"@type":"EntryPoint","urlTemplate":"https:\/\/chattahoochee.org\/?s={search_term_string}"},"query-input":{"@type":"PropertyValueSpecification","valueRequired":true,"valueName":"search_term_string"}}],"inLanguage":"es"},{"@type":"Organization","@id":"https:\/\/chattahoochee.org\/#organization","name":"Chattahoochee Riverkeeper","url":"https:\/\/chattahoochee.org\/","logo":{"@type":"ImageObject","inLanguage":"es","@id":"https:\/\/chattahoochee.org\/#\/schema\/logo\/image\/","url":"https:\/\/chattahoochee.org\/wp-content\/uploads\/2021\/11\/CRK-Logo-White-NEW-2025.png","contentUrl":"https:\/\/chattahoochee.org\/wp-content\/uploads\/2021\/11\/CRK-Logo-White-NEW-2025.png","width":2458,"height":501,"caption":"Chattahoochee Riverkeeper"},"image":{"@id":"https:\/\/chattahoochee.org\/#\/schema\/logo\/image\/"}}]}},"_links":{"self":[{"href":"https:\/\/chattahoochee.org\/es\/wp-json\/wp\/v2\/pages\/17404","targetHints":{"allow":["GET"]}}],"collection":[{"href":"https:\/\/chattahoochee.org\/es\/wp-json\/wp\/v2\/pages"}],"about":[{"href":"https:\/\/chattahoochee.org\/es\/wp-json\/wp\/v2\/types\/page"}],"author":[{"embeddable":true,"href":"https:\/\/chattahoochee.org\/es\/wp-json\/wp\/v2\/users\/4"}],"replies":[{"embeddable":true,"href":"https:\/\/chattahoochee.org\/es\/wp-json\/wp\/v2\/comments?post=17404"}],"version-history":[{"count":90,"href":"https:\/\/chattahoochee.org\/es\/wp-json\/wp\/v2\/pages\/17404\/revisions"}],"predecessor-version":[{"id":18481,"href":"https:\/\/chattahoochee.org\/es\/wp-json\/wp\/v2\/pages\/17404\/revisions\/18481"}],"wp:attachment":[{"href":"https:\/\/chattahoochee.org\/es\/wp-json\/wp\/v2\/media?parent=17404"}],"curies":[{"name":"wp","href":"https:\/\/api.w.org\/{rel}","templated":true}]}}