{"id":17406,"date":"2019-08-28T21:00:44","date_gmt":"2019-08-29T01:00:44","guid":{"rendered":"https:\/\/chattahoochee.org\/gtdo\/impacts-of-erosion-sedimentation\/"},"modified":"2023-05-10T12:53:24","modified_gmt":"2023-05-10T16:53:24","slug":"impacts-of-erosion-sedimentation","status":"publish","type":"page","link":"https:\/\/chattahoochee.org\/es\/gtdo\/impacts-of-erosion-sedimentation\/","title":{"rendered":"Impactos de la erosi\u00f3n y la sedimentaci\u00f3n"},"content":{"rendered":"<div id=\"crk_section_block_6241fc320cd57\" class=\"crk-section color-cream-bg\">\r\n    <div class=\"crk-section-container pos-rel max-width\">\r\n        \n<h2 class=\"wp-block-heading has-text-align-center\">Los sedimentos arrastrados por la escorrent\u00eda de las aguas pluviales de los sitios de construcci\u00f3n pueden causar una grave degradaci\u00f3n de la calidad del agua en los arroyos y r\u00edos de Georgia.<\/h2>\n\n<hr class=\"wp-block-separator has-text-color has-tan-color has-css-opacity has-tan-background-color has-background is-style-dots\"\/>\n\n<div class=\"wp-block-columns are-vertically-aligned-center is-layout-flex wp-container-core-columns-is-layout-9d6595d7 wp-block-columns-is-layout-flex\"><div class=\"wp-block-column is-vertically-aligned-center is-layout-flow wp-block-column-is-layout-flow\"><script>\r\n    jQuery(function($) {\r\n        $('.flex_gallery_block_6241fe140cd58').flexslider({\r\n            animation: \"slide\",\r\n            touch: true,\r\n            controlNav: true,\r\n            directionNav: true        });\r\n    });\r\n<\/script>\r\n\r\n    <div id=\"slider\" class=\"flexslider image-mask flex_gallery_block_6241fe140cd58\">\r\n        <ul class=\"slides\">\r\n                            <li>\r\n                    <img decoding=\"async\" src=\"https:\/\/chattahoochee.org\/wp-content\/uploads\/2019\/08\/Erosion-1024x768.jpg\" alt=\"\" \/>\r\n                    <p><\/p>\r\n                <\/li>\r\n                            <li>\r\n                    <img decoding=\"async\" src=\"https:\/\/chattahoochee.org\/wp-content\/uploads\/2019\/08\/Sedimentation-1024x768.jpg\" alt=\"\" \/>\r\n                    <p><\/p>\r\n                <\/li>\r\n                            <li>\r\n                    <img decoding=\"async\" src=\"https:\/\/chattahoochee.org\/wp-content\/uploads\/2019\/08\/Impacts-1024x768.jpg\" alt=\"\" \/>\r\n                    <p><\/p>\r\n                <\/li>\r\n                    <\/ul>\r\n    <\/div><\/div>\n\n<div class=\"wp-block-column is-vertically-aligned-center is-layout-flow wp-block-column-is-layout-flow\"><div class=\"wp-block-pb-accordion-item c-accordion__item js-accordion-item no-js is-open\" data-initially-open=\"true\" data-click-to-close=\"true\" data-auto-close=\"true\" data-scroll=\"false\" data-scroll-offset=\"0\"><h2 id=\"at-174060\" class=\"c-accordion__title js-accordion-controller\" role=\"button\">\u00bfQu\u00e9 es una cuenca?<\/h2><div id=\"ac-174060\" class=\"c-accordion__content\"><p>Una cuenca es un \u00e1rea de tierra que drena toda el agua que corre hacia un cuerpo de agua. Cuando el suelo se erosiona y queda suspendido en el agua, el agua fangosa resultante finalmente llega al r\u00edo o arroyo. La escorrent\u00eda cargada de sedimentos se considera contaminaci\u00f3n seg\u00fan la Ley de Agua Limpia.<\/p><\/div><\/div>\n\n<div class=\"wp-block-pb-accordion-item c-accordion__item js-accordion-item no-js\" data-initially-open=\"false\" data-click-to-close=\"true\" data-auto-close=\"true\" data-scroll=\"false\" data-scroll-offset=\"0\"><h2 id=\"at-174061\" class=\"c-accordion__title js-accordion-controller\" role=\"button\">\u00bfQu\u00e9 es la erosi\u00f3n y la sedimentaci\u00f3n?<\/h2><div id=\"ac-174061\" class=\"c-accordion__content\"><p>Erosion is the process by which the land surface is worn away, as sediment particles are detached by water, wind, ice, or gravity. This can happen in undisturbed areas, but the rate is generally very small. Erosion is intensified by human activities such as farming and construction. Sedimentation is the process by which eroded sediment is transported and deposited by water wind, ice, or gravity. Sediment that is deposited in rivers and streams is a concern.<\/p><\/div><\/div>\n\n<div class=\"wp-block-pb-accordion-item c-accordion__item js-accordion-item no-js\" data-initially-open=\"false\" data-click-to-close=\"true\" data-auto-close=\"true\" data-scroll=\"false\" data-scroll-offset=\"0\"><h2 id=\"at-174062\" class=\"c-accordion__title js-accordion-controller\" role=\"button\">\u00bfPor qu\u00e9 deber\u00edamos preocuparnos por los sedimentos en nuestras v\u00edas fluviales?<\/h2><div id=\"ac-174062\" class=\"c-accordion__content\"><p>Georgia\u2019s population is growing and because of it, there is an unprecedented construction boom. Since 2010, Georgia\u2019s population has grown by 500,000 people, and mostly in the 15-county metro Atlanta area. Construction in metro Atlanta is only expected to increase \u2013 in the next decade, the population is estimated to grow by almost an additional one million people.<\/p>\n\n<p>Se ha documentado que los sedimentos transportados por la escorrent\u00eda de las aguas pluviales de los sitios de construcci\u00f3n en Georgia son la principal fuente de contaminaci\u00f3n de fuente difusa en los r\u00edos de todo el estado. Esto puede causar una grave degradaci\u00f3n de la calidad del agua en los arroyos y r\u00edos de Georgia.<\/p><\/div><\/div><\/div><\/div>\n\r\n    <\/div>\r\n<\/div><div id=\"crk_section_block_6242024fa15f7\" class=\"crk-section color-white-bg\">\r\n    <div class=\"crk-section-container pos-rel max-width\">\r\n        \n<h2 class=\"wp-block-heading has-text-align-center\">Impactos del exceso de sedimentos<\/h2>\n\n<div style=\"height:50px\" aria-hidden=\"true\" class=\"wp-block-spacer\"><\/div>\n\n<div class=\"wp-block-columns is-layout-flex wp-container-core-columns-is-layout-9d6595d7 wp-block-columns-is-layout-flex\"><div class=\"wp-block-column is-layout-flow wp-block-column-is-layout-flow\"><h3 class=\"wp-block-heading has-text-align-center has-green-color has-text-color\">Sobre la vida acu\u00e1tica<\/h3>\n\n<div class=\"crk-icon-block icon_align_left align-vertical size-fa-2x\">\r\n\r\n    \r\n    <div class=\"crk-icon-bg-holder\">\r\n                    <i class=\"fas fa-seedling fa-2x has-light-blue-color\"><\/i>\r\n            <\/div>\r\n\r\n    \r\n    <div class=\"crk-icon-content\">\n<p>Bloquea la luz solar de las plantas acu\u00e1ticas.<\/p>\n<\/div><\/div>\n\n<div class=\"crk-icon-block icon_align_left align-vertical size-fa-2x\">\r\n\r\n    \r\n    <div class=\"crk-icon-bg-holder\">\r\n                    <i class=\"fas fa-fish fa-2x has-light-blue-color\"><\/i>\r\n            <\/div>\r\n\r\n    \r\n    <div class=\"crk-icon-content\">\n<p>Disminuye la visibilidad de los peces, lo que limita su capacidad para encontrar comida.<\/p>\n<\/div><\/div>\n\n<div class=\"crk-icon-block icon_align_left align-vertical size-fa-2x\">\r\n\r\n    \r\n    <div class=\"crk-icon-bg-holder\">\r\n                    <i class=\"fas fa-frog fa-2x has-light-blue-color\"><\/i>\r\n            <\/div>\r\n\r\n    \r\n    <div class=\"crk-icon-content\">\n<p>Prevents fish, mussels, and other aquatic animals from getting enough oxygen<\/p>\n<\/div><\/div>\n\n<div class=\"crk-icon-block icon_align_left align-vertical size-fa-2x\">\r\n\r\n    \r\n    <div class=\"crk-icon-bg-holder\">\r\n                    <i class=\"fas fa-fish fa-2x has-light-blue-color\"><\/i>\r\n            <\/div>\r\n\r\n    \r\n    <div class=\"crk-icon-content\">\n<p>Afecta la capacidad de los peces para reproducirse<\/p>\n<\/div><\/div><\/div>\n\n<div class=\"wp-block-column is-layout-flow wp-block-column-is-layout-flow\"><h3 class=\"wp-block-heading has-text-align-center has-green-color has-text-color\">Sobre humanos e infraestructura<\/h3>\n\n<div class=\"crk-icon-block icon_align_left align-vertical size-fa-2x\">\r\n\r\n    \r\n    <div class=\"crk-icon-bg-holder\">\r\n                    <i class=\"fas fa-tint fa-2x has-light-blue-color\"><\/i>\r\n            <\/div>\r\n\r\n    \r\n    <div class=\"crk-icon-content\">\n<p>Llena los dep\u00f3sitos de agua potable, lo que aumenta los costos de tratamiento del agua y reduce la disponibilidad<\/p>\n<\/div><\/div>\n\n<div class=\"crk-icon-block icon_align_left align-vertical size-fa-2x\">\r\n\r\n    \r\n    <div class=\"crk-icon-bg-holder\">\r\n                    <i class=\"fas fa-home fa-2x has-light-blue-color\"><\/i>\r\n            <\/div>\r\n\r\n    \r\n    <div class=\"crk-icon-content\">\n<p>Provoca da\u00f1os a la propiedad y reduce el valor de la propiedad.<\/p>\n<\/div><\/div>\n\n<div class=\"crk-icon-block icon_align_left align-vertical size-fa-2x\">\r\n\r\n    \r\n    <div class=\"crk-icon-bg-holder\">\r\n                    <i class=\"fas fa-ban fa-2x has-light-blue-color\"><\/i>\r\n            <\/div>\r\n\r\n    \r\n    <div class=\"crk-icon-content\">\n<p>Obstruye las tuber\u00edas de aguas pluviales y los sistemas de almacenamiento, lo que aumenta las inundaciones<\/p>\n<\/div><\/div>\n\n<div class=\"crk-icon-block icon_align_left align-vertical size-fa-2x\">\r\n\r\n    \r\n    <div class=\"crk-icon-bg-holder\">\r\n                    <i class=\"fas fa-swimmer fa-2x has-light-blue-color\"><\/i>\r\n            <\/div>\r\n\r\n    \r\n    <div class=\"crk-icon-content\">\n<p>Impacta el disfrute recreativo<\/p>\n<\/div><\/div><\/div><\/div>\n\r\n    <\/div>\r\n<\/div><div id=\"crk_section_block_624771460eae0\" class=\"crk-section color-cream-bg\">\r\n    <div class=\"crk-section-container pos-rel max-width\">\r\n        \n<div class=\"wp-block-columns is-layout-flex wp-container-core-columns-is-layout-9d6595d7 wp-block-columns-is-layout-flex\"><div class=\"wp-block-column is-layout-flow wp-block-column-is-layout-flow\"><div class=\"clip-top clip-offset p-t-30 has-blue-background-color\"><\/div>\r\n<div class=\"cta-block-content p-l-50 p-r-50 p-t-50 p-b-20 has-blue-background-color\">\r\n    \n<div class=\"crk-icon-block icon_align_center align-vertical stack-content size-fa-2x\">\r\n\r\n    <a href=\"https:\/\/chattahoochee.org\/es\/gtdo\/\" target=\"_self\" title=\"C\u00f3mo identificar sitios problem\u00e1ticos\">\r\n    <div class=\"crk-icon-bg-holder\">\r\n         <div class=\"crk-icon-bg  has-light-blue-background-color\">             <i class=\"fas fa-home fa-2x has-blue-color\"><\/i>\r\n        <\/div>    <\/div>\r\n\r\n    <\/a>\r\n    <div class=\"crk-icon-content\">\n<h2 class=\"has-text-align-center m-b-0 has-cream-color has-text-color wp-block-heading\">GTDO \u2013 Inicio<\/h2>\n<\/div><\/div>\n\n<hr class=\"wp-block-separator has-text-color has-background has-light-blue-background-color has-light-blue-color m-t-10 m-b-10 is-style-default\"\/>\n\n<p class=\"has-text-align-center has-cream-color has-text-color\"><a href=\"https:\/\/chattahoochee.org\/es\/gtdo\/\" data-type=\"page\" data-id=\"17404\">visita a casa<\/a> para explorar otra p\u00e1gina.<\/p>\n\r\n<\/div>\r\n<div class=\"clip-bottom clip-offset p-b-30 has-blue-background-color\"><\/div><\/div>\n\n<div class=\"wp-block-column is-layout-flow wp-block-column-is-layout-flow\"><div class=\"clip-top clip-offset p-t-30 has-blue-background-color\"><\/div>\r\n<div class=\"cta-block-content p-l-50 p-r-50 p-t-50 p-b-20 has-blue-background-color\">\r\n    \n<div class=\"crk-icon-block icon_align_center align-vertical stack-content size-fa-2x\">\r\n\r\n    <a href=\"https:\/\/chattahoochee.org\/es\/gtdo\/how-to-identify-problem-sites\/\" target=\"_self\" title=\"C\u00f3mo identificar sitios problem\u00e1ticos\">\r\n    <div class=\"crk-icon-bg-holder\">\r\n         <div class=\"crk-icon-bg  has-light-blue-background-color\">             <i class=\"fas fa-search-location fa-2x has-blue-color\"><\/i>\r\n        <\/div>    <\/div>\r\n\r\n    <\/a>\r\n    <div class=\"crk-icon-content\">\n<h2 class=\"has-text-align-center m-b-0 has-cream-color has-text-color wp-block-heading\">C\u00f3mo identificar sitios problem\u00e1ticos<\/h2>\n<\/div><\/div>\n\n<hr class=\"wp-block-separator has-text-color has-background has-light-blue-background-color has-light-blue-color m-t-10 m-b-10 is-style-default\"\/>\n\n<p class=\"has-text-align-center has-cream-color has-text-color\"><a href=\"https:\/\/chattahoochee.org\/es\/gtdo\/how-to-identify-problem-sites\/\" data-type=\"page\" data-id=\"17409\">Aprender c\u00f3mo<\/a> para ayudar a identificar problemas al saber qu\u00e9 buscar.<\/p>\n\r\n<\/div>\r\n<div class=\"clip-bottom clip-offset p-b-30 has-blue-background-color\"><\/div><\/div><\/div>\n\r\n    <\/div>\r\n<\/div>","protected":false},"excerpt":{"rendered":"<p>Los sedimentos arrastrados por la escorrent\u00eda de las aguas pluviales de los sitios de construcci\u00f3n pueden causar una grave degradaci\u00f3n de la calidad del agua en los arroyos y r\u00edos de Georgia. \u00bfQu\u00e9 es una cuenca? Una cuenca es un \u00e1rea de tierra...<\/p>","protected":false},"author":4,"featured_media":15126,"parent":17404,"menu_order":0,"comment_status":"closed","ping_status":"open","template":"","meta":{"_acf_changed":false,"_EventAllDay":false,"_EventTimezone":"","_EventStartDate":"","_EventEndDate":"","_EventStartDateUTC":"","_EventEndDateUTC":"","_EventShowMap":false,"_EventShowMapLink":false,"_EventURL":"","_EventCost":"","_EventCostDescription":"","_EventCurrencySymbol":"","_EventCurrencyCode":"","_EventCurrencyPosition":"","_EventDateTimeSeparator":"","_EventTimeRangeSeparator":"","_EventOrganizerID":[],"_EventVenueID":[],"_OrganizerEmail":"","_OrganizerPhone":"","_OrganizerWebsite":"","_VenueAddress":"","_VenueCity":"","_VenueCountry":"","_VenueProvince":"","_VenueState":"","_VenueZip":"","_VenuePhone":"","_VenueURL":"","_VenueStateProvince":"","_VenueLat":"","_VenueLng":"","_VenueShowMap":false,"_VenueShowMapLink":false,"footnotes":""},"class_list":["post-17406","page","type-page","status-publish","has-post-thumbnail","hentry"],"acf":[],"yoast_head":"<!-- This site is optimized with the Yoast SEO plugin v25.1 - https:\/\/yoast.com\/wordpress\/plugins\/seo\/ -->\n<title>Impacts of Erosion &amp; Sedimentation - Chattahoochee Riverkeeper<\/title>\n<meta name=\"robots\" content=\"index, follow, max-snippet:-1, max-image-preview:large, max-video-preview:-1\" \/>\n<link rel=\"canonical\" href=\"https:\/\/chattahoochee.org\/es\/gtdo\/impacts-of-erosion-sedimentation\/\" \/>\n<meta property=\"og:locale\" content=\"es_MX\" \/>\n<meta property=\"og:type\" content=\"article\" \/>\n<meta property=\"og:title\" content=\"Impacts of Erosion &amp; Sedimentation - Chattahoochee Riverkeeper\" \/>\n<meta property=\"og:description\" content=\"Sediment carried by stormwater runoff from construction sites can cause severe water quality degradation in Georgia\u2019s streams and rivers. What is a watershed? A watershed is an area of land&hellip;\" \/>\n<meta property=\"og:url\" content=\"https:\/\/chattahoochee.org\/es\/gtdo\/impacts-of-erosion-sedimentation\/\" \/>\n<meta property=\"og:site_name\" content=\"Chattahoochee Riverkeeper\" \/>\n<meta property=\"article:modified_time\" content=\"2023-05-10T16:53:24+00:00\" \/>\n<meta property=\"og:image\" content=\"https:\/\/chattahoochee.org\/wp-content\/uploads\/2019\/07\/Dirty-Site.jpg\" \/>\n\t<meta property=\"og:image:width\" content=\"2016\" \/>\n\t<meta property=\"og:image:height\" content=\"1512\" \/>\n\t<meta property=\"og:image:type\" content=\"image\/jpeg\" \/>\n<meta name=\"twitter:card\" content=\"summary_large_image\" \/>\n<meta name=\"twitter:label1\" content=\"Tiempo de lectura\" \/>\n\t<meta name=\"twitter:data1\" content=\"2 minutos\" \/>\n<script type=\"application\/ld+json\" class=\"yoast-schema-graph\">{\"@context\":\"https:\/\/schema.org\",\"@graph\":[{\"@type\":\"WebPage\",\"@id\":\"https:\/\/chattahoochee.org\/gtdo\/impacts-of-erosion-sedimentation\/\",\"url\":\"https:\/\/chattahoochee.org\/gtdo\/impacts-of-erosion-sedimentation\/\",\"name\":\"Impacts of Erosion & Sedimentation - Chattahoochee Riverkeeper\",\"isPartOf\":{\"@id\":\"https:\/\/chattahoochee.org\/#website\"},\"primaryImageOfPage\":{\"@id\":\"https:\/\/chattahoochee.org\/gtdo\/impacts-of-erosion-sedimentation\/#primaryimage\"},\"image\":{\"@id\":\"https:\/\/chattahoochee.org\/gtdo\/impacts-of-erosion-sedimentation\/#primaryimage\"},\"thumbnailUrl\":\"https:\/\/chattahoochee.org\/wp-content\/uploads\/2019\/07\/Dirty-Site.jpg\",\"datePublished\":\"2019-08-29T01:00:44+00:00\",\"dateModified\":\"2023-05-10T16:53:24+00:00\",\"breadcrumb\":{\"@id\":\"https:\/\/chattahoochee.org\/gtdo\/impacts-of-erosion-sedimentation\/#breadcrumb\"},\"inLanguage\":\"es\",\"potentialAction\":[{\"@type\":\"ReadAction\",\"target\":[\"https:\/\/chattahoochee.org\/gtdo\/impacts-of-erosion-sedimentation\/\"]}]},{\"@type\":\"ImageObject\",\"inLanguage\":\"es\",\"@id\":\"https:\/\/chattahoochee.org\/gtdo\/impacts-of-erosion-sedimentation\/#primaryimage\",\"url\":\"https:\/\/chattahoochee.org\/wp-content\/uploads\/2019\/07\/Dirty-Site.jpg\",\"contentUrl\":\"https:\/\/chattahoochee.org\/wp-content\/uploads\/2019\/07\/Dirty-Site.jpg\",\"width\":2016,\"height\":1512},{\"@type\":\"BreadcrumbList\",\"@id\":\"https:\/\/chattahoochee.org\/gtdo\/impacts-of-erosion-sedimentation\/#breadcrumb\",\"itemListElement\":[{\"@type\":\"ListItem\",\"position\":1,\"name\":\"Home\",\"item\":\"https:\/\/chattahoochee.org\/\"},{\"@type\":\"ListItem\",\"position\":2,\"name\":\"Get the Dirt Out\",\"item\":\"https:\/\/chattahoochee.org\/gtdo\/\"},{\"@type\":\"ListItem\",\"position\":3,\"name\":\"Impacts of Erosion &#038; Sedimentation\"}]},{\"@type\":\"WebSite\",\"@id\":\"https:\/\/chattahoochee.org\/#website\",\"url\":\"https:\/\/chattahoochee.org\/\",\"name\":\"Chattahoochee Riverkeeper\",\"description\":\"Since 1994\",\"publisher\":{\"@id\":\"https:\/\/chattahoochee.org\/#organization\"},\"potentialAction\":[{\"@type\":\"SearchAction\",\"target\":{\"@type\":\"EntryPoint\",\"urlTemplate\":\"https:\/\/chattahoochee.org\/?s={search_term_string}\"},\"query-input\":{\"@type\":\"PropertyValueSpecification\",\"valueRequired\":true,\"valueName\":\"search_term_string\"}}],\"inLanguage\":\"es\"},{\"@type\":\"Organization\",\"@id\":\"https:\/\/chattahoochee.org\/#organization\",\"name\":\"Chattahoochee Riverkeeper\",\"url\":\"https:\/\/chattahoochee.org\/\",\"logo\":{\"@type\":\"ImageObject\",\"inLanguage\":\"es\",\"@id\":\"https:\/\/chattahoochee.org\/#\/schema\/logo\/image\/\",\"url\":\"https:\/\/chattahoochee.org\/wp-content\/uploads\/2021\/11\/CRK-Logo-White-NEW-2025.png\",\"contentUrl\":\"https:\/\/chattahoochee.org\/wp-content\/uploads\/2021\/11\/CRK-Logo-White-NEW-2025.png\",\"width\":2458,\"height\":501,\"caption\":\"Chattahoochee Riverkeeper\"},\"image\":{\"@id\":\"https:\/\/chattahoochee.org\/#\/schema\/logo\/image\/\"}}]}<\/script>\n<!-- \/ Yoast SEO plugin. -->","yoast_head_json":{"title":"Impacts of Erosion & Sedimentation - Chattahoochee Riverkeeper","robots":{"index":"index","follow":"follow","max-snippet":"max-snippet:-1","max-image-preview":"max-image-preview:large","max-video-preview":"max-video-preview:-1"},"canonical":"https:\/\/chattahoochee.org\/es\/gtdo\/impacts-of-erosion-sedimentation\/","og_locale":"es_MX","og_type":"article","og_title":"Impacts of Erosion & Sedimentation - Chattahoochee Riverkeeper","og_description":"Sediment carried by stormwater runoff from construction sites can cause severe water quality degradation in Georgia\u2019s streams and rivers. What is a watershed? A watershed is an area of land&hellip;","og_url":"https:\/\/chattahoochee.org\/es\/gtdo\/impacts-of-erosion-sedimentation\/","og_site_name":"Chattahoochee Riverkeeper","article_modified_time":"2023-05-10T16:53:24+00:00","og_image":[{"width":2016,"height":1512,"url":"https:\/\/chattahoochee.org\/wp-content\/uploads\/2019\/07\/Dirty-Site.jpg","type":"image\/jpeg"}],"twitter_card":"summary_large_image","twitter_misc":{"Tiempo de lectura":"2 minutos"},"schema":{"@context":"https:\/\/schema.org","@graph":[{"@type":"WebPage","@id":"https:\/\/chattahoochee.org\/gtdo\/impacts-of-erosion-sedimentation\/","url":"https:\/\/chattahoochee.org\/gtdo\/impacts-of-erosion-sedimentation\/","name":"Impacts of Erosion & Sedimentation - Chattahoochee Riverkeeper","isPartOf":{"@id":"https:\/\/chattahoochee.org\/#website"},"primaryImageOfPage":{"@id":"https:\/\/chattahoochee.org\/gtdo\/impacts-of-erosion-sedimentation\/#primaryimage"},"image":{"@id":"https:\/\/chattahoochee.org\/gtdo\/impacts-of-erosion-sedimentation\/#primaryimage"},"thumbnailUrl":"https:\/\/chattahoochee.org\/wp-content\/uploads\/2019\/07\/Dirty-Site.jpg","datePublished":"2019-08-29T01:00:44+00:00","dateModified":"2023-05-10T16:53:24+00:00","breadcrumb":{"@id":"https:\/\/chattahoochee.org\/gtdo\/impacts-of-erosion-sedimentation\/#breadcrumb"},"inLanguage":"es","potentialAction":[{"@type":"ReadAction","target":["https:\/\/chattahoochee.org\/gtdo\/impacts-of-erosion-sedimentation\/"]}]},{"@type":"ImageObject","inLanguage":"es","@id":"https:\/\/chattahoochee.org\/gtdo\/impacts-of-erosion-sedimentation\/#primaryimage","url":"https:\/\/chattahoochee.org\/wp-content\/uploads\/2019\/07\/Dirty-Site.jpg","contentUrl":"https:\/\/chattahoochee.org\/wp-content\/uploads\/2019\/07\/Dirty-Site.jpg","width":2016,"height":1512},{"@type":"BreadcrumbList","@id":"https:\/\/chattahoochee.org\/gtdo\/impacts-of-erosion-sedimentation\/#breadcrumb","itemListElement":[{"@type":"ListItem","position":1,"name":"Home","item":"https:\/\/chattahoochee.org\/"},{"@type":"ListItem","position":2,"name":"Get the Dirt Out","item":"https:\/\/chattahoochee.org\/gtdo\/"},{"@type":"ListItem","position":3,"name":"Impacts of Erosion &#038; Sedimentation"}]},{"@type":"WebSite","@id":"https:\/\/chattahoochee.org\/#website","url":"https:\/\/chattahoochee.org\/","name":"Chattahoochee Riverkeeper","description":"Since 1994","publisher":{"@id":"https:\/\/chattahoochee.org\/#organization"},"potentialAction":[{"@type":"SearchAction","target":{"@type":"EntryPoint","urlTemplate":"https:\/\/chattahoochee.org\/?s={search_term_string}"},"query-input":{"@type":"PropertyValueSpecification","valueRequired":true,"valueName":"search_term_string"}}],"inLanguage":"es"},{"@type":"Organization","@id":"https:\/\/chattahoochee.org\/#organization","name":"Chattahoochee Riverkeeper","url":"https:\/\/chattahoochee.org\/","logo":{"@type":"ImageObject","inLanguage":"es","@id":"https:\/\/chattahoochee.org\/#\/schema\/logo\/image\/","url":"https:\/\/chattahoochee.org\/wp-content\/uploads\/2021\/11\/CRK-Logo-White-NEW-2025.png","contentUrl":"https:\/\/chattahoochee.org\/wp-content\/uploads\/2021\/11\/CRK-Logo-White-NEW-2025.png","width":2458,"height":501,"caption":"Chattahoochee Riverkeeper"},"image":{"@id":"https:\/\/chattahoochee.org\/#\/schema\/logo\/image\/"}}]}},"_links":{"self":[{"href":"https:\/\/chattahoochee.org\/es\/wp-json\/wp\/v2\/pages\/17406","targetHints":{"allow":["GET"]}}],"collection":[{"href":"https:\/\/chattahoochee.org\/es\/wp-json\/wp\/v2\/pages"}],"about":[{"href":"https:\/\/chattahoochee.org\/es\/wp-json\/wp\/v2\/types\/page"}],"author":[{"embeddable":true,"href":"https:\/\/chattahoochee.org\/es\/wp-json\/wp\/v2\/users\/4"}],"replies":[{"embeddable":true,"href":"https:\/\/chattahoochee.org\/es\/wp-json\/wp\/v2\/comments?post=17406"}],"version-history":[{"count":56,"href":"https:\/\/chattahoochee.org\/es\/wp-json\/wp\/v2\/pages\/17406\/revisions"}],"predecessor-version":[{"id":22517,"href":"https:\/\/chattahoochee.org\/es\/wp-json\/wp\/v2\/pages\/17406\/revisions\/22517"}],"up":[{"embeddable":true,"href":"https:\/\/chattahoochee.org\/es\/wp-json\/wp\/v2\/pages\/17404"}],"wp:featuredmedia":[{"embeddable":true,"href":"https:\/\/chattahoochee.org\/es\/wp-json\/wp\/v2\/media\/15126"}],"wp:attachment":[{"href":"https:\/\/chattahoochee.org\/es\/wp-json\/wp\/v2\/media?parent=17406"}],"curies":[{"name":"wp","href":"https:\/\/api.w.org\/{rel}","templated":true}]}}