{"id":17410,"date":"2019-09-01T13:17:38","date_gmt":"2019-09-01T17:17:38","guid":{"rendered":"https:\/\/chattahoochee.org\/gtdo\/how-to-report-a-violation\/"},"modified":"2025-08-11T11:44:30","modified_gmt":"2025-08-11T15:44:30","slug":"how-to-report-a-violation","status":"publish","type":"page","link":"https:\/\/chattahoochee.org\/es\/gtdo\/how-to-report-a-violation\/","title":{"rendered":"C\u00f3mo denunciar una infracci\u00f3n"},"content":{"rendered":"<div id=\"crk_section_block_039184103605c036b6313622c450d9c8\" class=\"crk-section color-cream-bg\">\r\n    <div class=\"crk-section-container pos-rel max-width\">\r\n        \n<h2 class=\"wp-block-heading has-text-align-center\">Las infracciones deben informarse primero al gobierno local si el gobierno local est\u00e1 certificado como autoridad emisora local (LIA).<\/h2>\n\n<p class=\"has-text-align-center\">Siga los pasos a continuaci\u00f3n para determinar c\u00f3mo y a qui\u00e9n informar las infracciones.<\/p>\n\r\n    <\/div>\r\n<\/div><div id=\"crk_section_block_d1b5152c051526a45cfff09e0bbb3a71\" class=\"crk-section color-white-bg\">\r\n    <div class=\"crk-section-container pos-rel max-width\">\r\n        \n<div class=\"crk-icon-block icon_align_center size-fa-4x\">\r\n\r\n    \r\n    <div class=\"crk-icon-bg-holder\">\r\n                    <i class=\"fas fa-map-marked-alt fa-4x has-green-color\"><\/i>\r\n            <\/div>\r\n\r\n    \r\n    <\/div>\n\n<h2 class=\"wp-block-heading has-text-align-center\">Paso 1. Determinar la jurisdicci\u00f3n<\/h2>\n\n<p class=\"has-text-align-center\">Ubique en qu\u00e9 jurisdicci\u00f3n (l\u00edmites de la ciudad o condado no incorporado) se encuentra el sitio usando Google Maps.<\/p>\n\n<div class=\"wp-block-buttons is-layout-flex wp-block-buttons-is-layout-flex\"><div class=\"wp-block-button aligncenter\"><a class=\"wp-block-button__link has-cream-color has-blue-background-color has-text-color has-background wp-element-button\" href=\"https:\/\/www.google.com\/maps\" target=\"_blank\" rel=\"noreferrer noopener\">Localizar sitio<\/a><\/div><\/div>\n\r\n    <\/div>\r\n<\/div><div id=\"crk_section_block_039184103605c036b6313622c450d9c8\" class=\"crk-section color-cream-bg\">\r\n    <div class=\"crk-section-container pos-rel max-width\">\r\n        \n<div class=\"crk-icon-block icon_align_center size-fa-4x\">\r\n\r\n    \r\n    <div class=\"crk-icon-bg-holder\">\r\n                    <i class=\"fas fa-landmark fa-4x has-green-color\"><\/i>\r\n            <\/div>\r\n\r\n    \r\n    <\/div>\n\n<h2 class=\"wp-block-heading has-text-align-center\">Paso 2. Determinar el estado de LIA<\/h2>\n\n<p class=\"has-text-align-center\">Determinar si el gobierno local est\u00e1 certificado o no como Autoridad Emisora Local (LIA). Haga clic en el bot\u00f3n a continuaci\u00f3n para determinar si el gobierno local est\u00e1 certificado como autoridad emisora. Abra la hoja de c\u00e1lculo descargada, busque el gobierno local apropiado y determine el estado de LIA.<\/p>\n\n<div class=\"wp-block-buttons is-layout-flex wp-block-buttons-is-layout-flex\"><div class=\"wp-block-button aligncenter\"><a class=\"wp-block-button__link has-cream-color has-blue-background-color has-text-color has-background wp-element-button\" href=\"https:\/\/gaswcc.georgia.gov\/document\/document\/lia-summary-list-updated-march-2025\/download\">Verifique el estado de LIA<\/a><\/div><\/div>\n\n<div style=\"height:50px\" aria-hidden=\"true\" class=\"wp-block-spacer\"><\/div>\n\n<hr class=\"wp-block-separator has-text-color has-tan-color has-css-opacity has-tan-background-color has-background is-style-default\"\/>\n\n<div style=\"height:50px\" aria-hidden=\"true\" class=\"wp-block-spacer\"><\/div>\n\n<h2 class=\"wp-block-heading has-text-align-center\">Si el gobierno local es una Autoridad Emisora Local, informe el problema directamente al LIA.<\/h2>\n\n<p class=\"has-text-align-center\"> Su Riverkeeper local tambi\u00e9n puede ayudarlo a informar el problema a la autoridad correspondiente.&nbsp;<\/p>\n\n<div class=\"wp-block-columns is-layout-flex wp-container-core-columns-is-layout-9d6595d7 wp-block-columns-is-layout-flex\"><div class=\"wp-block-column is-layout-flow wp-block-column-is-layout-flow\"><div class=\"wp-block-pb-accordion-item c-accordion__item js-accordion-item no-js\" data-initially-open=\"false\" data-click-to-close=\"true\" data-auto-close=\"true\" data-scroll=\"false\" data-scroll-offset=\"0\"><h2 id=\"at-174100\" class=\"c-accordion__title js-accordion-controller\" role=\"button\">Informe a la autoridad emisora local<\/h2><div id=\"ac-174100\" class=\"c-accordion__content\"><p>Si el gobierno local est\u00e1 certificado como autoridad emisora local, utilice la informaci\u00f3n de contacto provista en el\u00a0<a href=\"https:\/\/gaswcc.georgia.gov\/document\/document\/lia-summary-list-updated-march-2025\/download\" target=\"_blank\" rel=\"noreferrer noopener\">hoja de c\u00e1lculo<\/a>\u00a0para denunciar la infracci\u00f3n.\u00a0<\/p>\n\n<p>Al denunciar infracciones, le sugerimos que llame primero y explique cu\u00e1l es el problema. Luego, solicite la direcci\u00f3n de correo electr\u00f3nico del contacto y haga un seguimiento con un correo electr\u00f3nico que resuma la llamada telef\u00f3nica o el mensaje y adjunte fotos.<\/p><\/div><\/div><\/div>\n\n<div class=\"wp-block-column is-layout-flow wp-block-column-is-layout-flow\"><div class=\"wp-block-pb-accordion-item c-accordion__item js-accordion-item no-js\" data-initially-open=\"false\" data-click-to-close=\"true\" data-auto-close=\"true\" data-scroll=\"false\" data-scroll-offset=\"0\"><h2 id=\"at-174101\" class=\"c-accordion__title js-accordion-controller\" role=\"button\">Informar al guardi\u00e1n del r\u00edo local<\/h2><div id=\"ac-174101\" class=\"c-accordion__content\"><p>Su organizaci\u00f3n Riverkeeper local puede ayudarlo a informar el problema a la autoridad correspondiente. Dentro de la cuenca del r\u00edo Chattahoochee, las infracciones se pueden informar a Chattahoochee Riverkeeper haciendo clic en&nbsp;<a href=\"https:\/\/chattahoochee.org\/es\/report-a-problem\/\">aqu\u00ed<\/a>. En otras \u00e1reas de Georgia, puede encontrar organizaciones que pueden ayudarlo haciendo clic en&nbsp;<a href=\"https:\/\/garivers.org\/discover-a-local-river-group\/\" target=\"_blank\" rel=\"noreferrer noopener\">aqu\u00ed.<\/a><\/p><\/div><\/div><\/div><\/div>\n\n<div class=\"wp-block-buttons is-layout-flex wp-block-buttons-is-layout-flex\"><div class=\"wp-block-button aligncenter\"><a class=\"wp-block-button__link has-cream-color has-green-background-color has-text-color has-background wp-element-button\" href=\"https:\/\/chattahoochee.org\/es\/report-a-problem\/\">Informe a Chattahoochee Riverkeeper<\/a><\/div><\/div>\n\r\n    <\/div>\r\n<\/div><div id=\"crk_section_block_77679672e33246de071e76a238d50aa0\" class=\"crk-section color-cream-shade-bg\">\r\n    <div class=\"crk-section-container pos-rel max-width\">\r\n        \n<div class=\"crk-icon-block icon_align_center size-fa-4x\">\r\n\r\n    \r\n    <div class=\"crk-icon-bg-holder\">\r\n                    <i class=\"fas fa-question-circle fa-4x has-green-color\"><\/i>\r\n            <\/div>\r\n\r\n    \r\n    <\/div>\n\n<h2 class=\"wp-block-heading has-text-align-center\">Necesitas m\u00e1s ayuda?<\/h2>\n\n<p class=\"has-text-align-center\">Si el gobierno local no logra resolver adecuadamente la situaci\u00f3n, se pueden presentar m\u00e1s quejas ante el&nbsp;<a rel=\"noreferrer noopener\" href=\"https:\/\/epd.georgia.gov\/district-office-locations\" target=\"_blank\">Oficina de distrito de GA EPD<\/a>&nbsp;y\/o el local&nbsp;<a rel=\"noreferrer noopener\" href=\"https:\/\/gaswcc.georgia.gov\/find-my-swcd\" target=\"_blank\">Distrito de Conservaci\u00f3n de Suelos y Aguas<\/a>&nbsp;para ayudar a resolver el problema.&nbsp;<\/p>\n\r\n    <\/div>\r\n<\/div><div id=\"crk_section_block_d1b5152c051526a45cfff09e0bbb3a71\" class=\"crk-section color-white-bg\">\r\n    <div class=\"crk-section-container pos-rel max-width\">\r\n        \n<div class=\"crk-icon-block icon_align_center size-fa-4x\">\r\n\r\n    \r\n    <div class=\"crk-icon-bg-holder\">\r\n                    <i class=\"fas fa-question-circle fa-4x has-green-color\"><\/i>\r\n            <\/div>\r\n\r\n    \r\n    <\/div>\n\n<h2 class=\"wp-block-heading has-text-align-center\">Tipos de cumplimiento<\/h2>\n\n<div class=\"wp-block-columns is-layout-flex wp-container-core-columns-is-layout-9d6595d7 wp-block-columns-is-layout-flex\"><div class=\"wp-block-column is-layout-flow wp-block-column-is-layout-flow\"><div class=\"wp-block-pb-accordion-item c-accordion__item js-accordion-item no-js\" data-initially-open=\"false\" data-click-to-close=\"true\" data-auto-close=\"true\" data-scroll=\"false\" data-scroll-offset=\"0\"><h2 id=\"at-174102\" class=\"c-accordion__title js-accordion-controller\" role=\"button\">Aviso de infracci\u00f3n<\/h2><div id=\"ac-174102\" class=\"c-accordion__content\"><ul class=\"wp-block-list\"><li>Emitido por LIA, pero EPD tambi\u00e9n puede emitir<\/li>\n\n<li>For first and second violations, violator has five days to \u201ccorrect;\u201d If not corrected, the LIA or EPD&nbsp;<em>deber\u00e1&nbsp;<\/em>emitir una orden de parada de trabajo<\/li>\n\n<li>For third&nbsp;violation, LIA or EPD&nbsp;<em>deber\u00e1<\/em>&nbsp;emitir una orden de parada de trabajo<\/li><\/ul>\n\n<figure class=\"wp-block-image size-large is-style-image-mask\"><img loading=\"lazy\" decoding=\"async\" width=\"1024\" height=\"768\" src=\"https:\/\/chattahoochee.org\/wp-content\/uploads\/2019\/09\/Stop-Work-Order-1024x768.jpg\" alt=\"\" class=\"wp-image-15222\" srcset=\"https:\/\/chattahoochee.org\/wp-content\/uploads\/2019\/09\/Stop-Work-Order-1024x768.jpg 1024w, https:\/\/chattahoochee.org\/wp-content\/uploads\/2019\/09\/Stop-Work-Order-300x225.jpg 300w, https:\/\/chattahoochee.org\/wp-content\/uploads\/2019\/09\/Stop-Work-Order-768x576.jpg 768w, https:\/\/chattahoochee.org\/wp-content\/uploads\/2019\/09\/Stop-Work-Order-1536x1152.jpg 1536w, https:\/\/chattahoochee.org\/wp-content\/uploads\/2019\/09\/Stop-Work-Order-2048x1536.jpg 2048w, https:\/\/chattahoochee.org\/wp-content\/uploads\/2019\/09\/Stop-Work-Order-16x12.jpg 16w\" sizes=\"auto, (max-width: 1024px) 100vw, 1024px\" \/><\/figure><\/div><\/div><\/div>\n\n<div class=\"wp-block-column is-layout-flow wp-block-column-is-layout-flow\"><div class=\"wp-block-pb-accordion-item c-accordion__item js-accordion-item no-js\" data-initially-open=\"false\" data-click-to-close=\"true\" data-auto-close=\"true\" data-scroll=\"false\" data-scroll-offset=\"0\"><h2 id=\"at-174101\" class=\"c-accordion__title js-accordion-controller\" role=\"button\">\u00d3rdenes de parada de trabajo obligatorias<\/h2><div id=\"ac-174101\" class=\"c-accordion__content\"><ul class=\"wp-block-list\"><li>Perturbaci\u00f3n de terrenos sin permiso (sin NOI)<\/li>\n\n<li>Sedimento significativo descargado a las aguas<\/li>\n\n<li>Invasi\u00f3n en el b\u00fafer de flujo sin variaci\u00f3n<\/li>\n\n<li>Las BMP no est\u00e1n dise\u00f1adas o instaladas correctamente<br>y\/o mantenido<\/li><\/ul>\n\n<figure class=\"wp-block-image size-full is-style-image-mask\"><img loading=\"lazy\" decoding=\"async\" width=\"1024\" height=\"768\" src=\"https:\/\/chattahoochee.org\/wp-content\/uploads\/2019\/09\/Sediment-in-State-Waters.jpg\" alt=\"\" class=\"wp-image-15215\" srcset=\"https:\/\/chattahoochee.org\/wp-content\/uploads\/2019\/09\/Sediment-in-State-Waters.jpg 1024w, https:\/\/chattahoochee.org\/wp-content\/uploads\/2019\/09\/Sediment-in-State-Waters-300x225.jpg 300w, https:\/\/chattahoochee.org\/wp-content\/uploads\/2019\/09\/Sediment-in-State-Waters-768x576.jpg 768w, https:\/\/chattahoochee.org\/wp-content\/uploads\/2019\/09\/Sediment-in-State-Waters-16x12.jpg 16w\" sizes=\"auto, (max-width: 1024px) 100vw, 1024px\" \/><\/figure><\/div><\/div><\/div><\/div>\n\r\n    <\/div>\r\n<\/div><div id=\"crk_section_block_039184103605c036b6313622c450d9c8\" class=\"crk-section color-cream-bg\">\r\n    <div class=\"crk-section-container pos-rel max-width\">\r\n        \n<div class=\"wp-block-columns is-layout-flex wp-container-core-columns-is-layout-9d6595d7 wp-block-columns-is-layout-flex\"><div class=\"wp-block-column is-layout-flow wp-block-column-is-layout-flow\"><div class=\"clip-top clip-offset p-t-30 has-blue-background-color\"><\/div>\r\n<div class=\"cta-block-content p-l-50 p-r-50 p-t-50 p-b-20 has-blue-background-color\">\r\n    \n<div class=\"crk-icon-block icon_align_center align-vertical stack-content size-fa-2x\">\r\n\r\n    <a href=\"https:\/\/chattahoochee.org\/es\/gtdo\/laws-and-permits\/\" target=\"_self\" title=\"Leyes y Permisos\">\r\n    <div class=\"crk-icon-bg-holder\">\r\n         <div class=\"crk-icon-bg  has-light-blue-background-color\">             <i class=\"fas fa-balance-scale fa-2x has-blue-color\"><\/i>\r\n        <\/div>    <\/div>\r\n\r\n    <\/a>\r\n    <div class=\"crk-icon-content\">\n<h2 class=\"has-text-align-center m-b-0 has-cream-color has-text-color wp-block-heading\">Leyes y Permisos<\/h2>\n<\/div><\/div>\n\n<hr class=\"wp-block-separator has-text-color has-background has-light-blue-background-color has-light-blue-color m-t-10 m-b-10 is-style-default\"\/>\n\n<p class=\"has-text-align-center has-cream-color has-text-color\"><a href=\"https:\/\/chattahoochee.org\/es\/gtdo\/laws-and-permits\/\" data-type=\"page\" data-id=\"17411\">Aprende m\u00e1s<\/a> sobre las leyes y permisos que rigen las actividades de alteraci\u00f3n de la tierra.<\/p>\n\r\n<\/div>\r\n<div class=\"clip-bottom clip-offset p-b-30 has-blue-background-color\"><\/div><\/div>\n\n<div class=\"wp-block-column is-layout-flow wp-block-column-is-layout-flow\"><div class=\"clip-top clip-offset p-t-30 has-blue-background-color\"><\/div>\r\n<div class=\"cta-block-content p-l-50 p-r-50 p-t-50 p-b-20 has-blue-background-color\">\r\n    \n<div class=\"crk-icon-block icon_align_center align-vertical stack-content size-fa-2x\">\r\n\r\n    <a href=\"https:\/\/chattahoochee.org\/es\/gtdo\/\" target=\"_self\" title=\"C\u00f3mo identificar sitios problem\u00e1ticos\">\r\n    <div class=\"crk-icon-bg-holder\">\r\n         <div class=\"crk-icon-bg  has-light-blue-background-color\">             <i class=\"fas fa-home fa-2x has-blue-color\"><\/i>\r\n        <\/div>    <\/div>\r\n\r\n    <\/a>\r\n    <div class=\"crk-icon-content\">\n<h2 class=\"has-text-align-center m-b-0 has-cream-color has-text-color wp-block-heading\">GTDO \u2013 Inicio<\/h2>\n<\/div><\/div>\n\n<hr class=\"wp-block-separator has-text-color has-background has-light-blue-background-color has-light-blue-color m-t-10 m-b-10 is-style-default\"\/>\n\n<p class=\"has-text-align-center has-cream-color has-text-color\"><a href=\"https:\/\/chattahoochee.org\/es\/gtdo\/\" data-type=\"page\" data-id=\"17404\">visita a casa<\/a> para explorar otra p\u00e1gina.<\/p>\n\r\n<\/div>\r\n<div class=\"clip-bottom clip-offset p-b-30 has-blue-background-color\"><\/div><\/div><\/div>\n\r\n    <\/div>\r\n<\/div>","protected":false},"excerpt":{"rendered":"<p>Las infracciones deben informarse primero al gobierno local si el gobierno local est\u00e1 certificado como autoridad emisora local (LIA). Siga los pasos a continuaci\u00f3n para determinar c\u00f3mo y para...<\/p>","protected":false},"author":4,"featured_media":15126,"parent":17404,"menu_order":0,"comment_status":"closed","ping_status":"open","template":"","meta":{"_acf_changed":false,"_EventAllDay":false,"_EventTimezone":"","_EventStartDate":"","_EventEndDate":"","_EventStartDateUTC":"","_EventEndDateUTC":"","_EventShowMap":false,"_EventShowMapLink":false,"_EventURL":"","_EventCost":"","_EventCostDescription":"","_EventCurrencySymbol":"","_EventCurrencyCode":"","_EventCurrencyPosition":"","_EventDateTimeSeparator":"","_EventTimeRangeSeparator":"","_EventOrganizerID":[],"_EventVenueID":[],"_OrganizerEmail":"","_OrganizerPhone":"","_OrganizerWebsite":"","_VenueAddress":"","_VenueCity":"","_VenueCountry":"","_VenueProvince":"","_VenueState":"","_VenueZip":"","_VenuePhone":"","_VenueURL":"","_VenueStateProvince":"","_VenueLat":"","_VenueLng":"","_VenueShowMap":false,"_VenueShowMapLink":false,"footnotes":""},"class_list":["post-17410","page","type-page","status-publish","has-post-thumbnail","hentry"],"acf":[],"yoast_head":"<!-- This site is optimized with the Yoast SEO plugin v25.1 - https:\/\/yoast.com\/wordpress\/plugins\/seo\/ -->\n<title>How to Report a Violation - Chattahoochee Riverkeeper<\/title>\n<meta name=\"robots\" content=\"index, follow, max-snippet:-1, max-image-preview:large, max-video-preview:-1\" \/>\n<link rel=\"canonical\" href=\"https:\/\/chattahoochee.org\/es\/gtdo\/how-to-report-a-violation\/\" \/>\n<meta property=\"og:locale\" content=\"es_MX\" \/>\n<meta property=\"og:type\" content=\"article\" \/>\n<meta property=\"og:title\" content=\"How to Report a Violation - Chattahoochee Riverkeeper\" \/>\n<meta property=\"og:description\" content=\"Violations should first be reported to the local government if the local government is certified as a local issuing authority (LIA). Follow the steps below to determine how and to&hellip;\" \/>\n<meta property=\"og:url\" content=\"https:\/\/chattahoochee.org\/es\/gtdo\/how-to-report-a-violation\/\" \/>\n<meta property=\"og:site_name\" content=\"Chattahoochee Riverkeeper\" \/>\n<meta property=\"article:modified_time\" content=\"2025-08-11T15:44:30+00:00\" \/>\n<meta property=\"og:image\" content=\"https:\/\/chattahoochee.org\/wp-content\/uploads\/2019\/07\/Dirty-Site.jpg\" \/>\n\t<meta property=\"og:image:width\" content=\"2016\" \/>\n\t<meta property=\"og:image:height\" content=\"1512\" \/>\n\t<meta property=\"og:image:type\" content=\"image\/jpeg\" \/>\n<meta name=\"twitter:card\" content=\"summary_large_image\" \/>\n<meta name=\"twitter:label1\" content=\"Tiempo de lectura\" \/>\n\t<meta name=\"twitter:data1\" content=\"7 minutos\" \/>\n<script type=\"application\/ld+json\" class=\"yoast-schema-graph\">{\"@context\":\"https:\/\/schema.org\",\"@graph\":[{\"@type\":\"WebPage\",\"@id\":\"https:\/\/chattahoochee.org\/gtdo\/how-to-report-a-violation\/\",\"url\":\"https:\/\/chattahoochee.org\/gtdo\/how-to-report-a-violation\/\",\"name\":\"How to Report a Violation - Chattahoochee Riverkeeper\",\"isPartOf\":{\"@id\":\"https:\/\/chattahoochee.org\/#website\"},\"primaryImageOfPage\":{\"@id\":\"https:\/\/chattahoochee.org\/gtdo\/how-to-report-a-violation\/#primaryimage\"},\"image\":{\"@id\":\"https:\/\/chattahoochee.org\/gtdo\/how-to-report-a-violation\/#primaryimage\"},\"thumbnailUrl\":\"https:\/\/chattahoochee.org\/wp-content\/uploads\/2019\/07\/Dirty-Site.jpg\",\"datePublished\":\"2019-09-01T17:17:38+00:00\",\"dateModified\":\"2025-08-11T15:44:30+00:00\",\"breadcrumb\":{\"@id\":\"https:\/\/chattahoochee.org\/gtdo\/how-to-report-a-violation\/#breadcrumb\"},\"inLanguage\":\"es\",\"potentialAction\":[{\"@type\":\"ReadAction\",\"target\":[\"https:\/\/chattahoochee.org\/gtdo\/how-to-report-a-violation\/\"]}]},{\"@type\":\"ImageObject\",\"inLanguage\":\"es\",\"@id\":\"https:\/\/chattahoochee.org\/gtdo\/how-to-report-a-violation\/#primaryimage\",\"url\":\"https:\/\/chattahoochee.org\/wp-content\/uploads\/2019\/07\/Dirty-Site.jpg\",\"contentUrl\":\"https:\/\/chattahoochee.org\/wp-content\/uploads\/2019\/07\/Dirty-Site.jpg\",\"width\":2016,\"height\":1512},{\"@type\":\"BreadcrumbList\",\"@id\":\"https:\/\/chattahoochee.org\/gtdo\/how-to-report-a-violation\/#breadcrumb\",\"itemListElement\":[{\"@type\":\"ListItem\",\"position\":1,\"name\":\"Home\",\"item\":\"https:\/\/chattahoochee.org\/\"},{\"@type\":\"ListItem\",\"position\":2,\"name\":\"Get the Dirt Out\",\"item\":\"https:\/\/chattahoochee.org\/gtdo\/\"},{\"@type\":\"ListItem\",\"position\":3,\"name\":\"How to Report a Violation\"}]},{\"@type\":\"WebSite\",\"@id\":\"https:\/\/chattahoochee.org\/#website\",\"url\":\"https:\/\/chattahoochee.org\/\",\"name\":\"Chattahoochee Riverkeeper\",\"description\":\"Since 1994\",\"publisher\":{\"@id\":\"https:\/\/chattahoochee.org\/#organization\"},\"potentialAction\":[{\"@type\":\"SearchAction\",\"target\":{\"@type\":\"EntryPoint\",\"urlTemplate\":\"https:\/\/chattahoochee.org\/?s={search_term_string}\"},\"query-input\":{\"@type\":\"PropertyValueSpecification\",\"valueRequired\":true,\"valueName\":\"search_term_string\"}}],\"inLanguage\":\"es\"},{\"@type\":\"Organization\",\"@id\":\"https:\/\/chattahoochee.org\/#organization\",\"name\":\"Chattahoochee Riverkeeper\",\"url\":\"https:\/\/chattahoochee.org\/\",\"logo\":{\"@type\":\"ImageObject\",\"inLanguage\":\"es\",\"@id\":\"https:\/\/chattahoochee.org\/#\/schema\/logo\/image\/\",\"url\":\"https:\/\/chattahoochee.org\/wp-content\/uploads\/2021\/11\/CRK-Logo-White-NEW-2025.png\",\"contentUrl\":\"https:\/\/chattahoochee.org\/wp-content\/uploads\/2021\/11\/CRK-Logo-White-NEW-2025.png\",\"width\":2458,\"height\":501,\"caption\":\"Chattahoochee Riverkeeper\"},\"image\":{\"@id\":\"https:\/\/chattahoochee.org\/#\/schema\/logo\/image\/\"}}]}<\/script>\n<!-- \/ Yoast SEO plugin. -->","yoast_head_json":{"title":"How to Report a Violation - Chattahoochee Riverkeeper","robots":{"index":"index","follow":"follow","max-snippet":"max-snippet:-1","max-image-preview":"max-image-preview:large","max-video-preview":"max-video-preview:-1"},"canonical":"https:\/\/chattahoochee.org\/es\/gtdo\/how-to-report-a-violation\/","og_locale":"es_MX","og_type":"article","og_title":"How to Report a Violation - Chattahoochee Riverkeeper","og_description":"Violations should first be reported to the local government if the local government is certified as a local issuing authority (LIA). Follow the steps below to determine how and to&hellip;","og_url":"https:\/\/chattahoochee.org\/es\/gtdo\/how-to-report-a-violation\/","og_site_name":"Chattahoochee Riverkeeper","article_modified_time":"2025-08-11T15:44:30+00:00","og_image":[{"width":2016,"height":1512,"url":"https:\/\/chattahoochee.org\/wp-content\/uploads\/2019\/07\/Dirty-Site.jpg","type":"image\/jpeg"}],"twitter_card":"summary_large_image","twitter_misc":{"Tiempo de lectura":"7 minutos"},"schema":{"@context":"https:\/\/schema.org","@graph":[{"@type":"WebPage","@id":"https:\/\/chattahoochee.org\/gtdo\/how-to-report-a-violation\/","url":"https:\/\/chattahoochee.org\/gtdo\/how-to-report-a-violation\/","name":"How to Report a Violation - Chattahoochee Riverkeeper","isPartOf":{"@id":"https:\/\/chattahoochee.org\/#website"},"primaryImageOfPage":{"@id":"https:\/\/chattahoochee.org\/gtdo\/how-to-report-a-violation\/#primaryimage"},"image":{"@id":"https:\/\/chattahoochee.org\/gtdo\/how-to-report-a-violation\/#primaryimage"},"thumbnailUrl":"https:\/\/chattahoochee.org\/wp-content\/uploads\/2019\/07\/Dirty-Site.jpg","datePublished":"2019-09-01T17:17:38+00:00","dateModified":"2025-08-11T15:44:30+00:00","breadcrumb":{"@id":"https:\/\/chattahoochee.org\/gtdo\/how-to-report-a-violation\/#breadcrumb"},"inLanguage":"es","potentialAction":[{"@type":"ReadAction","target":["https:\/\/chattahoochee.org\/gtdo\/how-to-report-a-violation\/"]}]},{"@type":"ImageObject","inLanguage":"es","@id":"https:\/\/chattahoochee.org\/gtdo\/how-to-report-a-violation\/#primaryimage","url":"https:\/\/chattahoochee.org\/wp-content\/uploads\/2019\/07\/Dirty-Site.jpg","contentUrl":"https:\/\/chattahoochee.org\/wp-content\/uploads\/2019\/07\/Dirty-Site.jpg","width":2016,"height":1512},{"@type":"BreadcrumbList","@id":"https:\/\/chattahoochee.org\/gtdo\/how-to-report-a-violation\/#breadcrumb","itemListElement":[{"@type":"ListItem","position":1,"name":"Home","item":"https:\/\/chattahoochee.org\/"},{"@type":"ListItem","position":2,"name":"Get the Dirt Out","item":"https:\/\/chattahoochee.org\/gtdo\/"},{"@type":"ListItem","position":3,"name":"How to Report a Violation"}]},{"@type":"WebSite","@id":"https:\/\/chattahoochee.org\/#website","url":"https:\/\/chattahoochee.org\/","name":"Chattahoochee Riverkeeper","description":"Since 1994","publisher":{"@id":"https:\/\/chattahoochee.org\/#organization"},"potentialAction":[{"@type":"SearchAction","target":{"@type":"EntryPoint","urlTemplate":"https:\/\/chattahoochee.org\/?s={search_term_string}"},"query-input":{"@type":"PropertyValueSpecification","valueRequired":true,"valueName":"search_term_string"}}],"inLanguage":"es"},{"@type":"Organization","@id":"https:\/\/chattahoochee.org\/#organization","name":"Chattahoochee Riverkeeper","url":"https:\/\/chattahoochee.org\/","logo":{"@type":"ImageObject","inLanguage":"es","@id":"https:\/\/chattahoochee.org\/#\/schema\/logo\/image\/","url":"https:\/\/chattahoochee.org\/wp-content\/uploads\/2021\/11\/CRK-Logo-White-NEW-2025.png","contentUrl":"https:\/\/chattahoochee.org\/wp-content\/uploads\/2021\/11\/CRK-Logo-White-NEW-2025.png","width":2458,"height":501,"caption":"Chattahoochee Riverkeeper"},"image":{"@id":"https:\/\/chattahoochee.org\/#\/schema\/logo\/image\/"}}]}},"_links":{"self":[{"href":"https:\/\/chattahoochee.org\/es\/wp-json\/wp\/v2\/pages\/17410","targetHints":{"allow":["GET"]}}],"collection":[{"href":"https:\/\/chattahoochee.org\/es\/wp-json\/wp\/v2\/pages"}],"about":[{"href":"https:\/\/chattahoochee.org\/es\/wp-json\/wp\/v2\/types\/page"}],"author":[{"embeddable":true,"href":"https:\/\/chattahoochee.org\/es\/wp-json\/wp\/v2\/users\/4"}],"replies":[{"embeddable":true,"href":"https:\/\/chattahoochee.org\/es\/wp-json\/wp\/v2\/comments?post=17410"}],"version-history":[{"count":31,"href":"https:\/\/chattahoochee.org\/es\/wp-json\/wp\/v2\/pages\/17410\/revisions"}],"predecessor-version":[{"id":25322,"href":"https:\/\/chattahoochee.org\/es\/wp-json\/wp\/v2\/pages\/17410\/revisions\/25322"}],"up":[{"embeddable":true,"href":"https:\/\/chattahoochee.org\/es\/wp-json\/wp\/v2\/pages\/17404"}],"wp:featuredmedia":[{"embeddable":true,"href":"https:\/\/chattahoochee.org\/es\/wp-json\/wp\/v2\/media\/15126"}],"wp:attachment":[{"href":"https:\/\/chattahoochee.org\/es\/wp-json\/wp\/v2\/media?parent=17410"}],"curies":[{"name":"wp","href":"https:\/\/api.w.org\/{rel}","templated":true}]}}