{"id":17436,"date":"2021-05-27T19:07:38","date_gmt":"2021-05-27T23:07:38","guid":{"rendered":"https:\/\/chattahoochee.org\/outonthehooch\/"},"modified":"2026-02-19T10:28:45","modified_gmt":"2026-02-19T15:28:45","slug":"outonthehooch","status":"publish","type":"page","link":"https:\/\/chattahoochee.org\/es\/outonthehooch\/","title":{"rendered":"Fuera en el Hooch"},"content":{"rendered":"<div class=\"wp-block-cover is-light\" style=\"min-height:600px;aspect-ratio:unset;\"><img loading=\"lazy\" decoding=\"async\" width=\"2500\" height=\"6250\" class=\"wp-block-cover__image-background wp-image-13705\" alt=\"\" src=\"https:\/\/chattahoochee.org\/wp-content\/uploads\/2021\/05\/Landing-page-background-5.27.2021-B.png\" data-object-fit=\"cover\" srcset=\"https:\/\/chattahoochee.org\/wp-content\/uploads\/2021\/05\/Landing-page-background-5.27.2021-B.png 2500w, https:\/\/chattahoochee.org\/wp-content\/uploads\/2021\/05\/Landing-page-background-5.27.2021-B-300x750.png 300w, https:\/\/chattahoochee.org\/wp-content\/uploads\/2021\/05\/Landing-page-background-5.27.2021-B-120x300.png 120w, https:\/\/chattahoochee.org\/wp-content\/uploads\/2021\/05\/Landing-page-background-5.27.2021-B-410x1024.png 410w, https:\/\/chattahoochee.org\/wp-content\/uploads\/2021\/05\/Landing-page-background-5.27.2021-B-768x1920.png 768w, https:\/\/chattahoochee.org\/wp-content\/uploads\/2021\/05\/Landing-page-background-5.27.2021-B-614x1536.png 614w, https:\/\/chattahoochee.org\/wp-content\/uploads\/2021\/05\/Landing-page-background-5.27.2021-B-819x2048.png 819w, https:\/\/chattahoochee.org\/wp-content\/uploads\/2021\/05\/Landing-page-background-5.27.2021-B-5x12.png 5w\" sizes=\"auto, (max-width: 2500px) 100vw, 2500px\" \/><span aria-hidden=\"true\" class=\"wp-block-cover__background has-white-background-color has-background-dim-30 has-background-dim\"><\/span><div class=\"wp-block-cover__inner-container is-layout-flow wp-block-cover-is-layout-flow\"><div class=\"wp-block-image is-style-default\"><figure class=\"aligncenter size-large is-resized\"><img loading=\"lazy\" decoding=\"async\" width=\"1024\" height=\"471\" src=\"https:\/\/chattahoochee.org\/wp-content\/uploads\/2021\/05\/header-text-for-website-e1622140487679-1024x471.png\" alt=\"\" class=\"wp-image-13712\" style=\"width:512px;height:236px\" srcset=\"https:\/\/chattahoochee.org\/wp-content\/uploads\/2021\/05\/header-text-for-website-e1622140487679-1024x471.png 1024w, https:\/\/chattahoochee.org\/wp-content\/uploads\/2021\/05\/header-text-for-website-e1622140487679-300x138.png 300w, https:\/\/chattahoochee.org\/wp-content\/uploads\/2021\/05\/header-text-for-website-e1622140487679-768x353.png 768w, https:\/\/chattahoochee.org\/wp-content\/uploads\/2021\/05\/header-text-for-website-e1622140487679-1536x706.png 1536w, https:\/\/chattahoochee.org\/wp-content\/uploads\/2021\/05\/header-text-for-website-e1622140487679-18x8.png 18w, https:\/\/chattahoochee.org\/wp-content\/uploads\/2021\/05\/header-text-for-website-e1622140487679.png 1667w\" sizes=\"auto, (max-width: 1024px) 100vw, 1024px\" \/><\/figure><\/div><\/div><\/div><div id=\"crk_section_block_f59dac2270f7600dc9adcb9809d055f1\" class=\"crk-section color-cream-bg\">\r\n    <div class=\"crk-section-container pos-rel max-width\">\r\n        \n<div class=\"wp-block-columns are-vertically-aligned-center is-layout-flex wp-container-core-columns-is-layout-9d6595d7 wp-block-columns-is-layout-flex\"><div class=\"wp-block-column is-vertically-aligned-center is-layout-flow wp-block-column-is-layout-flow\"><figure class=\"wp-block-image size-large is-style-image-mask\"><img loading=\"lazy\" decoding=\"async\" width=\"1024\" height=\"1024\" src=\"https:\/\/chattahoochee.org\/wp-content\/uploads\/2021\/05\/Ashley-strong-with-flag-1024x1024.png\" alt=\"\" class=\"wp-image-13695\" srcset=\"https:\/\/chattahoochee.org\/wp-content\/uploads\/2021\/05\/Ashley-strong-with-flag-1024x1024.png 1024w, https:\/\/chattahoochee.org\/wp-content\/uploads\/2021\/05\/Ashley-strong-with-flag-150x150.png 150w, https:\/\/chattahoochee.org\/wp-content\/uploads\/2021\/05\/Ashley-strong-with-flag-100x100.png 100w, https:\/\/chattahoochee.org\/wp-content\/uploads\/2021\/05\/Ashley-strong-with-flag-300x300.png 300w, https:\/\/chattahoochee.org\/wp-content\/uploads\/2021\/05\/Ashley-strong-with-flag-768x768.png 768w, https:\/\/chattahoochee.org\/wp-content\/uploads\/2021\/05\/Ashley-strong-with-flag-1536x1536.png 1536w, https:\/\/chattahoochee.org\/wp-content\/uploads\/2021\/05\/Ashley-strong-with-flag-12x12.png 12w, https:\/\/chattahoochee.org\/wp-content\/uploads\/2021\/05\/Ashley-strong-with-flag.png 1667w\" sizes=\"auto, (max-width: 1024px) 100vw, 1024px\" \/><\/figure><\/div>\n\n<div class=\"wp-block-column is-vertically-aligned-center is-layout-flow wp-block-column-is-layout-flow\"><h2 class=\"wp-block-heading\">Orgullo por el r\u00edo, orgullo por los dem\u00e1s<\/h2>\n\n<p>Todos merecen sentirse seguros, bienvenidos y valorados en el r\u00edo Chattahoochee y sus alrededores. Out on the Hooch es una forma de que los miembros y aliados de la comunidad LGBTQIA+ se re\u00fanan, en l\u00ednea y en el r\u00edo, para celebrar nuestro amor compartido por este incre\u00edble espacio al aire libre.<\/p><\/div><\/div>\n\r\n    <\/div>\r\n<\/div><div id=\"crk_section_block_1168ab613da953cd5ebe3a2986e2dcd2\" class=\"crk-section color-white-bg\">\r\n    <div class=\"crk-section-container pos-rel max-width\">\r\n        \n<div class=\"wp-block-columns are-vertically-aligned-center is-layout-flex wp-container-core-columns-is-layout-9d6595d7 wp-block-columns-is-layout-flex\"><div class=\"wp-block-column is-vertically-aligned-center is-layout-flow wp-block-column-is-layout-flow\"><h2 class=\"wp-block-heading\">Compartiendo por qu\u00e9 estamos en el Hooch<\/h2>\n\n<p>Todos tenemos una historia para compartir. Escuchar c\u00f3mo otros se conectan a Chattahoochee puede restablecer este espacio al aire libre como una comunidad inclusiva para todos. Publique un video o una foto que explique por qu\u00e9 est\u00e1 #OutOnTheHooch en las redes sociales para ayudar a correr la voz.<a rel=\"noreferrer noopener\" href=\"https:\/\/www.facebook.com\/chattahoocheeriverkeeper\" target=\"_blank\"><\/a><\/p>\n\n<ul class=\"social-links justify-content-center\">\r\n\r\n        \r\n        <li>\r\n            <a href=\"https:\/\/www.facebook.com\/pages\/Chattahoochee-Riverkeeper\/118239508922\" target=\"_blank\" rel=\"noopener noreferrer\"><i class=\"fab fa-facebook-f\"><\/i><\/a>    \r\n        <\/li>\r\n\r\n        \r\n        <li>\r\n            <a href=\"https:\/\/twitter.com\/CRKeeper\" target=\"_blank\" rel=\"noopener noreferrer\"><i class=\"fab fa-twitter\"><\/i><\/a>    \r\n        <\/li>\r\n\r\n        \r\n        <li>\r\n            <a href=\"http:\/\/instagram.com\/crkeeper\" target=\"_blank\" rel=\"noopener noreferrer\"><i class=\"fab fa-instagram\"><\/i><\/a>    \r\n        <\/li>\r\n\r\n        \r\n        <li>\r\n            <a href=\"https:\/\/www.tiktok.com\/@chattahoocheeriverkeeper\" target=\"_blank\" rel=\"noopener noreferrer\"><i class=\"fab fa-tiktok\"><\/i><\/a>    \r\n        <\/li>\r\n\r\n        \r\n        <li>\r\n            <a href=\"https:\/\/www.youtube.com\/user\/UCRiverkeeperVideos\" target=\"_blank\" rel=\"noopener noreferrer\"><i class=\"fab fa-youtube\"><\/i><\/a>    \r\n        <\/li>\r\n\r\n            <\/ul><\/div>\n\n<div class=\"wp-block-column is-vertically-aligned-center is-layout-flow wp-block-column-is-layout-flow\"><figure class=\"wp-block-image size-full is-style-image-mask\"><img loading=\"lazy\" decoding=\"async\" width=\"630\" height=\"422\" src=\"https:\/\/chattahoochee.org\/wp-content\/uploads\/2026\/02\/Pride-2025_LeggyBird-Photos-3.avif\" alt=\"\" class=\"wp-image-25972\" srcset=\"https:\/\/chattahoochee.org\/wp-content\/uploads\/2026\/02\/Pride-2025_LeggyBird-Photos-3.avif 630w, https:\/\/chattahoochee.org\/wp-content\/uploads\/2026\/02\/Pride-2025_LeggyBird-Photos-3-300x201.jpg 300w, https:\/\/chattahoochee.org\/wp-content\/uploads\/2026\/02\/Pride-2025_LeggyBird-Photos-3-18x12.jpg 18w\" sizes=\"auto, (max-width: 630px) 100vw, 630px\" \/><\/figure>\n\n<p class=\"has-text-align-center has-small-font-size\"><em>Photo by Leggy Bird Photography for Smyrna Pride<\/em><\/p><\/div><\/div>\n\r\n    <\/div>\r\n<\/div><div id=\"crk_section_block_f59dac2270f7600dc9adcb9809d055f1\" class=\"crk-section color-cream-bg\">\r\n    <div class=\"crk-section-container pos-rel max-width\">\r\n        \n<div class=\"wp-block-columns are-vertically-aligned-center is-layout-flex wp-container-core-columns-is-layout-9d6595d7 wp-block-columns-is-layout-flex\"><div class=\"wp-block-column is-vertically-aligned-center is-layout-flow wp-block-column-is-layout-flow\"><figure class=\"wp-block-image size-large is-style-image-mask\"><img loading=\"lazy\" decoding=\"async\" width=\"1024\" height=\"1024\" src=\"https:\/\/chattahoochee.org\/wp-content\/uploads\/2021\/05\/piedmont-park-1024x1024.png\" alt=\"\" class=\"wp-image-13715\" srcset=\"https:\/\/chattahoochee.org\/wp-content\/uploads\/2021\/05\/piedmont-park-1024x1024.png 1024w, https:\/\/chattahoochee.org\/wp-content\/uploads\/2021\/05\/piedmont-park-150x150.png 150w, https:\/\/chattahoochee.org\/wp-content\/uploads\/2021\/05\/piedmont-park-100x100.png 100w, https:\/\/chattahoochee.org\/wp-content\/uploads\/2021\/05\/piedmont-park-300x300.png 300w, https:\/\/chattahoochee.org\/wp-content\/uploads\/2021\/05\/piedmont-park-768x768.png 768w, https:\/\/chattahoochee.org\/wp-content\/uploads\/2021\/05\/piedmont-park-1536x1536.png 1536w, https:\/\/chattahoochee.org\/wp-content\/uploads\/2021\/05\/piedmont-park-2048x2048.png 2048w, https:\/\/chattahoochee.org\/wp-content\/uploads\/2021\/05\/piedmont-park-12x12.png 12w\" sizes=\"auto, (max-width: 1024px) 100vw, 1024px\" \/><\/figure><\/div>\n\n<div class=\"wp-block-column is-vertically-aligned-center is-layout-flow wp-block-column-is-layout-flow\"><h2 class=\"wp-block-heading\">Recuperando espacio en el r\u00edo y m\u00e1s all\u00e1<\/h2>\n\n<p>Stay tuned for upcoming hikes, paddles, cleanups, and more welcoming all who are Out on the Hooch.<\/p>\n\n<p>Find us at events with <a href=\"https:\/\/roswell365.com\/organization\/roswell-empowered\/\">Roswell Empowered<\/a>, <a href=\"https:\/\/www.smyrnapride.org\/\">Smyrna Pride<\/a>, <a href=\"https:\/\/atlantapride.org\/\">Atlanta Pride<\/a>, and more throughout the year!<\/p><\/div><\/div>\n\r\n    <\/div>\r\n<\/div><div id=\"crk_section_block_1168ab613da953cd5ebe3a2986e2dcd2\" class=\"crk-section color-white-bg\">\r\n    <div class=\"crk-section-container pos-rel max-width\">\r\n        \n<p class=\"has-text-align-center\" style=\"font-size:16px\"><em>For questions about this initiative or for additional ways to support this effort, please contact<\/em> <em><a href=\"mailto:jgriffin@chattahoochee.org\">jgriffin@chattahoochee.org<\/a>.<\/em><\/p>\n\r\n    <\/div>\r\n<\/div>","protected":false},"excerpt":{"rendered":"<p>Orgullo por el r\u00edo, orgullo por los dem\u00e1s Todos merecen sentirse seguros, bienvenidos y valorados en el r\u00edo Chattahoochee y sus alrededores. Out on the Hooch es una forma de\u2026<\/p>","protected":false},"author":4,"featured_media":0,"parent":0,"menu_order":0,"comment_status":"closed","ping_status":"open","template":"","meta":{"_acf_changed":false,"_EventAllDay":false,"_EventTimezone":"","_EventStartDate":"","_EventEndDate":"","_EventStartDateUTC":"","_EventEndDateUTC":"","_EventShowMap":false,"_EventShowMapLink":false,"_EventURL":"","_EventCost":"","_EventCostDescription":"","_EventCurrencySymbol":"","_EventCurrencyCode":"","_EventCurrencyPosition":"","_EventDateTimeSeparator":"","_EventTimeRangeSeparator":"","_EventOrganizerID":[],"_EventVenueID":[],"_OrganizerEmail":"","_OrganizerPhone":"","_OrganizerWebsite":"","_VenueAddress":"","_VenueCity":"","_VenueCountry":"","_VenueProvince":"","_VenueState":"","_VenueZip":"","_VenuePhone":"","_VenueURL":"","_VenueStateProvince":"","_VenueLat":"","_VenueLng":"","_VenueShowMap":false,"_VenueShowMapLink":false,"footnotes":""},"class_list":["post-17436","page","type-page","status-publish","hentry"],"acf":[],"yoast_head":"<!-- This site is optimized with the Yoast SEO plugin v25.1 - https:\/\/yoast.com\/wordpress\/plugins\/seo\/ -->\n<title>Out on the Hooch - Chattahoochee Riverkeeper<\/title>\n<meta name=\"robots\" content=\"index, follow, max-snippet:-1, max-image-preview:large, max-video-preview:-1\" \/>\n<link rel=\"canonical\" href=\"https:\/\/chattahoochee.org\/es\/outonthehooch\/\" \/>\n<meta property=\"og:locale\" content=\"es_MX\" \/>\n<meta property=\"og:type\" content=\"article\" \/>\n<meta property=\"og:title\" content=\"Out on the Hooch - Chattahoochee Riverkeeper\" \/>\n<meta property=\"og:description\" content=\"Pride for the river, pride for each other Everyone deserves to feel safe, welcomed, and valued in and around the Chattahoochee River. Out on the Hooch is a way for&hellip;\" \/>\n<meta property=\"og:url\" content=\"https:\/\/chattahoochee.org\/es\/outonthehooch\/\" \/>\n<meta property=\"og:site_name\" content=\"Chattahoochee Riverkeeper\" \/>\n<meta property=\"article:modified_time\" content=\"2026-02-19T15:28:45+00:00\" \/>\n<meta property=\"og:image\" content=\"https:\/\/chattahoochee.org\/wp-content\/uploads\/2021\/05\/Landing-page-background-5.27.2021-B-410x1024.png\" \/>\n\t<meta property=\"og:image:width\" content=\"410\" \/>\n\t<meta property=\"og:image:height\" content=\"1024\" \/>\n\t<meta property=\"og:image:type\" content=\"image\/png\" \/>\n<meta name=\"twitter:card\" content=\"summary_large_image\" \/>\n<meta name=\"twitter:label1\" content=\"Tiempo de lectura\" \/>\n\t<meta name=\"twitter:data1\" content=\"2 minutos\" \/>\n<script type=\"application\/ld+json\" class=\"yoast-schema-graph\">{\"@context\":\"https:\/\/schema.org\",\"@graph\":[{\"@type\":\"WebPage\",\"@id\":\"https:\/\/chattahoochee.org\/outonthehooch\/\",\"url\":\"https:\/\/chattahoochee.org\/outonthehooch\/\",\"name\":\"Out on the Hooch - Chattahoochee Riverkeeper\",\"isPartOf\":{\"@id\":\"https:\/\/chattahoochee.org\/#website\"},\"primaryImageOfPage\":{\"@id\":\"https:\/\/chattahoochee.org\/outonthehooch\/#primaryimage\"},\"image\":{\"@id\":\"https:\/\/chattahoochee.org\/outonthehooch\/#primaryimage\"},\"thumbnailUrl\":\"https:\/\/chattahoochee.org\/wp-content\/uploads\/2021\/05\/Landing-page-background-5.27.2021-B.png\",\"datePublished\":\"2021-05-27T23:07:38+00:00\",\"dateModified\":\"2026-02-19T15:28:45+00:00\",\"breadcrumb\":{\"@id\":\"https:\/\/chattahoochee.org\/outonthehooch\/#breadcrumb\"},\"inLanguage\":\"es\",\"potentialAction\":[{\"@type\":\"ReadAction\",\"target\":[\"https:\/\/chattahoochee.org\/outonthehooch\/\"]}]},{\"@type\":\"ImageObject\",\"inLanguage\":\"es\",\"@id\":\"https:\/\/chattahoochee.org\/outonthehooch\/#primaryimage\",\"url\":\"https:\/\/chattahoochee.org\/wp-content\/uploads\/2021\/05\/Landing-page-background-5.27.2021-B.png\",\"contentUrl\":\"https:\/\/chattahoochee.org\/wp-content\/uploads\/2021\/05\/Landing-page-background-5.27.2021-B.png\"},{\"@type\":\"BreadcrumbList\",\"@id\":\"https:\/\/chattahoochee.org\/outonthehooch\/#breadcrumb\",\"itemListElement\":[{\"@type\":\"ListItem\",\"position\":1,\"name\":\"Home\",\"item\":\"https:\/\/chattahoochee.org\/\"},{\"@type\":\"ListItem\",\"position\":2,\"name\":\"Out on the Hooch\"}]},{\"@type\":\"WebSite\",\"@id\":\"https:\/\/chattahoochee.org\/#website\",\"url\":\"https:\/\/chattahoochee.org\/\",\"name\":\"Chattahoochee Riverkeeper\",\"description\":\"Since 1994\",\"publisher\":{\"@id\":\"https:\/\/chattahoochee.org\/#organization\"},\"potentialAction\":[{\"@type\":\"SearchAction\",\"target\":{\"@type\":\"EntryPoint\",\"urlTemplate\":\"https:\/\/chattahoochee.org\/?s={search_term_string}\"},\"query-input\":{\"@type\":\"PropertyValueSpecification\",\"valueRequired\":true,\"valueName\":\"search_term_string\"}}],\"inLanguage\":\"es\"},{\"@type\":\"Organization\",\"@id\":\"https:\/\/chattahoochee.org\/#organization\",\"name\":\"Chattahoochee Riverkeeper\",\"url\":\"https:\/\/chattahoochee.org\/\",\"logo\":{\"@type\":\"ImageObject\",\"inLanguage\":\"es\",\"@id\":\"https:\/\/chattahoochee.org\/#\/schema\/logo\/image\/\",\"url\":\"https:\/\/chattahoochee.org\/wp-content\/uploads\/2021\/11\/CRK-Logo-White-NEW-2025.png\",\"contentUrl\":\"https:\/\/chattahoochee.org\/wp-content\/uploads\/2021\/11\/CRK-Logo-White-NEW-2025.png\",\"width\":2458,\"height\":501,\"caption\":\"Chattahoochee Riverkeeper\"},\"image\":{\"@id\":\"https:\/\/chattahoochee.org\/#\/schema\/logo\/image\/\"}}]}<\/script>\n<!-- \/ Yoast SEO plugin. -->","yoast_head_json":{"title":"Out on the Hooch - Chattahoochee Riverkeeper","robots":{"index":"index","follow":"follow","max-snippet":"max-snippet:-1","max-image-preview":"max-image-preview:large","max-video-preview":"max-video-preview:-1"},"canonical":"https:\/\/chattahoochee.org\/es\/outonthehooch\/","og_locale":"es_MX","og_type":"article","og_title":"Out on the Hooch - Chattahoochee Riverkeeper","og_description":"Pride for the river, pride for each other Everyone deserves to feel safe, welcomed, and valued in and around the Chattahoochee River. Out on the Hooch is a way for&hellip;","og_url":"https:\/\/chattahoochee.org\/es\/outonthehooch\/","og_site_name":"Chattahoochee Riverkeeper","article_modified_time":"2026-02-19T15:28:45+00:00","og_image":[{"width":410,"height":1024,"url":"https:\/\/chattahoochee.org\/wp-content\/uploads\/2021\/05\/Landing-page-background-5.27.2021-B-410x1024.png","type":"image\/png"}],"twitter_card":"summary_large_image","twitter_misc":{"Tiempo de lectura":"2 minutos"},"schema":{"@context":"https:\/\/schema.org","@graph":[{"@type":"WebPage","@id":"https:\/\/chattahoochee.org\/outonthehooch\/","url":"https:\/\/chattahoochee.org\/outonthehooch\/","name":"Out on the Hooch - Chattahoochee Riverkeeper","isPartOf":{"@id":"https:\/\/chattahoochee.org\/#website"},"primaryImageOfPage":{"@id":"https:\/\/chattahoochee.org\/outonthehooch\/#primaryimage"},"image":{"@id":"https:\/\/chattahoochee.org\/outonthehooch\/#primaryimage"},"thumbnailUrl":"https:\/\/chattahoochee.org\/wp-content\/uploads\/2021\/05\/Landing-page-background-5.27.2021-B.png","datePublished":"2021-05-27T23:07:38+00:00","dateModified":"2026-02-19T15:28:45+00:00","breadcrumb":{"@id":"https:\/\/chattahoochee.org\/outonthehooch\/#breadcrumb"},"inLanguage":"es","potentialAction":[{"@type":"ReadAction","target":["https:\/\/chattahoochee.org\/outonthehooch\/"]}]},{"@type":"ImageObject","inLanguage":"es","@id":"https:\/\/chattahoochee.org\/outonthehooch\/#primaryimage","url":"https:\/\/chattahoochee.org\/wp-content\/uploads\/2021\/05\/Landing-page-background-5.27.2021-B.png","contentUrl":"https:\/\/chattahoochee.org\/wp-content\/uploads\/2021\/05\/Landing-page-background-5.27.2021-B.png"},{"@type":"BreadcrumbList","@id":"https:\/\/chattahoochee.org\/outonthehooch\/#breadcrumb","itemListElement":[{"@type":"ListItem","position":1,"name":"Home","item":"https:\/\/chattahoochee.org\/"},{"@type":"ListItem","position":2,"name":"Out on the Hooch"}]},{"@type":"WebSite","@id":"https:\/\/chattahoochee.org\/#website","url":"https:\/\/chattahoochee.org\/","name":"Chattahoochee Riverkeeper","description":"Since 1994","publisher":{"@id":"https:\/\/chattahoochee.org\/#organization"},"potentialAction":[{"@type":"SearchAction","target":{"@type":"EntryPoint","urlTemplate":"https:\/\/chattahoochee.org\/?s={search_term_string}"},"query-input":{"@type":"PropertyValueSpecification","valueRequired":true,"valueName":"search_term_string"}}],"inLanguage":"es"},{"@type":"Organization","@id":"https:\/\/chattahoochee.org\/#organization","name":"Chattahoochee Riverkeeper","url":"https:\/\/chattahoochee.org\/","logo":{"@type":"ImageObject","inLanguage":"es","@id":"https:\/\/chattahoochee.org\/#\/schema\/logo\/image\/","url":"https:\/\/chattahoochee.org\/wp-content\/uploads\/2021\/11\/CRK-Logo-White-NEW-2025.png","contentUrl":"https:\/\/chattahoochee.org\/wp-content\/uploads\/2021\/11\/CRK-Logo-White-NEW-2025.png","width":2458,"height":501,"caption":"Chattahoochee Riverkeeper"},"image":{"@id":"https:\/\/chattahoochee.org\/#\/schema\/logo\/image\/"}}]}},"_links":{"self":[{"href":"https:\/\/chattahoochee.org\/es\/wp-json\/wp\/v2\/pages\/17436","targetHints":{"allow":["GET"]}}],"collection":[{"href":"https:\/\/chattahoochee.org\/es\/wp-json\/wp\/v2\/pages"}],"about":[{"href":"https:\/\/chattahoochee.org\/es\/wp-json\/wp\/v2\/types\/page"}],"author":[{"embeddable":true,"href":"https:\/\/chattahoochee.org\/es\/wp-json\/wp\/v2\/users\/4"}],"replies":[{"embeddable":true,"href":"https:\/\/chattahoochee.org\/es\/wp-json\/wp\/v2\/comments?post=17436"}],"version-history":[{"count":26,"href":"https:\/\/chattahoochee.org\/es\/wp-json\/wp\/v2\/pages\/17436\/revisions"}],"predecessor-version":[{"id":25974,"href":"https:\/\/chattahoochee.org\/es\/wp-json\/wp\/v2\/pages\/17436\/revisions\/25974"}],"wp:attachment":[{"href":"https:\/\/chattahoochee.org\/es\/wp-json\/wp\/v2\/media?parent=17436"}],"curies":[{"name":"wp","href":"https:\/\/api.w.org\/{rel}","templated":true}]}}