{"id":17437,"date":"2021-06-28T19:51:40","date_gmt":"2021-06-28T23:51:40","guid":{"rendered":"https:\/\/chattahoochee.org\/faith-based-partnerships\/"},"modified":"2025-12-19T15:59:15","modified_gmt":"2025-12-19T20:59:15","slug":"faith-based-partnerships","status":"publish","type":"page","link":"https:\/\/chattahoochee.org\/es\/faith-based-partnerships\/","title":{"rendered":"Asociaciones basadas en la fe"},"content":{"rendered":"<div id=\"crk_section_block_5cf094501b7e701644618ee2cbfbe2bc\" class=\"crk-section color-cream-bg\">\r\n    <div class=\"crk-section-container pos-rel max-width\">\r\n        \n<h2 class=\"wp-block-heading has-text-align-center\">Junto con Georgia Interfaith Power &amp; Light (GIPL), Chattahoochee Riverkeeper (CRK) da la bienvenida a grupos de fe para que vengan a experimentar la cuenca de Chattahoochee de primera mano.<\/h2>\n\n<p class=\"has-text-align-center\">Ya sea a trav\u00e9s de una excursi\u00f3n en una de nuestras dos aulas flotantes (Lake Lanier y West Point Lake), un viaje de remo guiado o una limpieza de basura voluntaria a lo largo de un canal local, alentamos a los grupos a acercarse y aprender m\u00e1s.&nbsp;&nbsp;<\/p>\n\n<div class=\"wp-block-columns are-vertically-aligned-center is-layout-flex wp-container-core-columns-is-layout-9d6595d7 wp-block-columns-is-layout-flex\"><div class=\"wp-block-column is-vertically-aligned-center is-layout-flow wp-block-column-is-layout-flow\"><div class=\"clip-top clip-offset p-t-30 has-blue-background-color\"><\/div>\r\n<div class=\"cta-block-content p-l-50 p-r-50 p-t-50 p-b-20 has-blue-background-color\">\r\n    \n<figure class=\"wp-block-embed is-type-video is-provider-youtube wp-block-embed-youtube wp-embed-aspect-16-9 wp-has-aspect-ratio\"><div class=\"wp-block-embed__wrapper\">\n<iframe loading=\"lazy\" title=\"promoci\u00f3n | Conectando grupos de fe con la cuenca de Chattahoochee\" width=\"640\" height=\"360\" src=\"https:\/\/www.youtube.com\/embed\/BYpgA_4XayU?feature=oembed\" frameborder=\"0\" allow=\"accelerometer; autoplay; clipboard-write; encrypted-media; gyroscope; picture-in-picture; web-share\" referrerpolicy=\"strict-origin-when-cross-origin\" allowfullscreen><\/iframe>\n<\/div><\/figure>\n\r\n<\/div>\r\n<div class=\"clip-bottom clip-offset p-b-30 has-blue-background-color\"><\/div><\/div><\/div>\n\r\n    <\/div>\r\n<\/div><div id=\"crk_background_section_block_22190ea22fd70a5361e4aa4a3ce085e8\" class=\"crk-background-section color-white-bg background-design-two-light-blue design-layout-both\">\r\n    <div class=\"crk-background-section-container max-width\">\r\n        \n<div class=\"wp-block-columns is-layout-flex wp-container-core-columns-is-layout-9d6595d7 wp-block-columns-is-layout-flex\"><div class=\"wp-block-column is-layout-flow wp-block-column-is-layout-flow\" style=\"flex-basis:50%\"><div class=\"card-block-container\">\r\n\r\n            <div class=\"card-block-icon has-light-blue-background-color\"><i class=\"fas fa-trash-alt material-icons\"><\/i><\/div>\r\n    \r\n    <div class=\"clip-top clip-offset p-b-30 has-light-blue-background-color\"><\/div>\r\n    <div class=\"card-block has-light-blue-background-color\">\r\n        <div class=\"card-block-container\">\r\n            <div class=\"card-block-content\">\r\n                <h2 class=\"has-blue-color\">Voluntarios de limpieza de basura<\/h2>\r\n                <p class=\"m-b-0 has-blue-color\">Nuestras limpiezas voluntarias marcan una diferencia tangible en la salud de nuestra cuenca y ofrecen una actividad de participaci\u00f3n comunitaria segura y positiva. Las limpiezas de voluntarios generalmente se llevan a cabo a lo largo de la costa del r\u00edo, lagos y arroyos y duran hasta dos horas.\r\n<br \/><br \/>\r\nSe proporcionan bolsas de basura y guantes. Todos est\u00e1n invitados a participar en nuestras limpiezas mensuales, pero se pueden organizar limpiezas privadas solo para su organizaci\u00f3n por una tarifa. Se agradecen las donaciones para apoyar al personal de CRK y el costo de los suministros.<\/p>\r\n            <\/div>\r\n        <\/div>\r\n    <\/div>\r\n    <div class=\"clip-bottom clip-offset p-b-30 has-light-blue-background-color\"><\/div>\r\n\r\n            <div class=\"wp-block-buttons is-content-justification-center\">\r\n            <a class=\"wp-block-button__link has-blue-background-color has-white-color top-relative-btn top-30\"\r\n                title=\"limpiezas\"                target=\"_self\"                href=\"https:\/\/chattahoochee.org\/es\/cleanups\/\">Aprende m\u00e1s<\/a>\r\n        <\/div>\r\n    \r\n<\/div><\/div>\n\n<div class=\"wp-block-column is-layout-flow wp-block-column-is-layout-flow\" style=\"flex-basis:50%\"><div class=\"card-block-container\">\r\n\r\n            <div class=\"card-block-icon has-light-blue-background-color\"><i class=\"fas fa-ship material-icons\"><\/i><\/div>\r\n    \r\n    <div class=\"clip-top clip-offset p-b-30 has-light-blue-background-color\"><\/div>\r\n    <div class=\"card-block has-light-blue-background-color\">\r\n        <div class=\"card-block-container\">\r\n            <div class=\"card-block-content\">\r\n                <h2 class=\"has-blue-color\">Excursi\u00f3n En El Aula Flotante<\/h2>\r\n                <p class=\"m-b-0 has-blue-color\">\u00danase a nosotros en una de las dos aulas flotantes de CRK para una excursi\u00f3n de dos horas con hasta treinta participantes. Se alienta a los grupos a usar este tiempo para ense\u00f1ar desde su propia tradici\u00f3n de cuidado de la creaci\u00f3n, as\u00ed como para aprender de los instructores de GIPL y CRK sobre la administraci\u00f3n ambiental.  \r\n<br \/><br \/>\r\nDisponible en Lake Lanier y West Point Lake. El costo es de $15 por participante con un pago m\u00ednimo de $250. Las becas grupales est\u00e1n disponibles de forma limitada.<\/p>\r\n            <\/div>\r\n        <\/div>\r\n    <\/div>\r\n    <div class=\"clip-bottom clip-offset p-b-30 has-light-blue-background-color\"><\/div>\r\n\r\n    \r\n<\/div><\/div><\/div>\n\n<div class=\"wp-block-columns is-layout-flex wp-container-core-columns-is-layout-9d6595d7 wp-block-columns-is-layout-flex\"><div class=\"wp-block-column max-width-600 is-layout-flow wp-block-column-is-layout-flow\"><div class=\"card-block-container\">\r\n\r\n            <div class=\"card-block-icon has-light-blue-background-color\"><i class=\"fas fa-water material-icons\"><\/i><\/div>\r\n    \r\n    <div class=\"clip-top clip-offset p-b-30 has-light-blue-background-color\"><\/div>\r\n    <div class=\"card-block has-light-blue-background-color\">\r\n        <div class=\"card-block-container\">\r\n            <div class=\"card-block-content\">\r\n                <h2 class=\"has-blue-color\">Excursiones guiadas de p\u00e1del<\/h2>\r\n                <p class=\"m-b-0 has-blue-color\">Una de las mejores maneras de experimentar la v\u00eda fluvial local es remar en un kayak o canoa.  \r\n<br \/><br \/>\r\nEl personal de CRK y GIPL puede dirigir excursiones de remo guiadas y trabajar con usted para crear una experiencia \u00fanica para su grupo y ubicaci\u00f3n. CRK tambi\u00e9n tiene un n\u00famero limitado de kayaks que podemos proporcionar para estas salidas.  <\/p>\r\n            <\/div>\r\n        <\/div>\r\n    <\/div>\r\n    <div class=\"clip-bottom clip-offset p-b-30 has-light-blue-background-color\"><\/div>\r\n\r\n    \r\n<\/div><\/div><\/div>\n\r\n    <\/div>\r\n<\/div><div id=\"crk_section_block_8028113ce82ed5ca482b05053e753ac1\" class=\"crk-section color-cream-shade-bg\">\r\n    <div class=\"crk-section-container pos-rel max-width\">\r\n        \n<h2 class=\"wp-block-heading has-text-align-center\">Planificaci\u00f3n<\/h2>\n\n<p class=\"has-text-align-center max-width-600\">Seg\u00fan su ubicaci\u00f3n, comun\u00edquese con uno de los siguientes miembros del personal de Chattahoochee Riverkeeper para obtener m\u00e1s informaci\u00f3n y programar una salida.&nbsp;&nbsp;<\/p>\n\n<div style=\"height:50px\" aria-hidden=\"true\" class=\"wp-block-spacer\"><\/div>\n\n<div class=\"wp-block-columns is-layout-flex wp-container-core-columns-is-layout-9d6595d7 wp-block-columns-is-layout-flex\"><div class=\"wp-block-column is-layout-flow wp-block-column-is-layout-flow\"><h3 class=\"wp-block-heading\"><strong>atlanta<\/strong><\/h3>\n\n<p><strong>Kyndall Thiessen<\/strong><br>Director de Desarrollo<br><a rel=\"noreferrer noopener\" href=\"mailto:kthiessen@chattahoochee.org\" target=\"_blank\">kthiessen@chattahoochee.org<\/a><br>404-352-9828&nbsp;<\/p><\/div>\n\n<div class=\"wp-block-column is-layout-flow wp-block-column-is-layout-flow\"><h3 class=\"wp-block-heading\"><strong>georgia del norte<\/strong><\/h3>\n\n<p><strong>Bailey Cuttle<br><\/strong>Headwaters Development Specialist<br><a href=\"mailto:bcuttle@chattahoochee.org\">bcuttle@chattahoochee.org<\/a><br>404-352-9828\u00a0\u00a0<\/p><\/div>\n\n<div class=\"wp-block-column is-layout-flow wp-block-column-is-layout-flow\"><h3 class=\"wp-block-heading\"><strong>Georgia occidental y Alabama oriental<\/strong><\/h3>\n\n<p><strong>henry jacobs<\/strong><br>Director de Chattahoochee medio<br><a href=\"mailto:hjacobs@chattahoochee.org\" target=\"_blank\" rel=\"noreferrer noopener\">hjacobs@chattahoochee.org<\/a><br>404-352-9828&nbsp;<\/p><\/div><\/div>\n\r\n    <\/div>\r\n<\/div><div id=\"crk_section_block_1abd74405c36324cf9e1a32918fddde3\" class=\"crk-section color-white-bg\">\r\n    <div class=\"crk-section-container pos-rel max-width\">\r\n        \n<h2 class=\"wp-block-heading has-text-align-center\">Acerca de nuestro socio<\/h2>\n\n<div class=\"wp-block-columns are-vertically-aligned-center is-layout-flex wp-container-core-columns-is-layout-9d6595d7 wp-block-columns-is-layout-flex\"><div class=\"wp-block-column is-vertically-aligned-center is-layout-flow wp-block-column-is-layout-flow\" style=\"flex-basis:40%\"><div class=\"wp-block-image is-style-default\"><figure class=\"aligncenter size-large\"><img decoding=\"async\" src=\"https:\/\/i0.wp.com\/gipl.org\/wp-content\/uploads\/2019\/02\/cropped-logo_2.png?fit=238%2C250&amp;ssl=1\" alt=\"\"\/><\/figure><\/div><\/div>\n\n<div class=\"wp-block-column is-vertically-aligned-center is-layout-flow wp-block-column-is-layout-flow\" style=\"flex-basis:60%\"><p><a href=\"http:\/\/www.gipl.org\/\">Energ\u00eda y luz interreligiosa de Georgia<\/a>&nbsp;equipa a las comunidades de fe en todo el estado de Georgia para cuidar la Creaci\u00f3n a trav\u00e9s del culto, la educaci\u00f3n y la administraci\u00f3n de nuestros recursos naturales.<\/p>\n\n<p>GIPL fue fundado en 2003 por el reverendo Woody y Carol Bartlett como parte del movimiento nacional Interfaith Power &amp; Light. Desde entonces, GIPL se ha asociado con m\u00e1s de 500 congregaciones, ayud\u00e1ndolas a reducir su consumo y costos de energ\u00eda e implementar iniciativas de cuidado de la Creaci\u00f3n.&nbsp;<\/p><\/div><\/div>\n\r\n    <\/div>\r\n<\/div><div id=\"crk_section_block_5cf094501b7e701644618ee2cbfbe2bc\" class=\"crk-section color-cream-bg\">\r\n    <div class=\"crk-section-container pos-rel max-width\">\r\n        \n<h2 class=\"wp-block-heading has-text-align-center\">Aprende m\u00e1s<\/h2>\n\n<div class=\"wp-block-columns are-vertically-aligned-center is-layout-flex wp-container-core-columns-is-layout-9d6595d7 wp-block-columns-is-layout-flex\"><div class=\"wp-block-column is-vertically-aligned-center is-layout-flow wp-block-column-is-layout-flow\"><p>Obtenga m\u00e1s informaci\u00f3n al ver esta conversaci\u00f3n de treinta minutos sobre la conexi\u00f3n de grupos religiosos con su cuenca hidrogr\u00e1fica local.&nbsp;<\/p>\n\n<p><strong>Gracias a nuestros amigos y socios que aparecen en este video:&nbsp;<\/strong><\/p>\n\n<ul class=\"wp-block-list\"><li>Anton Flores, Director Fundador de Casa Alterna y Amigo en Residencia de la Reuni\u00f3n de Amigos de Atlanta<\/li>\n\n<li>La Trina Jackson, La Mezquita de la Unidad de Atlanta, Imam<\/li>\n\n<li>Codi Norred, director ejecutivo de GIPL<\/li>\n\n<li>Juliet Cohen, directora ejecutiva de CRK<\/li><\/ul><\/div>\n\n<div class=\"wp-block-column is-vertically-aligned-center is-layout-flow wp-block-column-is-layout-flow\"><div class=\"clip-top clip-offset p-t-30 has-orange-background-color\"><\/div>\r\n<div class=\"cta-block-content p-l-50 p-r-50 p-t-50 p-b-20 has-orange-background-color\">\r\n    \n<figure class=\"wp-block-embed is-type-video is-provider-youtube wp-block-embed-youtube wp-embed-aspect-16-9 wp-has-aspect-ratio\"><div class=\"wp-block-embed__wrapper\">\n<iframe loading=\"lazy\" title=\"Conversaci\u00f3n completa | Conectando grupos de fe con la cuenca de Chattahoochee\" width=\"640\" height=\"360\" src=\"https:\/\/www.youtube.com\/embed\/KvVdZXr_kSY?feature=oembed\" frameborder=\"0\" allow=\"accelerometer; autoplay; clipboard-write; encrypted-media; gyroscope; picture-in-picture; web-share\" referrerpolicy=\"strict-origin-when-cross-origin\" allowfullscreen><\/iframe>\n<\/div><\/figure>\n\r\n<\/div>\r\n<div class=\"clip-bottom clip-offset p-b-30 has-orange-background-color\"><\/div><\/div><\/div>\n\r\n    <\/div>\r\n<\/div>","protected":false},"excerpt":{"rendered":"<p>Junto con Georgia Interfaith Power &amp; Light (GIPL), Chattahoochee Riverkeeper (CRK) da la bienvenida a grupos de fe para que vengan a experimentar la cuenca de Chattahoochee de primera mano. Ya sea a trav\u00e9s de una salida en una de nuestras dos aulas flotantes\u2026<\/p>","protected":false},"author":4,"featured_media":15490,"parent":0,"menu_order":0,"comment_status":"closed","ping_status":"open","template":"","meta":{"_acf_changed":false,"_EventAllDay":false,"_EventTimezone":"","_EventStartDate":"","_EventEndDate":"","_EventStartDateUTC":"","_EventEndDateUTC":"","_EventShowMap":false,"_EventShowMapLink":false,"_EventURL":"","_EventCost":"","_EventCostDescription":"","_EventCurrencySymbol":"","_EventCurrencyCode":"","_EventCurrencyPosition":"","_EventDateTimeSeparator":"","_EventTimeRangeSeparator":"","_EventOrganizerID":[],"_EventVenueID":[],"_OrganizerEmail":"","_OrganizerPhone":"","_OrganizerWebsite":"","_VenueAddress":"","_VenueCity":"","_VenueCountry":"","_VenueProvince":"","_VenueState":"","_VenueZip":"","_VenuePhone":"","_VenueURL":"","_VenueStateProvince":"","_VenueLat":"","_VenueLng":"","_VenueShowMap":false,"_VenueShowMapLink":false,"footnotes":""},"class_list":["post-17437","page","type-page","status-publish","has-post-thumbnail","hentry"],"acf":[],"yoast_head":"<!-- This site is optimized with the Yoast SEO plugin v25.1 - https:\/\/yoast.com\/wordpress\/plugins\/seo\/ -->\n<title>Faith-based Partnerships - Chattahoochee Riverkeeper<\/title>\n<meta name=\"robots\" content=\"index, follow, max-snippet:-1, max-image-preview:large, max-video-preview:-1\" \/>\n<link rel=\"canonical\" href=\"https:\/\/chattahoochee.org\/es\/faith-based-partnerships\/\" \/>\n<meta property=\"og:locale\" content=\"es_MX\" \/>\n<meta property=\"og:type\" content=\"article\" \/>\n<meta property=\"og:title\" content=\"Faith-based Partnerships - Chattahoochee Riverkeeper\" \/>\n<meta property=\"og:description\" content=\"Together with Georgia Interfaith Power &amp; Light\u00a0(GIPL), Chattahoochee Riverkeeper\u00a0(CRK)\u00a0welcomes groups of faith to come experience the Chattahoochee Watershed firsthand. Whether through an outing on one of our two floating classrooms&hellip;\" \/>\n<meta property=\"og:url\" content=\"https:\/\/chattahoochee.org\/es\/faith-based-partnerships\/\" \/>\n<meta property=\"og:site_name\" content=\"Chattahoochee Riverkeeper\" \/>\n<meta property=\"article:modified_time\" content=\"2025-12-19T20:59:15+00:00\" \/>\n<meta property=\"og:image\" content=\"https:\/\/chattahoochee.org\/wp-content\/uploads\/2018\/07\/AllCRKBanner_v6.jpg\" \/>\n\t<meta property=\"og:image:width\" content=\"1800\" \/>\n\t<meta property=\"og:image:height\" content=\"400\" \/>\n\t<meta property=\"og:image:type\" content=\"image\/jpeg\" \/>\n<meta name=\"twitter:card\" content=\"summary_large_image\" \/>\n<meta name=\"twitter:label1\" content=\"Tiempo de lectura\" \/>\n\t<meta name=\"twitter:data1\" content=\"2 minutos\" \/>\n<script type=\"application\/ld+json\" class=\"yoast-schema-graph\">{\"@context\":\"https:\/\/schema.org\",\"@graph\":[{\"@type\":\"WebPage\",\"@id\":\"https:\/\/chattahoochee.org\/faith-based-partnerships\/\",\"url\":\"https:\/\/chattahoochee.org\/faith-based-partnerships\/\",\"name\":\"Faith-based Partnerships - Chattahoochee Riverkeeper\",\"isPartOf\":{\"@id\":\"https:\/\/chattahoochee.org\/#website\"},\"primaryImageOfPage\":{\"@id\":\"https:\/\/chattahoochee.org\/faith-based-partnerships\/#primaryimage\"},\"image\":{\"@id\":\"https:\/\/chattahoochee.org\/faith-based-partnerships\/#primaryimage\"},\"thumbnailUrl\":\"https:\/\/chattahoochee.org\/wp-content\/uploads\/2018\/07\/AllCRKBanner_v6.jpg\",\"datePublished\":\"2021-06-28T23:51:40+00:00\",\"dateModified\":\"2025-12-19T20:59:15+00:00\",\"breadcrumb\":{\"@id\":\"https:\/\/chattahoochee.org\/faith-based-partnerships\/#breadcrumb\"},\"inLanguage\":\"es\",\"potentialAction\":[{\"@type\":\"ReadAction\",\"target\":[\"https:\/\/chattahoochee.org\/faith-based-partnerships\/\"]}]},{\"@type\":\"ImageObject\",\"inLanguage\":\"es\",\"@id\":\"https:\/\/chattahoochee.org\/faith-based-partnerships\/#primaryimage\",\"url\":\"https:\/\/chattahoochee.org\/wp-content\/uploads\/2018\/07\/AllCRKBanner_v6.jpg\",\"contentUrl\":\"https:\/\/chattahoochee.org\/wp-content\/uploads\/2018\/07\/AllCRKBanner_v6.jpg\",\"width\":1800,\"height\":400},{\"@type\":\"BreadcrumbList\",\"@id\":\"https:\/\/chattahoochee.org\/faith-based-partnerships\/#breadcrumb\",\"itemListElement\":[{\"@type\":\"ListItem\",\"position\":1,\"name\":\"Home\",\"item\":\"https:\/\/chattahoochee.org\/\"},{\"@type\":\"ListItem\",\"position\":2,\"name\":\"Faith-based Partnerships\"}]},{\"@type\":\"WebSite\",\"@id\":\"https:\/\/chattahoochee.org\/#website\",\"url\":\"https:\/\/chattahoochee.org\/\",\"name\":\"Chattahoochee Riverkeeper\",\"description\":\"Since 1994\",\"publisher\":{\"@id\":\"https:\/\/chattahoochee.org\/#organization\"},\"potentialAction\":[{\"@type\":\"SearchAction\",\"target\":{\"@type\":\"EntryPoint\",\"urlTemplate\":\"https:\/\/chattahoochee.org\/?s={search_term_string}\"},\"query-input\":{\"@type\":\"PropertyValueSpecification\",\"valueRequired\":true,\"valueName\":\"search_term_string\"}}],\"inLanguage\":\"es\"},{\"@type\":\"Organization\",\"@id\":\"https:\/\/chattahoochee.org\/#organization\",\"name\":\"Chattahoochee Riverkeeper\",\"url\":\"https:\/\/chattahoochee.org\/\",\"logo\":{\"@type\":\"ImageObject\",\"inLanguage\":\"es\",\"@id\":\"https:\/\/chattahoochee.org\/#\/schema\/logo\/image\/\",\"url\":\"https:\/\/chattahoochee.org\/wp-content\/uploads\/2021\/11\/CRK-Logo-White-NEW-2025.png\",\"contentUrl\":\"https:\/\/chattahoochee.org\/wp-content\/uploads\/2021\/11\/CRK-Logo-White-NEW-2025.png\",\"width\":2458,\"height\":501,\"caption\":\"Chattahoochee Riverkeeper\"},\"image\":{\"@id\":\"https:\/\/chattahoochee.org\/#\/schema\/logo\/image\/\"}}]}<\/script>\n<!-- \/ Yoast SEO plugin. -->","yoast_head_json":{"title":"Faith-based Partnerships - Chattahoochee Riverkeeper","robots":{"index":"index","follow":"follow","max-snippet":"max-snippet:-1","max-image-preview":"max-image-preview:large","max-video-preview":"max-video-preview:-1"},"canonical":"https:\/\/chattahoochee.org\/es\/faith-based-partnerships\/","og_locale":"es_MX","og_type":"article","og_title":"Faith-based Partnerships - Chattahoochee Riverkeeper","og_description":"Together with Georgia Interfaith Power & Light\u00a0(GIPL), Chattahoochee Riverkeeper\u00a0(CRK)\u00a0welcomes groups of faith to come experience the Chattahoochee Watershed firsthand. Whether through an outing on one of our two floating classrooms&hellip;","og_url":"https:\/\/chattahoochee.org\/es\/faith-based-partnerships\/","og_site_name":"Chattahoochee Riverkeeper","article_modified_time":"2025-12-19T20:59:15+00:00","og_image":[{"width":1800,"height":400,"url":"https:\/\/chattahoochee.org\/wp-content\/uploads\/2018\/07\/AllCRKBanner_v6.jpg","type":"image\/jpeg"}],"twitter_card":"summary_large_image","twitter_misc":{"Tiempo de lectura":"2 minutos"},"schema":{"@context":"https:\/\/schema.org","@graph":[{"@type":"WebPage","@id":"https:\/\/chattahoochee.org\/faith-based-partnerships\/","url":"https:\/\/chattahoochee.org\/faith-based-partnerships\/","name":"Faith-based Partnerships - Chattahoochee Riverkeeper","isPartOf":{"@id":"https:\/\/chattahoochee.org\/#website"},"primaryImageOfPage":{"@id":"https:\/\/chattahoochee.org\/faith-based-partnerships\/#primaryimage"},"image":{"@id":"https:\/\/chattahoochee.org\/faith-based-partnerships\/#primaryimage"},"thumbnailUrl":"https:\/\/chattahoochee.org\/wp-content\/uploads\/2018\/07\/AllCRKBanner_v6.jpg","datePublished":"2021-06-28T23:51:40+00:00","dateModified":"2025-12-19T20:59:15+00:00","breadcrumb":{"@id":"https:\/\/chattahoochee.org\/faith-based-partnerships\/#breadcrumb"},"inLanguage":"es","potentialAction":[{"@type":"ReadAction","target":["https:\/\/chattahoochee.org\/faith-based-partnerships\/"]}]},{"@type":"ImageObject","inLanguage":"es","@id":"https:\/\/chattahoochee.org\/faith-based-partnerships\/#primaryimage","url":"https:\/\/chattahoochee.org\/wp-content\/uploads\/2018\/07\/AllCRKBanner_v6.jpg","contentUrl":"https:\/\/chattahoochee.org\/wp-content\/uploads\/2018\/07\/AllCRKBanner_v6.jpg","width":1800,"height":400},{"@type":"BreadcrumbList","@id":"https:\/\/chattahoochee.org\/faith-based-partnerships\/#breadcrumb","itemListElement":[{"@type":"ListItem","position":1,"name":"Home","item":"https:\/\/chattahoochee.org\/"},{"@type":"ListItem","position":2,"name":"Faith-based Partnerships"}]},{"@type":"WebSite","@id":"https:\/\/chattahoochee.org\/#website","url":"https:\/\/chattahoochee.org\/","name":"Chattahoochee Riverkeeper","description":"Since 1994","publisher":{"@id":"https:\/\/chattahoochee.org\/#organization"},"potentialAction":[{"@type":"SearchAction","target":{"@type":"EntryPoint","urlTemplate":"https:\/\/chattahoochee.org\/?s={search_term_string}"},"query-input":{"@type":"PropertyValueSpecification","valueRequired":true,"valueName":"search_term_string"}}],"inLanguage":"es"},{"@type":"Organization","@id":"https:\/\/chattahoochee.org\/#organization","name":"Chattahoochee Riverkeeper","url":"https:\/\/chattahoochee.org\/","logo":{"@type":"ImageObject","inLanguage":"es","@id":"https:\/\/chattahoochee.org\/#\/schema\/logo\/image\/","url":"https:\/\/chattahoochee.org\/wp-content\/uploads\/2021\/11\/CRK-Logo-White-NEW-2025.png","contentUrl":"https:\/\/chattahoochee.org\/wp-content\/uploads\/2021\/11\/CRK-Logo-White-NEW-2025.png","width":2458,"height":501,"caption":"Chattahoochee Riverkeeper"},"image":{"@id":"https:\/\/chattahoochee.org\/#\/schema\/logo\/image\/"}}]}},"_links":{"self":[{"href":"https:\/\/chattahoochee.org\/es\/wp-json\/wp\/v2\/pages\/17437","targetHints":{"allow":["GET"]}}],"collection":[{"href":"https:\/\/chattahoochee.org\/es\/wp-json\/wp\/v2\/pages"}],"about":[{"href":"https:\/\/chattahoochee.org\/es\/wp-json\/wp\/v2\/types\/page"}],"author":[{"embeddable":true,"href":"https:\/\/chattahoochee.org\/es\/wp-json\/wp\/v2\/users\/4"}],"replies":[{"embeddable":true,"href":"https:\/\/chattahoochee.org\/es\/wp-json\/wp\/v2\/comments?post=17437"}],"version-history":[{"count":61,"href":"https:\/\/chattahoochee.org\/es\/wp-json\/wp\/v2\/pages\/17437\/revisions"}],"predecessor-version":[{"id":25665,"href":"https:\/\/chattahoochee.org\/es\/wp-json\/wp\/v2\/pages\/17437\/revisions\/25665"}],"wp:featuredmedia":[{"embeddable":true,"href":"https:\/\/chattahoochee.org\/es\/wp-json\/wp\/v2\/media\/15490"}],"wp:attachment":[{"href":"https:\/\/chattahoochee.org\/es\/wp-json\/wp\/v2\/media?parent=17437"}],"curies":[{"name":"wp","href":"https:\/\/api.w.org\/{rel}","templated":true}]}}